{"id":26578,"date":"2024-07-16T13:05:14","date_gmt":"2024-07-16T11:05:14","guid":{"rendered":"https:\/\/opi.org.pl\/kpo\/?page_id=26578"},"modified":"2026-04-17T11:33:52","modified_gmt":"2026-04-17T09:33:52","slug":"promocja-przedsiewziecia","status":"publish","type":"page","link":"https:\/\/opi.org.pl\/kpo\/odbiorcy\/promocja-przedsiewziecia\/","title":{"rendered":"Promocja przedsi\u0119wzi\u0119cia"},"content":{"rendered":"\n<p>Jako odbiorca wsparcia (OOW) musisz informowa\u0107 opini\u0119 publiczn\u0105 o&nbsp;otrzymaniu dofinansowania na&nbsp;realizacj\u0119 przedsi\u0119wzi\u0119cia. Robisz to&nbsp;w&nbsp;czasie trwania projektu i&nbsp;po&nbsp;jego zako\u0144czeniu, w&nbsp;okresie trwa\u0142o\u015bci. To, co&nbsp;i&nbsp;jak komunikowa\u0107, opisuje umowa o&nbsp;obj\u0119cie przedsi\u0119wzi\u0119cia wsparciem oraz \u201eStrategia Promocji i Informacji Krajowego Planu Odbudowy i Zwi\u0119kszania Odporno\u015bci\u201d, a tak\u017ce \u201eKsi\u0119ga Identyfikacji Wizualnej KPO\u201d, kt\u00f3ra&nbsp;zawiera szczeg\u00f3\u0142owe informacje o&nbsp;zasadach wizualizacji. Te dokumenty, jak r\u00f3wnie\u017c wzory materia\u0142\u00f3w dla odbiorc\u00f3w wsparcia KPO, takie jak zestawienia znak\u00f3w (logotyp\u00f3w), tablice czy&nbsp;naklejki, znajduj\u0105 si\u0119 na&nbsp;<a href=\"https:\/\/www.funduszeeuropejskie.gov.pl\/strony\/o-funduszach\/fundusze-na-lata-2021-2027\/krajowy-plan-odbudowy\/dla-instytucji\/dokumenty\/strategia-promocji-i-informacji-kpo\" class=\"external\">portalu&nbsp;Funduszy Europejskich<\/a>.<\/p>\n\n\n\n<p>Je\u015bli poszukujesz bardziej szczeg\u00f3\u0142owych informacji, polecamy odwo\u0142anie si\u0119 do \u201e<a href=\"https:\/\/www.funduszeeuropejskie.gov.pl\/strony\/o-funduszach\/fundusze-2021-2027\/prawo-i-dokumenty\/zasady-komunikacji-fe\/#Podr%C4%99cznik%20informacji%20i%20promocji\" class=\"external\">Podr\u0119cznika wnioskodawcy i&nbsp;beneficjenta Funduszy Europejskich na&nbsp;lata 2021\u20132027 w&nbsp;zakresie informacji i&nbsp;promocji\u201d,<\/a> gdy\u017c odbiorc\u00f3w wsparcia KPO obowi\u0105zuj\u0105 analogiczne wymogi, co beneficjent\u00f3w Funduszy Europejskich. Skr\u00f3t tych informacji przedstawiamy poni\u017cej. Obowi\u0105zek informacyjny wi\u0105\u017ce odbiorc\u0119 wsparcia od&nbsp;momentu podpisania umowy o&nbsp;obj\u0119cie przedsi\u0119wzi\u0119cia wsparciem.<\/p>\n\n\n\n<h2 class=\"wp-block-heading\">Jak wype\u0142nia\u0107 obowi\u0105zek informacyjny<\/h2>\n\n\n\n<p>Twoim obowi\u0105zkiem jest informowanie o&nbsp;uzyskanym wsparciu finansowym z&nbsp;Krajowego Planu Odbudowy i Zwi\u0119kszania Odporno\u015bci (KPO). Aby to&nbsp;zrobi\u0107, musisz:<\/p>\n\n\n\n<ul class=\"wp-block-list\">\n<li><strong>Eksponowa\u0107 \u017ar\u00f3d\u0142o finansowania przedsi\u0119wzi\u0119cia, tj. m.in. zamie\u015bci\u0107 znaki NextGenerationEU, KPO i barw RP&nbsp;<\/strong>na:\n<ul class=\"wp-block-list\">\n<li>wszystkich dzia\u0142aniach informacyjnych i&nbsp;promocyjnych dotycz\u0105cych przedsi\u0119wzi\u0119cia, takich jak: publikacje, notatki prasowe, strony internetowe, mailing, wszelkie materia\u0142y promocyjne, konferencje, spotkania,<\/li>\n\n\n\n<li>dokumentach zwi\u0105zanych z&nbsp;realizacj\u0105 przedsi\u0119wzi\u0119cia, kt\u00f3re podajesz do&nbsp;wiadomo\u015bci publicznej i przekazujesz uczestnikom przedsi\u0119wzi\u0119cia, np.&nbsp;dokumentacji przetargowej, og\u0142oszeniach, wzorach um\u00f3w,<\/li>\n\n\n\n<li>produktach, sprz\u0119cie, pojazdach, aparaturze itp., powsta\u0142ych lub zakupionych w&nbsp;projekcie, poprzez umieszczenie na&nbsp;nich trwa\u0142ych naklejek,<\/li>\n\n\n\n<li>wszystkich innych produktach b\u0119d\u0105cych wynikiem realizowanego przedsi\u0119wzi\u0119cia, zar\u00f3wno w formie materialnej, jak i niematerialnej;<\/li>\n<\/ul>\n<\/li>\n\n\n\n<li><strong>W\u00a0tre\u015bci materia\u0142\u00f3w poda\u0107 informacj\u0119 o\u00a0dofinansowaniu przedsi\u0119wzi\u0119cia przez <strong>Uni\u0119 Europejsk<\/strong>\u0105 w ramach\u00a0Krajowego Planu Odbudowy i Zwi\u0119kszania Odporno\u015bci.\u00a0<\/strong>S\u0142ownej informacji o\u00a0\u017ar\u00f3dle finansowania nie\u00a0zast\u0119puje umieszczenie zestawienia znak\u00f3w; w miar\u0119 mo\u017cliwo\u015bci obie formy \u2013 graficzna i\u00a0s\u0142owna \u2013 powinny wyst\u0119powa\u0107 w materia\u0142ach. Materia\u0142y komunikacyjne musz\u0105 jednoznacznie wskazywa\u0107, \u017ce KPO i Unia Europejska wsp\u00f3\u0142finansuje nie tylko materia\u0142 komunikacyjny, ale przede wszystkim przedsi\u0119wzi\u0119cie, kt\u00f3rego ten materia\u0142 dotyczy;<\/li>\n\n\n\n<li><strong>Oznaczy\u0107 miejsce realizacji przedsi\u0119wzi\u0119cia<\/strong>\u00a0przez\u00a0umieszczenie tablicy informacyjnej lub plakatu (w\u00a0zale\u017cno\u015bci od\u00a0warto\u015bci i rodzaju przedsi\u0119wzi\u0119cia), niezw\u0142ocznie po rozpocz\u0119ciu jego fizycznej realizacji. Na tablicy powinna widnie\u0107 nazwa jednego podmiotu: lidera przedsi\u0119wzi\u0119cia albo konsorcjanta;<\/li>\n\n\n\n<li><strong>Umie\u015bci\u0107 opis przedsi\u0119wzi\u0119cia na&nbsp;swojej stronie internetowej i&nbsp;w&nbsp;mediach spo\u0142eczno\u015bciowych<\/strong>;<\/li>\n\n\n\n<li><strong>Dostarcza\u0107 ukierunkowane informacje o przedsi\u0119wzi\u0119ciu r\u00f3\u017cnym grupom odbiorc\u00f3w<\/strong>, w tym mediom i opinii publicznej przez dzia\u0142ania PR, wsp\u00f3\u0142prac\u0119 z mediami, instytucjami zaanga\u017cowanymi, partnerami spo\u0142ecznymi i gospodarczymi;<\/li>\n\n\n\n<li><strong>Dokumentowa\u0107 dzia\u0142ania informacyjne i&nbsp;promocyjne<\/strong>&nbsp;prowadzone w&nbsp;ramach przedsi\u0119wzi\u0119cia, aby mie\u0107 dow\u00f3d, \u017ce&nbsp;Twoje&nbsp;obowi\u0105zki w&nbsp;tym zakresie zosta\u0142y wype\u0142nione.<\/li>\n<\/ul>\n\n\n\n<p>Prosimy tak\u017ce o <strong>informowanie Jednostki Wspieraj\u0105cej, czyli OPI, o&nbsp;wa\u017cnych etapach w&nbsp;projekcie i&nbsp;planowanych wydarzeniach<\/strong>&nbsp;informacyjnych i&nbsp;promocyjnych zwi\u0105zanych z&nbsp;realizacj\u0105 przedsi\u0119wzi\u0119cia.<\/p>\n\n\n\n<div class=\"wp-block-group alignwide kpo\"><div class=\"wp-block-group__inner-container is-layout-flow wp-block-group-is-layout-flow\">\n<figure class=\"wp-block-image size-full desktop\"><img decoding=\"async\" src=\"https:\/\/opi.org.pl\/kpo\/wp-content\/uploads\/2023\/07\/kpo-logotypy.svg\" alt=\"Zestaw Logotyp\u00f3w: Krajowy Plan Odbudowy, Rzeczpospolita Polska, Sfinansowane przez Uni\u0119 Europejsk\u0105 Next GenerationEU\" class=\"wp-image-25876\"\/><\/figure>\n\n\n\n<figure class=\"wp-block-image size-full mobile\"><img decoding=\"async\" src=\"https:\/\/opi.org.pl\/kpo\/wp-content\/uploads\/2023\/07\/kpo-logotypy-mobile.svg\" alt=\"Zestaw Logotyp\u00f3w: Krajowy Plan Odbudowy, Rzeczpospolita Polska, Sfinansowane przez Uni\u0119 Europejsk\u0105 Next GenerationEU\" class=\"wp-image-25877\"\/><\/figure>\n<\/div><\/div>\n","protected":false},"excerpt":{"rendered":"<p>Jako odbiorca wsparcia (OOW) musisz informowa\u0107 opini\u0119 publiczn\u0105 o&nbsp;otrzymaniu dofinansowania na&nbsp;realizacj\u0119 przedsi\u0119wzi\u0119cia. Robisz to&nbsp;w&nbsp;czasie trwania projektu i&nbsp;po&nbsp;jego zako\u0144czeniu, w&nbsp;okresie trwa\u0142o\u015bci. To, co&nbsp;i&nbsp;jak komunikowa\u0107, opisuje umowa o&nbsp;obj\u0119cie przedsi\u0119wzi\u0119cia wsparciem oraz \u201eStrategia Promocji i Informacji Krajowego Planu Odbudowy i Zwi\u0119kszania Odporno\u015bci\u201d, a tak\u017ce \u201eKsi\u0119ga Identyfikacji Wizualnej KPO\u201d, kt\u00f3ra&nbsp;zawiera szczeg\u00f3\u0142owe informacje o&nbsp;zasadach wizualizacji. Te dokumenty, jak r\u00f3wnie\u017c wzory [&hellip;]<\/p>\n","protected":false},"author":3,"featured_media":0,"parent":25940,"menu_order":200,"comment_status":"closed","ping_status":"closed","template":"page-template-single.php","meta":{"footnotes":"","_links_to":"","_links_to_target":""},"class_list":["post-26578","page","type-page","status-publish","hentry"],"_links":{"self":[{"href":"https:\/\/opi.org.pl\/kpo\/wp-json\/wp\/v2\/pages\/26578","targetHints":{"allow":["GET"]}}],"collection":[{"href":"https:\/\/opi.org.pl\/kpo\/wp-json\/wp\/v2\/pages"}],"about":[{"href":"https:\/\/opi.org.pl\/kpo\/wp-json\/wp\/v2\/types\/page"}],"author":[{"embeddable":true,"href":"https:\/\/opi.org.pl\/kpo\/wp-json\/wp\/v2\/users\/3"}],"replies":[{"embeddable":true,"href":"https:\/\/opi.org.pl\/kpo\/wp-json\/wp\/v2\/comments?post=26578"}],"version-history":[{"count":12,"href":"https:\/\/opi.org.pl\/kpo\/wp-json\/wp\/v2\/pages\/26578\/revisions"}],"predecessor-version":[{"id":26825,"href":"https:\/\/opi.org.pl\/kpo\/wp-json\/wp\/v2\/pages\/26578\/revisions\/26825"}],"up":[{"embeddable":true,"href":"https:\/\/opi.org.pl\/kpo\/wp-json\/wp\/v2\/pages\/25940"}],"wp:attachment":[{"href":"https:\/\/opi.org.pl\/kpo\/wp-json\/wp\/v2\/media?parent=26578"}],"curies":[{"name":"wp","href":"https:\/\/api.w.org\/{rel}","templated":true}]}}