{"id":26419,"date":"2024-01-05T15:27:48","date_gmt":"2024-01-05T14:27:48","guid":{"rendered":"https:\/\/opi.org.pl\/kpo\/?page_id=26419"},"modified":"2025-07-07T13:14:55","modified_gmt":"2025-07-07T11:14:55","slug":"kontakt","status":"publish","type":"page","link":"https:\/\/opi.org.pl\/kpo\/kontakt\/","title":{"rendered":"Kontakt"},"content":{"rendered":"\n<div class=\"wp-block-group\"><div class=\"wp-block-group__inner-container is-layout-constrained wp-block-group-is-layout-constrained\">\n<div class=\"wp-block-group alignwide kpo\"><div class=\"wp-block-group__inner-container is-layout-flow wp-block-group-is-layout-flow\">\n<figure class=\"wp-block-image size-full desktop\"><img decoding=\"async\" src=\"https:\/\/opi.org.pl\/kpo\/wp-content\/uploads\/2023\/07\/kpo-logotypy.svg\" alt=\"\" class=\"wp-image-25876\"\/><\/figure>\n\n\n\n<figure class=\"wp-block-image size-full mobile\"><img decoding=\"async\" src=\"https:\/\/opi.org.pl\/kpo\/wp-content\/uploads\/2023\/07\/kpo-logotypy-mobile.svg\" alt=\"\" class=\"wp-image-25877\"\/><\/figure>\n<\/div><\/div>\n<\/div><\/div>\n\n\n\n<h2 class=\"wp-block-heading\">O\u015brodek Przetwarzania Informacji<br>\u2013 Pa\u0144stwowy Instytut Badawczy<\/h2>\n\n\n\n<p><\/p>\n\n\n\n<p>al. Niepodleg\u0142o\u015bci 188 B<br>00-608 Warszawa<\/p>\n\n\n\n<p>e-mail: <strong><a href=\"mailto:kpo@opi.org.pl\">kpo@opi.org.pl<\/a><\/strong><\/p>\n\n\n\n<p>telefon: <strong>453 014&nbsp;862 <\/strong>oraz<strong> 504 725&nbsp;814<\/strong>.<\/p>\n\n\n\n<p>Informacje o wszystkich sieciach, programach i punktach kontaktowych Unii Europejskiej w Polsce znajdziecie Pa\u0144stwo w <a href=\"https:\/\/opi.org.pl\/kpo\/wp-content\/uploads\/2025\/07\/Broszuta-kontakty-UE-2025.pdf\" target=\"_blank\" rel=\"noreferrer noopener\">praktycznej broszurze wydanej w 2025 roku.<\/a><\/p>\n","protected":false},"excerpt":{"rendered":"<p>O\u015brodek Przetwarzania Informacji\u2013 Pa\u0144stwowy Instytut Badawczy al. Niepodleg\u0142o\u015bci 188 B00-608 Warszawa e-mail: kpo@opi.org.pl telefon: 453 014&nbsp;862 oraz 504 725&nbsp;814. Informacje o wszystkich sieciach, programach i punktach kontaktowych Unii Europejskiej w Polsce znajdziecie Pa\u0144stwo w praktycznej broszurze wydanej w 2025 roku.<\/p>\n","protected":false},"author":3,"featured_media":0,"parent":0,"menu_order":0,"comment_status":"closed","ping_status":"closed","template":"page-template-single.php","meta":{"footnotes":"","_links_to":"","_links_to_target":""},"class_list":["post-26419","page","type-page","status-publish","hentry"],"_links":{"self":[{"href":"https:\/\/opi.org.pl\/kpo\/wp-json\/wp\/v2\/pages\/26419","targetHints":{"allow":["GET"]}}],"collection":[{"href":"https:\/\/opi.org.pl\/kpo\/wp-json\/wp\/v2\/pages"}],"about":[{"href":"https:\/\/opi.org.pl\/kpo\/wp-json\/wp\/v2\/types\/page"}],"author":[{"embeddable":true,"href":"https:\/\/opi.org.pl\/kpo\/wp-json\/wp\/v2\/users\/3"}],"replies":[{"embeddable":true,"href":"https:\/\/opi.org.pl\/kpo\/wp-json\/wp\/v2\/comments?post=26419"}],"version-history":[{"count":7,"href":"https:\/\/opi.org.pl\/kpo\/wp-json\/wp\/v2\/pages\/26419\/revisions"}],"predecessor-version":[{"id":26762,"href":"https:\/\/opi.org.pl\/kpo\/wp-json\/wp\/v2\/pages\/26419\/revisions\/26762"}],"wp:attachment":[{"href":"https:\/\/opi.org.pl\/kpo\/wp-json\/wp\/v2\/media?parent=26419"}],"curies":[{"name":"wp","href":"https:\/\/api.w.org\/{rel}","templated":true}]}}