{"id":26236,"date":"2023-12-18T12:40:03","date_gmt":"2023-12-18T11:40:03","guid":{"rendered":"https:\/\/opi.org.pl\/kpo\/?page_id=26236"},"modified":"2025-03-11T11:32:59","modified_gmt":"2025-03-11T10:32:59","slug":"ii_lukasiewicz","status":"publish","type":"page","link":"https:\/\/opi.org.pl\/kpo\/nabor-ii\/ii_lukasiewicz\/","title":{"rendered":"Nab\u00f3r II. Instytuty Badawcze \u0141ukasiewicz \u2013 schemat B"},"content":{"rendered":"\n<div class=\"wp-block-group alignwide kpo\"><div class=\"wp-block-group__inner-container is-layout-flow wp-block-group-is-layout-flow\">\n<figure class=\"wp-block-image size-full desktop\"><img decoding=\"async\" src=\"https:\/\/opi.org.pl\/kpo\/wp-content\/uploads\/2023\/07\/kpo-logotypy.svg\" alt=\"Zestaw Logotyp\u00f3w: Krajowy Plan Odbudowy, Rzeczpospolita Polska, Sfinansowane przez Uni\u0119 Europejsk\u0105 Next GenerationEU\" class=\"wp-image-25876\"\/><\/figure>\n\n\n\n<figure class=\"wp-block-image size-full mobile\"><img decoding=\"async\" src=\"https:\/\/opi.org.pl\/kpo\/wp-content\/uploads\/2023\/07\/kpo-logotypy-mobile.svg\" alt=\"Zestaw Logotyp\u00f3w: Krajowy Plan Odbudowy, Rzeczpospolita Polska, Sfinansowane przez Uni\u0119 Europejsk\u0105 Next GenerationEU\" class=\"wp-image-25877\"\/><\/figure>\n<\/div><\/div>\n\n\n\n<h2 class=\"wp-block-heading\">Zasady konkursu:<\/h2>\n\n\n\n<ol class=\"wp-block-list\">\n<li><a href=\"https:\/\/opi.org.pl\/kpo\/wp-content\/uploads\/2023\/12\/Rgulamin-konkursu-dla-przedsiewziec-realizowanych-przez-Siec-Badawcza-Lukasiewicz-NII.pdf\" data-type=\"link\" data-id=\"https:\/\/opi.org.pl\/kpo\/wp-content\/uploads\/2023\/12\/Rgulamin-konkursu-dla-przedsiewziec-realizowanych-przez-Siec-Badawcza-Lukasiewicz-NII.pdf\">Regulamin Konkursu dla przedsi\u0119wzi\u0119\u0107 realizowanych przez Sie\u0107 Badawcz\u0105 \u0141ukasiewicz &#8222;NII&#8221;<\/a><\/li>\n\n\n\n<li><a href=\"https:\/\/opi.org.pl\/kpo\/wp-content\/uploads\/2023\/12\/Opis-Krajowych-Inteligentnych-Specjalizacji-NII-1.pdf\" data-type=\"link\" data-id=\"https:\/\/opi.org.pl\/kpo\/wp-content\/uploads\/2023\/12\/Opis-Krajowych-Inteligentnych-Specjalizacji-NII-1.pdf\">Opis Krajowych Inteligentnych Specjalizacji &#8222;NII&#8221;<\/a><\/li>\n\n\n\n<li><a href=\"https:\/\/opi.org.pl\/kpo\/wp-content\/uploads\/2023\/12\/Kryteria-wyboru-projektow-NII-1.pdf\" data-type=\"link\" data-id=\"https:\/\/opi.org.pl\/kpo\/wp-content\/uploads\/2023\/12\/Kryteria-wyboru-projektow-NII-1.pdf\">Kryteria wyboru projekt\u00f3w &#8222;NII&#8221;<\/a><\/li>\n\n\n\n<li><a href=\"https:\/\/opi.org.pl\/kpo\/wp-content\/uploads\/2023\/12\/Przewodnik-kwalifikowalnosci-wydatkow-NII-1.pdf\" data-type=\"link\" data-id=\"https:\/\/opi.org.pl\/kpo\/wp-content\/uploads\/2023\/12\/Przewodnik-kwalifikowalnosci-wydatkow-NII-1.pdf\">Przewodnik kwalifikowalno\u015bci wydatk\u00f3w &#8222;NII&#8221;<\/a><\/li>\n<\/ol>\n\n\n\n<h2 class=\"wp-block-heading\">Wniosek o obj\u0119cie przedsi\u0119wzi\u0119cia wsparciem z za\u0142\u0105cznikami:<\/h2>\n\n\n\n<ol class=\"wp-block-list\">\n<li><a href=\"https:\/\/opi.org.pl\/kpo\/wp-content\/uploads\/2023\/12\/KPOD.01.18-IW.03-004_23.pdf\" data-type=\"link\" data-id=\"https:\/\/opi.org.pl\/kpo\/wp-content\/uploads\/2023\/12\/KPOD.01.18-IW.03-004_23.pdf\">Wz\u00f3r wniosku KPOD.01.18-IW.03-004_23<\/a><\/li>\n\n\n\n<li><a href=\"https:\/\/opi.org.pl\/kpo\/wp-content\/uploads\/2023\/12\/Zalacznik-nr-1-do-instrukcji-wypelniania-wniosku-o-objecie-przedsiewziecia-wsparciem-NII-1.xls\" data-type=\"link\" data-id=\"https:\/\/opi.org.pl\/kpo\/wp-content\/uploads\/2023\/12\/Zalacznik-nr-1-do-instrukcji-wypelniania-wniosku-o-objecie-przedsiewziecia-wsparciem-NII-1.xls\">Za\u0142\u0105cznik nr 1 do instrukcji wype\u0142niania wniosku o obj\u0119cie przedsi\u0119wzi\u0119cia wsparciem &#8222;NII&#8221;<\/a><\/li>\n\n\n\n<li><a href=\"https:\/\/opi.org.pl\/kpo\/wp-content\/uploads\/2023\/12\/Instrukcja-wypelniania-wniosku-o-objecie-przedsiewziecia-wsparciem-NII-1.pdf\" data-type=\"link\" data-id=\"https:\/\/opi.org.pl\/kpo\/wp-content\/uploads\/2023\/12\/Instrukcja-wypelniania-wniosku-o-objecie-przedsiewziecia-wsparciem-NII-1.pdf\">Instrukcja do wype\u0142niania wniosku o obj\u0119cie przedsi\u0119wzi\u0119cia wsparciem &#8222;NII&#8221;<\/a><\/li>\n\n\n\n<li><a href=\"https:\/\/opi.org.pl\/kpo\/wp-content\/uploads\/2023\/12\/Wzor-oswiadczenia-dotyczacego-wkladu-niepienieznego-NII.docx\" data-type=\"link\" data-id=\"https:\/\/opi.org.pl\/kpo\/wp-content\/uploads\/2023\/12\/Wzor-oswiadczenia-dotyczacego-wkladu-niepienieznego-NII.docx\">Wz\u00f3r o\u015bwiadczenia dotycz\u0105cego wk\u0142adu w\u0142asnego niepieni\u0119\u017cnego &#8222;NII&#8221;<\/a><\/li>\n\n\n\n<li><a href=\"https:\/\/opi.org.pl\/kpo\/wp-content\/uploads\/2023\/12\/Wzor-oswiadczenia-dotyczacego-wyboru-wykonawcow-NII-1.docx\" data-type=\"link\" data-id=\"https:\/\/opi.org.pl\/kpo\/wp-content\/uploads\/2023\/12\/Wzor-oswiadczenia-dotyczacego-wyboru-wykonawcow-NII-1.docx\">Wz\u00f3r o\u015bwiadczenia dotycz\u0105cego wyboru wykonawc\u00f3w &#8222;NII&#8221;<\/a><\/li>\n\n\n\n<li><a href=\"https:\/\/opi.org.pl\/kpo\/wp-content\/uploads\/2023\/12\/Wzor-oswiadczenia-dotyczacego-zgodnosci-projektu-z-infrastruktura-na-Mapie-NII-1.pdf\" data-type=\"link\" data-id=\"https:\/\/opi.org.pl\/kpo\/wp-content\/uploads\/2023\/12\/Wzor-oswiadczenia-dotyczacego-zgodnosci-projektu-z-infrastruktura-na-Mapie-NII-1.pdf\">Wz\u00f3r o\u015bwiadczenia dotycz\u0105cego zgodno\u015bci projektu z infrastruktur\u0105 na Mapie &#8222;NII&#8221;<\/a><\/li>\n\n\n\n<li><a href=\"https:\/\/opi.org.pl\/kpo\/wp-content\/uploads\/2023\/12\/Wzor-oswiadczenia-potwierdzajacego-zgodnosc-z-prawda-pelnej-dokumentacji-aplikacyjnej-NII-1.docx\" data-type=\"link\" data-id=\"https:\/\/opi.org.pl\/kpo\/wp-content\/uploads\/2023\/12\/Wzor-oswiadczenia-potwierdzajacego-zgodnosc-z-prawda-pelnej-dokumentacji-aplikacyjnej-NII-1.docx\">Wz\u00f3r o\u015bwiadczenia potwierdzaj\u0105cego zgodno\u015b\u0107 z prawd\u0105 pe\u0142nej dokumentacji aplikacyjnej &#8222;NII&#8221;<\/a><\/li>\n\n\n\n<li><a href=\"https:\/\/opi.org.pl\/kpo\/wp-content\/uploads\/2023\/12\/Wzor-oswiadczenia-zbiorczego-do-wniosku-o-objecie-przedsiewziecia-wsparciem-NII-1.docx\" data-type=\"link\" data-id=\"https:\/\/opi.org.pl\/kpo\/wp-content\/uploads\/2023\/12\/Wzor-oswiadczenia-zbiorczego-do-wniosku-o-objecie-przedsiewziecia-wsparciem-NII-1.docx\">Wz\u00f3r o\u015bwiadczenia zbiorczego do wniosku o obj\u0119cie przedsi\u0119wzi\u0119cia wsparciem &#8222;NII&#8221;<\/a><\/li>\n\n\n\n<li><a href=\"https:\/\/opi.org.pl\/kpo\/wp-content\/uploads\/2024\/01\/Wzor-oswidczenia-dotyczacego-RODO-NII.docx\">Wz\u00f3r o\u015bwiadczenia dotycz\u0105cego RODO &#8222;NII&#8221;<\/a><\/li>\n\n\n\n<li><a href=\"https:\/\/opi.org.pl\/kpo\/wp-content\/uploads\/2023\/12\/Wzor-harmonogramu-rzeczowo-finansowego-NII-1.xlsx\" data-type=\"link\" data-id=\"https:\/\/opi.org.pl\/kpo\/wp-content\/uploads\/2023\/12\/Wzor-harmonogramu-rzeczowo-finansowego-NII-1.xlsx\">Wz\u00f3r harmonogramu rzeczowo-finansowego &#8222;NII&#8221;<\/a><\/li>\n\n\n\n<li><a href=\"https:\/\/opi.org.pl\/kpo\/wp-content\/uploads\/2023\/12\/Instrukcja-do-wypelniania-harmonogramu-rzeczowo-finansowego-NII.pdf\" data-type=\"link\" data-id=\"https:\/\/opi.org.pl\/kpo\/wp-content\/uploads\/2023\/12\/Instrukcja-do-wypelniania-harmonogramu-rzeczowo-finansowego-NII.pdf\">Instrukcja do wype\u0142niania harmonogramu rzeczowo-finansowego &#8222;NII&#8221;<\/a><\/li>\n\n\n\n<li><a href=\"https:\/\/opi.org.pl\/kpo\/wp-content\/uploads\/2023\/12\/Wytyczne-do-przygotowania-Studium-Wykonalnosci-NII.pdf\" data-type=\"link\" data-id=\"https:\/\/opi.org.pl\/kpo\/wp-content\/uploads\/2023\/12\/Wytyczne-do-przygotowania-Studium-Wykonalnosci-NII.pdf\">Wytyczne do przygotowania \u201eStudium Wykonalno\u015bci\u201d &#8222;NII&#8221;<\/a><\/li>\n\n\n\n<li><a href=\"https:\/\/opi.org.pl\/kpo\/wp-content\/uploads\/2023\/12\/Minimalny-zakres-umowy-konsorcjum-NII.pdf\" data-type=\"link\" data-id=\"https:\/\/opi.org.pl\/kpo\/wp-content\/uploads\/2023\/12\/Minimalny-zakres-umowy-konsorcjum-NII.pdf\">Minimalny zakres umowy konsorcjum &#8222;NII&#8221;<\/a><\/li>\n\n\n\n<li><a href=\"https:\/\/opi.org.pl\/kpo\/wp-content\/uploads\/2023\/12\/Formularz-informacji-przedstawianych-przy-ubieganiu-sie-o-pomoc-publiczna-NII-1.xlsx\" data-type=\"link\" data-id=\"https:\/\/opi.org.pl\/kpo\/wp-content\/uploads\/2023\/12\/Formularz-informacji-przedstawianych-przy-ubieganiu-sie-o-pomoc-publiczna-NII-1.xlsx\">Formularz informacji przedstawianych przy ubieganiu si\u0119 o pomoc publiczn\u0105 &#8222;NII&#8221;<\/a><\/li>\n\n\n\n<li><a href=\"https:\/\/opi.org.pl\/kpo\/wp-content\/uploads\/2023\/12\/Formularz-informacji-przedstawianych-przy-ubieganiu-sie-o-pomoc-de-minimis-NII-1.xlsx\" data-type=\"link\" data-id=\"https:\/\/opi.org.pl\/kpo\/wp-content\/uploads\/2023\/12\/Formularz-informacji-przedstawianych-przy-ubieganiu-sie-o-pomoc-de-minimis-NII-1.xlsx\" title=\"Plik XLSX,  rozmiar 77KB \">Formularz informacji przedstawianych przy ubieganiu si\u0119 o pomoc de minimis &#8222;NII&#8221;<\/a><\/li>\n\n\n\n<li><a href=\"https:\/\/opi.org.pl\/kpo\/wp-content\/uploads\/2023\/12\/Instrukcja-przygotowania-zalacznikow-do-wniosku-o-objecie-przedsiewziecia-wsparciem-NII-2.pdf\" data-type=\"link\" data-id=\"https:\/\/opi.org.pl\/kpo\/wp-content\/uploads\/2023\/12\/Instrukcja-przygotowania-zalacznikow-do-wniosku-o-objecie-przedsiewziecia-wsparciem-NII-2.pdf\">Instrukcja przygotowania za\u0142\u0105cznik\u00f3w do wniosku o obj\u0119cie przedsi\u0119wzi\u0119cia wsparciem &#8221;NII&#8221;<\/a><\/li>\n<\/ol>\n\n\n\n<h2 class=\"wp-block-heading\"><strong>Umowa o&nbsp;obj\u0119cie przedsi\u0119wzi\u0119cia wsparciem<\/strong><\/h2>\n\n\n\n<ol class=\"wp-block-list\">\n<li><a href=\"https:\/\/opi.org.pl\/kpo\/wp-content\/uploads\/2023\/12\/Wzor-umowy-o-objecie-wsparciem-W.-samodzielny-NII-1.pdf\" data-type=\"link\" data-id=\"https:\/\/opi.org.pl\/kpo\/wp-content\/uploads\/2023\/12\/Wzor-umowy-o-objecie-wsparciem-W.-samodzielny-NII-1.pdf\">Wz\u00f3r umowy o obj\u0119cie przedsi\u0119wzi\u0119cia wsparciem \u2013 Wnioskodawca samodzielny &#8222;NII&#8221;<\/a><\/li>\n\n\n\n<li><a href=\"https:\/\/opi.org.pl\/kpo\/wp-content\/uploads\/2023\/12\/Wzor-umowy-o-objecie-wsparciem-konsorcjum-NII-1.pdf\" data-type=\"link\" data-id=\"https:\/\/opi.org.pl\/kpo\/wp-content\/uploads\/2023\/12\/Wzor-umowy-o-objecie-wsparciem-konsorcjum-NII-1.pdf\">Wz\u00f3r umowy o obj\u0119cie przedsi\u0119wzi\u0119cia wsparciem \u2013 konsorcjum &#8222;NII&#8221;<\/a><\/li>\n\n\n\n<li><a href=\"https:\/\/opi.org.pl\/kpo\/wp-content\/uploads\/2023\/12\/Lista-dokumentow-niezbednych-do-podpisania-umowy-o-objecie-przedsiewziecia-wsparciem-NII-1.pdf\" data-type=\"link\" data-id=\"https:\/\/opi.org.pl\/kpo\/wp-content\/uploads\/2023\/12\/Lista-dokumentow-niezbednych-do-podpisania-umowy-o-objecie-przedsiewziecia-wsparciem-NII-1.pdf\">Lista dokument\u00f3w niezb\u0119dnych do podpisania umowy o obj\u0119cie przedsi\u0119wzi\u0119cia wsparciem &#8222;NII&#8221;<\/a><\/li>\n\n\n\n<li><a href=\"https:\/\/opi.org.pl\/kpo\/wp-content\/uploads\/2023\/12\/Wzor-formularza-Analiza-zgodnosci-projektu-z-polityka-ochrony-srodowiska-NII-1.docx\" data-type=\"link\" data-id=\"https:\/\/opi.org.pl\/kpo\/wp-content\/uploads\/2023\/12\/Wzor-formularza-Analiza-zgodnosci-projektu-z-polityka-ochrony-srodowiska-NII-1.docx\">Wz\u00f3r formularza Analiza zgodno\u015bci projektu z polityk\u0105 ochrony \u015brodowiska &#8222;NII&#8221;<\/a><\/li>\n\n\n\n<li><a href=\"https:\/\/opi.org.pl\/kpo\/wp-content\/uploads\/2023\/12\/Wzor-harmonogramu-platnosci-NII-1.xls\" data-type=\"link\" data-id=\"https:\/\/opi.org.pl\/kpo\/wp-content\/uploads\/2023\/12\/Wzor-harmonogramu-platnosci-NII-1.xls\">Wz\u00f3r harmonogramu p\u0142atno\u015bci &#8222;NII&#8221;<\/a><\/li>\n\n\n\n<li><a href=\"https:\/\/opi.org.pl\/kpo\/wp-content\/uploads\/2023\/12\/Instrukcja-wypelniania-harmonogramu-platnosci-NII-1.pdf\" data-type=\"link\" data-id=\"https:\/\/opi.org.pl\/kpo\/wp-content\/uploads\/2023\/12\/Instrukcja-wypelniania-harmonogramu-platnosci-NII-1.pdf\">Instrukcja wype\u0142niania harmonogramu p\u0142atno\u015bci &#8222;NII&#8221;<\/a><\/li>\n\n\n\n<li><a href=\"https:\/\/opi.org.pl\/kpo\/wp-content\/uploads\/2023\/12\/Wzor-weksla-in-blanco-NII-1.docx\" data-type=\"link\" data-id=\"https:\/\/opi.org.pl\/kpo\/wp-content\/uploads\/2023\/12\/Wzor-weksla-in-blanco-NII-1.docx\">Wz\u00f3r weksla in blanco &#8222;NII&#8221;<\/a><\/li>\n\n\n\n<li><a href=\"https:\/\/opi.org.pl\/kpo\/wp-content\/uploads\/2023\/12\/Wzor-Deklaracji-wekslowej-NII-1.docx\" data-type=\"link\" data-id=\"https:\/\/opi.org.pl\/kpo\/wp-content\/uploads\/2023\/12\/Wzor-Deklaracji-wekslowej-NII-1.docx\">Wz\u00f3r deklaracji wekslowej &#8222;NII&#8221;<\/a><\/li>\n\n\n\n<li><a href=\"https:\/\/opi.org.pl\/kpo\/wp-content\/uploads\/2023\/12\/Formularz-z-infromacji-przedstawianych-przy-ubieganiu-sie-o-pomoc-publiczna-NII-1.xlsx\" data-type=\"link\" data-id=\"https:\/\/opi.org.pl\/kpo\/wp-content\/uploads\/2023\/12\/Formularz-z-infromacji-przedstawianych-przy-ubieganiu-sie-o-pomoc-publiczna-NII-1.xlsx\">Formularz informacji przedstawianych przy ubieganiu si\u0119 o pomoc publiczn\u0105 &#8222;NII&#8221;<\/a><\/li>\n\n\n\n<li><a href=\"https:\/\/opi.org.pl\/kpo\/wp-content\/uploads\/2023\/12\/Formularz-z-informacji-przedstawianych-przy-ubieganiu-sie-o-pomoc-de-minimis-NII-1.xlsx\" data-type=\"link\" data-id=\"https:\/\/opi.org.pl\/kpo\/wp-content\/uploads\/2023\/12\/Formularz-z-informacji-przedstawianych-przy-ubieganiu-sie-o-pomoc-de-minimis-NII-1.xlsx\">Formularz informacji przedstawianych przy ubieganiu si\u0119 o pomoc de minimis &#8222;NII&#8221;<\/a><\/li>\n\n\n\n<li><a href=\"https:\/\/opi.org.pl\/kpo\/wp-content\/uploads\/2023\/12\/Oswiadczenie-dotyczace-wnoszonego-do-przedsiewziecia-wkladu-pienieznego-NII-1.docx\" data-type=\"link\" data-id=\"https:\/\/opi.org.pl\/kpo\/wp-content\/uploads\/2023\/12\/Oswiadczenie-dotyczace-wnoszonego-do-przedsiewziecia-wkladu-pienieznego-NII-1.docx\">O\u015bwiadczenie dotycz\u0105ce wnoszonego do przedsi\u0119wzi\u0119cia wk\u0142adu pieni\u0119\u017cnego &#8222;NII&#8221;<\/a><\/li>\n\n\n\n<li><a href=\"https:\/\/opi.org.pl\/kpo\/wp-content\/uploads\/2023\/12\/Oswiadczenie-dotyczace-wnoszonego-do-przedsiewziecia-wkladu-niepienieznego-NII-1.docx\" data-type=\"link\" data-id=\"https:\/\/opi.org.pl\/kpo\/wp-content\/uploads\/2023\/12\/Oswiadczenie-dotyczace-wnoszonego-do-przedsiewziecia-wkladu-niepienieznego-NII-1.docx\">O\u015bwiadczenie dotycz\u0105ce wnoszonego do przedsi\u0119wzi\u0119cia wk\u0142adu niepieni\u0119\u017cnego &#8222;NII&#8221;<\/a><\/li>\n\n\n\n<li><a href=\"https:\/\/opi.org.pl\/kpo\/wp-content\/uploads\/2023\/12\/Oswiadczenie-dotyczace-wykluczenia-niezalegania-nieotrzymania-pomocy-NII-1.docx\" data-type=\"link\" data-id=\"https:\/\/opi.org.pl\/kpo\/wp-content\/uploads\/2023\/12\/Oswiadczenie-dotyczace-wykluczenia-niezalegania-nieotrzymania-pomocy-NII-1.docx\">O\u015bwiadczenia dotycz\u0105ce wykluczenia, niezalegania, nieotrzymania pomocy &#8222;NII&#8221;<\/a><\/li>\n\n\n\n<li><a href=\"https:\/\/opi.org.pl\/kpo\/wp-content\/uploads\/2023\/12\/Mechanizm-monitorowania-i-wycofania-NII-1.pdf\" data-type=\"link\" data-id=\"https:\/\/opi.org.pl\/kpo\/wp-content\/uploads\/2023\/12\/Mechanizm-monitorowania-i-wycofania-NII-1.pdf\">Mechanizm monitorowania i wycofania &#8222;NII&#8221;<\/a><\/li>\n\n\n\n<li><a href=\"https:\/\/opi.org.pl\/kpo\/wp-content\/uploads\/2023\/12\/Wzor-deklaracja-wyboru-wskaznikow-do-monitorowania-i-wycofania-NII-1.xlsx\" data-type=\"link\" data-id=\"https:\/\/opi.org.pl\/kpo\/wp-content\/uploads\/2023\/12\/Wzor-deklaracja-wyboru-wskaznikow-do-monitorowania-i-wycofania-NII-1.xlsx\">Wz\u00f3r deklaracji wyboru wska\u017anik\u00f3w do monitorowania i wycofania &#8222;NII&#8221;<\/a><\/li>\n\n\n\n<li><a href=\"https:\/\/opi.org.pl\/kpo\/wp-content\/uploads\/2023\/12\/Oswiadczenie-dotyczace-zgodnosci-z-prawda-dokumentacji-zlozonej-w-aplikacji-WOD2021-NII-1.docx\" data-type=\"link\" data-id=\"https:\/\/opi.org.pl\/kpo\/wp-content\/uploads\/2023\/12\/Oswiadczenie-dotyczace-zgodnosci-z-prawda-dokumentacji-zlozonej-w-aplikacji-WOD2021-NII-1.docx\">O\u015bwiadczenie potwierdzaj\u0105ce zgodno\u015b\u0107 z prawd\u0105 dokumentacji z\u0142o\u017conej w aplikacji WOD2021 &#8222;NII&#8221;<\/a><\/li>\n\n\n\n<li><a href=\"https:\/\/opi.org.pl\/kpo\/wp-content\/uploads\/2023\/12\/Wniosek-o-nadanie-dostepu-dla-osoby-uprawnionej-w-ramach-SL2021-NII-1.docx\" data-type=\"link\" data-id=\"https:\/\/opi.org.pl\/kpo\/wp-content\/uploads\/2023\/12\/Wniosek-o-nadanie-dostepu-dla-osoby-uprawnionej-w-ramach-SL2021-NII-1.docx\">Wniosek o nadanie dost\u0119pu dla osoby uprawnionej w ramach SL2021 &#8222;NII&#8221;<\/a><\/li>\n\n\n\n<li><a href=\"https:\/\/opi.org.pl\/kpo\/wp-content\/uploads\/2023\/12\/Zasady-przetwarzania-danych-osobowych-oraz-klauzula-informacyjna-NII-1.pdf\" data-type=\"link\" data-id=\"https:\/\/opi.org.pl\/kpo\/wp-content\/uploads\/2023\/12\/Zasady-przetwarzania-danych-osobowych-oraz-klauzula-informacyjna-NII-1.pdf\">Zasady przetwarzania danych osobowych oraz klauzula informacyjna &#8222;NII&#8221;<\/a><\/li>\n<\/ol>\n\n\n\n<h2 class=\"wp-block-heading\">Dokumenty dodatkowe<\/h2>\n\n\n\n<p><a href=\"https:\/\/opi.org.pl\/kpo\/wp-content\/uploads\/2023\/12\/Rozporzadzenie-MEiN-z-dnia-4-grudnia-2023-r.-zmieniajace-Rozporzadzenie-w-sprawie-udzielania-pomocy-publicznej-i-pomocy-de-minim.pdf\" data-type=\"link\" data-id=\"https:\/\/opi.org.pl\/kpo\/wp-content\/uploads\/2023\/12\/Rozporzadzenie-MEiN-z-dnia-4-grudnia-2023-r.-zmieniajace-Rozporzadzenie-w-sprawie-udzielania-pomocy-publicznej-i-pomocy-de-minim.pdf\">Rozporz\u0105dzenie MEiN z dnia 4 grudnia 2023 r. zmieniaj\u0105ce rozporz\u0105dzenie w sprawie udzielania pomocy publicznej i pomocy de minimis w ramach Inwestycji A2.4.1<\/a><\/p>\n\n\n\n<p>Dost\u0119pne s\u0105 na stronie <a href=\"https:\/\/opi.org.pl\/kpo\/odbiorcy\/dokumenty\/\" data-type=\"URL\" data-id=\"https:\/\/opi.org.pl\/kpo\/odbiorcy\/dokumenty\/\">Dokumenty programowe, wytyczne, rozporz\u0105dzenia<\/a><\/p>\n\n\n\n<h2 class=\"wp-block-heading\"><\/h2>\n\n\n\n<div class=\"wp-block-group alignwide\"><div class=\"wp-block-group__inner-container is-layout-constrained wp-block-group-is-layout-constrained\">\n<p>Wnioski o dofinansowanie mo\u017cna sk\u0142ada\u0107 zak\u0142adaj\u0105c konto w aplikacji dost\u0119pnej pod adresem <a href=\"https:\/\/wod.cst2021.gov.pl\/\" data-type=\"URL\" data-id=\"https:\/\/wod.cst2021.gov.pl\/\" class=\"external\">wod.cst2021.gov.pl<\/a>. Na stronie znajduj\u0105 si\u0119 tak\u017ce aktualne listy nabor\u00f3w. Wi\u0119cej informacji o aplikacji Wnioski o dofinansowanie WOD 2021 znajduje si\u0119 w <a href=\"https:\/\/instrukcje.cst2021.gov.pl\/wod\/prezentacja-wod\/\" data-type=\"URL\" data-id=\"https:\/\/instrukcje.cst2021.gov.pl\/wod\/prezentacja-wod\/\" class=\"external\">prezentacji WOD 2021<\/a>. <\/p>\n\n\n\n<p><a class=\"button external\" href=\"https:\/\/wod.cst2021.gov.pl\/\" data-type=\"URL\" data-id=\"https:\/\/wod.cst2021.gov.pl\/\" target=\"_blank\" rel=\"noreferrer noopener\">Przejd\u017a do aplikacji WOD2021<\/a><\/p>\n<\/div><\/div>\n\n\n\n<h2 class=\"wp-block-heading\">Wyniki oceny wniosk\u00f3w<\/h2>\n\n\n\n<ol class=\"wp-block-list\">\n<li><a href=\"https:\/\/opi.org.pl\/kpo\/wp-content\/uploads\/2025\/02\/Przedsiewziecia-wybrane-do-udzielenia-wsparcia-\u2013-II-nabor-schemat-B-aktualizacja-nr-1.pdf\" target=\"_blank\" rel=\"noreferrer noopener\">Przedsi\u0119wzi\u0119cia wybrane do udzielenia wsparcia &#8211; II nab\u00f3r, schemat B &#8211; aktualizacja nr 1<\/a><\/li>\n\n\n\n<li><a href=\"https:\/\/opi.org.pl\/kpo\/wp-content\/uploads\/2024\/05\/Lista-rankingowa-IIB-wybrane_2.pdf\">Przedsi\u0119wzi\u0119cia wybrane do udzielenia wsparcia &#8211; II nab\u00f3r, schemat B<\/a><\/li>\n\n\n\n<li><a href=\"https:\/\/opi.org.pl\/kpo\/wp-content\/uploads\/2025\/02\/Przedsiewziecia-niewybrane-do-wsparcia-\u2013-niespelniajace-kryteriow-lub-minimalnej-liczby-punktow-lub-wykluczone-z-mozliwosci-otrz.pdf\" target=\"_blank\" rel=\"noreferrer noopener\">Przedsi\u0119wzi\u0119cia niewybrane do wsparcia &#8211; niespe\u0142niaj\u0105ce kryteri\u00f3w lub minimalnej liczby punkt\u00f3w lub wykluczone z mo\u017cliwo\u015bci otrzymania wsparcia &#8211; II nab\u00f3r, schemat B &#8211; aktualizacja nr 2<\/a><\/li>\n\n\n\n<li><a href=\"https:\/\/opi.org.pl\/kpo\/wp-content\/uploads\/2024\/07\/Lista-rankingowa-IIB-niewybrane-po-odwolaniach.pdf\">Przedsi\u0119wzi\u0119cia niewybrane do wsparcia &#8211; niespe\u0142niaj\u0105ce kryteri\u00f3w lub minimalnej liczby punkt\u00f3w lub wykluczone z mo\u017cliwo\u015bci otrzymania wsparcia &#8211; II nab\u00f3r, schemat B &#8211; aktualizacja nr 1<\/a><\/li>\n\n\n\n<li><a href=\"https:\/\/opi.org.pl\/kpo\/wp-content\/uploads\/2024\/05\/Lista-rankingowa-IIB-niewybrane-2B.pdf\">Przedsi\u0119wzi\u0119cia niewybrane do wsparcia &#8211; niespe\u0142niaj\u0105ce kryteri\u00f3w lub minimalnej liczby punkt\u00f3w lub wykluczone z mo\u017cliwo\u015bci otrzymania wsparcia &#8211; II nab\u00f3r, schemat B<\/a><\/li>\n<\/ol>\n","protected":false},"excerpt":{"rendered":"<p>Zasady konkursu: Wniosek o obj\u0119cie przedsi\u0119wzi\u0119cia wsparciem z za\u0142\u0105cznikami: Umowa o&nbsp;obj\u0119cie przedsi\u0119wzi\u0119cia wsparciem Dokumenty dodatkowe Rozporz\u0105dzenie MEiN z dnia 4 grudnia 2023 r. zmieniaj\u0105ce rozporz\u0105dzenie w sprawie udzielania pomocy publicznej i pomocy de minimis w ramach Inwestycji A2.4.1 Dost\u0119pne s\u0105 na stronie Dokumenty programowe, wytyczne, rozporz\u0105dzenia Wyniki oceny wniosk\u00f3w<\/p>\n","protected":false},"author":3,"featured_media":0,"parent":26282,"menu_order":90,"comment_status":"closed","ping_status":"closed","template":"page-template-single.php","meta":{"footnotes":"","_links_to":"","_links_to_target":""},"class_list":["post-26236","page","type-page","status-publish","hentry"],"_links":{"self":[{"href":"https:\/\/opi.org.pl\/kpo\/wp-json\/wp\/v2\/pages\/26236","targetHints":{"allow":["GET"]}}],"collection":[{"href":"https:\/\/opi.org.pl\/kpo\/wp-json\/wp\/v2\/pages"}],"about":[{"href":"https:\/\/opi.org.pl\/kpo\/wp-json\/wp\/v2\/types\/page"}],"author":[{"embeddable":true,"href":"https:\/\/opi.org.pl\/kpo\/wp-json\/wp\/v2\/users\/3"}],"replies":[{"embeddable":true,"href":"https:\/\/opi.org.pl\/kpo\/wp-json\/wp\/v2\/comments?post=26236"}],"version-history":[{"count":26,"href":"https:\/\/opi.org.pl\/kpo\/wp-json\/wp\/v2\/pages\/26236\/revisions"}],"predecessor-version":[{"id":26722,"href":"https:\/\/opi.org.pl\/kpo\/wp-json\/wp\/v2\/pages\/26236\/revisions\/26722"}],"up":[{"embeddable":true,"href":"https:\/\/opi.org.pl\/kpo\/wp-json\/wp\/v2\/pages\/26282"}],"wp:attachment":[{"href":"https:\/\/opi.org.pl\/kpo\/wp-json\/wp\/v2\/media?parent=26236"}],"curies":[{"name":"wp","href":"https:\/\/api.w.org\/{rel}","templated":true}]}}