{"id":26226,"date":"2023-12-15T10:55:35","date_gmt":"2023-12-15T09:55:35","guid":{"rendered":"https:\/\/opi.org.pl\/kpo\/?page_id=26226"},"modified":"2025-03-11T10:15:54","modified_gmt":"2025-03-11T09:15:54","slug":"ii_pmib","status":"publish","type":"page","link":"https:\/\/opi.org.pl\/kpo\/nabor-ii\/ii_pmib\/","title":{"rendered":"Nab\u00f3r II. Polska Mapa Infrastruktury Badawczej \u2013 schemat A"},"content":{"rendered":"\n<div class=\"wp-block-group alignwide kpo\"><div class=\"wp-block-group__inner-container is-layout-flow wp-block-group-is-layout-flow\">\n<figure class=\"wp-block-image size-full desktop\"><img decoding=\"async\" src=\"https:\/\/opi.org.pl\/kpo\/wp-content\/uploads\/2023\/07\/kpo-logotypy.svg\" alt=\"Zestaw Logotyp\u00f3w: Krajowy Plan Odbudowy, Rzeczpospolita Polska, Sfinansowane przez Uni\u0119 Europejsk\u0105 Next GenerationEU\" class=\"wp-image-25876\"\/><\/figure>\n\n\n\n<figure class=\"wp-block-image size-full mobile\"><img decoding=\"async\" src=\"https:\/\/opi.org.pl\/kpo\/wp-content\/uploads\/2023\/07\/kpo-logotypy-mobile.svg\" alt=\"Zestaw Logotyp\u00f3w: Krajowy Plan Odbudowy, Rzeczpospolita Polska, Sfinansowane przez Uni\u0119 Europejsk\u0105 Next GenerationEU\" class=\"wp-image-25877\"\/><\/figure>\n<\/div><\/div>\n\n\n\n<h2 class=\"wp-block-heading\">Zasady konkursu:<\/h2>\n\n\n\n<ol class=\"wp-block-list\">\n<li><a href=\"https:\/\/opi.org.pl\/kpo\/wp-content\/uploads\/2023\/12\/Regulamin-Konkursu-dla-przedsiewziec-z-Polskiej-Mapy-Infrastruktury-Badawczej-NII.pdf\" data-type=\"link\" data-id=\"https:\/\/opi.org.pl\/kpo\/wp-content\/uploads\/2023\/12\/Regulamin-Konkursu-dla-przedsiewziec-z-Polskiej-Mapy-Infrastruktury-Badawczej-NII.pdf\">Regulamin Konkursu dla przedsi\u0119wzi\u0119\u0107 z Polskiej Mapy Infrastruktury Badawczej &#8221;NII&#8221;<\/a><\/li>\n\n\n\n<li><a href=\"https:\/\/opi.org.pl\/kpo\/wp-content\/uploads\/2023\/12\/Opis-Krajowych-Inteligentnych-Specjalizacji-NII.pdf\" data-type=\"link\" data-id=\"https:\/\/opi.org.pl\/kpo\/wp-content\/uploads\/2023\/12\/Opis-Krajowych-Inteligentnych-Specjalizacji-NII.pdf\">Opis Krajowych Inteligentnych Specjalizacji &#8221;NII&#8221;<\/a><\/li>\n\n\n\n<li><a href=\"https:\/\/opi.org.pl\/kpo\/wp-content\/uploads\/2023\/12\/Kryteria-wyboru-projektow-NII.pdf\" data-type=\"link\" data-id=\"https:\/\/opi.org.pl\/kpo\/wp-content\/uploads\/2023\/12\/Kryteria-wyboru-projektow-NII.pdf\">Kryteria wyboru projekt\u00f3w &#8221;NII&#8221;<\/a><\/li>\n\n\n\n<li><a href=\"https:\/\/opi.org.pl\/kpo\/wp-content\/uploads\/2023\/12\/Przewodnik-kwalifikowalnosci-wydatkow-NII.pdf\" data-type=\"link\" data-id=\"https:\/\/opi.org.pl\/kpo\/wp-content\/uploads\/2023\/12\/Przewodnik-kwalifikowalnosci-wydatkow-NII.pdf\">Przewodnik kwalifikowalno\u015bci wydatk\u00f3w &#8221;NII&#8221;<\/a><\/li>\n<\/ol>\n\n\n\n<h2 class=\"wp-block-heading\">Wniosek o obj\u0119cie przedsi\u0119wzi\u0119cia wsparciem z za\u0142\u0105cznikami:<\/h2>\n\n\n\n<ol style=\"list-style-type:1\" class=\"wp-block-list\">\n<li><a href=\"https:\/\/opi.org.pl\/kpo\/wp-content\/uploads\/2023\/12\/Wzor-wniosku-KPOD.01.18-IW.03-003_23.pdf\" data-type=\"link\" data-id=\"https:\/\/opi.org.pl\/kpo\/wp-content\/uploads\/2023\/12\/Wzor-wniosku-KPOD.01.18-IW.03-003_23.pdf\">Wz\u00f3r wniosku KPOD.01.18-IW.03-003_23<\/a><\/li>\n\n\n\n<li><a href=\"https:\/\/opi.org.pl\/kpo\/wp-content\/uploads\/2023\/12\/Instrukcja-wypelniania-wniosku-o-objecie-przedsiewziecia-wsparciem-NII.pdf\" data-type=\"link\" data-id=\"https:\/\/opi.org.pl\/kpo\/wp-content\/uploads\/2023\/12\/Instrukcja-wypelniania-wniosku-o-objecie-przedsiewziecia-wsparciem-NII.pdf\">Instrukcja wype\u0142niania wniosku o obj\u0119cie przedsi\u0119wzi\u0119cia wsparciem &#8221;NII&#8217;<\/a>&#8217; <\/li>\n\n\n\n<li><a href=\"https:\/\/opi.org.pl\/kpo\/wp-content\/uploads\/2023\/12\/Zalacznik-nr-1-do-instrukcji-wypelniania-wniosku-o-objecie-przedsiewziecia-wsparciem-NII.xls\" data-type=\"link\" data-id=\"https:\/\/opi.org.pl\/kpo\/wp-content\/uploads\/2023\/12\/Zalacznik-nr-1-do-instrukcji-wypelniania-wniosku-o-objecie-przedsiewziecia-wsparciem-NII.xls\">Za\u0142\u0105cznik nr 1 do instrukcji wype\u0142niania wniosku o obj\u0119cie przedsi\u0119wzi\u0119cia wsparciem &#8221;NII&#8221;<\/a><\/li>\n\n\n\n<li><a href=\"https:\/\/opi.org.pl\/kpo\/wp-content\/uploads\/2023\/12\/Instrukcja-przygotowania-zalacznikow-do-wniosku-o-objecie-przedsiewziecia-wsparciem-NII.pdf\" data-type=\"link\" data-id=\"https:\/\/opi.org.pl\/kpo\/wp-content\/uploads\/2023\/12\/Instrukcja-przygotowania-zalacznikow-do-wniosku-o-objecie-przedsiewziecia-wsparciem-NII.pdf\">Instrukcja przygotowania za\u0142\u0105cznik\u00f3w do wniosku o obj\u0119cie przedsi\u0119wzi\u0119cia wsparciem &#8221;NII&#8221;<\/a><\/li>\n\n\n\n<li><a href=\"https:\/\/opi.org.pl\/kpo\/wp-content\/uploads\/2023\/12\/Wzor-oswiadczenia-dotyczacego-wkladu-wlasnego-niepienieznego-NII.docx\" data-type=\"link\" data-id=\"https:\/\/opi.org.pl\/kpo\/wp-content\/uploads\/2023\/12\/Wzor-oswiadczenia-dotyczacego-wkladu-wlasnego-niepienieznego-NII.docx\">Wz\u00f3r o\u015bwiadczenia dotycz\u0105cego wk\u0142adu w\u0142asnego niepieni\u0119\u017cnego &#8221;NII&#8221;<\/a><\/li>\n\n\n\n<li><a href=\"https:\/\/opi.org.pl\/kpo\/wp-content\/uploads\/2023\/12\/Wzor-oswiadczenia-dotyczacego-wyboru-wykonawcow-NII.docx\" data-type=\"link\" data-id=\"https:\/\/opi.org.pl\/kpo\/wp-content\/uploads\/2023\/12\/Wzor-oswiadczenia-dotyczacego-wyboru-wykonawcow-NII.docx\">Wz\u00f3r o\u015bwiadczenia dotycz\u0105cego wyboru wykonawc\u00f3w &#8221;NII&#8221;<\/a><\/li>\n\n\n\n<li><a href=\"https:\/\/opi.org.pl\/kpo\/wp-content\/uploads\/2023\/12\/Wzor-oswiadczenia-dotyczacego-zgodnosci-projektu-z-infrastruktura-na-Mapie-NII.pdf\" data-type=\"link\" data-id=\"https:\/\/opi.org.pl\/kpo\/wp-content\/uploads\/2023\/12\/Wzor-oswiadczenia-dotyczacego-zgodnosci-projektu-z-infrastruktura-na-Mapie-NII.pdf\">Wz\u00f3r o\u015bwiadczenia dotycz\u0105cego zgodno\u015bci projektu z infrastruktur\u0105 na Mapie &#8221;NII&#8221;<\/a><\/li>\n\n\n\n<li><a href=\"https:\/\/opi.org.pl\/kpo\/wp-content\/uploads\/2023\/12\/Wzor-oswiadczenia-potwierdzajacego-zgodnosc-z-prawda-pelnej-dokumentacji-aplikacyjnej-NII.docx\" data-type=\"link\" data-id=\"https:\/\/opi.org.pl\/kpo\/wp-content\/uploads\/2023\/12\/Wzor-oswiadczenia-potwierdzajacego-zgodnosc-z-prawda-pelnej-dokumentacji-aplikacyjnej-NII.docx\">Wz\u00f3r o\u015bwiadczenia potwierdzaj\u0105cego zgodno\u015b\u0107 z prawd\u0105 pe\u0142nej dokumentacji aplikacyjnej &#8221;NII&#8221;<\/a><\/li>\n\n\n\n<li><a href=\"https:\/\/opi.org.pl\/kpo\/wp-content\/uploads\/2023\/12\/Wzor-oswiadczenia-zbiorczego-do-wniosku-o-objecie-przedsiewziecia-wsparciem-NII.docx\" data-type=\"link\" data-id=\"https:\/\/opi.org.pl\/kpo\/wp-content\/uploads\/2023\/12\/Wzor-oswiadczenia-zbiorczego-do-wniosku-o-objecie-przedsiewziecia-wsparciem-NII.docx\">Wz\u00f3r o\u015bwiadczenia zbiorczego do wniosku o obj\u0119cie przedsi\u0119wzi\u0119cia wsparciem &#8221;NII&#8221;<\/a><\/li>\n\n\n\n<li><a href=\"https:\/\/opi.org.pl\/kpo\/wp-content\/uploads\/2023\/12\/Wzor-oswidczenia-dotyczacego-RODO-NII.docx\" data-type=\"link\" data-id=\"https:\/\/opi.org.pl\/kpo\/wp-content\/uploads\/2023\/12\/Wzor-oswidczenia-dotyczacego-RODO-NII.docx\">Wz\u00f3r o\u015bwiadczenia dotycz\u0105cego RODO &#8221;NII&#8221;<\/a><\/li>\n\n\n\n<li><a href=\"https:\/\/opi.org.pl\/kpo\/wp-content\/uploads\/2023\/12\/Wzor-harmonogramu-rzeczowo-finansowego-NII.xlsx\" data-type=\"link\" data-id=\"https:\/\/opi.org.pl\/kpo\/wp-content\/uploads\/2023\/12\/Wzor-harmonogramu-rzeczowo-finansowego-NII.xlsx\">Wz\u00f3r harmonogramu rzeczowo-finansowego &#8221;NII&#8221;<\/a><\/li>\n\n\n\n<li><a href=\"https:\/\/opi.org.pl\/kpo\/wp-content\/uploads\/2023\/12\/Instrukcja-do-wypelniania-harmonogramu-rzeczowo-finansowego-NII.docx\" data-type=\"link\" data-id=\"https:\/\/opi.org.pl\/kpo\/wp-content\/uploads\/2023\/12\/Instrukcja-do-wypelniania-harmonogramu-rzeczowo-finansowego-NII.docx\">Instrukcja do wype\u0142niania harmonogramu rzeczowo-finansowego &#8221;NII&#8221;<\/a><\/li>\n\n\n\n<li><a href=\"https:\/\/opi.org.pl\/kpo\/wp-content\/uploads\/2023\/12\/Wytyczne-do-przygotowania-\u201eStudium-Wykonalnosci-NII.pdf\" data-type=\"link\" data-id=\"https:\/\/opi.org.pl\/kpo\/wp-content\/uploads\/2023\/12\/Wytyczne-do-przygotowania-\u201eStudium-Wykonalnosci-NII.pdf\">Wytyczne do przygotowania \u201eStudium Wykonalno\u015bci\u201d &#8221;NII&#8221;<\/a><\/li>\n\n\n\n<li><a href=\"https:\/\/opi.org.pl\/kpo\/wp-content\/uploads\/2023\/12\/Minimalny-zakres-umowy-konsorcjum-NII.doc\" data-type=\"link\" data-id=\"https:\/\/opi.org.pl\/kpo\/wp-content\/uploads\/2023\/12\/Minimalny-zakres-umowy-konsorcjum-NII.doc\">Minimalny zakres umowy konsorcjum &#8221;NII&#8221;<\/a><\/li>\n\n\n\n<li><a href=\"https:\/\/opi.org.pl\/kpo\/wp-content\/uploads\/2023\/12\/Formularz-informacji-przedstawianych-przy-ubieganiu-sie-o-pomoc-publiczna-NII.xlsx\" data-type=\"link\" data-id=\"https:\/\/opi.org.pl\/kpo\/wp-content\/uploads\/2023\/12\/Formularz-informacji-przedstawianych-przy-ubieganiu-sie-o-pomoc-publiczna-NII.xlsx\">Formularz informacji przedstawianych przy ubieganiu si\u0119 o pomoc publiczn\u0105 &#8221;NII&#8221;<\/a><\/li>\n\n\n\n<li><a href=\"https:\/\/opi.org.pl\/kpo\/wp-content\/uploads\/2023\/12\/Formularz-informacji-przedstawianych-przy-ubieganiu-sie-o-pomoc-de-minimis-NII.xlsx\" data-type=\"link\" data-id=\"https:\/\/opi.org.pl\/kpo\/wp-content\/uploads\/2023\/12\/Formularz-informacji-przedstawianych-przy-ubieganiu-sie-o-pomoc-de-minimis-NII.xlsx\">Formularz informacji przedstawianych przy ubieganiu si\u0119 o pomoc de minimis &#8221;NII&#8221;<\/a><\/li>\n<\/ol>\n\n\n\n<h2 class=\"wp-block-heading\">Umowa o obj\u0119cie przedsi\u0119wzi\u0119cia wsparciem<\/h2>\n\n\n\n<ol class=\"wp-block-list\">\n<li><a href=\"https:\/\/opi.org.pl\/kpo\/wp-content\/uploads\/2023\/12\/Wzor-umowy-o-objecie-wsparciem-W.-samodzielny-NII.pdf\" data-type=\"link\" data-id=\"https:\/\/opi.org.pl\/kpo\/wp-content\/uploads\/2023\/12\/Wzor-umowy-o-objecie-wsparciem-W.-samodzielny-NII.pdf\">Wz\u00f3r umowy o obj\u0119cie przedsi\u0119wzi\u0119cia wsparciem \u2013 Wnioskodawca samodzielny &#8221;NII&#8221;<\/a><\/li>\n\n\n\n<li><a href=\"https:\/\/opi.org.pl\/kpo\/wp-content\/uploads\/2023\/12\/Wzor-umowy-o-objecie-wsparciem-konsorcjum-NII.pdf\" data-type=\"link\" data-id=\"https:\/\/opi.org.pl\/kpo\/wp-content\/uploads\/2023\/12\/Wzor-umowy-o-objecie-wsparciem-konsorcjum-NII.pdf\">Wz\u00f3r umowy o obj\u0119cie przedsi\u0119wzi\u0119cia wsparciem \u2013 konsorcjum &#8221;NII&#8221;<\/a><\/li>\n\n\n\n<li><a href=\"https:\/\/opi.org.pl\/kpo\/wp-content\/uploads\/2023\/12\/Lista-dokumentow-niezbednych-do-podpisania-umowy-o-objecie-przedsiewziecia-wsparciem-NII.pdf\" data-type=\"link\" data-id=\"https:\/\/opi.org.pl\/kpo\/wp-content\/uploads\/2023\/12\/Lista-dokumentow-niezbednych-do-podpisania-umowy-o-objecie-przedsiewziecia-wsparciem-NII.pdf\">Lista dokument\u00f3w niezb\u0119dnych do podpisania umowy o obj\u0119cie przedsi\u0119wzi\u0119cia wsparciem &#8221;NII&#8221;<\/a><\/li>\n\n\n\n<li><a href=\"https:\/\/opi.org.pl\/kpo\/wp-content\/uploads\/2023\/12\/Wzor-formularza-Analiza-zgodnosci-projektu-z-polityka-ochrony-srodowiska-NII.docx\" data-type=\"link\" data-id=\"https:\/\/opi.org.pl\/kpo\/wp-content\/uploads\/2023\/12\/Wzor-formularza-Analiza-zgodnosci-projektu-z-polityka-ochrony-srodowiska-NII.docx\">Wz\u00f3r formularza Analiza zgodno\u015bci projektu z polityk\u0105 ochrony \u015brodowiska &#8221;NII&#8221;<\/a><\/li>\n\n\n\n<li><a href=\"https:\/\/opi.org.pl\/kpo\/wp-content\/uploads\/2023\/12\/Wzor-harmonogramu-platnosci-NII.xls\" data-type=\"link\" data-id=\"https:\/\/opi.org.pl\/kpo\/wp-content\/uploads\/2023\/12\/Wzor-harmonogramu-platnosci-NII.xls\">Wz\u00f3r harmonogramu p\u0142atno\u015bci &#8221;NII&#8221;<\/a><\/li>\n\n\n\n<li><a href=\"https:\/\/opi.org.pl\/kpo\/wp-content\/uploads\/2023\/12\/Instrukcja-wypelniania-harmonogramu-platnosci-NII.pdf\" data-type=\"link\" data-id=\"https:\/\/opi.org.pl\/kpo\/wp-content\/uploads\/2023\/12\/Instrukcja-wypelniania-harmonogramu-platnosci-NII.pdf\">Instrukcja wype\u0142niania harmonogramu p\u0142atno\u015bci &#8221;NII&#8221;<\/a><\/li>\n\n\n\n<li><a href=\"https:\/\/opi.org.pl\/kpo\/wp-content\/uploads\/2023\/12\/Wzor-weksla-in-blanco-NII.docx\" data-type=\"link\" data-id=\"https:\/\/opi.org.pl\/kpo\/wp-content\/uploads\/2023\/12\/Wzor-weksla-in-blanco-NII.docx\">Wz\u00f3r weksla in blanco &#8221;NII&#8221;<\/a><\/li>\n\n\n\n<li><a href=\"https:\/\/opi.org.pl\/kpo\/wp-content\/uploads\/2023\/12\/Wzor-Deklaracji-wekslowej-NII.docx\" data-type=\"link\" data-id=\"https:\/\/opi.org.pl\/kpo\/wp-content\/uploads\/2023\/12\/Wzor-Deklaracji-wekslowej-NII.docx\">Wz\u00f3r deklaracji wekslowej &#8221;NII&#8221;<\/a><\/li>\n\n\n\n<li><a href=\"https:\/\/opi.org.pl\/kpo\/wp-content\/uploads\/2023\/12\/Formularz-z-infromacji-przedstawianych-przy-ubieganiu-sie-o-pomoc-publiczna-NII.xlsx\" data-type=\"link\" data-id=\"https:\/\/opi.org.pl\/kpo\/wp-content\/uploads\/2023\/12\/Formularz-z-infromacji-przedstawianych-przy-ubieganiu-sie-o-pomoc-publiczna-NII.xlsx\">Formularz informacji przedstawianych przy ubieganiu si\u0119 o pomoc publiczn\u0105 &#8221;NII&#8221;<\/a><\/li>\n\n\n\n<li><a href=\"https:\/\/opi.org.pl\/kpo\/wp-content\/uploads\/2023\/12\/Formularz-z-informacji-przedstawianych-przy-ubieganiu-sie-o-pomoc-de-minimis-NII.xlsx\" data-type=\"link\" data-id=\"https:\/\/opi.org.pl\/kpo\/wp-content\/uploads\/2023\/12\/Formularz-z-informacji-przedstawianych-przy-ubieganiu-sie-o-pomoc-de-minimis-NII.xlsx\">Formularz informacji przedstawianych przy ubieganiu si\u0119 o pomoc de minimis &#8221;NII&#8221;<\/a><\/li>\n\n\n\n<li><a href=\"https:\/\/opi.org.pl\/kpo\/wp-content\/uploads\/2023\/12\/Oswiadczenie-dotyczace-wnoszonego-do-przedsiewziecia-wkladu-pienieznego-NII.docx\" data-type=\"link\" data-id=\"https:\/\/opi.org.pl\/kpo\/wp-content\/uploads\/2023\/12\/Oswiadczenie-dotyczace-wnoszonego-do-przedsiewziecia-wkladu-pienieznego-NII.docx\">O\u015bwiadczenie dotycz\u0105ce wnoszonego do przedsi\u0119wzi\u0119cia wk\u0142adu pieni\u0119\u017cnego &#8221;NII&#8221;<\/a><\/li>\n\n\n\n<li><a href=\"https:\/\/opi.org.pl\/kpo\/wp-content\/uploads\/2023\/12\/Oswiadczenie-dotyczace-wnoszonego-do-przedsiewziecia-wkladu-niepienieznego-NII.docx\" data-type=\"link\" data-id=\"https:\/\/opi.org.pl\/kpo\/wp-content\/uploads\/2023\/12\/Oswiadczenie-dotyczace-wnoszonego-do-przedsiewziecia-wkladu-niepienieznego-NII.docx\">O\u015bwiadczenie dotycz\u0105ce wnoszonego do przedsi\u0119wzi\u0119cia wk\u0142adu niepieni\u0119\u017cnego &#8221;NII&#8221;<\/a><\/li>\n\n\n\n<li><a href=\"https:\/\/opi.org.pl\/kpo\/wp-content\/uploads\/2023\/12\/Oswiadczenie-dotyczace-wykluczenia-niezalegania-nieotrzymania-pomocy-NII.docx\" data-type=\"link\" data-id=\"https:\/\/opi.org.pl\/kpo\/wp-content\/uploads\/2023\/12\/Oswiadczenie-dotyczace-wykluczenia-niezalegania-nieotrzymania-pomocy-NII.docx\">O\u015bwiadczenia dotycz\u0105ce wykluczenia, niezalegania, nieotrzymania pomocy &#8221;NII&#8221;<\/a><\/li>\n\n\n\n<li><a href=\"https:\/\/opi.org.pl\/kpo\/wp-content\/uploads\/2023\/12\/Mechanizm-monitorowania-i-wycofania-NII.pdf\" data-type=\"link\" data-id=\"https:\/\/opi.org.pl\/kpo\/wp-content\/uploads\/2023\/12\/Mechanizm-monitorowania-i-wycofania-NII.pdf\">Mechanizm monitorowania i wycofania &#8221;NII&#8221;<\/a><\/li>\n\n\n\n<li><a href=\"https:\/\/opi.org.pl\/kpo\/wp-content\/uploads\/2023\/12\/Wzor-deklaracja-wyboru-wskaznikow-do-monitorowania-i-wycofania-NII.xlsx\" data-type=\"link\" data-id=\"https:\/\/opi.org.pl\/kpo\/wp-content\/uploads\/2023\/12\/Wzor-deklaracja-wyboru-wskaznikow-do-monitorowania-i-wycofania-NII.xlsx\">Wz\u00f3r deklaracji wyboru wska\u017anik\u00f3w do monitorowania i wycofania &#8221;NII&#8221;<\/a><\/li>\n\n\n\n<li><a href=\"https:\/\/opi.org.pl\/kpo\/wp-content\/uploads\/2023\/12\/Oswiadczenie-dotyczace-zgodnosci-z-prawda-dokumentacji-zlozonej-w-aplikacji-WOD2021-NII.docx\" data-type=\"link\" data-id=\"https:\/\/opi.org.pl\/kpo\/wp-content\/uploads\/2023\/12\/Oswiadczenie-dotyczace-zgodnosci-z-prawda-dokumentacji-zlozonej-w-aplikacji-WOD2021-NII.docx\">O\u015bwiadczenie potwierdzaj\u0105ce zgodno\u015b\u0107 z prawd\u0105 dokumentacji z\u0142o\u017conej w aplikacji WOD2021 &#8221;NII&#8221;<\/a><\/li>\n\n\n\n<li><a href=\"https:\/\/opi.org.pl\/kpo\/wp-content\/uploads\/2023\/12\/Wniosek-o-nadanie-dostepu-dla-osoby-uprawnionej-w-ramach-SL2021-NII.docx\" data-type=\"link\" data-id=\"https:\/\/opi.org.pl\/kpo\/wp-content\/uploads\/2023\/12\/Wniosek-o-nadanie-dostepu-dla-osoby-uprawnionej-w-ramach-SL2021-NII.docx\">Wniosek o nadanie dost\u0119pu dla osoby uprawnionej w ramach SL2021 &#8221;NII&#8221;<\/a><\/li>\n\n\n\n<li><a href=\"https:\/\/opi.org.pl\/kpo\/wp-content\/uploads\/2023\/12\/Zasady-przetwarzania-danych-osobowych-oraz-klauzula-informacyjna-NII.pdf\" data-type=\"link\" data-id=\"https:\/\/opi.org.pl\/kpo\/wp-content\/uploads\/2023\/12\/Zasady-przetwarzania-danych-osobowych-oraz-klauzula-informacyjna-NII.pdf\">Zasady przetwarzania danych osobowych oraz klauzula informacyjna &#8221;NII&#8221;<\/a><\/li>\n<\/ol>\n\n\n\n<h2 class=\"wp-block-heading\">Dokumenty dodatkowe<\/h2>\n\n\n\n<p><a href=\"https:\/\/opi.org.pl\/kpo\/wp-content\/uploads\/2023\/12\/Rozporzadzenie-MEiN-z-dnia-4-grudnia-2023-r.-zmieniajace-Rozporzadzenie-w-sprawie-udzielania-pomocy-publicznej-i-pomocy-de-minim.pdf\" data-type=\"link\" data-id=\"https:\/\/opi.org.pl\/kpo\/wp-content\/uploads\/2023\/12\/Rozporzadzenie-MEiN-z-dnia-4-grudnia-2023-r.-zmieniajace-Rozporzadzenie-w-sprawie-udzielania-pomocy-publicznej-i-pomocy-de-minim.pdf\">Rozporz\u0105dzenie MEiN z dnia 4 grudnia 2023 r. zmieniaj\u0105ce rozporz\u0105dzenie w sprawie udzielania pomocy publicznej i pomocy de minimis w ramach Inwestycji A2.4.1<\/a><\/p>\n\n\n\n<p>Dost\u0119pne s\u0105 na stronie <a href=\"https:\/\/opi.org.pl\/kpo\/odbiorcy\/dokumenty\/\" data-type=\"URL\" data-id=\"https:\/\/opi.org.pl\/kpo\/odbiorcy\/dokumenty\/\">Dokumenty programowe, wytyczne, rozporz\u0105dzenia<\/a><\/p>\n\n\n\n<h2 class=\"wp-block-heading\">Wnioski o dofinansowanie<\/h2>\n\n\n\n<div class=\"wp-block-group alignwide\"><div class=\"wp-block-group__inner-container is-layout-constrained wp-block-group-is-layout-constrained\">\n<p>Wnioski o dofinansowanie mo\u017cna sk\u0142ada\u0107 zak\u0142adaj\u0105c konto w aplikacji dost\u0119pnej pod adresem <a href=\"https:\/\/wod.cst2021.gov.pl\/\" data-type=\"URL\" data-id=\"https:\/\/wod.cst2021.gov.pl\/\" class=\"external\">wod.cst2021.gov.pl<\/a>. Na stronie znajduj\u0105 si\u0119 tak\u017ce aktualne listy nabor\u00f3w. Wi\u0119cej informacji o aplikacji Wnioski o dofinansowanie WOD 2021 znajduje si\u0119 w <a href=\"https:\/\/instrukcje.cst2021.gov.pl\/wod\/prezentacja-wod\/\" data-type=\"URL\" data-id=\"https:\/\/instrukcje.cst2021.gov.pl\/wod\/prezentacja-wod\/\" class=\"external\">prezentacji WOD 2021<\/a>. <\/p>\n\n\n\n<p><a class=\"button external\" href=\"https:\/\/wod.cst2021.gov.pl\/\" data-type=\"URL\" data-id=\"https:\/\/wod.cst2021.gov.pl\/\" target=\"_blank\" rel=\"noreferrer noopener\">Przejd\u017a do aplikacji WOD2021<\/a><\/p>\n<\/div><\/div>\n\n\n\n<p><a href=\"https:\/\/opi.org.pl\/kpo\/wp-content\/uploads\/2024\/05\/Lista-rankingowa-IIA-wybrane.pdf\">Przedsi\u0119wzi\u0119cia wybrane do udzielenia wsparcia &#8211; II nab\u00f3r, schemat A<\/a><\/p>\n","protected":false},"excerpt":{"rendered":"<p>Zasady konkursu: Wniosek o obj\u0119cie przedsi\u0119wzi\u0119cia wsparciem z za\u0142\u0105cznikami: Umowa o obj\u0119cie przedsi\u0119wzi\u0119cia wsparciem Dokumenty dodatkowe Rozporz\u0105dzenie MEiN z dnia 4 grudnia 2023 r. zmieniaj\u0105ce rozporz\u0105dzenie w sprawie udzielania pomocy publicznej i pomocy de minimis w ramach Inwestycji A2.4.1 Dost\u0119pne s\u0105 na stronie Dokumenty programowe, wytyczne, rozporz\u0105dzenia Wnioski o dofinansowanie Przedsi\u0119wzi\u0119cia wybrane do udzielenia wsparcia [&hellip;]<\/p>\n","protected":false},"author":3,"featured_media":0,"parent":26282,"menu_order":80,"comment_status":"closed","ping_status":"closed","template":"page-template-single.php","meta":{"footnotes":"","_links_to":"","_links_to_target":""},"class_list":["post-26226","page","type-page","status-publish","hentry"],"_links":{"self":[{"href":"https:\/\/opi.org.pl\/kpo\/wp-json\/wp\/v2\/pages\/26226","targetHints":{"allow":["GET"]}}],"collection":[{"href":"https:\/\/opi.org.pl\/kpo\/wp-json\/wp\/v2\/pages"}],"about":[{"href":"https:\/\/opi.org.pl\/kpo\/wp-json\/wp\/v2\/types\/page"}],"author":[{"embeddable":true,"href":"https:\/\/opi.org.pl\/kpo\/wp-json\/wp\/v2\/users\/3"}],"replies":[{"embeddable":true,"href":"https:\/\/opi.org.pl\/kpo\/wp-json\/wp\/v2\/comments?post=26226"}],"version-history":[{"count":20,"href":"https:\/\/opi.org.pl\/kpo\/wp-json\/wp\/v2\/pages\/26226\/revisions"}],"predecessor-version":[{"id":26715,"href":"https:\/\/opi.org.pl\/kpo\/wp-json\/wp\/v2\/pages\/26226\/revisions\/26715"}],"up":[{"embeddable":true,"href":"https:\/\/opi.org.pl\/kpo\/wp-json\/wp\/v2\/pages\/26282"}],"wp:attachment":[{"href":"https:\/\/opi.org.pl\/kpo\/wp-json\/wp\/v2\/media?parent=26226"}],"curies":[{"name":"wp","href":"https:\/\/api.w.org\/{rel}","templated":true}]}}