{"id":25940,"date":"2023-07-28T10:47:28","date_gmt":"2023-07-28T08:47:28","guid":{"rendered":"https:\/\/opi.org.pl\/kpo\/?page_id=25940"},"modified":"2023-07-28T10:52:02","modified_gmt":"2023-07-28T08:52:02","slug":"odbiorcy","status":"publish","type":"page","link":"https:\/\/opi.org.pl\/kpo\/odbiorcy\/","title":{"rendered":"Strefa odbiorcy wsparcia"},"content":{"rendered":"\n<div class=\"wp-block-group alignwide kpo\"><div class=\"wp-block-group__inner-container is-layout-flow wp-block-group-is-layout-flow\">\n<figure class=\"wp-block-image size-full desktop\"><img decoding=\"async\" src=\"https:\/\/opi.org.pl\/kpo\/wp-content\/uploads\/2023\/07\/kpo-logotypy.svg\" alt=\"Zestaw Logotyp\u00f3w: Krajowy Plan Odbudowy, Rzeczpospolita Polska, Sfinansowane przez Uni\u0119 Europejsk\u0105 Next GenerationEU\" class=\"wp-image-25876\"\/><\/figure>\n\n\n\n<figure class=\"wp-block-image size-full mobile\"><img decoding=\"async\" src=\"https:\/\/opi.org.pl\/kpo\/wp-content\/uploads\/2023\/07\/kpo-logotypy-mobile.svg\" alt=\"Zestaw Logotyp\u00f3w: Krajowy Plan Odbudowy, Rzeczpospolita Polska, Sfinansowane przez Uni\u0119 Europejsk\u0105 Next GenerationEU\" class=\"wp-image-25877\"\/><\/figure>\n<\/div><\/div>\n\n\n<ul class=\"wp-block-page-list\"><li class=\"wp-block-pages-list__item\"><a class=\"wp-block-pages-list__item__link\" href=\"https:\/\/opi.org.pl\/kpo\/odbiorcy\/dokumenty\/\">Dokumenty programowe, wytyczne, rozporz\u0105dzenia<\/a><\/li><li class=\"wp-block-pages-list__item\"><a class=\"wp-block-pages-list__item__link\" href=\"https:\/\/opi.org.pl\/kpo\/odbiorcy\/promocja-przedsiewziecia\/\">Promocja przedsi\u0119wzi\u0119cia<\/a><\/li><\/ul>","protected":false},"excerpt":{"rendered":"","protected":false},"author":2,"featured_media":0,"parent":0,"menu_order":0,"comment_status":"closed","ping_status":"closed","template":"page-template-single.php","meta":{"footnotes":"","_links_to":"","_links_to_target":""},"class_list":["post-25940","page","type-page","status-publish","hentry"],"_links":{"self":[{"href":"https:\/\/opi.org.pl\/kpo\/wp-json\/wp\/v2\/pages\/25940","targetHints":{"allow":["GET"]}}],"collection":[{"href":"https:\/\/opi.org.pl\/kpo\/wp-json\/wp\/v2\/pages"}],"about":[{"href":"https:\/\/opi.org.pl\/kpo\/wp-json\/wp\/v2\/types\/page"}],"author":[{"embeddable":true,"href":"https:\/\/opi.org.pl\/kpo\/wp-json\/wp\/v2\/users\/2"}],"replies":[{"embeddable":true,"href":"https:\/\/opi.org.pl\/kpo\/wp-json\/wp\/v2\/comments?post=25940"}],"version-history":[{"count":3,"href":"https:\/\/opi.org.pl\/kpo\/wp-json\/wp\/v2\/pages\/25940\/revisions"}],"predecessor-version":[{"id":25945,"href":"https:\/\/opi.org.pl\/kpo\/wp-json\/wp\/v2\/pages\/25940\/revisions\/25945"}],"wp:attachment":[{"href":"https:\/\/opi.org.pl\/kpo\/wp-json\/wp\/v2\/media?parent=25940"}],"curies":[{"name":"wp","href":"https:\/\/api.w.org\/{rel}","templated":true}]}}