{"id":25908,"date":"2023-07-20T10:50:44","date_gmt":"2023-07-20T08:50:44","guid":{"rendered":"https:\/\/opi.org.pl\/kpo\/?page_id=25908"},"modified":"2024-01-03T10:26:34","modified_gmt":"2024-01-03T09:26:34","slug":"nabory","status":"publish","type":"page","link":"https:\/\/opi.org.pl\/kpo\/nabory\/","title":{"rendered":"Nabory"},"content":{"rendered":"\n<div class=\"wp-block-group alignwide kpo\"><div class=\"wp-block-group__inner-container is-layout-flow wp-block-group-is-layout-flow\">\n<figure class=\"wp-block-image size-full desktop\"><img decoding=\"async\" src=\"https:\/\/opi.org.pl\/kpo\/wp-content\/uploads\/2023\/07\/kpo-logotypy.svg\" alt=\"Zestaw Logotyp\u00f3w: Krajowy Plan Odbudowy, Rzeczpospolita Polska, Sfinansowane przez Uni\u0119 Europejsk\u0105 Next GenerationEU\" class=\"wp-image-25876\"\/><\/figure>\n\n\n\n<figure class=\"wp-block-image size-full mobile\"><img decoding=\"async\" src=\"https:\/\/opi.org.pl\/kpo\/wp-content\/uploads\/2023\/07\/kpo-logotypy-mobile.svg\" alt=\"Zestaw Logotyp\u00f3w: Krajowy Plan Odbudowy, Rzeczpospolita Polska, Sfinansowane przez Uni\u0119 Europejsk\u0105 Next GenerationEU\" class=\"wp-image-25877\"\/><\/figure>\n<\/div><\/div>\n\n\n\n<p><\/p>\n\n\n\n<div class=\"wp-block-group\"><div class=\"wp-block-group__inner-container is-layout-constrained wp-block-group-is-layout-constrained\">\n<h2 class=\"wp-block-heading\"><\/h2>\n\n\n\n<p><\/p>\n<\/div><\/div>\n\n\n\n<div class=\"wp-block-group\"><div class=\"wp-block-group__inner-container is-layout-constrained wp-block-group-is-layout-constrained\">\n<h2 class=\"wp-block-heading\">Nab\u00f3r II<\/h2>\n\n\n<ul class=\"wp-block-page-list\"><li class=\"wp-block-pages-list__item\"><a class=\"wp-block-pages-list__item__link\" href=\"https:\/\/opi.org.pl\/kpo\/nabor-ii\/ii_pmib\/\">Nab\u00f3r II. Polska Mapa Infrastruktury Badawczej \u2013 schemat A<\/a><\/li><li class=\"wp-block-pages-list__item\"><a class=\"wp-block-pages-list__item__link\" href=\"https:\/\/opi.org.pl\/kpo\/nabor-ii\/ii_lukasiewicz\/\">Nab\u00f3r II. Instytuty Badawcze \u0141ukasiewicz \u2013 schemat B<\/a><\/li><\/ul><\/div><\/div>\n\n\n\n<div class=\"wp-block-group\"><div class=\"wp-block-group__inner-container is-layout-constrained wp-block-group-is-layout-constrained\">\n<h2 class=\"wp-block-heading\">Nab\u00f3r I<\/h2>\n<\/div><\/div>\n\n\n\n<div class=\"wp-block-group\"><div class=\"wp-block-group__inner-container is-layout-constrained wp-block-group-is-layout-constrained\"><ul class=\"wp-block-page-list\"><li class=\"wp-block-pages-list__item\"><a class=\"wp-block-pages-list__item__link\" href=\"https:\/\/opi.org.pl\/kpo\/nabory\/pmib\/\">Polska Mapa Infrastruktury Badawczej &#8211; schemat A<\/a><\/li><li class=\"wp-block-pages-list__item\"><a class=\"wp-block-pages-list__item__link\" href=\"https:\/\/opi.org.pl\/kpo\/nabory\/lukasiewicz\/\">Instytuty Badawcze \u0141ukasiewicz &#8211; schemat B<\/a><\/li><\/ul><\/div><\/div>\n\n\n\n<div class=\"wp-block-group\"><div class=\"wp-block-group__inner-container is-layout-constrained wp-block-group-is-layout-constrained\"><\/div><\/div>\n\n\n\n<ul class=\"wp-block-list\" id=\"block-bfe737c5-ba0b-4217-8b56-adaab01fc1e7\"><\/ul>\n","protected":false},"excerpt":{"rendered":"<p>Nab\u00f3r II Nab\u00f3r I<\/p>\n","protected":false},"author":2,"featured_media":0,"parent":0,"menu_order":0,"comment_status":"closed","ping_status":"closed","template":"page-template-single.php","meta":{"footnotes":"","_links_to":"","_links_to_target":""},"class_list":["post-25908","page","type-page","status-publish","hentry"],"_links":{"self":[{"href":"https:\/\/opi.org.pl\/kpo\/wp-json\/wp\/v2\/pages\/25908","targetHints":{"allow":["GET"]}}],"collection":[{"href":"https:\/\/opi.org.pl\/kpo\/wp-json\/wp\/v2\/pages"}],"about":[{"href":"https:\/\/opi.org.pl\/kpo\/wp-json\/wp\/v2\/types\/page"}],"author":[{"embeddable":true,"href":"https:\/\/opi.org.pl\/kpo\/wp-json\/wp\/v2\/users\/2"}],"replies":[{"embeddable":true,"href":"https:\/\/opi.org.pl\/kpo\/wp-json\/wp\/v2\/comments?post=25908"}],"version-history":[{"count":13,"href":"https:\/\/opi.org.pl\/kpo\/wp-json\/wp\/v2\/pages\/25908\/revisions"}],"predecessor-version":[{"id":26417,"href":"https:\/\/opi.org.pl\/kpo\/wp-json\/wp\/v2\/pages\/25908\/revisions\/26417"}],"wp:attachment":[{"href":"https:\/\/opi.org.pl\/kpo\/wp-json\/wp\/v2\/media?parent=25908"}],"curies":[{"name":"wp","href":"https:\/\/api.w.org\/{rel}","templated":true}]}}