{"id":25848,"date":"2023-07-05T12:22:02","date_gmt":"2023-07-05T10:22:02","guid":{"rendered":"https:\/\/opi-test.opi.org.pl\/?page_id=25848"},"modified":"2024-07-10T15:33:14","modified_gmt":"2024-07-10T13:33:14","slug":"lukasiewicz","status":"publish","type":"page","link":"https:\/\/opi.org.pl\/kpo\/nabory\/lukasiewicz\/","title":{"rendered":"Instytuty Badawcze \u0141ukasiewicz &#8211; schemat B"},"content":{"rendered":"\n<div class=\"wp-block-group alignwide kpo\"><div class=\"wp-block-group__inner-container is-layout-flow wp-block-group-is-layout-flow\">\n<figure class=\"wp-block-image size-full desktop\"><img decoding=\"async\" src=\"https:\/\/opi.org.pl\/kpo\/wp-content\/uploads\/2023\/07\/kpo-logotypy.svg\" alt=\"Zestaw Logotyp\u00f3w: Krajowy Plan Odbudowy, Rzeczpospolita Polska, Sfinansowane przez Uni\u0119 Europejsk\u0105 Next GenerationEU\" class=\"wp-image-25876\"\/><\/figure>\n\n\n\n<figure class=\"wp-block-image size-full mobile\"><img decoding=\"async\" src=\"https:\/\/opi.org.pl\/kpo\/wp-content\/uploads\/2023\/07\/kpo-logotypy-mobile.svg\" alt=\"Zestaw Logotyp\u00f3w: Krajowy Plan Odbudowy, Rzeczpospolita Polska, Sfinansowane przez Uni\u0119 Europejsk\u0105 Next GenerationEU\" class=\"wp-image-25877\"\/><\/figure>\n<\/div><\/div>\n\n\n\n<h2 class=\"wp-block-heading\">Zasady konkursu:<\/h2>\n\n\n\n<ol class=\"wp-block-list\" style=\"list-style-type:1\">\n<li><a href=\"https:\/\/opi.org.pl\/kpo\/wp-content\/uploads\/2023\/12\/Regulamin-KPO_SBL_zmiana-nr-2-wersja-czysta.pdf\" data-type=\"link\" data-id=\"https:\/\/opi.org.pl\/kpo\/wp-content\/uploads\/2023\/12\/Regulamin-KPO_SBL_zmiana-nr-2-wersja-czysta.pdf\">Zmieniony Regulamin Konkursu (obowi\u0105zuje od 22.12.2023)<\/a><\/li>\n\n\n\n<li><a href=\"https:\/\/opi.org.pl\/kpo\/wp-content\/uploads\/2023\/10\/Regulamin-KPO_SBL_zmiana-24.10.23.pdf\">Zmieniony Regulamin Konkursu dla przedsi\u0119wzi\u0119\u0107 realizowanych przez Sie\u0107 Badawcz\u0105 \u0141ukasiewicz (obowi\u0105zuje od 24.10.2023 r.)<\/a><\/li>\n\n\n\n<li><a href=\"https:\/\/opi.org.pl\/kpo\/wp-content\/uploads\/2023\/07\/Regulamin-Konkursu-dla-przedsiewziec-realizowanych-przez-Siec-Badawcza-Lukasiewicz-1.pdf\" data-type=\"URL\" data-id=\"https:\/\/opi.org.pl\/kpo\/wp-content\/uploads\/2023\/07\/Regulamin-Konkursu-dla-przedsiewziec-realizowanych-przez-Siec-Badawcza-Lukasiewicz-1.pdf\">Regulamin Konkursu dla przedsi\u0119wzi\u0119\u0107 realizowanych przez Sie\u0107 Badawcz\u0105 \u0141ukasiewicz<\/a><\/li>\n\n\n\n<li><a href=\"https:\/\/opi.org.pl\/kpo\/wp-content\/uploads\/2023\/07\/Opis-Krajowych-Inteligentnych-Specjalizacji.pdf\" data-type=\"URL\" data-id=\"https:\/\/opi.org.pl\/kpo\/wp-content\/uploads\/2023\/07\/Opis-Krajowych-Inteligentnych-Specjalizacji.pdf\">Opis Krajowych Inteligentnych Specjalizacji<\/a><\/li>\n\n\n\n<li><a href=\"https:\/\/opi.org.pl\/kpo\/wp-content\/uploads\/2023\/07\/Kryteria-wyboru-projektow.pdf\" data-type=\"URL\" data-id=\"https:\/\/opi.org.pl\/kpo\/wp-content\/uploads\/2023\/07\/Kryteria-wyboru-projektow.pdf\">Kryteria wyboru projekt\u00f3w<\/a><\/li>\n\n\n\n<li><a href=\"https:\/\/opi.org.pl\/kpo\/wp-content\/uploads\/2023\/07\/Przewodnik-kwalifikowalnosci-wydatkow.pdf\">Przewodnik kwalifikowalno\u015bci wydatk\u00f3w<\/a><\/li>\n<\/ol>\n\n\n\n<h2 class=\"wp-block-heading\">Wniosek o obj\u0119cie przedsi\u0119wzi\u0119cia wsparciem z za\u0142\u0105cznikami:<\/h2>\n\n\n\n<ol class=\"wp-block-list\" style=\"list-style-type:1\">\n<li><a href=\"https:\/\/opi.org.pl\/kpo\/wp-content\/uploads\/2023\/11\/KPOD.01.18-IW.03-002_23.pdf\">Wz\u00f3r wniosku KPOD.01.18-IW.03-002_23 &#8211; aktualizacja z dnia 17 11 2023<\/a><\/li>\n\n\n\n<li><a href=\"https:\/\/opi.org.pl\/kpo\/wp-content\/uploads\/2023\/07\/wzor-wniosku-KPOD.01.18-IW.03-002_23.pdf\" data-type=\"URL\" data-id=\"https:\/\/opi.org.pl\/kpo\/wp-content\/uploads\/2023\/07\/wzor-wniosku-KPOD.01.18-IW.03-002_23.pdf\">Wz\u00f3r wniosku KPOD.01.18-IW.03-002_23<\/a><\/li>\n\n\n\n<li><a href=\"https:\/\/opi.org.pl\/kpo\/wp-content\/uploads\/2023\/07\/Instrukcja-wypelniania-wniosku-o-objecie-przedsiewziecia-wsparciem.pdf\" data-type=\"URL\" data-id=\"https:\/\/opi.org.pl\/kpo\/wp-content\/uploads\/2023\/07\/Instrukcja-wypelniania-wniosku-o-objecie-przedsiewziecia-wsparciem.pdf\">Instrukcja wype\u0142niania wniosku o obj\u0119cie przedsi\u0119wzi\u0119cia wsparciem<\/a><\/li>\n\n\n\n<li><a href=\"https:\/\/opi.org.pl\/kpo\/wp-content\/uploads\/2023\/07\/Zalacznik-nr-1-do-instrukcji-wypeplniania-wniosku-o-objecie-przedsiewziecia-wsparciem.xls\" data-type=\"URL\" data-id=\"https:\/\/opi.org.pl\/kpo\/wp-content\/uploads\/2023\/07\/Zalacznik-nr-1-do-instrukcji-wypeplniania-wniosku-o-objecie-przedsiewziecia-wsparciem.xls\">Za\u0142\u0105cznik nr 1 do instrukcji wype\u0142niania wniosku o obj\u0119cie przedsi\u0119wzi\u0119cia wsparciem<\/a><\/li>\n\n\n\n<li><a href=\"https:\/\/opi.org.pl\/kpo\/wp-content\/uploads\/2023\/07\/Instrukcja-przygotowania-zalacznikow-do-wniosku-o-objecie-przedsiewziecia-wsparciem.pdf\" data-type=\"URL\" data-id=\"https:\/\/opi.org.pl\/kpo\/wp-content\/uploads\/2023\/07\/Instrukcja-przygotowania-zalacznikow-do-wniosku-o-objecie-przedsiewziecia-wsparciem.pdf\">Instrukcja przygotowania za\u0142\u0105cznik\u00f3w do wniosku o obj\u0119cie przedsi\u0119wzi\u0119cia wsparciem<\/a><\/li>\n\n\n\n<li><a href=\"https:\/\/opi.org.pl\/kpo\/wp-content\/uploads\/2023\/07\/Wzor-oswiadczenia-dotyczacego-wkladu-wlasnego-niepienieznego.docx\" data-type=\"URL\" data-id=\"https:\/\/opi.org.pl\/kpo\/wp-content\/uploads\/2023\/07\/Wzor-oswiadczenia-dotyczacego-wkladu-wlasnego-niepienieznego.docx\">Wz\u00f3r o\u015bwiadczenia dotycz\u0105cego wk\u0142adu w\u0142asnego niepieni\u0119\u017cnego<\/a><\/li>\n\n\n\n<li><a href=\"https:\/\/opi.org.pl\/kpo\/wp-content\/uploads\/2023\/07\/Wzor-oswiadczenia-dotyczacego-wyboru-wykonawcow.docx\" data-type=\"URL\" data-id=\"https:\/\/opi.org.pl\/kpo\/wp-content\/uploads\/2023\/07\/Wzor-oswiadczenia-dotyczacego-wyboru-wykonawcow.docx\">Wz\u00f3r o\u015bwiadczenia dotycz\u0105cego wyboru wykonawc\u00f3w<\/a><\/li>\n\n\n\n<li><a href=\"https:\/\/opi.org.pl\/kpo\/wp-content\/uploads\/2023\/07\/Wzor-oswiadczenia-dotyczacego-zgodnosci-projektu-z-infrastruktura-na-Mapie.docx\" data-type=\"URL\" data-id=\"https:\/\/opi.org.pl\/kpo\/wp-content\/uploads\/2023\/07\/Wzor-oswiadczenia-dotyczacego-zgodnosci-projektu-z-infrastruktura-na-Mapie.docx\">Wz\u00f3r o\u015bwiadczenia dotycz\u0105cego zgodno\u015bci projektu z infrastruktur\u0105 na Mapie<\/a><\/li>\n\n\n\n<li><a href=\"https:\/\/opi.org.pl\/kpo\/wp-content\/uploads\/2023\/07\/Wzor-oswiadczenia-potwierdzajacego-zgodnosc-z-prawda-pelnej-dokumentacji-aplikacyjnej.docx\" data-type=\"URL\" data-id=\"https:\/\/opi.org.pl\/kpo\/wp-content\/uploads\/2023\/07\/Wzor-oswiadczenia-potwierdzajacego-zgodnosc-z-prawda-pelnej-dokumentacji-aplikacyjnej.docx\">Wz\u00f3r o\u015bwiadczenia potwierdzaj\u0105cego zgodno\u015b\u0107 z prawd\u0105 pe\u0142nej dokumentacji aplikacyjnej<\/a><\/li>\n\n\n\n<li><a href=\"https:\/\/opi.org.pl\/kpo\/wp-content\/uploads\/2023\/07\/Wzor-oswiadczenia-zbiorczego-do-wniosku-o-objecie-przedsiewziecia-wsparciem.docx\" data-type=\"URL\" data-id=\"https:\/\/opi.org.pl\/kpo\/wp-content\/uploads\/2023\/07\/Wzor-oswiadczenia-zbiorczego-do-wniosku-o-objecie-przedsiewziecia-wsparciem.docx\">Wz\u00f3r o\u015bwiadczenia zbiorczego do wniosku o obj\u0119cie przedsi\u0119wzi\u0119cia wsparciem<\/a><\/li>\n\n\n\n<li><a href=\"https:\/\/opi.org.pl\/kpo\/wp-content\/uploads\/2023\/07\/Wzor-oswidczenia-dotyczacego-RODO.docx\" data-type=\"URL\" data-id=\"https:\/\/opi.org.pl\/kpo\/wp-content\/uploads\/2023\/07\/Wzor-oswidczenia-dotyczacego-RODO.docx\">Wz\u00f3r o\u015bwiadczenia dotycz\u0105cego RODO<\/a><\/li>\n\n\n\n<li><a href=\"https:\/\/opi.org.pl\/kpo\/wp-content\/uploads\/2023\/07\/Wzor-harmonogramu-rzeczowo-finansowego.xlsx\" data-type=\"URL\" data-id=\"https:\/\/opi.org.pl\/kpo\/wp-content\/uploads\/2023\/07\/Wzor-harmonogramu-rzeczowo-finansowego.xlsx\">Wz\u00f3r harmonogramu rzeczowo-finansowego<\/a><\/li>\n\n\n\n<li><a href=\"https:\/\/opi.org.pl\/kpo\/wp-content\/uploads\/2023\/07\/Instrukcja-do-wypelniania-harmonogramu-rzeczowo-finansowego.pdf\" data-type=\"URL\" data-id=\"https:\/\/opi.org.pl\/kpo\/wp-content\/uploads\/2023\/07\/Instrukcja-do-wypelniania-harmonogramu-rzeczowo-finansowego.pdf\">Instrukcja do wype\u0142niania harmonogramu rzeczowo-finansowego<\/a><\/li>\n\n\n\n<li><a href=\"https:\/\/opi.org.pl\/kpo\/wp-content\/uploads\/2023\/07\/Wytyczne-do-przygotowania-Studium-Wykonalnosci.pdf\" data-type=\"URL\" data-id=\"https:\/\/opi.org.pl\/kpo\/wp-content\/uploads\/2023\/07\/Wytyczne-do-przygotowania-Studium-Wykonalnosci.pdf\">Wytyczne do przygotowania \u201eStudium Wykonalno\u015bci\u201d<\/a><\/li>\n\n\n\n<li><a href=\"https:\/\/opi.org.pl\/kpo\/wp-content\/uploads\/2023\/07\/Minimalny-zakres-umowy-konsorcjum.pdf\" data-type=\"URL\" data-id=\"https:\/\/opi.org.pl\/kpo\/wp-content\/uploads\/2023\/07\/Minimalny-zakres-umowy-konsorcjum.pdf\">Minimalny zakres umowy konsorcjum<\/a><\/li>\n\n\n\n<li><a href=\"https:\/\/opi.org.pl\/kpo\/wp-content\/uploads\/2023\/07\/Formularz-informacji-przedstawianych-przy-ubieganiu-sie-o-pomoc-publiczna.xlsx\" data-type=\"URL\" data-id=\"https:\/\/opi.org.pl\/kpo\/wp-content\/uploads\/2023\/07\/Formularz-informacji-przedstawianych-przy-ubieganiu-sie-o-pomoc-publiczna.xlsx\">Formularz informacji przedstawianych przy ubieganiu si\u0119 o pomoc publiczn\u0105<\/a><\/li>\n\n\n\n<li><a href=\"https:\/\/opi.org.pl\/kpo\/wp-content\/uploads\/2023\/07\/Formularz-informacji-przedstawianych-przy-ubieganiu-sie-o-pomoc-de-minimis.xlsx\" data-type=\"URL\" data-id=\"https:\/\/opi.org.pl\/kpo\/wp-content\/uploads\/2023\/07\/Formularz-informacji-przedstawianych-przy-ubieganiu-sie-o-pomoc-de-minimis.xlsx\">Formularz informacji przedstawianych przy ubieganiu si\u0119 o pomoc de minimis<\/a><\/li>\n<\/ol>\n\n\n\n<h2 class=\"wp-block-heading\">Umowa o obj\u0119cie przedsi\u0119wzi\u0119cia wsparciem<\/h2>\n\n\n\n<ol class=\"wp-block-list\">\n<li><a href=\"https:\/\/opi.org.pl\/kpo\/wp-content\/uploads\/2023\/10\/Wzor-umowy-o-objecie-wsparciem-W.-samodzielny.pdf\">Umowa o obj\u0119cie przedsi\u0119wzi\u0119cia wsparciem &#8211; Wnioskodawca samodzielny<\/a><\/li>\n\n\n\n<li><a href=\"https:\/\/opi.org.pl\/kpo\/wp-content\/uploads\/2023\/10\/Wzor-umowy-o-objecie-wsparciem-konsorcjum.pdf\">Umowa o obj\u0119cie przedsi\u0119wzi\u0119cia wsparciem &#8211; konsorcjum<\/a><\/li>\n\n\n\n<li><a href=\"https:\/\/opi.org.pl\/kpo\/wp-content\/uploads\/2023\/11\/3-Lista-dok-przed-podpisaniem-umowy-1.pdf\">Lista dokument\u00f3w niezb\u0119dnych do podpisania umowy o obj\u0119cie przedsi\u0119wzi\u0119cia wsparciem<\/a><\/li>\n\n\n\n<li><a href=\"https:\/\/opi.org.pl\/kpo\/wp-content\/uploads\/2023\/11\/4-Analiza-zgodnosci-projektu-z-polityka-ochrony-srodowiska-1.docx\">Wz\u00f3r formularza Analiza zgodno\u015bci projektu z polityk\u0105 ochrony \u015brodowiska<\/a><\/li>\n\n\n\n<li><a href=\"https:\/\/opi.org.pl\/kpo\/wp-content\/uploads\/2023\/11\/5-Harmonogram-platnosci-1.xls\">Wz\u00f3r harmonogramu p\u0142atno\u015bci<\/a><\/li>\n\n\n\n<li>I<a href=\"https:\/\/opi.org.pl\/kpo\/wp-content\/uploads\/2023\/11\/6-Instrukcja-do-harmonogramu-platnosci-1.pdf\">nstrukcja wype\u0142niania harmonogramu p\u0142atno\u015bci<\/a><\/li>\n\n\n\n<li><a href=\"https:\/\/opi.org.pl\/kpo\/wp-content\/uploads\/2023\/11\/7-weksel-in-blanco-1.docx\">Wz\u00f3r weksla in blanco<\/a><\/li>\n\n\n\n<li><a href=\"https:\/\/opi.org.pl\/kpo\/wp-content\/uploads\/2023\/11\/8-Deklaracja-wekslowa-1.docx\">Wz\u00f3r deklaracji wekslowej<\/a><\/li>\n\n\n\n<li><a href=\"https:\/\/opi.org.pl\/kpo\/wp-content\/uploads\/2023\/11\/9-Formularz-z-infromacji-przedstawianych-przy-ubieganiu-sie-o-pomoc-publiczna-1.xlsx\">Formularz informacji przedstawianych przy ubieganiu si\u0119 o pomoc publiczn\u0105<\/a><\/li>\n\n\n\n<li><a href=\"https:\/\/opi.org.pl\/kpo\/wp-content\/uploads\/2023\/11\/10-Formularz-z-informacji-przedstawianych-przy-ubieganiu-sie-o-pomoc-de-minimis-1.xlsx\">Formularz informacji przedstawianych przy ubieganiu si\u0119 o pomoc de minimis<\/a><\/li>\n\n\n\n<li><a href=\"https:\/\/opi.org.pl\/kpo\/wp-content\/uploads\/2023\/11\/11-Osw-dot.-wkladu-finansowego-1.docx\">O\u015bwiadczenie dotycz\u0105ce wnoszonego do przedsi\u0119wzi\u0119cia wk\u0142adu pieni\u0119\u017cnego<\/a><\/li>\n\n\n\n<li><a href=\"https:\/\/opi.org.pl\/kpo\/wp-content\/uploads\/2023\/11\/12-Osw-dot.-wkladu-niepienieznego-1.docx\">O\u015bwiadczenie dotycz\u0105ce wnoszonego do przedsi\u0119wzi\u0119cia wk\u0142adu niepieni\u0119\u017cnego<\/a><\/li>\n\n\n\n<li><a href=\"https:\/\/opi.org.pl\/kpo\/wp-content\/uploads\/2023\/11\/13-Oswiadczenie-wykluczenieskladkipomoc-1.docx\">O\u015bwiadczenia dotycz\u0105ce wykluczenia, niezalegania, nieotrzymania pomocy<\/a><\/li>\n\n\n\n<li><a href=\"https:\/\/opi.org.pl\/kpo\/wp-content\/uploads\/2023\/11\/14-Mechanizm-monitorowania-i-wycofania-1.pdf\">Mechanizm monitorowania i wycofania<\/a><\/li>\n\n\n\n<li><a href=\"https:\/\/opi.org.pl\/kpo\/wp-content\/uploads\/2023\/11\/15-wzor-deklaracja-wskaznikow_claw-back-1.xlsx\">Wz\u00f3r deklaracji wyboru wska\u017anik\u00f3w do monitorowania i wycofania<\/a><\/li>\n\n\n\n<li><a href=\"https:\/\/opi.org.pl\/kpo\/wp-content\/uploads\/2023\/11\/16-Oswiadczenie-dot-zgodnosci-z-prawda-dokumentacji-zlozonej-w-WOD2021-1.docx\">O\u015bwiadczenie potwierdzaj\u0105ce zgodno\u015b\u0107 z prawd\u0105 dokumentacji z\u0142o\u017conej w aplikacji WOD2021<\/a><\/li>\n\n\n\n<li><a href=\"https:\/\/opi.org.pl\/kpo\/wp-content\/uploads\/2023\/11\/17-Wniosek-o-dodanie-OOW-jako-osoba-uprawniona-1.docx\">Wniosek o nadanie dost\u0119pu dla osoby uprawnionej w ramach SL2021<\/a><\/li>\n\n\n\n<li><a href=\"https:\/\/opi.org.pl\/kpo\/wp-content\/uploads\/2023\/11\/18-Zas-przet-dan-osob-i-klauzula-informac-1.pdf\">Zasady przetwarzania danych osobowych oraz klauzula informacyjna<\/a><\/li>\n<\/ol>\n\n\n\n<h2 class=\"wp-block-heading\">Dokumenty dodatkowe<\/h2>\n\n\n\n<p>Dost\u0119pne s\u0105 na stronie <a href=\"https:\/\/opi.org.pl\/kpo\/odbiorcy\/dokumenty\/\" data-type=\"URL\" data-id=\"https:\/\/opi.org.pl\/kpo\/odbiorcy\/dokumenty\/\">Dokumenty programowe, wytyczne, rozporz\u0105dzenia<\/a><\/p>\n\n\n\n<div class=\"wp-block-group alignwide\"><div class=\"wp-block-group__inner-container is-layout-constrained wp-block-group-is-layout-constrained\">\n<p>Wnioski o dofinansowanie mo\u017cna sk\u0142ada\u0107 zak\u0142adaj\u0105c konto w aplikacji dost\u0119pnej pod adresem <a href=\"https:\/\/wod.cst2021.gov.pl\/\" data-type=\"URL\" data-id=\"https:\/\/wod.cst2021.gov.pl\/\" class=\"external\">wod.cst2021.gov.pl<\/a>. Na stronie znajduj\u0105 si\u0119 tak\u017ce aktualne listy nabor\u00f3w. Wi\u0119cej informacji o aplikacji Wnioski o dofinansowanie WOD 2021 znajduje si\u0119 w <a href=\"https:\/\/instrukcje.cst2021.gov.pl\/wod\/prezentacja-wod\/\" data-type=\"URL\" data-id=\"https:\/\/instrukcje.cst2021.gov.pl\/wod\/prezentacja-wod\/\" class=\"external\">prezentacji WOD 2021<\/a>. <\/p>\n\n\n\n<p><a class=\"button external\" href=\"https:\/\/wod.cst2021.gov.pl\/\" data-type=\"URL\" data-id=\"https:\/\/wod.cst2021.gov.pl\/\" target=\"_blank\" rel=\"noreferrer noopener\">Przejd\u017a do aplikacji WOD2021<\/a><\/p>\n<\/div><\/div>\n\n\n\n<h2 class=\"wp-block-heading\">Wyniki oceny wniosk\u00f3w<\/h2>\n\n\n\n<ol class=\"wp-block-list\">\n<li><a href=\"https:\/\/opi.org.pl\/kpo\/wp-content\/uploads\/2024\/07\/Lista-rankingowa-IB-wybranenie-po-odwolaniach.pdf\">Przedsi\u0119wzi\u0119cia wybrane do udzielenia wsparcia &#8211; I nab\u00f3r, schemat B &#8211; aktualizacja nr 3<\/a><\/li>\n\n\n\n<li><a href=\"https:\/\/opi.org.pl\/kpo\/wp-content\/uploads\/2024\/06\/Lista-rankingowa-IB-wybrane-aktual-nr-2.pdf\">Przedsi\u0119wzi\u0119cia wybrane do udzielenia wsparcia &#8211; I nab\u00f3r, schemat B &#8211; aktualizacja nr 2<\/a><\/li>\n\n\n\n<li><a href=\"https:\/\/opi.org.pl\/kpo\/wp-content\/uploads\/2024\/05\/Przedsiewziecia-wybrane-do-udzielenia-wsparcia-I-nabor-schemat-B.pdf\">Przedsi\u0119wzi\u0119cia wybrane do udzielenia wsparcia &#8211; I nab\u00f3r, schemat B &#8211; aktualizacja nr 1<\/a><\/li>\n\n\n\n<li><a href=\"https:\/\/opi.org.pl\/kpo\/wp-content\/uploads\/2024\/07\/Przedsiewziecia-wybrane-do-udzielenia-wsparcia-I-nabor-schemat-B.pdf\">Przedsi\u0119wzi\u0119cia wybrane do udzielenia wsparcia &#8211; I nab\u00f3r, schemat B<\/a><\/li>\n\n\n\n<li><a href=\"https:\/\/opi.org.pl\/kpo\/wp-content\/uploads\/2024\/07\/Lista-rankingowa-IB-niewybrane-po-odwolaniach.pdf\">Przedsi\u0119wzi\u0119cia niewybrane do wsparcia &#8211; niespe\u0142niaj\u0105ce kryteri\u00f3w lub minimalnej liczby punkt\u00f3w lub wykluczone z mo\u017cliwo\u015bci otrzymania wsparcia &#8211; I nab\u00f3r, schemat B &#8211; aktualizacja nr 2<\/a><\/li>\n\n\n\n<li><a href=\"https:\/\/opi.org.pl\/kpo\/wp-content\/uploads\/2024\/05\/Przedsiewziecia-niewybrane-do-udzielenia-wsparcia-I-nabor-schemat-B.pdf\">Przedsi\u0119wzi\u0119cia niewybrane do wsparcia &#8211; niespe\u0142niaj\u0105ce kryteri\u00f3w lub minimalnej liczby punkt\u00f3w lub wykluczone z mo\u017cliwo\u015bci otrzymania wsparcia &#8211; I nab\u00f3r, schemat B &#8211; aktualizacja nr 1<\/a><\/li>\n\n\n\n<li><a href=\"https:\/\/opi.org.pl\/kpo\/wp-content\/uploads\/2024\/07\/Przedsiewziecia-niewybrane-do-udzielenia-wsparcia-I-nabor-schemat-B.pdf\">Przedsi\u0119wzi\u0119cia niewybrane do wsparcia &#8211; niespe\u0142niaj\u0105ce kryteri\u00f3w lub minimalnej liczby punkt\u00f3w lub wykluczone z mo\u017cliwo\u015bci otrzymania wsparcia &#8211; I nab\u00f3r, schemat B<\/a><\/li>\n<\/ol>\n","protected":false},"excerpt":{"rendered":"<p>Zasady konkursu: Wniosek o obj\u0119cie przedsi\u0119wzi\u0119cia wsparciem z za\u0142\u0105cznikami: Umowa o obj\u0119cie przedsi\u0119wzi\u0119cia wsparciem Dokumenty dodatkowe Dost\u0119pne s\u0105 na stronie Dokumenty programowe, wytyczne, rozporz\u0105dzenia Wyniki oceny wniosk\u00f3w<\/p>\n","protected":false},"author":2,"featured_media":0,"parent":25908,"menu_order":200,"comment_status":"closed","ping_status":"closed","template":"page-template-single.php","meta":{"footnotes":"","_links_to":"","_links_to_target":""},"class_list":["post-25848","page","type-page","status-publish","hentry"],"_links":{"self":[{"href":"https:\/\/opi.org.pl\/kpo\/wp-json\/wp\/v2\/pages\/25848","targetHints":{"allow":["GET"]}}],"collection":[{"href":"https:\/\/opi.org.pl\/kpo\/wp-json\/wp\/v2\/pages"}],"about":[{"href":"https:\/\/opi.org.pl\/kpo\/wp-json\/wp\/v2\/types\/page"}],"author":[{"embeddable":true,"href":"https:\/\/opi.org.pl\/kpo\/wp-json\/wp\/v2\/users\/2"}],"replies":[{"embeddable":true,"href":"https:\/\/opi.org.pl\/kpo\/wp-json\/wp\/v2\/comments?post=25848"}],"version-history":[{"count":22,"href":"https:\/\/opi.org.pl\/kpo\/wp-json\/wp\/v2\/pages\/25848\/revisions"}],"predecessor-version":[{"id":26573,"href":"https:\/\/opi.org.pl\/kpo\/wp-json\/wp\/v2\/pages\/25848\/revisions\/26573"}],"up":[{"embeddable":true,"href":"https:\/\/opi.org.pl\/kpo\/wp-json\/wp\/v2\/pages\/25908"}],"wp:attachment":[{"href":"https:\/\/opi.org.pl\/kpo\/wp-json\/wp\/v2\/media?parent=25848"}],"curies":[{"name":"wp","href":"https:\/\/api.w.org\/{rel}","templated":true}]}}