{"id":25843,"date":"2023-07-05T11:26:24","date_gmt":"2023-07-05T09:26:24","guid":{"rendered":"https:\/\/opi-test.opi.org.pl\/?page_id=25843"},"modified":"2025-03-19T14:31:08","modified_gmt":"2025-03-19T13:31:08","slug":"dokumenty","status":"publish","type":"page","link":"https:\/\/opi.org.pl\/kpo\/odbiorcy\/dokumenty\/","title":{"rendered":"Dokumenty programowe, wytyczne, rozporz\u0105dzenia"},"content":{"rendered":"\n<div class=\"wp-block-group alignwide kpo\"><div class=\"wp-block-group__inner-container is-layout-flow wp-block-group-is-layout-flow\">\n<figure class=\"wp-block-image size-full desktop\"><img decoding=\"async\" src=\"https:\/\/opi.org.pl\/kpo\/wp-content\/uploads\/2023\/07\/kpo-logotypy.svg\" alt=\"Zestaw Logotyp\u00f3w: Krajowy Plan Odbudowy, Rzeczpospolita Polska, Sfinansowane przez Uni\u0119 Europejsk\u0105 Next GenerationEU\" class=\"wp-image-25876\"\/><\/figure>\n\n\n\n<figure class=\"wp-block-image size-full mobile\"><img decoding=\"async\" src=\"https:\/\/opi.org.pl\/kpo\/wp-content\/uploads\/2023\/07\/kpo-logotypy-mobile.svg\" alt=\"Zestaw Logotyp\u00f3w: Krajowy Plan Odbudowy, Rzeczpospolita Polska, Sfinansowane przez Uni\u0119 Europejsk\u0105 Next GenerationEU\" class=\"wp-image-25877\"\/><\/figure>\n<\/div><\/div>\n\n\n\n<ul class=\"wp-block-list\">\n<li><a href=\"https:\/\/eur-lex.europa.eu\/legal-content\/PL\/TXT\/PDF\/?uri=CELEX:02014R0651-20210801\" data-type=\"URL\" data-id=\"https:\/\/eur-lex.europa.eu\/legal-content\/PL\/TXT\/PDF\/?uri=CELEX:02014R0651-20210801\" class=\"external\">Rozporz\u0105dzenie Komisji (UE) nr 651\/2014<\/a><\/li>\n\n\n\n<li><a href=\"https:\/\/opi.org.pl\/kpo\/wp-content\/uploads\/2023\/07\/Rozporzadzenie-pomocowe-MEiN-Inwestycja-A2.4.1.pdf\" data-type=\"URL\" data-id=\"https:\/\/opi.org.pl\/kpo\/wp-content\/uploads\/2023\/07\/Rozporzadzenie-pomocowe-MEiN-Inwestycja-A2.4.1.pdf\">Rozporz\u0105dzenie Ministra Edukacji i Nauki z dnia 9 maja 2023 r. w sprawie udzielania pomocy publicznej i pomocy de minimis w ramach inwestycji A2.4.1<\/a> (246 kB, pdf)<\/li>\n\n\n\n<li><a href=\"https:\/\/opi.org.pl\/kpo\/wp-content\/uploads\/2023\/12\/Rozporzadzenie-MEiN-z-dnia-4-grudnia-2023-r.-zmieniajace-Rozporzadzenie-w-sprawie-udzielania-pomocy-publicznej-i-pomocy-de-minim.pdf\" data-type=\"link\" data-id=\"https:\/\/opi.org.pl\/kpo\/wp-content\/uploads\/2023\/12\/Rozporzadzenie-MEiN-z-dnia-4-grudnia-2023-r.-zmieniajace-Rozporzadzenie-w-sprawie-udzielania-pomocy-publicznej-i-pomocy-de-minim.pdf\">Rozporz\u0105dzenie MEiN z dnia 4 grudnia 2023 r. zmieniaj\u0105ce rozporz\u0105dzenie w sprawie udzielania pomocy publicznej i pomocy de minimis w ramach Inwestycji A2.4.1<\/a> (183 kB, pdf)<\/li>\n\n\n\n<li><a href=\"https:\/\/opi.org.pl\/kpo\/wp-content\/uploads\/2024\/06\/Rozporzadzenie-pomocowe-KPO.pdf\">Rozporz\u0105dzenie Ministra Nauki z dnia 30 maja 2024 r. zmieniaj\u0105ce rozporz\u0105dzenie w sprawie udzielania pomocy publicznej i pomocy de minimis w ramach Inwestycji A2.4.1<\/a> (227 kB, pdf)\u00a0<\/li>\n\n\n\n<li><a href=\"https:\/\/opi.org.pl\/kpo\/wp-content\/uploads\/2024\/09\/Rozporzadzenie-dot.-RRF.pdf\">Rozporz\u0105dzenie Parlamentu Europejskiego i Rady (UE) nr 2021\/241 ustanawiaj\u0105ce Instrument na rzecz Odbudowy i Zwi\u0119kszania Odporno\u015bci (Recovery and Resilience Facility \u2013 RRF)<\/a> (1 MB, pdf)&nbsp;<\/li>\n\n\n\n<li><a href=\"https:\/\/eur-lex.europa.eu\/legal-content\/PL\/TXT\/PDF\/?uri=CELEX:02013R1407-20200727\" data-type=\"URL\" data-id=\"https:\/\/eur-lex.europa.eu\/legal-content\/PL\/TXT\/PDF\/?uri=CELEX:02013R1407-20200727\" class=\"external\">Rozporz\u0105dzenie Komisji (UE) nr 1407\/2013<\/a><\/li>\n\n\n\n<li><a href=\"https:\/\/www.funduszeeuropejskie.gov.pl\/media\/109762\/KPO.pdf\" class=\"external\">Krajowy Plan Odbudowy i Zwi\u0119kszania Odporno\u015bci<\/a><\/li>\n\n\n\n<li><a href=\"https:\/\/opi.org.pl\/kpo\/wp-content\/uploads\/2024\/09\/Addendum-do-KPO-po-rewizji.docx\" target=\"_blank\" rel=\"noreferrer noopener\">Addendum do KPO &#8211; po rewizji w 2024 r.<\/a> (3 MB, docx)&nbsp;<\/li>\n\n\n\n<li><a href=\"https:\/\/www.funduszeeuropejskie.gov.pl\/media\/111297\/decyzja_wykonawcza_Rady_UE_z_podpisami.pdf\" class=\"external\">Decyzja wykonawcza Rady UE<\/a><\/li>\n\n\n\n<li><a href=\"https:\/\/www.funduszeeuropejskie.gov.pl\/media\/109330\/PL_zalacznik.pdf\" class=\"external\">Za\u0142\u0105cznik do Decyzji wykonawczej Rady UE<\/a><\/li>\n\n\n\n<li><a href=\"https:\/\/www.funduszeeuropejskie.gov.pl\/media\/112749\/Ustalenia_operacyjne.pdf\" class=\"external\">Ustalenia operacyjne<\/a><\/li>\n\n\n\n<li><a href=\"https:\/\/www.funduszeeuropejskie.gov.pl\/media\/114365\/OA_tlumaczenie_robocze.pdf\" class=\"external\">Robocze t\u0142umaczenie Ustale\u0144 operacyjnych<\/a><\/li>\n\n\n\n<li><a href=\"https:\/\/isap.sejm.gov.pl\/isap.nsf\/DocDetails.xsp?id=WDU20220001079\" class=\"external\">Ustawa z dnia 28 kwietnia 2022 r. o zasadach realizacji zada\u0144 finansowanych ze \u015brodk\u00f3w europejskich w perspektywie finansowej 2021-2027 (ustawa wdro\u017ceniowa)<\/a><\/li>\n\n\n\n<li><a href=\"https:\/\/opi-test.opi.org.pl\/wp-content\/uploads\/2023\/07\/Horyzontalne-zasady-wdrozeniowe.pdf\" class=\"external\">Horyzontalne zasady wdro\u017ceniowe w KPO<\/a> (141 kB, pdf)<\/li>\n\n\n\n<li><a href=\"https:\/\/opi-test.opi.org.pl\/wp-content\/uploads\/2023\/07\/Horyzontalne-zasady-i-kryteria-wyboru-przedsiewziec-dla-KPO-03-02-2023-1.pdf\" class=\"external\">Horyzontalne zasady i kryteria wyboru przedsi\u0119wzi\u0119\u0107 dla KPO<\/a> (180 kB, pdf)<\/li>\n\n\n\n<li><a href=\"https:\/\/www.funduszeeuropejskie.gov.pl\/strony\/o-funduszach\/fundusze-na-lata-2021-2027\/prawo-i-dokumenty\/wytyczne\/wytyczne-dotyczace-realizacji-zasad-rownosciowych-w-ramach-funduszy-unijnych-na-lata-2021-2027\/\" data-type=\"URL\" data-id=\"MFiPR https:\/\/www.funduszeeuropejskie.gov.pl\/strony\/o-funduszach\/fundusze-na-lata-2021-2027\/prawo-i-dokumenty\/wytyczne\/wytyczne-dotyczace-realizacji-zasad-rownosciowych-w-ramach-funduszy-unijnych-na-lata-2021-2027\/\" class=\"external\">Wytyczne dotycz\u0105ce realizacji zasad r\u00f3wno\u015bciowych, w tym Standardy dost\u0119pno\u015bci dla polityki sp\u00f3jno\u015bci na lata 2021-2027<\/a><\/li>\n\n\n\n<li><a href=\"https:\/\/www.gov.pl\/web\/planodbudowy\/wytyczne\" class=\"external\">Wytyczne w zakresie zasady partnerstwa w ramach planu rozwojowego wsp\u00f3\u0142finansowanego ze \u015brodk\u00f3w Instrumentu na rzecz Odbudowy i Zwi\u0119kszania Odporno\u015bci<\/a><\/li>\n\n\n\n<li><a href=\"https:\/\/www.gov.pl\/web\/planodbudowy\/wytyczne\" class=\"external\">Wytyczne w zakresie kontroli w ramach planu rozwojowego wsp\u00f3\u0142finansowanego ze \u015brodk\u00f3w Instrumentu na rzecz Odbudowy i Zwi\u0119kszania Odporno\u015bci<\/a><\/li>\n\n\n\n<li><a href=\"https:\/\/opi.org.pl\/kpo\/wp-content\/uploads\/2024\/09\/Wytyczne_w_zakresie_sprawozdawczosci_i_monitorowania_aktualizacja_grudzien_2023.pdf\">Wytyczne w zakresie sprawozdawczo\u015bci i monitorowania w ramach planu rozwojowego wsp\u00f3\u0142finansowanego ze \u015brodk\u00f3w Instrumentu na rzecz Odbudowy i Zwi\u0119kszania Odporno\u015bci<\/a><\/li>\n\n\n\n<li><a href=\"https:\/\/opi.org.pl\/kpo\/wp-content\/uploads\/2024\/09\/20231124_Ogolne_wytyczne_kwalifikowalnosci_kosztow_w_MEiN_KPO_listopad_2023.pdf\">Og\u00f3lne wytyczne kwalifikowalno\u015bci koszt\u00f3w realizowanych Inwestycji w MEIN w ramach Krajowego Planu Odbudowy i Zwi\u0119kszania Odporno\u015bci<\/a> (383 kB, pdf)<\/li>\n\n\n\n<li><a href=\"https:\/\/opi.org.pl\/kpo\/wp-content\/uploads\/2024\/09\/PODRECZNIK_dla_BENEFICJENTA_wersja_koncowa.pdf\">Podr\u0119cznik dla beneficjenta w zakresie zgodno\u015bci przedsi\u0119wzi\u0119\u0107 z zasad\u0105 DNSH<\/a> (1 MB, pdf)&nbsp;<\/li>\n\n\n\n<li><a href=\"https:\/\/www.kpo.gov.pl\/strony\/o-kpo\/dla-instytucji\/dokumenty\/strategia-promocji-i-informacji-kpo\/\" class=\"external\">Strategia promocji i informacji KPO<\/a><\/li>\n\n\n\n<li><a href=\"https:\/\/opi.org.pl\/kpo\/wp-content\/uploads\/2024\/07\/Ksiega-IW_KPO_wersja_dostepna.pdf\">Ksi\u0119ga Identyfikacji Wizualnej KPO<\/a> (16 MB, pdf)&nbsp;<\/li>\n<\/ul>\n\n\n\n<p><\/p>\n","protected":false},"excerpt":{"rendered":"","protected":false},"author":2,"featured_media":0,"parent":25940,"menu_order":0,"comment_status":"closed","ping_status":"closed","template":"page-template-single.php","meta":{"footnotes":"","_links_to":"","_links_to_target":""},"class_list":["post-25843","page","type-page","status-publish","hentry"],"_links":{"self":[{"href":"https:\/\/opi.org.pl\/kpo\/wp-json\/wp\/v2\/pages\/25843","targetHints":{"allow":["GET"]}}],"collection":[{"href":"https:\/\/opi.org.pl\/kpo\/wp-json\/wp\/v2\/pages"}],"about":[{"href":"https:\/\/opi.org.pl\/kpo\/wp-json\/wp\/v2\/types\/page"}],"author":[{"embeddable":true,"href":"https:\/\/opi.org.pl\/kpo\/wp-json\/wp\/v2\/users\/2"}],"replies":[{"embeddable":true,"href":"https:\/\/opi.org.pl\/kpo\/wp-json\/wp\/v2\/comments?post=25843"}],"version-history":[{"count":14,"href":"https:\/\/opi.org.pl\/kpo\/wp-json\/wp\/v2\/pages\/25843\/revisions"}],"predecessor-version":[{"id":26736,"href":"https:\/\/opi.org.pl\/kpo\/wp-json\/wp\/v2\/pages\/25843\/revisions\/26736"}],"up":[{"embeddable":true,"href":"https:\/\/opi.org.pl\/kpo\/wp-json\/wp\/v2\/pages\/25940"}],"wp:attachment":[{"href":"https:\/\/opi.org.pl\/kpo\/wp-json\/wp\/v2\/media?parent=25843"}],"curies":[{"name":"wp","href":"https:\/\/api.w.org\/{rel}","templated":true}]}}