{"id":50863,"date":"2022-04-06T10:43:01","date_gmt":"2022-04-06T08:43:01","guid":{"rendered":"https:\/\/opi.org.pl\/komitywa\/?page_id=50863"},"modified":"2025-04-10T11:52:57","modified_gmt":"2025-04-10T09:52:57","slug":"deklaracja-dostepnosci","status":"publish","type":"page","link":"https:\/\/opi.org.pl\/komitywa\/deklaracja-dostepnosci\/","title":{"rendered":"Deklaracja dost\u0119pno\u015bci"},"content":{"rendered":"<br \/>\n<section id=\"a11y-wstep\">\n<p><span id=\"a11y-podmiot\">O\u015brodek Przetwarzania Informacji &#8211; Pa\u0144stwowy Instytut Badawczy<\/span> zobowi\u0105zuje si\u0119 zapewni\u0107 dost\u0119pno\u015b\u0107 swojej <span id=\"a11y-zakres\">strony internetowej<\/span> zgodnie z ustaw\u0105 z dnia 4 kwietnia 2019 r. o dost\u0119pno\u015bci cyfrowej stron internetowych i aplikacji mobilnych podmiot\u00f3w publicznych.<\/p>\n<p>Deklaracja dost\u0119pno\u015bci dotyczy strony <a href=\"https:\/\/opi.org.pl\/komitywa\" id=\"a11y-url\"> https:\/\/opi.org.pl\/komitywa<\/a>.<\/p>\n<\/section>\n<ul>\n<li>Data publikacji strony internetowej:<time id=\"a11y-data-publikacja\" datetime=\"2020-01-20\"> 20 stycznia 2020 r.<\/time><\/li>\n<li>Data ostatniej istotnej aktualizacji:<time id=\"a11y-data-aktualizacja\" datetime=\"2022-01-26\"> 26 stycznia 2022 r.<\/time><\/li>\n<\/ul>\n<h2> Stan dost\u0119pno\u015bci cyfrowej<\/h2>\n<p id=\"a11y-status\">Ta strona internetowa jest cz\u0119\u015bciowo zgodna z za\u0142\u0105cznikiem do ustawy o dost\u0119pno\u015bci cyfrowej z dnia 4 kwietnia 2019 r. o dost\u0119pno\u015bci cyfrowej stron internetowych i aplikacji mobilnych podmiot\u00f3w publicznych z powodu niezgodno\u015bci    wymienionych poni\u017cej.<\/p>\n<h2>Niedost\u0119pne tre\u015bci<\/h2>\n<h3>Niezgodno\u015b\u0107 z za\u0142\u0105cznikiem <\/h3>\n<section>\n<ul>\n<li>niekt\u00f3re elementy maj\u0105 nieodpowiedni kontrast,<\/li>\n<li>focus jest niewidoczny,<\/li>\n<li>mo\u017ce brakowa\u0107 tekst\u00f3w alternatywnych do obraz\u00f3w,<\/li>\n<li>struktura nag\u0142\u00f3wk\u00f3w wymaga ujednolicenia<\/li>\n<\/ul>\n<\/section>\n<h3>Przygotowanie deklaracji dost\u0119pno\u015bci i jej aktualizacja<\/h3>\n<ul>\n<li>Data sporz\u0105dzenia deklaracji: <time id=\"a11y-data-sporzadzenie\" datetime=\"2023-02-16\"> 16 lutego 2023 r.<\/time><\/li>\n<li>Data ostatniego przegl\u0105du deklaracji: <time id=\"a11y-data-przeglad\" datetime=\"2025-03-31\"> 31 marca 2025 r.<\/time><\/li>\n<\/ul>\n<p>Deklaracj\u0119 sporz\u0105dzili\u015bmy na podstawie samooceny. Metoda wykorzystana w samoocenie to:  Lista kontrolna do badania dost\u0119pno\u015bci cyfrowej strony internetowej &#8211; wersja 2.2. <a href=\"https:\/\/opi.org.pl\/komitywa\/wp-content\/uploads\/2025\/04\/2025-03-31.samoocena_komitywa.pdf\">Pobierz raport z samooceny<\/a>.<\/p>\n<h2> Informacje zwrotne i dane kontaktowe <\/h2>\n<p>Wszystkie problemy z dost\u0119pno\u015bci\u0105 cyfrow\u0105 tej strony internetowej mo\u017cesz zg\u0142osi\u0107 do <span id=\"a11y-kontakt\">Rafa\u0142 Jendrzejewski<\/span> \u2014 e-mailowo <a id=\"a11y-email\" href=\"mailto:dostepnosc@opi.org.pl\">dostepnosc@opi.org.pl<\/a> lub telefonicznie <a href=\"48512014561\" id=\"a11y-telefon\">512 014 561<\/a>.<\/p>\n<p>Ka\u017cdy ma prawo wyst\u0105pi\u0107 z \u017c\u0105daniem zapewnienia dost\u0119pno\u015bci cyfrowej tej strony internetowej lub jej element\u00f3w.<\/p>\n<p>Zg\u0142aszaj\u0105c takie \u017c\u0105danie podaj:<\/p>\n<ul>\n<li>swoje imi\u0119 i nazwisko,<\/li>\n<li>swoje dane kontaktowe (np. numer telefonu, e-mail),<\/li>\n<li>dok\u0142adny adres strony internetowej, na kt\u00f3rej jest niedost\u0119pny cyfrowo element lub tre\u015b\u0107,<\/li>\n<li>opis na czym polega problem i jaki spos\u00f3b jego rozwi\u0105zania by\u0142by dla Ciebie najwygodniejszy.<\/li>\n<\/ul>\n<p>Na Twoje zg\u0142oszenie odpowiemy najszybciej jak to mo\u017cliwe, nie p\u00f3\u017aniej ni\u017c w ci\u0105gu 7 dni od jego otrzymania.<\/p>\n<p>Je\u017celi ten termin b\u0119dzie dla nas zbyt kr\u00f3tki poinformujemy Ci\u0119 o tym. W tej informacji podamy nowy termin, do kt\u00f3rego poprawimy zg\u0142oszone przez Ciebie b\u0142\u0119dy lub przygotujemy informacje w alternatywny spos\u00f3b. Ten nowy termin nie b\u0119dzie d\u0142u\u017cszy ni\u017c 2 miesi\u0105ce.<\/p>\n<p>Je\u017celi nie b\u0119dziemy w stanie zapewni\u0107 dost\u0119pno\u015bci cyfrowej strony internetowej lub tre\u015bci, wskazanej w Twoim \u017c\u0105daniu, zaproponujemy Ci dost\u0119p do nich w alternatywny spos\u00f3b.<\/p>\n<section id=\"a11y-procedura\">\n<h3> Obs\u0142uga wniosk\u00f3w i skarg zwi\u0105zanych z dost\u0119pno\u015bci\u0105 <\/h3>\n<p>Je\u017celi w odpowiedzi na Tw\u00f3j wniosek o zapewnienie dost\u0119pno\u015bci cyfrowej, odm\u00f3wimy zapewnienia \u017c\u0105danej przez Ciebie dost\u0119pno\u015bci cyfrowej, a Ty nie zgadzasz si\u0119 z t\u0105 odmow\u0105, masz prawo z\u0142o\u017cy\u0107 skarg\u0119.<\/p>\n<p>Skarg\u0119 masz prawo z\u0142o\u017cy\u0107 tak\u017ce, je\u015bli nie zgadzasz si\u0119 na skorzystanie z alternatywnego sposobu dost\u0119pu, kt\u00f3ry zaproponowali\u015bmy Ci w odpowiedzi na Tw\u00f3j wniosek o zapewnienie dost\u0119pno\u015bci cyfrowej.<\/p>\n<p>Ewentualn\u0105 skarg\u0119 z\u0142\u00f3\u017c listownie lub e-mailem do:<\/p>\n<ul>\n<li> Rafa\u0142 Jendrzejewski,<\/li>\n<li>al. Niepodleg\u0142o\u015bci 188B, 00-608 Warszawa,<\/li>\n<li>e-mail: <a href=\"mailto:dostepnosc@opi.org.pl\"> dostepnosc@opi.org.pl<\/a>.<\/li>\n<\/ul>\n<p><a href=\"https:\/\/www.gov.pl\/web\/gov\/zloz-wniosek-o-zapewnienie-dostepnosci-cyfrowej-strony-internetowej-lub-aplikacji-mobilnej\" class=\"external\">Pomocne mog\u0105 by\u0107 informacje, kt\u00f3re mo\u017cna znale\u017a\u0107 na rz\u0105dowym portalu gov.pl<\/a>.<\/p>\n<p>Mo\u017cesz tak\u017ce poinformowa\u0107 o tej sytuacji <a href=\"https:\/\/bip.brpo.gov.pl\/\" class=\"external\"> Rzecznika Praw Obywatelskich<\/a> i poprosi\u0107 o interwencj\u0119 w Twojej sprawie.<\/p>\n<\/section>\n<h2>Pozosta\u0142e informacje<\/h2>\n<section id=\"a11y-architektura\">\n<h3>Dost\u0119pno\u015b\u0107 architektoniczna<\/h3>\n<div>\n<p> O\u015brodek Przetwarzania Informacji \u2013 Pa\u0144stwowy Instytut Badawczy, al. Niepodleg\u0142o\u015bci 188B, 00-608 Warszawa.<\/p>\n<p>Do ka\u017cdego z budynk\u00f3w prowadz\u0105 dwa wej\u015bcia. Dla go\u015bci przeznaczone jest wej\u015bcie g\u0142\u00f3wne, do kt\u00f3rego prowadz\u0105 schody. Przy schodach znajduje si\u0119 podjazd dla w\u00f3zk\u00f3w. Przed budynkiem wyznaczono dwa miejsca parkingowe przeznaczone dla os\u00f3b niepe\u0142nosprawnych. Recepcja znajduje si\u0119 naprzeciwko wej\u015bcia. Dalsze przej\u015bcie wymaga u\u017cycia karty umo\u017cliwiaj\u0105cej otwarcie drzwi. Dla os\u00f3b na w\u00f3zkach dost\u0119pny jest korytarz i pomieszczenia na parterze. W budynku nie ma windy. Toaleta dla os\u00f3b niepe\u0142nosprawnych znajduje si\u0119 na parterze. Do budynku i wszystkich jego pomieszcze\u0144 mo\u017cna wej\u015b\u0107 z psem asystuj\u0105cym i psem przewodnikiem. <\/p>\n<\/p><\/div>\n<\/section>\n<section id=\"a11y-komunikacja\">\n<h3>Dost\u0119pno\u015b\u0107 komunikacyjno-informacyjna<\/h3>\n<div>\n<p> Zgodnie z przepisami ustawy z dnia 19 sierpnia 2011 r. o j\u0119zyku migowym i innych \u015brodkach komunikowania si\u0119 O\u015brodek Przetwarzania Informacji \u2013 Pa\u0144stwowy Instytut Badawczy udost\u0119pnia osobom do\u015bwiadczaj\u0105cym trwale lub okresowo trudno\u015bci w komunikowaniu si\u0119 nast\u0119puj\u0105ce formy kontaktu z urz\u0119dem:<\/p>\n<ul>\n<li>SMS: 512 014 561<\/li>\n<li><a href=\"mailto:dostepnosc@opi.org.pl\">dostepnosc@opi.org.pl<\/li>\n<\/ul><\/div>\n<\/section>\n","protected":false},"excerpt":{"rendered":"<p>O\u015brodek Przetwarzania Informacji &#8211; Pa\u0144stwowy Instytut Badawczy zobowi\u0105zuje si\u0119 zapewni\u0107 dost\u0119pno\u015b\u0107 swojej strony internetowej zgodnie z ustaw\u0105 z dnia 4 kwietnia 2019 r. o dost\u0119pno\u015bci cyfrowej stron internetowych i aplikacji mobilnych podmiot\u00f3w publicznych. Deklaracja dost\u0119pno\u015bci dotyczy strony https:\/\/opi.org.pl\/komitywa. Data publikacji strony internetowej: 20 stycznia 2020 r. Data ostatniej istotnej aktualizacji: 26 stycznia 2022 r. Stan&hellip;<\/p>\n","protected":false},"author":3,"featured_media":0,"parent":0,"menu_order":0,"comment_status":"closed","ping_status":"closed","template":"","meta":{"footnotes":"","_links_to":"","_links_to_target":""},"class_list":["post-50863","page","type-page","status-publish","hentry"],"_links":{"self":[{"href":"https:\/\/opi.org.pl\/komitywa\/wp-json\/wp\/v2\/pages\/50863","targetHints":{"allow":["GET"]}}],"collection":[{"href":"https:\/\/opi.org.pl\/komitywa\/wp-json\/wp\/v2\/pages"}],"about":[{"href":"https:\/\/opi.org.pl\/komitywa\/wp-json\/wp\/v2\/types\/page"}],"author":[{"embeddable":true,"href":"https:\/\/opi.org.pl\/komitywa\/wp-json\/wp\/v2\/users\/3"}],"replies":[{"embeddable":true,"href":"https:\/\/opi.org.pl\/komitywa\/wp-json\/wp\/v2\/comments?post=50863"}],"version-history":[{"count":5,"href":"https:\/\/opi.org.pl\/komitywa\/wp-json\/wp\/v2\/pages\/50863\/revisions"}],"predecessor-version":[{"id":51143,"href":"https:\/\/opi.org.pl\/komitywa\/wp-json\/wp\/v2\/pages\/50863\/revisions\/51143"}],"wp:attachment":[{"href":"https:\/\/opi.org.pl\/komitywa\/wp-json\/wp\/v2\/media?parent=50863"}],"curies":[{"name":"wp","href":"https:\/\/api.w.org\/{rel}","templated":true}]}}