{"id":50608,"date":"2022-03-03T09:26:21","date_gmt":"2022-03-03T09:26:21","guid":{"rendered":"http:\/\/wordpress\/?page_id=50608"},"modified":"2025-07-28T12:04:16","modified_gmt":"2025-07-28T10:04:16","slug":"komitywa","status":"publish","type":"page","link":"https:\/\/opi.org.pl\/komitywa\/","title":{"rendered":"KomITywa"},"content":{"rendered":"\n<p>to trzymiesi\u0119czny, p\u0142atny program sta\u017cowy, skierowany do absolwent\u00f3w lub ambitnych student\u00f3w ostatniego roku studi\u00f3w informatyki lub kierunku pokrewnego, z dobr\u0105 znajomo\u015bci\u0105 j\u0119zyka angielskiego oraz lubi\u0105cych pracowa\u0107 w zespole.<\/p>\n\n\n\n<p>Je\u015bli interesujesz si\u0119 nowymi technologiami, a swoj\u0105 drog\u0119 zawodow\u0105 wi\u0105\u017cesz z szeroko poj\u0119tym IT, to w OPI PIB poka\u017cemy Ci, jak ten \u015bwiat wygl\u0105da! Wykorzystaj sw\u00f3j potencja\u0142 i przyjd\u017a na sta\u017c do OPI PIB!<\/p>\n","protected":false},"excerpt":{"rendered":"<p>to trzymiesi\u0119czny, p\u0142atny program sta\u017cowy, skierowany do absolwent\u00f3w lub ambitnych student\u00f3w ostatniego roku studi\u00f3w informatyki lub kierunku pokrewnego, z dobr\u0105 znajomo\u015bci\u0105 j\u0119zyka angielskiego oraz lubi\u0105cych pracowa\u0107 w zespole. Je\u015bli interesujesz si\u0119 nowymi technologiami, a swoj\u0105 drog\u0119 zawodow\u0105 wi\u0105\u017cesz z szeroko poj\u0119tym IT, to w OPI PIB poka\u017cemy Ci, jak ten \u015bwiat wygl\u0105da! Wykorzystaj sw\u00f3j potencja\u0142&hellip;<\/p>\n","protected":false},"author":3,"featured_media":50928,"parent":0,"menu_order":0,"comment_status":"closed","ping_status":"closed","template":"","meta":{"footnotes":"","_links_to":"","_links_to_target":""},"class_list":["post-50608","page","type-page","status-publish","has-post-thumbnail","hentry"],"_links":{"self":[{"href":"https:\/\/opi.org.pl\/komitywa\/wp-json\/wp\/v2\/pages\/50608","targetHints":{"allow":["GET"]}}],"collection":[{"href":"https:\/\/opi.org.pl\/komitywa\/wp-json\/wp\/v2\/pages"}],"about":[{"href":"https:\/\/opi.org.pl\/komitywa\/wp-json\/wp\/v2\/types\/page"}],"author":[{"embeddable":true,"href":"https:\/\/opi.org.pl\/komitywa\/wp-json\/wp\/v2\/users\/3"}],"replies":[{"embeddable":true,"href":"https:\/\/opi.org.pl\/komitywa\/wp-json\/wp\/v2\/comments?post=50608"}],"version-history":[{"count":9,"href":"https:\/\/opi.org.pl\/komitywa\/wp-json\/wp\/v2\/pages\/50608\/revisions"}],"predecessor-version":[{"id":51157,"href":"https:\/\/opi.org.pl\/komitywa\/wp-json\/wp\/v2\/pages\/50608\/revisions\/51157"}],"wp:featuredmedia":[{"embeddable":true,"href":"https:\/\/opi.org.pl\/komitywa\/wp-json\/wp\/v2\/media\/50928"}],"wp:attachment":[{"href":"https:\/\/opi.org.pl\/komitywa\/wp-json\/wp\/v2\/media?parent=50608"}],"curies":[{"name":"wp","href":"https:\/\/api.w.org\/{rel}","templated":true}]}}