{"id":965,"date":"2024-10-01T10:55:11","date_gmt":"2024-10-01T10:55:11","guid":{"rendered":"https:\/\/opi.org.pl\/feng\/?page_id=965"},"modified":"2026-01-08T12:19:18","modified_gmt":"2026-01-08T11:19:18","slug":"archiwum-cst2021","status":"publish","type":"page","link":"https:\/\/opi.org.pl\/feng\/cst2021\/archiwum-cst2021\/","title":{"rendered":"Archiwum CST2021"},"content":{"rendered":"\n<ul class=\"wp-block-list\">\n<li><a href=\"https:\/\/opi.org.pl\/feng\/wp-content\/uploads\/2025\/07\/Instrukcja_SL2021_Projekty_Beneficjent_2.4.8_08.07.2025.docx\" target=\"_blank\" rel=\"noreferrer noopener\">Instrukcja u\u017cytkownika SL2021 \u2013 obszar projekty,\u00a0wersja 2.4.8 (stan na 08.07.2025 r.)<\/a> (5 MB, docx)<\/li>\n\n\n\n<li><a href=\"https:\/\/opi.org.pl\/feng\/wp-content\/uploads\/2025\/01\/Instrukcja_SL2021_Projekty_Beneficjent_2.4.6_10.12.2024.docx\" target=\"_blank\" rel=\"noreferrer noopener\">Instrukcja u\u017cytkownika SL2021 \u2013 obszar projekty,\u00a0wersja 2.4.6 (stan na 10.12.2024 r.)<\/a> (5 MB, docx)<\/li>\n\n\n\n<li><a href=\"http:\/\/Instrukcja u\u017cytkownika SL2021 \u2013 obszar projekty,\u00a0wersja 2.4.4 (stan na 14.10.2024 r.)\" target=\"_blank\" rel=\"noreferrer noopener\" class=\"external\">Instrukcja u\u017cytkownika SL2021 \u2013 obszar projekty,\u00a0wersja 2.4.4 (stan na 14.10.2024 r.)<\/a> (5 MB, docx)<\/li>\n\n\n\n<li><a href=\"https:\/\/opi.org.pl\/kpo\/wp-content\/uploads\/2024\/07\/Instrukcja_SL2021_Projekty_Beneficjent_2.4.3_24.06.2024.docx\" data-type=\"link\" data-id=\"https:\/\/opi.org.pl\/kpo\/wp-content\/uploads\/2024\/07\/Instrukcja_SL2021_Projekty_Beneficjent_2.4.3_24.06.2024.docx\">Instrukcja u\u017cytkownika SL2021 \u2013 obszar projekty,\u00a0wersja 2.4.3 (stan na 24.06.2024 r.)<\/a> (5 MB, docx)<\/li>\n\n\n\n<li><a href=\"https:\/\/opi.org.pl\/kpo\/wp-content\/uploads\/2023\/07\/Instrukcja-uzytkownika-SL2021-obszar-projekty-1.docx\">Instrukcja u\u017cytkownika SL2021 \u2013 obszar projekty &#8211; wersja 2.0<\/a> (5 MB, docx)<\/li>\n\n\n\n<li><a href=\"https:\/\/opi.org.pl\/feng\/wp-content\/uploads\/2025\/07\/Instrukcja_SL2021_WnioskiOPlatnosc_Beneficjent_2.4.5_07.07.2025.docx\" target=\"_blank\" rel=\"noreferrer noopener\">Instrukcja u\u017cytkownika SL2021 \u2013 wnioski o p\u0142atno\u015b\u0107 beneficjent, wersja 2.4.5 (stan na 07.07.2025 r.)<\/a> (2 MB, docx)<\/li>\n\n\n\n<li><a href=\"https:\/\/opi.org.pl\/feng\/wp-content\/uploads\/2025\/04\/Instrukcja_SL2021_WnioskiOPlatnosc_Beneficjent_2.4.2_16.02.2025.docx\">Instrukcja u\u017cytkownika SL2021 \u2013 wnioski o p\u0142atno\u015b\u0107 beneficjent, wersja 2.4.2 (stan na 14.02.2025 r.)<\/a> (2 MB, docx)<\/li>\n\n\n\n<li><a href=\"https:\/\/opi.org.pl\/feng\/wp-content\/uploads\/2025\/01\/Instrukcja-Beneficjenta-SL2021_Zamowienia-publiczne_1.11_23.12.2024.docx\" target=\"_blank\" rel=\"noreferrer noopener\">Instrukcja u\u017cytkownika SL2021 \u2013 zam\u00f3wienia publiczne beneficjent, wersja 1.11 (stan na 23.12.2024 r.)<\/a> (2 MB, docx)<\/li>\n\n\n\n<li><a href=\"https:\/\/opi.org.pl\/feng\/wp-content\/uploads\/2024\/05\/Regulamin-CST.pdf\">Regulamin CST &#8211; wersja 1.0<\/a><\/li>\n\n\n\n<li><a href=\"https:\/\/opi.org.pl\/feng\/wp-content\/uploads\/2025\/04\/WOD-Instrukcja-uzytkownika-czesc-ogolna-v1.18_10.03.2025.docx\">WOD Instrukcja u\u017cytkownika cz\u0119\u015b\u0107 og\u00f3lna &#8211; wersja 1.18 (stan na 10.03.2025 r.)<\/a> (4 MB, docx)<\/li>\n\n\n\n<li><a href=\"https:\/\/opi.org.pl\/feng\/wp-content\/uploads\/2024\/12\/WOD-Instrukcja-uzytkownika-czesc-ogolna-v1.16_29.08.2024.docx\" target=\"_blank\" rel=\"noreferrer noopener\">WOD Instrukcja u\u017cytkownika cz\u0119\u015b\u0107 og\u00f3lna &#8211; wersja 1.16 (stan na 29.08.2024 r.)<\/a> (4 MB, docx)<\/li>\n\n\n\n<li><a href=\"https:\/\/opi.org.pl\/kpo\/wp-content\/uploads\/2024\/07\/WOD-Instrukcja-uzytkownika-czesc-ogolna-v1.15_17.05.2024.docx\" data-type=\"link\" data-id=\"https:\/\/opi.org.pl\/kpo\/wp-content\/uploads\/2024\/07\/WOD-Instrukcja-uzytkownika-czesc-ogolna-v1.15_17.05.2024.docx\">WOD Instrukcja u\u017cytkownika cz\u0119\u015b\u0107 og\u00f3lna &#8211; wersja 1.15 (stan na 17.05.2024 r.)<\/a> (4 MB, docx)<\/li>\n\n\n\n<li><a href=\"https:\/\/opi.org.pl\/kpo\/wp-content\/uploads\/2024\/01\/WOD-Instrukcja-uzytkownika-czesc-ogolna-wersja-1.2-stan-na-04.12.2023-r.docx\">WOD Instrukcja u\u017cytkownika cz\u0119\u015b\u0107 og\u00f3lna \u2013 wersja 1.12 (stan na\u00a004.12.2023\u00a0r.)<\/a> (4 MB, docx)<\/li>\n\n\n\n<li><a href=\"https:\/\/opi.org.pl\/feng\/wp-content\/uploads\/2024\/05\/WOD-Instrukcja-uzytkownika-czesc-ogolna-1.docx\">WOD Instrukcja u\u017cytkownika \u2013 cz\u0119\u015b\u0107 og\u00f3lna (stan na 07.06.2023 r.)<\/a> (4 MB, docx)<\/li>\n\n\n\n<li><a href=\"https:\/\/opi.org.pl\/feng\/wp-content\/uploads\/2025\/05\/WOD-Instrukcja-wnioskodawcy-v1.24_14.04.2025.docx\" target=\"_blank\" rel=\"noreferrer noopener\">WOD Instrukcja wnioskodawcy &#8211; wersja 1.24 (stan na 14.04.2025 r.)<\/a> (3 MB, docx)<\/li>\n\n\n\n<li><a href=\"https:\/\/opi.org.pl\/feng\/wp-content\/uploads\/2025\/04\/WOD-Instrukcja-wnioskodawcy-v1.23_10.03.2025.docx\">WOD Instrukcja wnioskodawcy &#8211; wersja 1.23 (stan na 10.03.2025 r.)<\/a> (3 MB, docx)<\/li>\n\n\n\n<li><a href=\"https:\/\/opi.org.pl\/feng\/wp-content\/uploads\/2025\/01\/WOD-Instrukcja-wnioskodawcy-v1.21_23.12.2024.docx\" target=\"_blank\" rel=\"noreferrer noopener\">WOD Instrukcja wnioskodawcy \u2013 wersja 1.21 (stan na 23.12.2024 r.)<\/a> (3 MB, docx)<\/li>\n\n\n\n<li><a href=\"https:\/\/opi.org.pl\/kpo\/wp-content\/uploads\/2024\/07\/WOD-Instrukcja-wnioskodawcy-v1.20_23.05.2024.doc\" data-type=\"link\" data-id=\"https:\/\/opi.org.pl\/kpo\/wp-content\/uploads\/2024\/07\/WOD-Instrukcja-wnioskodawcy-v1.20_23.05.2024.doc\">WOD Instrukcja wnioskodawcy \u2013 wersja 1.20 (stan na 23.05.2024 r.)<\/a> (3 MB, docx)<\/li>\n\n\n\n<li><a href=\"https:\/\/opi.org.pl\/feng\/wp-content\/uploads\/2024\/12\/WOD-Instrukcja-wnioskodawcy-v1.20_29.08.2024.docx\" target=\"_blank\" rel=\"noreferrer noopener\">WOD Instrukcja wnioskodawcy \u2013 wersja 1.20 (stan na 29.08.2024 r.)<\/a> (3 MB, docx)<\/li>\n\n\n\n<li><a href=\"https:\/\/opi.org.pl\/feng\/wp-content\/uploads\/2024\/05\/WOD-Instrukcja-wnioskodawcy-wersja-1.19-stan-na-14.05.2024-r.doc\" data-type=\"link\" data-id=\"https:\/\/opi.org.pl\/feng\/wp-content\/uploads\/2024\/05\/WOD-Instrukcja-wnioskodawcy-wersja-1.19-stan-na-14.05.2024-r.doc\">WOD Instrukcja wnioskodawcy &#8211; wersja 1.19 (stan na 14.05.2024 r.)<\/a> (3 MB, docx)<\/li>\n\n\n\n<li><a href=\"https:\/\/opi.org.pl\/kpo\/wp-content\/uploads\/2024\/01\/WOD-Instrukcja-wnioskodawcy-wersja-1.12-stan-na-11.01.2024-r.doc\">WOD Instrukcja wnioskodawcy \u2013 wersja 1.18 (stan na\u00a011.01.2024\u00a0r.)<\/a> (3 MB, docx)<\/li>\n\n\n\n<li><a href=\"https:\/\/opi.org.pl\/feng\/wp-content\/uploads\/2024\/05\/WOD-Instrukcja-wnioskodawcy-1.doc\">WOD Instrukcja wnioskodawcy &#8211; wersja 1.11<\/a> (3 MB, docx)<\/li>\n<\/ul>\n\n\n\n<p><\/p>\n","protected":false},"excerpt":{"rendered":"","protected":false},"author":3,"featured_media":0,"parent":26,"menu_order":100,"comment_status":"closed","ping_status":"closed","template":"","meta":{"footnotes":"","_links_to":"","_links_to_target":""},"class_list":["post-965","page","type-page","status-publish","hentry"],"_links":{"self":[{"href":"https:\/\/opi.org.pl\/feng\/wp-json\/wp\/v2\/pages\/965","targetHints":{"allow":["GET"]}}],"collection":[{"href":"https:\/\/opi.org.pl\/feng\/wp-json\/wp\/v2\/pages"}],"about":[{"href":"https:\/\/opi.org.pl\/feng\/wp-json\/wp\/v2\/types\/page"}],"author":[{"embeddable":true,"href":"https:\/\/opi.org.pl\/feng\/wp-json\/wp\/v2\/users\/3"}],"replies":[{"embeddable":true,"href":"https:\/\/opi.org.pl\/feng\/wp-json\/wp\/v2\/comments?post=965"}],"version-history":[{"count":17,"href":"https:\/\/opi.org.pl\/feng\/wp-json\/wp\/v2\/pages\/965\/revisions"}],"predecessor-version":[{"id":1650,"href":"https:\/\/opi.org.pl\/feng\/wp-json\/wp\/v2\/pages\/965\/revisions\/1650"}],"up":[{"embeddable":true,"href":"https:\/\/opi.org.pl\/feng\/wp-json\/wp\/v2\/pages\/26"}],"wp:attachment":[{"href":"https:\/\/opi.org.pl\/feng\/wp-json\/wp\/v2\/media?parent=965"}],"curies":[{"name":"wp","href":"https:\/\/api.w.org\/{rel}","templated":true}]}}