{"id":757,"date":"2024-06-05T05:49:27","date_gmt":"2024-06-05T05:49:27","guid":{"rendered":"https:\/\/opi.org.pl\/feng\/?page_id=757"},"modified":"2025-05-21T08:39:45","modified_gmt":"2025-05-21T08:39:45","slug":"faq-podzial-na-czesc-gospodarcza-i-niegospodarcza","status":"publish","type":"page","link":"https:\/\/opi.org.pl\/feng\/faq-2\/faq-podzial-na-czesc-gospodarcza-i-niegospodarcza\/","title":{"rendered":"FAQ: Podzia\u0142 na cz\u0119\u015b\u0107 gospodarcz\u0105 i niegospodarcz\u0105"},"content":{"rendered":"\n<h3 class=\"wp-block-heading\">1. <strong>Jak rozumiany jest podzia\u0142 na cz\u0119\u015b\u0107 gospodarcz\u0105 i niegospodarcz\u0105 projektu? Czy chodzi o czas wykorzystania infrastruktury na rzecz dzia\u0142alno\u015bci gospodarczej i niegospodarczej? Jak rozliczany b\u0119dzie Wnioskodawca z zastosowanego podzia\u0142u i jakie dokumenty trzeba b\u0119dzie przedstawi\u0107 na etapie realizacji projektu celem potwierdzenia spe\u0142nienia za\u0142o\u017ce\u0144 przedstawionych we wniosku<\/strong>?<\/h3>\n\n\n\n<p>Poj\u0119cia cz\u0119\u015bci gospodarczej i niegospodarczej projektu okre\u015blone zosta\u0142y we wzorze umowy o dofinansowanie.<\/p>\n\n\n\n<p><strong>Cz\u0119\u015b\u0107 gospodarcza<\/strong> \u2013 cz\u0119\u015b\u0107 projektu, w ramach kt\u00f3rej infrastruktura jest wykorzystywana na rzecz u\u017cytkownik\u00f3w do ich dzia\u0142alno\u015bci gospodarczej (np. do wynajmu, \u015bwiadczenia us\u0142ug oraz realizacji bada\u0144 kontraktowych, kt\u00f3re odbywaj\u0105 si\u0119 na zasadach rynkowych) i sfinansowana zgodnie z przepisami o pomocy publicznej, a tak\u017ce cz\u0119\u015b\u0107 projektu dotycz\u0105ca szkole\u0144 zwi\u0105zanych z utworzeniem lub unowocze\u015bnieniem infrastruktury badawczej wykorzystywanej do prowadzenia dzia\u0142alno\u015bci gospodarczej i sfinansowana zgodnie z przepisami o pomocy publicznej, oraz cz\u0119\u015b\u0107 projektu s\u0142u\u017c\u0105ca wspieraniu dzia\u0142a\u0144 zwi\u0105zanych z realizacj\u0105 przedsi\u0119wzi\u0119cia i sfinansowana zgodnie z przepisami o pomocy de minimis.<\/p>\n\n\n\n<p><strong>Cz\u0119\u015b\u0107 niegospodarcza<\/strong> \u2013 cz\u0119\u015b\u0107 projektu sfinansowana w 100% ze \u015brodk\u00f3w publicznych, w ramach kt\u00f3rej infrastruktura jest wykorzystywana przez u\u017cytkownik\u00f3w do ich dzia\u0142alno\u015bci niegospodarczej (np. do wynajmu, \u015bwiadczenia us\u0142ug oraz realizacji bada\u0144 kontraktowych), do kt\u00f3rej zaliczamy<\/p>\n\n\n\n<p>zasadnicz\u0105 dzia\u0142alno\u015b\u0107, a w szczeg\u00f3lno\u015bci:<\/p>\n\n\n\n<ol style=\"list-style-type:lower-alpha\" class=\"wp-block-list\">\n<li>kszta\u0142cenie maj\u0105ce na celu zwi\u0119kszanie coraz lepiej wyszkolonych zasob\u00f3w ludzkich, tj. edukacja publiczna organizowana w ramach krajowego systemu edukacji, finansowana g\u0142\u00f3wnie lub wy\u0142\u0105cznie przez pa\u0144stwo i nadzorowana przez pa\u0144stwo;<\/li>\n\n\n\n<li>niezale\u017cna dzia\u0142alno\u015b\u0107 badawczo-rozwojowa maj\u0105ca na celu powi\u0119kszanie zasob\u00f3w wiedzy i lepsze zrozumienie, w tym badania i rozw\u00f3j w ramach wsp\u00f3\u0142pracy, kiedy to organizacja prowadz\u0105ca badania lub infrastruktura badawcza podejmuje skuteczn\u0105 wsp\u00f3\u0142prac\u0119;<\/li>\n\n\n\n<li>szerokie rozpowszechnianie wynik\u00f3w bada\u0144 na zasadzie niedyskryminacji i braku wy\u0142\u0105czno\u015bci, np. przez nauczanie, dost\u0119pne bazy danych, otwarte publikacje i otwarte oprogramowanie;<\/li>\n\n\n\n<li>dzia\u0142ania zwi\u0105zane z transferem wiedzy, je\u017celi s\u0105 one prowadzone przez Lidera konsorcjum i Konsorcjanta (w tym przez jego dzia\u0142y lub jednostki zale\u017cne) albo wsp\u00f3lnie z innymi podmiotami tego typu lub w imieniu innych podmiot\u00f3w tego typu, a wszelkie zyski z tych dzia\u0142a\u0144 s\u0105 reinwestowane w zasadnicz\u0105 dzia\u0142alno\u015b\u0107. Zlecenie wykonania odpowiednich us\u0142ug stronom trzecim w drodze procedury otwartej pozostaje bez uszczerbku dla niegospodarczego charakteru takiej dzia\u0142alno\u015bci;<\/li>\n<\/ol>\n\n\n\n<p>a tak\u017ce cz\u0119\u015b\u0107 projektu dotycz\u0105c\u0105 szkole\u0144 zwi\u0105zanych z utworzeniem lub unowocze\u015bnieniem infrastruktury badawczej oraz s\u0142u\u017c\u0105c\u0105 wpieraniu dzia\u0142a\u0144 zwi\u0105zanych z realizacj\u0105 projektu, sfinansowane w 100% ze \u015brodk\u00f3w publicznych.<\/p>\n\n\n\n<p>Na etapie realizacji projektu rozliczanie wydatk\u00f3w b\u0119dzie nast\u0119powa\u0142o na podstawie zaplanowanego w ramach projektu podzia\u0142u. Jednocze\u015bnie Wnioskodawca zobowi\u0105zany jest do prowadzenia wyodr\u0119bnionej ewidencji ksi\u0119gowej wydatk\u00f3w projektu w spos\u00f3b przejrzysty i rzetelny, tak aby mo\u017cliwa by\u0142a identyfikacja poszczeg\u00f3lnych operacji zwi\u0105zanych z Projektem. Zgodnie z art. 26 Rozporz\u0105dzenia KE nr 651\/2014 <em>Je\u017celi infrastruktur\u0119 badawcz\u0105 wykorzystuje si\u0119 do prowadzenia zar\u00f3wno dzia\u0142alno\u015bci gospodarczej, jak i niegospodarczej, finansowanie, koszty i dochody z ka\u017cdego rodzaju dzia\u0142alno\u015bci nale\u017cy rozlicza\u0107 osobno, konsekwentnie stosuj\u0105c obiektywnie uzasadnione zasady rachunku koszt\u00f3w.<\/em><\/p>\n\n\n\n<p>Prosimy r\u00f3wnie\u017c o zwr\u00f3cenie uwagi, i\u017c na etapie wykorzystania wspartej w ramach projektu infrastruktury badawczej zastosowanie znajduje <em>Mechanizm monitorowania i wycofania w przypadku finansowania infrastruktury badawczej ze \u015brodk\u00f3w publicznych<\/em> z uwzgl\u0119dnieniem zadeklarowanych przez Wnioskodawc\u0119 <em>Wska\u017anik\u00f3w wybranych do monitorowania sposobu wykorzystania infrastruktury.<\/em><\/p>\n\n\n\n<h3 class=\"wp-block-heading\">2. <strong>Czy zapis z Przewodnika kwalifikowalno\u015bci <em>wydatk\u00f3w<\/em>:<em> \u201eLider konsorcjum oraz ka\u017cdy konsorcjant realizuj\u0105 zadania w cz\u0119\u015bci gospodarczej, na realizacj\u0119 kt\u00f3rych zostaje mu udzielona pomoc publiczna.\u201d <\/em>oznacza, \u017ce ka\u017cdy z cz\u0142onk\u00f3w konsorcjum musi realizowa\u0107 zadania w ramach dzia\u0142alno\u015bci komercyjnej (np. sprzedawa\u0107 us\u0142ugi badawcze powstaj\u0105ce na zakupionej aparaturze na rynku) w wysoko\u015bci minimum 30% ca\u0142kowitych koszt\u00f3w kwalifikowanych danej jednostki, a koszty przeznaczone na zakup infrastruktury w ramach projektu powinny by\u0107 nie mniejsze ni\u017c 25%? Czy wi\u0119c dotacja jest przeznaczona tylko na cz\u0119\u015b\u0107 gospodarcz\u0105?<\/strong><\/h3>\n\n\n\n<p>Ca\u0142o\u015b\u0107 dofinasowania w projekcie jest udzielana w formie dotacji zar\u00f3wno w cz\u0119\u015bci gospodarczej jak i niegospodarczej projektu. Zasada, \u017ce cz\u0119\u015b\u0107 projektu przeznaczona do wykorzystania gospodarczego nie mo\u017ce by\u0107 mniejsza ni\u017c 30% warto\u015bci ca\u0142kowitych koszt\u00f3w kwalifikowalnych projektu, w tym minimum 25% koszt\u00f3w kwalifikowalnych projektu przeznaczone jest na wsparcie infrastruktury badawczej obj\u0119tej pomoc\u0105 publiczn\u0105, powinna zosta\u0107 spe\u0142nione na poziomie ca\u0142ego projektu.<\/p>\n\n\n\n<p>Ka\u017cdy z cz\u0142onk\u00f3w konsorcjum musi realizowa\u0107 zadania w ramach gospodarczej cz\u0119\u015bci projektu, na kt\u00f3re udzielona mu zostaje pomoc publiczna, tj. w zakresie infrastruktury badawczej oraz w zakresie komponentu szkoleniowego. &nbsp;Poziom udzia\u0142u cz\u0119\u015bci gospodarczej obj\u0119tej pomocami publicznymi na poziomie ka\u017cdego z cz\u0142onk\u00f3w konsorcjum nie musi by\u0107 taki sam.<\/p>\n\n\n\n<h3 class=\"wp-block-heading\">3. <strong>Czy ka\u017cdy z konsorcjant\u00f3w zobowi\u0105zany jest do prowadzenia dzia\u0142alno\u015bci gospodarczej, czy jest mo\u017cliwe prowadzenie dzia\u0142alno\u015bci gospodarczej np. wy\u0142\u0105cznie u jednego z konsorcjant\u00f3w a po stronie innego konsorcjanta by\u0142aby prowadzona wy\u0142\u0105cznie dzia\u0142alno\u015b\u0107 niegospodarcza?<\/strong><\/h3>\n\n\n\n<p>W przypadku projekt\u00f3w realizowanych w ramach konsorcjum, lider konsorcjum oraz ka\u017cdy konsorcjant realizuje zadania w cz\u0119\u015bci gospodarczej, na realizacj\u0119 kt\u00f3rych zostanie mu udzielona pomoc publiczna. Zgodnie z postanowieniami programu Fundusze Europejskie dla Nowoczesnej Gospodarki oraz kryteriami wyboru projekt\u00f3w dla Dzia\u0142ania 2.4 FENG&nbsp; zak\u0142ada si\u0119, i\u017c powsta\u0142a w ramach projektu infrastruktura B+R b\u0119dzie wykorzystywana w ramach dzia\u0142alno\u015bci gospodarczej i dzia\u0142alno\u015bci niegospodarczej. Ca\u0142o\u015b\u0107 prowadzonych analiz musi uwzgl\u0119dnia\u0107 powy\u017csze za\u0142o\u017cenie i by\u0107 zgodna z&nbsp;przyj\u0119tymi przez Wnioskodawc\u0119 za\u0142o\u017ceniami procentowego podzia\u0142u mi\u0119dzy tymi cz\u0119\u015bciami.<\/p>\n\n\n\n<h3 class=\"wp-block-heading\">4. <strong>Czy planuj\u0105c wykorzystanie gospodarcze powsta\u0142ej infrastruktury, mo\u017cna przyj\u0105\u0107, \u017ce w przypadku odp\u0142atnych us\u0142ug na rzecz innych podmiot\u00f3w b\u0119dzie to zawsze dzia\u0142alno\u015b\u0107 gospodarcza, czy w przypadku gdy dany zewn\u0119trzny podmiot prowadzi zar\u00f3wno dzia\u0142alno\u015b\u0107 gospodarcz\u0105 jak i niegospodarcz\u0105, konieczne b\u0119dzie wykazanie, \u017ce dana us\u0142uga by\u0142a \u015bwiadczona na potrzeby dzia\u0142alno\u015bci gospodarczej ww. podmiotu? Je\u015bli tak, w jaki spos\u00f3b nale\u017cy udokumentowa\u0107 spe\u0142nienie ww. warunku?<\/strong><\/h3>\n\n\n\n<p>Informacje w zakresie gospodarczego i niegospodarczego wykorzystania infrastruktury zosta\u0142y wskazane w <em>Wytycznych do&nbsp;przygotowania \u201eStudium Wykonalno\u015bci\u201d<\/em>, w cz\u0119\u015bci dotycz\u0105cej analizy finansowej. Zgodnie z tym dokumentem<\/p>\n\n\n\n<ul class=\"wp-block-list\">\n<li>wykorzystywanie infrastruktury przez <strong>u\u017cytkownik\u00f3w w ramach ich dzia\u0142alno\u015bci gospodarczej<\/strong> (niezale\u017cnie czy jest to przedsi\u0119biorca czy inny u\u017cytkownik) uwzgl\u0119dnia si\u0119 w dzia\u0142alno\u015bci gospodarczej infrastruktury i odbywa si\u0119 po <strong>cenie rynkowej<\/strong>;<\/li>\n\n\n\n<li>wykorzystywanie infrastruktury przez <strong>u\u017cytkownik\u00f3w w ramach ich dzia\u0142alno\u015bci niegospodarczej<\/strong> uwzgl\u0119dnia si\u0119 w dzia\u0142alno\u015bci niegospodarczej infrastruktury, a op\u0142ata za u\u017cytkowanie powinna odpowiada\u0107 jedynie wysoko\u015bci <strong>koszt\u00f3w u\u017cytkowania<\/strong> zwi\u0105zanych z dan\u0105 us\u0142ug\u0105 tj. koszt\u00f3w nie sfinansowanych ze \u015brodk\u00f3w publicznych przyznanych infrastrukturze.<\/li>\n<\/ul>\n\n\n\n<p>Jednocze\u015bnie informujemy, \u017ce przysz\u0142y u\u017cytkownik infrastruktury projektu powinien o\u015bwiadczy\u0107, w ramach jakiej jego dzia\u0142alno\u015bci &#8211; gospodarczej, czy te\u017c niegospodarczej &#8211; b\u0119dzie wykorzystywana infrastruktura.<\/p>\n\n\n\n<h3 class=\"wp-block-heading\">5. <strong>Czy ka\u017cdy z podmiot\u00f3w wchodz\u0105cych w sk\u0142ad konsorcjum musi w swojej cz\u0119\u015bci bud\u017cetowej uwzgl\u0119dni\u0107 cz\u0119\u015b\u0107 gospodarcz\u0105 i niegospodarcz\u0105?<\/strong><\/h3>\n\n\n\n<p>Zgodnie z <em>Przewodnikiem kwalifikowalno\u015bci wydatk\u00f3w<\/em> w przypadku projekt\u00f3w realizowanych w ramach konsorcjum, lider konsorcjum oraz ka\u017cdy konsorcjant musi realizowa\u0107 zadania w&nbsp;ramach gospodarczej cz\u0119\u015bci projektu, na&nbsp;kt\u00f3re udzielona mu&nbsp;zostaje pomoc publiczna. Dokumentacja konkursowa natomiast nie wskazuje, \u017ce ka\u017cdy z cz\u0142onk\u00f3w konsorcjum musi realizowa\u0107 dzia\u0142ania w ramach cz\u0119\u015bci niegospodarczej projektu. Istotne jest spe\u0142nienie warunku, aby cz\u0119\u015b\u0107 projektu przeznaczona do&nbsp;wykorzystania gospodarczego by\u0142a nie mniejsza ni\u017c 30% warto\u015bci ca\u0142kowitych koszt\u00f3w kwalifikowalnych projektu.<\/p>\n\n\n\n<h3 class=\"wp-block-heading\">6. <strong>Czy ka\u017cdy z podmiot\u00f3w wchodz\u0105cych w sk\u0142ad konsorcjum musi w swojej cz\u0119\u015bci bud\u017cetowej uwzgl\u0119dni\u0107 koszty aparatury (\u015brodk\u00f3w trwa\u0142ych) i szkole\u0144? Czy mo\u017ce by\u0107 tak, \u017ce dwa podmioty w swoim bud\u017cecie uwzgl\u0119dni\u0105 zakup \u015brodk\u00f3w trwa\u0142ych, a pozosta\u0142e dwa same szkolenia &#8211; przy zachowaniu, na poziomie projektu podzia\u0142 bud\u017cetu ca\u0142ego projektu na cz\u0119\u015b\u0107 niegospodarcz\u0105 i gospodarcz\u0105 (minimum 30%)?<\/strong><\/h3>\n\n\n\n<p>Ka\u017cdy z&nbsp;cz\u0142onk\u00f3w konsorcjum musi realizowa\u0107 zadania w&nbsp;ramach gospodarczej cz\u0119\u015bci projektu, na&nbsp;kt\u00f3re udzielona mu&nbsp;zostaje pomoc publiczna, tj.&nbsp;w&nbsp;zakresie infrastruktury badawczej oraz&nbsp;w&nbsp;zakresie komponentu szkoleniowego.<\/p>\n\n\n\n<h3 class=\"wp-block-heading\">7. <strong>Czy wydatek na szkolenia nale\u017cy rozdzieli\u0107 na obj\u0119ty pomoc\u0105 publiczn\u0105 (finansowany w wysoko\u015bci 50%) i nieobj\u0119ty pomoc\u0105 publiczn\u0105 (finansowany w wysoko\u015bci 100%)? W\u00f3wczas pozycje w bud\u017cecie wygl\u0105da\u0142yby nast\u0119puj\u0105co: a) szkolenie z zakresu XYZ dla 10 naukowc\u00f3w \u2013 cz\u0119\u015b\u0107 niegospodarcza<\/strong>; <strong>b)<\/strong> <strong>szkolenie z zakresu XYZ dla 10 naukowc\u00f3w \u2013 cz\u0119\u015b\u0107 gospodarcza<\/strong>.<\/h3>\n\n\n\n<p>Koszty szkole\u0144 przewidziane w projekcie musz\u0105 zosta\u0107 przyporz\u0105dkowane zar\u00f3wno do dzia\u0142alno\u015bci niegospodarczej, jak i gospodarczej projektu. W\u00f3wczas dofinansowanie wydatku na szkolenia w ramach cz\u0119\u015bci niegospodarczej wynosi do 100% koszt\u00f3w kwalifikowalnych, intensywno\u015b\u0107 pomocy publicznej dla cz\u0119\u015bci gospodarczej nie przekracza natomiast 50% koszt\u00f3w kwalifikowalnych. Wskazany w zapytaniu spos\u00f3b przedstawienia wydatku jest wi\u0119c prawid\u0142owy.<\/p>\n\n\n\n<h3 class=\"wp-block-heading\">8. <strong>Czy w przypadku zamortyzowanej aparatury wnoszonej jako wk\u0142ad w\u0142asny o warto\u015bci wynikaj\u0105cej z wyceny wyst\u0105pi &#8222;mechanizm wycofania&#8221; dla &#8222;nadwy\u017cki&#8221;, np. 10% przekroczenia wykorzystania do dzia\u0142alno\u015bci gospodarczej (ponad dzia\u0142alno\u015b\u0107 pomocnicz\u0105) &#8211; skoro minimalny poziom wykorzystania w ramach projektu wynosi 30%, a udzia\u0142 dzia\u0142alno\u015bci pomocniczej dla jednostki naukowej wynosi 20%?&nbsp;<\/strong><\/h3>\n\n\n\n<p>W ramach dzia\u0142ania 2.4 FENG nie przewidziano pomocniczego charakteru dzia\u0142alno\u015bci gospodarczej. Zgodnie z kryteriami, projekt zostanie obj\u0119ty pomoc\u0105 publiczn\u0105 na infrastruktur\u0119 badawcz\u0105 na podstawie art. 26 Rozporz\u0105dzenia Komisji (UE) nr 651\/2014, pomoc\u0105 szkoleniow\u0105 na podstawie art. 31 ww. Rozporz\u0105dzenia oraz pomoc\u0105 de minimis w przypadku dost\u0119pnego limitu.<\/p>\n\n\n\n<p>W okresie amortyzacji infrastruktury stosowany wi\u0119c b\u0119dzie (zgodnie z art. 26 ust. 7 Rozporz\u0105dzenia Komisji (UE) nr 651\/2014) mechanizm monitorowania i wycofania maj\u0105cy na celu monitorowanie przyj\u0119tych proporcji wykorzystania infrastruktury badawczej do prowadzenia dzia\u0142alno\u015bci gospodarczej i&nbsp;niegospodarczej. Mechanizm ten obejmuje wszystkie sk\u0142adniki infrastruktury badawczej, na kt\u00f3re zosta\u0142o udzielone dofinansowanie w ramach projektu i kt\u00f3re zostan\u0105 zadeklarowane w umowie o dofinansowanie. Sk\u0142adniki infrastruktury podlegaj\u0105 monitorowaniu wed\u0142ug wska\u017anik\u00f3w okre\u015blonych w umowie o&nbsp;dofinansowanie. Monitorowanie wykorzystania infrastruktury badawczej odbywa si\u0119 w cyklach rocznych zgodnie&nbsp; z zasadami rachunkowo\u015bci, przy czym ka\u017cdy cykl monitorowania obejmuje jeden rok obrachunkowy b\u0119d\u0105cy rokiem sprawozdawczym. Gdy w kt\u00f3rymkolwiek roku obj\u0119tym mechanizmem monitorowania i wycofania poziom zaanga\u017cowania infrastruktury badawczej do prowadzenia dzia\u0142alno\u015bci gospodarczej przekroczy pu\u0142ap za\u0142o\u017cony na etapie podpisania umowie o dofinansowanie, konieczny jest zwrot cz\u0119\u015bci dofinansowania uzyskanego na niegospodarcz\u0105 cz\u0119\u015b\u0107 projektu.<\/p>\n\n\n\n<p>W mechanizmie tym do wyliczenia kwoty zwrotu uwzgl\u0119dnia si\u0119 wy\u0142\u0105cznie koszty kwalifikowalne (i&nbsp;dofinansowanie) obj\u0119te katalogiem koszt\u00f3w dotycz\u0105cym pomocy na podst. art. 26 Rozporz\u0105dzenie Komisji (UE) nr 651\/2014.<\/p>\n\n\n\n<h3 class=\"wp-block-heading\">9. <strong>Ile procent ca\u0142o\u015bci projektu musz\u0105 minimalnie stanowi\u0107 koszty w ramach cz\u0119\u015bci gospodarczej, aby okre\u015bli\u0107 niezb\u0119dny wk\u0142ad w\u0142asny lidera oraz konsorcjant\u00f3w?<\/strong><\/h3>\n\n\n\n<p>Udzia\u0142 wk\u0142adu w\u0142asnego Wnioskodawcy (w przypadku konsorcj\u00f3w \u2013 Lidera konsorcjum i Konsorcjant\u00f3w) wynosi minimum 50% warto\u015bci koszt\u00f3w kwalifikowalnych cz\u0119\u015bci gospodarczej projektu oraz:<\/p>\n\n\n\n<p>a) w ramach koszt\u00f3w inwestycji w rzeczowe aktywa trwa\u0142e i warto\u015bci niematerialne i prawne obj\u0119tych pomoc\u0105 publiczn\u0105, o kt\u00f3rej mowa w art. 26 GBER \u2013 minimum 50% warto\u015bci koszt\u00f3w kwalifikowalnych tej cz\u0119\u015bci projektu;<\/p>\n\n\n\n<p>b) w ramach koszt\u00f3w pomocy szkoleniowej obj\u0119tych pomoc\u0105 publiczn\u0105, o kt\u00f3rej mowa w art. 31 GBER \u2013 minimum 50% warto\u015bci koszt\u00f3w kwalifikowalnych tej cz\u0119\u015bci przedsi\u0119wzi\u0119cia.<\/p>\n\n\n\n<h3 class=\"wp-block-heading\">10. <strong>Czy ka\u017cdy z konsorcjant\u00f3w ma obowi\u0105zek za\u0142o\u017cy\u0107 poziom dzia\u0142alno\u015bci gospodarczej powy\u017cej 20% (zakaz dzia\u0142alno\u015bci pomocniczej)? Czy niekt\u00f3rzy z konsorcjant\u00f3w mog\u0105 za\u0142o\u017cy\u0107 dzia\u0142alno\u015b\u0107 gospodarcz\u0105 na poziomie pomi\u0119dzy 20% a 30% pod warunkiem, \u017ce pozostali cz\u0142onkowie konsorcjum za\u0142o\u017c\u0105 wy\u017cszy poziom w taki spos\u00f3b, aby na poziomie ca\u0142ego konsorcjum poziom dzia\u0142alno\u015bci gospodarczej przekroczy\u0142 30% wydajno\u015bci infrastruktury (oczywi\u015bcie przy za\u0142o\u017ceniach bud\u017cetowych odzwierciedlaj\u0105cych te proporcje)?<\/strong><\/h3>\n\n\n\n<p>Brak mo\u017cliwo\u015bci prowadzenia dzia\u0142alno\u015bci pomocniczej oznacza, \u017ce nie jest mo\u017cliwe, aby w cz\u0119\u015bci niegospodarczej projektu Wnioskodawca prowadzi\u0142 dzia\u0142alno\u015b\u0107 gospodarcz\u0105 do 20% wydajno\u015bci infrastruktury i ubiega\u0142 si\u0119 o finansowanie cz\u0119\u015bci niegospodarczej z dofinansowaniem stanowi\u0105cym 100% koszt\u00f3w kwalifikowalnych.<\/p>\n\n\n\n<p>Zasada, \u017ce cz\u0119\u015b\u0107 projektu przeznaczona do wykorzystania gospodarczego nie mo\u017ce by\u0107 mniejsza ni\u017c 30% warto\u015bci ca\u0142kowitych koszt\u00f3w kwalifikowalnych projektu, w tym minimum 25% koszt\u00f3w kwalifikowalnych projektu przeznaczone jest na wsparcie infrastruktury badawczej obj\u0119tej pomoc\u0105 publiczn\u0105 dotycz\u0105 ca\u0142o\u015bci projektu, powinna zosta\u0107 spe\u0142niona na poziomie ca\u0142ego projektu. Poziom udzia\u0142u cz\u0119\u015bci gospodarczej obj\u0119tej pomocami publicznymi na poziomie ka\u017cdego z cz\u0142onk\u00f3w konsorcjum nie musi by\u0107 taki sam.<\/p>\n\n\n\n<h3 class=\"wp-block-heading\">11. <strong>Czy dopuszczalne jest, aby jeden lub kilku konsorcjant\u00f3w za\u0142o\u017cy\u0142 wykorzystanie infrastruktury do cel\u00f3w gospodarczych na poziomie poni\u017cej 20%, przy zachowaniu warunku, \u017ce na poziomie ca\u0142ego konsorcjum b\u0119dzie zachowany poziom dzia\u0142alno\u015bci gospodarczej co najmniej 30%?<\/strong><\/h3>\n\n\n\n<p><strong>Na przyk\u0142ad:<\/strong><\/p>\n\n\n\n<ul class=\"wp-block-list\">\n<li><strong>Konsorcjant 1 &#8211; cz. niegospodarcza 50%, cz. gospodarcza 50%<\/strong>, <\/li>\n\n\n\n<li><strong>Konsorcjant 2 &#8211; cz. niegospodarcza 40%, cz. gospodarcza 60%<\/strong>,<\/li>\n\n\n\n<li><strong>Konsorcjant 3 &#8211; cz. niegospodarcza 90%, cz. gospodarcza 10%<\/strong>.<\/li>\n<\/ul>\n\n\n\n<p>Przy spe\u0142nieniu warunk\u00f3w, \u017ce wszyscy konsorcjanci zak\u0142adaj\u0105 zar\u00f3wno wykorzystanie niegospodarcze, jak i gospodarcze infrastruktury, a na poziomie ca\u0142ego projektu cz\u0119\u015b\u0107 projektu przeznaczona do wykorzystania gospodarczego nie b\u0119dzie mniejsza ni\u017c 30% warto\u015bci ca\u0142kowitych koszt\u00f3w kwalifikowalnych projektu, przedstawiony w pytaniu przyk\u0142ad jest dopuszczalny.<\/p>\n\n\n\n<h3 class=\"wp-block-heading\">12. <strong>Czy koszty po\u015brednie nale\u017cy wyliczy\u0107 oddzielnie od cz\u0119\u015bci gospodarczej projektu (w\u00f3wczas dofinansowanie tych\u017ce koszt\u00f3w po\u015brednich wynosi 50% i finansowane jest z pomocy de minimis) i oddzielnie od cz\u0119\u015bci niegospodarczej projektu (dofinansowanie 100% bez pomocy publicznej i bez pomocy de minimis)? Czy jednak koszty po\u015brednie dla dzia\u0142alno\u015bci gospodarczej to pomoc de minimis finansowana w 100%?<\/strong><\/h3>\n\n\n\n<p>Zgodnie z <em>Przewodnikiem kwalifikowalno\u015bci wydatk\u00f3w<\/em> koszty po\u015brednie nale\u017cy naliczy\u0107 oddzielnie od\u00a0cz\u0119\u015bci niegospodarczej i\u00a0oddzielnie od\u00a0cz\u0119\u015bci gospodarczej projektu w\u00a0wysoko\u015bci 7% bezpo\u015brednich koszt\u00f3w kwalifikowalnych danej cz\u0119\u015bci projektu. Poziom dofinasowania koszt\u00f3w po\u015brednich w\u00a0cz\u0119\u015bci niegospodarczej i\u00a0gospodarczej projektu wynosi 100%. W\u00a0przypadku cz\u0119\u015bci niegospodarczej projektu dofinansowanie koszt\u00f3w po\u015brednich nie\u00a0jest obj\u0119te pomoc\u0105 publiczn\u0105 i\u00a0pomoc\u0105 de\u00a0minimis. W\u00a0przypadku cz\u0119\u015bci gospodarczej projektu dofinansowanie koszt\u00f3w po\u015brednich obj\u0119te jest pomoc\u0105 de\u00a0minimis. Dofinansowanie pomocy de\u00a0minimis wynosi 100%. Nale\u017cy jednak uwzgl\u0119dni\u0107 dost\u0119pny limit pomocy de\u00a0minimis.<\/p>\n","protected":false},"excerpt":{"rendered":"<p>1. Jak rozumiany jest podzia\u0142 na cz\u0119\u015b\u0107 gospodarcz\u0105 i niegospodarcz\u0105 projektu? Czy chodzi o czas wykorzystania infrastruktury na rzecz dzia\u0142alno\u015bci gospodarczej i niegospodarczej? Jak rozliczany b\u0119dzie Wnioskodawca z zastosowanego podzia\u0142u i jakie dokumenty trzeba b\u0119dzie przedstawi\u0107 na etapie realizacji projektu celem potwierdzenia spe\u0142nienia za\u0142o\u017ce\u0144 przedstawionych we wniosku? Poj\u0119cia cz\u0119\u015bci gospodarczej i niegospodarczej projektu okre\u015blone zosta\u0142y&hellip;<\/p>\n","protected":false},"author":3,"featured_media":0,"parent":182,"menu_order":500,"comment_status":"closed","ping_status":"closed","template":"","meta":{"footnotes":"","_links_to":"","_links_to_target":""},"class_list":["post-757","page","type-page","status-publish","hentry"],"_links":{"self":[{"href":"https:\/\/opi.org.pl\/feng\/wp-json\/wp\/v2\/pages\/757","targetHints":{"allow":["GET"]}}],"collection":[{"href":"https:\/\/opi.org.pl\/feng\/wp-json\/wp\/v2\/pages"}],"about":[{"href":"https:\/\/opi.org.pl\/feng\/wp-json\/wp\/v2\/types\/page"}],"author":[{"embeddable":true,"href":"https:\/\/opi.org.pl\/feng\/wp-json\/wp\/v2\/users\/3"}],"replies":[{"embeddable":true,"href":"https:\/\/opi.org.pl\/feng\/wp-json\/wp\/v2\/comments?post=757"}],"version-history":[{"count":4,"href":"https:\/\/opi.org.pl\/feng\/wp-json\/wp\/v2\/pages\/757\/revisions"}],"predecessor-version":[{"id":1381,"href":"https:\/\/opi.org.pl\/feng\/wp-json\/wp\/v2\/pages\/757\/revisions\/1381"}],"up":[{"embeddable":true,"href":"https:\/\/opi.org.pl\/feng\/wp-json\/wp\/v2\/pages\/182"}],"wp:attachment":[{"href":"https:\/\/opi.org.pl\/feng\/wp-json\/wp\/v2\/media?parent=757"}],"curies":[{"name":"wp","href":"https:\/\/api.w.org\/{rel}","templated":true}]}}