{"id":26,"date":"2024-01-19T12:57:19","date_gmt":"2024-01-19T12:57:19","guid":{"rendered":"https:\/\/feng.test\/?page_id=26"},"modified":"2026-01-08T12:19:19","modified_gmt":"2026-01-08T11:19:19","slug":"cst2021","status":"publish","type":"page","link":"https:\/\/opi.org.pl\/feng\/cst2021\/","title":{"rendered":"CST2021"},"content":{"rendered":"\n<p>CST2021 jest systemem teleinformatycznym, kt\u00f3ry pomaga we wdra\u017caniu funduszy UE w okresie 2021-2027. Sk\u0142ada si\u0119 z aplikacji obs\u0142uguj\u0105cych m.in. procesy zwi\u0105zane z programowaniem, wyborem projekt\u00f3w, rozliczaniem i kontrol\u0105 projekt\u00f3w. W tym:<\/p>\n\n\n\n<ul class=\"wp-block-list\">\n<li>aplikacja <a href=\"https:\/\/wod.cst2021.gov.pl\/\" data-type=\"link\" data-id=\"https:\/\/wod.cst2021.gov.pl\/\" class=\"external\">WOD2021<\/a> wspiera proces wyboru projekt\u00f3w do dofinansowania;<\/li>\n\n\n\n<li>aplikacja <a href=\"https:\/\/cst2021.gov.pl\/login\/\" data-type=\"link\" data-id=\"https:\/\/cst2021.gov.pl\/login\/\" class=\"external\">SL2021<\/a> s\u0142u\u017cy do zawierania i zmiany um\u00f3w o dofinansowanie, rozliczania projekt\u00f3w, korespondencji z beneficjentami;<\/li>\n\n\n\n<li>aplikacja <a href=\"https:\/\/bazakonkurencyjnosci.funduszeeuropejskie.gov.pl\/\" data-type=\"link\" data-id=\"https:\/\/bazakonkurencyjnosci.funduszeeuropejskie.gov.pl\/\" class=\"external\">BK2021<\/a> (Baza Konkurencyjno\u015bci) pomaga w zastosowaniu zasady konkurencyjno\u015bci w zam\u00f3wieniach wsp\u00f3\u0142finansowanych ze \u015brodk\u00f3w publicznych.<\/li>\n<\/ul>\n\n\n\n<p>Zapoznaj si\u0119 z regulaminami i instrukcjami:<\/p>\n\n\n\n<ul class=\"wp-block-list\">\n<li><a href=\"https:\/\/opi.org.pl\/feng\/wp-content\/uploads\/2026\/01\/Instrukcja_SL2021_Projekty_Beneficjent_2.4.14_03.12.2025.docx\" target=\"_blank\" rel=\"noreferrer noopener\">Instrukcja u\u017cytkownika SL2021 \u2013 obszar projekty,\u00a0wersja 2.4.14 (stan na 03.12.2025 r.)<\/a> (5 MB, docx)<\/li>\n\n\n\n<li><a href=\"https:\/\/opi.org.pl\/feng\/wp-content\/uploads\/2026\/01\/Instrukcja_SL2021_WnioskiOPlatnosc_Beneficjent_2.4.11_03.12.2025.docx\" target=\"_blank\" rel=\"noreferrer noopener\">Instrukcja u\u017cytkownika SL2021 \u2013 wnioski o p\u0142atno\u015b\u0107 beneficjent, wersja 2.4.11 (stan na 03.12.2025 r.) <\/a>(2 MB, docx)<\/li>\n\n\n\n<li><a href=\"https:\/\/opi.org.pl\/feng\/wp-content\/uploads\/2024\/10\/Harmonogram_platnosci_-_Instrukcja_beneficjenta_-_wersja_10_z_17102024.docx\" target=\"_blank\" rel=\"noreferrer noopener\">Harmonogram p\u0142atno\u015bci &#8211; Instrukcja beneficjenta, wersja 1.0 (stan na 17.10.2024 r.<\/a>) (1 MB, docx)<\/li>\n\n\n\n<li><a href=\"https:\/\/opi.org.pl\/feng\/wp-content\/uploads\/2026\/01\/Instrukcja-Beneficjenta-SL2021_Zamowienia-publiczne_1.12.1_16.02.2025.docx\" target=\"_blank\" rel=\"noreferrer noopener\">Instrukcja u\u017cytkownika SL2021 \u2013 zam\u00f3wienia publiczne beneficjent, wersja 1.12.1 (stan na 16.02.2025 r.)<\/a> (2 MB, docx)<\/li>\n\n\n\n<li><a href=\"https:\/\/opi.org.pl\/kpo\/wp-content\/uploads\/2023\/07\/Regulamin-Bazy-Konkurencyjnosci.pdf\">Regulamin Bazy Konkurencyjno\u015bci<\/a> (62 kB, pdf)<\/li>\n\n\n\n<li><a href=\"https:\/\/opi.org.pl\/kpo\/wp-content\/uploads\/2024\/01\/Regulamin-CST-wersja-1.1.pdf\">Regulamin CST \u2013 wersja 1.1<\/a> (517 kB, pdf)<\/li>\n\n\n\n<li><a href=\"https:\/\/opi.org.pl\/feng\/wp-content\/uploads\/2026\/01\/WOD-Instrukcja-uzytkownika-czesc-ogolna-v1.22_03.12.2025.docx\" target=\"_blank\" rel=\"noreferrer noopener\">WOD Instrukcja u\u017cytkownika cz\u0119\u015b\u0107 og\u00f3lna &#8211; wersja 1.22 (stan na 03.12.2025 r.)<\/a> (4 MB, docx)<\/li>\n\n\n\n<li><a href=\"https:\/\/opi.org.pl\/feng\/wp-content\/uploads\/2026\/01\/WOD-Instrukcja-uzytkownika-czesc-ogolna-v1.22_03.12.2025.docx\" target=\"_blank\" rel=\"noreferrer noopener\">WOD Instrukcja wnioskodawcy &#8211; wersja 1.25 (stan na 21.11.2025 r.)<\/a> (3 MB, docx)<\/li>\n\n\n\n<li><a href=\"https:\/\/opi.org.pl\/kpo\/wp-content\/uploads\/2023\/07\/WOD-Uprawnienia-1.pdf\">WOD Uprawnienia<\/a> (403 kB, pdf)<\/li>\n<\/ul>\n\n\n\n<p>Uwaga! Zalecamy, aby Wnioskodawcy \u2013 bez wzgl\u0119du na udzielenie ew. pe\u0142nomocnictw \u2013 ustanawiali\/pozostawiali dost\u0119p do danych swojej organizacji i swojego wniosku w WOD2021.<\/p>\n\n\n\n<p>Wsparcie techniczne zwi\u0105zane z obs\u0142ug\u0105 BK2021 dost\u0119pne jest pod numerem telefonu 797 373 069.<\/p>\n\n\n\n<div style=\"height:16px\" aria-hidden=\"true\" class=\"wp-block-spacer\"><\/div>\n\n\n\n<h3 class=\"wp-block-heading\">Instrukcje multimedialne do aplikacji SL2021 Projekty<\/h3>\n\n\n\n<p>Polecamy <a href=\"https:\/\/instrukcje.cst2021.gov.pl\/?mod=beneficjent\" class=\"external\">materia\u0142y wideo,<\/a> kt\u00f3re przedstawiaj\u0105 podstawowe aspekty dzia\u0142ania systemu takie jak kontekst pracy, filtrowanie, sortowanie i przegl\u0105danie projekt\u00f3w. Z perspektywy Beneficjenta om\u00f3wione s\u0105 procesy sk\u0142adania, edytowania i poprawiania wniosk\u00f3w o p\u0142atno\u015b\u0107.<\/p>\n\n\n\n<p>Materia\u0142y te mo\u017cna obejrze\u0107 tak\u017ce bezpo\u015brednio na <a href=\"https:\/\/www.youtube.com\/@CST2021_channel\" class=\"external\">kanale YouTube CST2021<\/a>.<\/p>\n\n\n\n<p><strong>Szybkie linki do instrukcji:<\/strong><\/p>\n\n\n\n<ul class=\"wp-block-list\">\n<li><a href=\"https:\/\/youtu.be\/rQ868ujZ7MI\" class=\"external\">Tworzenie harmonogramu p\u0142atno\u015bci<\/a><\/li>\n\n\n\n<li><a href=\"https:\/\/youtu.be\/msE75MGYEE8\" class=\"external\">Import i eksport harmonogramu p\u0142atno\u015bci<\/a><\/li>\n\n\n\n<li><a href=\"https:\/\/youtu.be\/93ql20BGrF4\" class=\"external\">Baza personelu: dodawanie, edycja i przekazywanie do instytucji<\/a><\/li>\n\n\n\n<li><a href=\"https:\/\/youtu.be\/y17VzLTpGs8\" class=\"external\">Baza personelu: import i eksport personelu<\/a><\/li>\n\n\n\n<li><a href=\"https:\/\/youtu.be\/b2ETA9GrH8U\" class=\"external\">Zam\u00f3wienia publiczne: dodawanie, edytowanie i przekazywanie<\/a><\/li>\n\n\n\n<li><a href=\"https:\/\/youtu.be\/W1ixf-s3A2U\" class=\"external\">Zam\u00f3wienia publiczne: kontrakty z wykonawcami<\/a><\/li>\n\n\n\n<li><a href=\"https:\/\/youtu.be\/uoy6Fd2wt8s\" class=\"external\">Zam\u00f3wienia publiczne: kontrakty z podwykonawcami<\/a><\/li>\n\n\n\n<li><a href=\"https:\/\/youtu.be\/TVeb9KMlKtw\" class=\"external\">Dost\u0119p do SL2021 Projekty, widok pocz\u0105tkowy i kontekst pracy<\/a><\/li>\n\n\n\n<li><a href=\"https:\/\/youtu.be\/Zg50ZLkAZOo\" class=\"external\">Lista projekt\u00f3w, filtrowanie i sortowanie<\/a><\/li>\n\n\n\n<li><a href=\"https:\/\/youtu.be\/BfYP1eUvRvA\" class=\"external\">Podgl\u0105d szczeg\u00f3\u0142\u00f3w projektu<\/a><\/li>\n\n\n\n<li><a href=\"https:\/\/youtu.be\/Vp991bprK18\" class=\"external\">Por\u00f3wnywanie wersji projektu<\/a><\/li>\n\n\n\n<li><a href=\"https:\/\/youtu.be\/j1POLccWU4A\" class=\"external\">Tworzenie wniosku o szybk\u0105 zaliczk\u0119<\/a><\/li>\n\n\n\n<li><a href=\"https:\/\/youtu.be\/qPUywTq8LIY\" class=\"external\">Tworzenie wniosku refundacyjno-rozliczaj\u0105cego<\/a><\/li>\n\n\n\n<li><a href=\"https:\/\/youtu.be\/G_6WxNUmW-4\" class=\"external\">Poprawa wniosku o p\u0142atno\u015b\u0107<\/a><\/li>\n\n\n\n<li><a href=\"https:\/\/youtu.be\/VEgOHriunUg\" class=\"external\">Tworzenie wniosku o zmian\u0119<\/a><\/li>\n\n\n\n<li><a href=\"https:\/\/youtu.be\/ItXOJ9TQ8Uo\" class=\"external\">Poprawa wniosku o zmian\u0119<\/a><\/li>\n\n\n\n<li><a href=\"https:\/\/youtu.be\/E1wSTb5IX2M\" class=\"external\">Usuni\u0119cie wniosku o zmian\u0119<\/a><\/li>\n\n\n\n<li><a href=\"https:\/\/youtu.be\/SvwALh1nOU0\" class=\"external\">Rejestracja nowego konta w CST2021<\/a><\/li>\n\n\n\n<li><a href=\"https:\/\/youtu.be\/bAp0uPz6BuE\" class=\"external\">Zarz\u0105dzanie osobami uprawnionymi<\/a><\/li>\n\n\n\n<li><a href=\"https:\/\/youtu.be\/MbT0IR3KCGs\" class=\"external\">Dodawanie nowego grantu<\/a><\/li>\n\n\n\n<li><a href=\"https:\/\/youtu.be\/kpSl5jSkHnA\" class=\"external\">Import i eksport grant\u00f3w<\/a><\/li>\n\n\n\n<li><a href=\"https:\/\/www.youtube.com\/watch?v=0DI_grx1kDM\" class=\"external\">Instrumenty Finansowe: rejestr podmiot\u00f3w wdra\u017caj\u0105cych instrumenty finansowe<\/a><\/li>\n\n\n\n<li><a href=\"https:\/\/youtu.be\/VKIIWwlKjgw\" class=\"external\">Instrumenty Finansowe: rejestr um\u00f3w z ostatecznymi odbiorcami<\/a><\/li>\n\n\n\n<li><a href=\"https:\/\/youtu.be\/UxVI-oCEyYs\" class=\"external\">Instrumenty Finansowe: import i eksport um\u00f3w z ostatecznymi odbiorcami<\/a><\/li>\n\n\n\n<li><a href=\"https:\/\/youtu.be\/OBLiz2JXUU0\" class=\"external\">Instrumenty Finansowe: wykorzystanie danych IF we wnioskach o p\u0142atno\u015b\u0107<\/a><\/li>\n\n\n\n<li><a href=\"https:\/\/youtu.be\/NKYIvuxTtsk\" class=\"external\">Dokumentacja: podstawowe informacje<\/a><\/li>\n\n\n\n<li><a href=\"https:\/\/youtu.be\/CVJwv2f_7Rc\" class=\"external\">Podpisywanie umowy: Beneficjent<\/a><\/li>\n<\/ul>\n\n\n\n<div style=\"height:16px\" aria-hidden=\"true\" class=\"wp-block-spacer\"><\/div>\n\n\n\n<h3 class=\"wp-block-heading\"><a href=\"https:\/\/opi.org.pl\/feng\/cst2021\/archiwum-cst2021\/\" data-type=\"link\" data-id=\"https:\/\/opi.org.pl\/feng\/cst2021\/archiwum-cst2021\/\">Archiwum regulamin\u00f3w i instrukcji CST2021<\/a><\/h3>\n\n\n\n<p><\/p>\n","protected":false},"excerpt":{"rendered":"<p>CST2021 jest systemem teleinformatycznym, kt\u00f3ry pomaga we wdra\u017caniu funduszy UE w okresie 2021-2027. Sk\u0142ada si\u0119 z aplikacji obs\u0142uguj\u0105cych m.in. procesy zwi\u0105zane z programowaniem, wyborem projekt\u00f3w, rozliczaniem i kontrol\u0105 projekt\u00f3w. W tym: Zapoznaj si\u0119 z regulaminami i instrukcjami: Uwaga! Zalecamy, aby Wnioskodawcy \u2013 bez wzgl\u0119du na udzielenie ew. pe\u0142nomocnictw \u2013 ustanawiali\/pozostawiali dost\u0119p do danych swojej organizacji&hellip;<\/p>\n","protected":false},"author":2,"featured_media":0,"parent":0,"menu_order":0,"comment_status":"closed","ping_status":"closed","template":"","meta":{"footnotes":"","_links_to":"","_links_to_target":""},"class_list":["post-26","page","type-page","status-publish","hentry"],"_links":{"self":[{"href":"https:\/\/opi.org.pl\/feng\/wp-json\/wp\/v2\/pages\/26","targetHints":{"allow":["GET"]}}],"collection":[{"href":"https:\/\/opi.org.pl\/feng\/wp-json\/wp\/v2\/pages"}],"about":[{"href":"https:\/\/opi.org.pl\/feng\/wp-json\/wp\/v2\/types\/page"}],"author":[{"embeddable":true,"href":"https:\/\/opi.org.pl\/feng\/wp-json\/wp\/v2\/users\/2"}],"replies":[{"embeddable":true,"href":"https:\/\/opi.org.pl\/feng\/wp-json\/wp\/v2\/comments?post=26"}],"version-history":[{"count":36,"href":"https:\/\/opi.org.pl\/feng\/wp-json\/wp\/v2\/pages\/26\/revisions"}],"predecessor-version":[{"id":1651,"href":"https:\/\/opi.org.pl\/feng\/wp-json\/wp\/v2\/pages\/26\/revisions\/1651"}],"wp:attachment":[{"href":"https:\/\/opi.org.pl\/feng\/wp-json\/wp\/v2\/media?parent=26"}],"curies":[{"name":"wp","href":"https:\/\/api.w.org\/{rel}","templated":true}]}}