{"id":21,"date":"2024-01-19T12:56:50","date_gmt":"2024-01-19T12:56:50","guid":{"rendered":"https:\/\/feng.test\/?page_id=20"},"modified":"2026-01-19T15:00:31","modified_gmt":"2026-01-19T14:00:31","slug":"realizacja-projektu","status":"publish","type":"page","link":"https:\/\/opi.org.pl\/feng\/strefa-beneficjenta\/realizacja-projektu\/","title":{"rendered":"Realizacja projektu"},"content":{"rendered":"\n<h3 class=\"wp-block-heading\">Kwestie \u015brodowiskowe &#8211; poradnik<\/h3>\n\n\n\n<p>\u015arodowiskowe zasady horyzontalne i inne kwestie \u015brodowiskowe w projektach FENG t\u0142umaczy w przejrzysty spos\u00f3b poradnik <strong><a href=\"https:\/\/opi.org.pl\/feng\/wp-content\/uploads\/2025\/05\/Poradnik_kwestie_srodowiskowe_FENG.pdf\" target=\"_blank\" rel=\"noreferrer noopener\">Kwestie \u015brodowiskowe w Programie Fundusze Europejskie dla Nowoczesnej Gospodarki 2021-2027<\/a><\/strong> (7,6 MB, pdf). Zawiera on tak\u017ce przyk\u0142ady projekt\u00f3w, kt\u00f3re s\u0142u\u017cy\u0107 mog\u0105 jako punkt odniesienia dla doboru odpowiedniego wska\u017anika \u015brodowiskowego, ilustruj\u0105cego dan\u0105 zasad\u0119 lub aspekt \u015brodowiskowy.<\/p>\n\n\n\n<p>Dodatkowo polecamy bezp\u0142atny kurs online dost\u0119pny na portalu szkoleniowym Navoica: <a href=\"https:\/\/discovery.navoica.pl\/course-v1:Elocus+srodowisko_1+2025_1\/about\" class=\"external\">Kwestie \u015brodowiskowe w\u00a0Programie Fundusze Europejskie dla Nowoczesnej Gospodarki 2021-2027 (FENG)<\/a>.<\/p>\n\n\n\n<h3 class=\"wp-block-heading\">Zasady r\u00f3wno\u015bciowe &#8211; poradnik i zg\u0142aszanie nieprawid\u0142owo\u015bci<\/h3>\n\n\n\n<p>O tym jak w projektach FENG poprawnie realizowa\u0107 r\u00f3wno\u015bciowe zasady horyzontalne oraz wytyczne dotycz\u0105ce praw podstawowych i praw os\u00f3b z niepe\u0142nosprawno\u015bciami m\u00f3wi poradnik <a href=\"https:\/\/opi.org.pl\/feng\/wp-content\/uploads\/2025\/03\/Poradnik_rownosc_szans_w_FENG.pdf\" target=\"_blank\" rel=\"noreferrer noopener\"><strong>R\u00f3wno\u015b\u0107 szans w Programie FENG<\/strong><\/a> (5 MB, pdf). Polecamy wszystkim naszym Beneficjentom zapoznanie si\u0119 z jego tre\u015bci\u0105.<\/p>\n\n\n\n<p>Warto r\u00f3wnie\u017c skorzysta\u0107 z za\u0142\u0105cznik\u00f3w do poradnika, kt\u00f3re u\u0142atwi\u0105 praktyczne wprowadzenie w \u017cycie zawartych w nim zalece\u0144:<\/p>\n\n\n\n<ul class=\"wp-block-list\">\n<li><a href=\"https:\/\/opi.org.pl\/feng\/wp-content\/uploads\/2025\/03\/Zalacznik_nr_1_kierunkowskaz.pdf\" target=\"_blank\" rel=\"noreferrer noopener\">Za\u0142\u0105cznik 1. Kierunkowskaz, czyli kroki zwi\u0105zane z realizacj\u0105 r\u00f3wno\u015bciowych zasad horyzontalnych<\/a> (602 kB, pdf)<\/li>\n\n\n\n<li><a href=\"https:\/\/opi.org.pl\/feng\/wp-content\/uploads\/2025\/03\/Zalacznik_nr_2_przyklady_naruszen_karty_praw_podstawowych.pdf\" target=\"_blank\" rel=\"noreferrer noopener\">Za\u0142\u0105cznik 2. Przyk\u0142ady narusze\u0144 Karty praw podstawowych oraz ukierunkowanych dzia\u0142a\u0144 zaradczych<\/a> (149 kB, pdf)<\/li>\n\n\n\n<li><a href=\"https:\/\/opi.org.pl\/feng\/wp-content\/uploads\/2025\/03\/Zalacznik_nr_3_dobre_praktyki.pdf\" target=\"_blank\" rel=\"noreferrer noopener\">Za\u0142\u0105cznik 3. Dobre praktyki<\/a> (925 kB, pdf)<\/li>\n\n\n\n<li><a href=\"https:\/\/opi.org.pl\/feng\/wp-content\/uploads\/2025\/03\/Zalacznik_nr_4_podstawy_prawne.pdf\" target=\"_blank\" rel=\"noreferrer noopener\">Za\u0142\u0105cznik 4. Podstawy prawne<\/a> (106 kB, pdf)<\/li>\n\n\n\n<li><a href=\"https:\/\/opi.org.pl\/feng\/wp-content\/uploads\/2025\/03\/Zalacznik_nr_5_listy_kontrolne.pdf\" target=\"_blank\" rel=\"noreferrer noopener\">Za\u0142\u0105cznik 5. Listy kontrolne<\/a> (152 kB, pdf)<\/li>\n\n\n\n<li><a href=\"https:\/\/opi.org.pl\/feng\/wp-content\/uploads\/2025\/03\/Zalacznik_nr_6_procedura_przeciwdzialania_dyskryminacji_i_mobbingowi.pdf\" target=\"_blank\" rel=\"noreferrer noopener\">Za\u0142\u0105cznik 6. Procedura przeciwdzia\u0142ania dyskryminacji i mobbingowi w miejscu pracy<\/a> (127 kB, pdf)<\/li>\n\n\n\n<li><a href=\"https:\/\/opi.org.pl\/feng\/wp-content\/uploads\/2025\/03\/Zalacznik_nr_7_regulamin_rozwoju_i_awansow.pdf\" target=\"_blank\" rel=\"noreferrer noopener\">Za\u0142\u0105cznik 7. Regulamin rozwoju i awans\u00f3w<\/a> (82 kB, pdf)<\/li>\n\n\n\n<li><a href=\"https:\/\/opi.org.pl\/feng\/wp-content\/uploads\/2025\/03\/Zalacznik_nr_8_regulamin_wynagrodzen.pdf\" target=\"_blank\" rel=\"noreferrer noopener\">Za\u0142\u0105cznik 8. Regulamin wynagrodze\u0144<\/a> (97 kB, pdf)<\/li>\n\n\n\n<li><a href=\"https:\/\/opi.org.pl\/feng\/wp-content\/uploads\/2025\/03\/Zalacznik_nr_9_standard_dostepnosci_dla_projektow_B_R_I.pdf\" target=\"_blank\" rel=\"noreferrer noopener\">Za\u0142\u0105cznik 9. Standard dost\u0119pno\u015bci dla projekt\u00f3w B+R+I w FENG<\/a> (512 kB, pdf)<\/li>\n<\/ul>\n\n\n\n<p>Znakomite kursy online dotycz\u0105ce wdra\u017cania zasad horyzontalnych w projektach przygotowa\u0142o Ministerstwo Funduszy i Polityki Regionalnej. S\u0105 one dost\u0119pne po zalogowaniu na portalu szkoleniowym Navoica:<\/p>\n\n\n\n<ul class=\"wp-block-list\">\n<li><a href=\"https:\/\/discovery.navoica.pl\/course-v1:Elocus%2BZR101%2B2025_1\/about\" target=\"_blank\" rel=\"noreferrer noopener\" class=\"external\">Realizacja R\u00f3wno\u015bciowych Zasad Horyzontalnych w\u00a0FENG<\/a><\/li>\n\n\n\n<li><a href=\"https:\/\/discovery.navoica.pl\/course-v1:Elocus+KPP01+2025_1\/about\" target=\"_blank\" rel=\"noreferrer noopener\" class=\"external\">Realizacja Postanowie\u0144 Karty Praw Podstawowych w\u00a0FENG<\/a><\/li>\n\n\n\n<li><a href=\"https:\/\/discovery.navoica.pl\/course-v1:Elocus+KPON01+2025_1\/about\" target=\"_blank\" rel=\"noreferrer noopener\" class=\"external\">Realizacja Postanowie\u0144 Konwencji o\u00a0Prawach Os\u00f3b Niepe\u0142nosprawnych w\u00a0FENG<\/a><\/li>\n<\/ul>\n\n\n\n<div style=\"height:22px\" aria-hidden=\"true\" class=\"wp-block-spacer\"><\/div>\n\n\n\n<p><strong>Aby zg\u0142osi\u0107 niezgodno\u015bci<\/strong> z Kart\u0105 Praw Podstawowych i Konwencj\u0105 ONZ o prawach os\u00f3b niepe\u0142nosprawnych, kt\u00f3re maj\u0105 miejsce w ramach projektu FENG lub wynikaj\u0105 z dzia\u0142a\u0144 Instytucji Po\u015brednicz\u0105cej\/ Instytucji Zarz\u0105dzaj\u0105cej, nale\u017cy skorzysta\u0107 z procedur opisanych <a href=\"https:\/\/opi.org.pl\/feng\/wp-content\/uploads\/2025\/10\/Informacja-nt.-procedur-zglaszania-niezgodnosci-z-KPON-i-KPP-adres.docx\" target=\"_blank\" rel=\"noreferrer noopener\">tutaj<\/a>.<\/p>\n\n\n\n<p><\/p>\n","protected":false},"excerpt":{"rendered":"<p>Kwestie \u015brodowiskowe &#8211; poradnik \u015arodowiskowe zasady horyzontalne i inne kwestie \u015brodowiskowe w projektach FENG t\u0142umaczy w przejrzysty spos\u00f3b poradnik Kwestie \u015brodowiskowe w Programie Fundusze Europejskie dla Nowoczesnej Gospodarki 2021-2027 (7,6 MB, pdf). Zawiera on tak\u017ce przyk\u0142ady projekt\u00f3w, kt\u00f3re s\u0142u\u017cy\u0107 mog\u0105 jako punkt odniesienia dla doboru odpowiedniego wska\u017anika \u015brodowiskowego, ilustruj\u0105cego dan\u0105 zasad\u0119 lub aspekt \u015brodowiskowy. Dodatkowo&hellip;<\/p>\n","protected":false},"author":2,"featured_media":424,"parent":18,"menu_order":300,"comment_status":"closed","ping_status":"closed","template":"","meta":{"footnotes":"","_links_to":"","_links_to_target":""},"class_list":["post-21","page","type-page","status-publish","has-post-thumbnail","hentry"],"_links":{"self":[{"href":"https:\/\/opi.org.pl\/feng\/wp-json\/wp\/v2\/pages\/21","targetHints":{"allow":["GET"]}}],"collection":[{"href":"https:\/\/opi.org.pl\/feng\/wp-json\/wp\/v2\/pages"}],"about":[{"href":"https:\/\/opi.org.pl\/feng\/wp-json\/wp\/v2\/types\/page"}],"author":[{"embeddable":true,"href":"https:\/\/opi.org.pl\/feng\/wp-json\/wp\/v2\/users\/2"}],"replies":[{"embeddable":true,"href":"https:\/\/opi.org.pl\/feng\/wp-json\/wp\/v2\/comments?post=21"}],"version-history":[{"count":14,"href":"https:\/\/opi.org.pl\/feng\/wp-json\/wp\/v2\/pages\/21\/revisions"}],"predecessor-version":[{"id":1665,"href":"https:\/\/opi.org.pl\/feng\/wp-json\/wp\/v2\/pages\/21\/revisions\/1665"}],"up":[{"embeddable":true,"href":"https:\/\/opi.org.pl\/feng\/wp-json\/wp\/v2\/pages\/18"}],"wp:featuredmedia":[{"embeddable":true,"href":"https:\/\/opi.org.pl\/feng\/wp-json\/wp\/v2\/media\/424"}],"wp:attachment":[{"href":"https:\/\/opi.org.pl\/feng\/wp-json\/wp\/v2\/media?parent=21"}],"curies":[{"name":"wp","href":"https:\/\/api.w.org\/{rel}","templated":true}]}}