{"id":20,"date":"2024-01-19T12:56:05","date_gmt":"2024-01-19T12:56:05","guid":{"rendered":"https:\/\/feng.test\/?page_id=17"},"modified":"2024-03-01T09:32:25","modified_gmt":"2024-03-01T09:32:25","slug":"normy-prawne-i-etyczne","status":"publish","type":"page","link":"https:\/\/opi.org.pl\/feng\/strefa-beneficjenta\/normy-prawne-i-etyczne\/","title":{"rendered":"Normy prawne i etyczne"},"content":{"rendered":"\n<h2 class=\"wp-block-heading\">Kr\u00f3tko o warto\u015bciach<\/h2>\n\n\n\n<p>Ka\u017cdy projekt realizowany w programie FENG musi opiera\u0107 si\u0119 na warto\u015bciach Unii Europejskiej, do kt\u00f3rych zaliczamy:<\/p>\n\n\n\n<ul class=\"wp-block-list\">\n<li>wiarygodno\u015b\u0107 i transparentno\u015b\u0107,<\/li>\n\n\n\n<li>wsp\u00f3\u0142prac\u0119,<\/li>\n\n\n\n<li>profesjonalizm,<\/li>\n\n\n\n<li>r\u00f3wno\u015b\u0107 szans i niedyskryminacj\u0119.<\/li>\n<\/ul>\n\n\n\n<p>Wa\u017cny jest brak jakiejkolwiek dyskryminacji i zapewnienie powszechnej dost\u0119pno\u015bci, w tym stosowanie projektowania uniwersalnego.<\/p>\n\n\n\n<div style=\"height:5px\" aria-hidden=\"true\" class=\"wp-block-spacer\"><\/div>\n\n\n\n<h2 class=\"wp-block-heading\">\u2026i o zasadach<\/h2>\n\n\n\n<p>Beneficjenci pomocy finansowej w ramach Dzia\u0142ania 2.4 FENG maj\u0105 obowi\u0105zek przestrzegania zasad uczciwo\u015bci i odpowiedzialno\u015bci. Kluczowa jest przejrzysto\u015b\u0107 wydatkowania \u015brodk\u00f3w pochodz\u0105cych z bud\u017cetu UE i bud\u017cetu pa\u0144stwa.<\/p>\n\n\n\n<p>OPI jako Instytucja Po\u015brednicz\u0105ca FENG zobowi\u0105zuje si\u0119 przestrzega\u0107 na najwy\u017cszym poziomie norm prawnych i etycznych oraz zasad rzetelno\u015bci i obiektywizmu.<\/p>\n\n\n\n<div style=\"height:5px\" aria-hidden=\"true\" class=\"wp-block-spacer\"><\/div>\n\n\n\n<h2 class=\"wp-block-heading\">Przeciwdzia\u0142anie nadu\u017cyciom<\/h2>\n\n\n\n<p>OPI realizuje Polityk\u0119 przeciwdzia\u0142ania nadu\u017cyciom finansowym w ramach programu Fundusze Europejskie dla Nowoczesnej Gospodarki. Pozwala nam ona skuteczne zapobiega\u0107 nieprawid\u0142owo\u015bciom, w tym konfliktom interes\u00f3w i korupcji. Wskazuje, jak wykrywa\u0107 nadu\u017cycia, korygowa\u0107 je i odzyskiwa\u0107 kwoty nienale\u017cnie wyp\u0142acone.<\/p>\n\n\n\n<p>Du\u017c\u0105 wag\u0119 przyk\u0142adamy do mechanizm\u00f3w kontroli projekt\u00f3w i raportowania przypadk\u00f3w nadu\u017cy\u0107 finansowych. W razie potrzeby analizujemy informacje zewn\u0119trzne dotycz\u0105ce mo\u017cliwych nadu\u017cy\u0107 oraz wsp\u00f3\u0142pracujemy z organami \u015bcigania i kontroli.<\/p>\n\n\n\n<div style=\"height:5px\" aria-hidden=\"true\" class=\"wp-block-spacer\"><\/div>\n\n\n\n<h2 class=\"wp-block-heading\">Gdzie zg\u0142osi\u0107 nieprawid\u0142owo\u015bci<\/h2>\n\n\n\n<p>Osoby spoza OPI mog\u0105 zg\u0142asza\u0107 nieprawid\u0142owo\u015bci i nadu\u017cycia finansowe na adres email\u00a0<a href=\"mailto:feng@opi.org.pl\">feng@opi.org.pl<\/a>. Przyjmujemy zg\u0142oszenia anonimowe, niemniej osoba zg\u0142aszaj\u0105ca otrzymuje komunikat, kt\u00f3ry zach\u0119ca j\u0105 do ujawnienia swoich danych. Gwarantujemy zachowanie pe\u0142nej poufno\u015bci w ka\u017cdym przypadku.<\/p>\n","protected":false},"excerpt":{"rendered":"<p>Kr\u00f3tko o warto\u015bciach Ka\u017cdy projekt realizowany w programie FENG musi opiera\u0107 si\u0119 na warto\u015bciach Unii Europejskiej, do kt\u00f3rych zaliczamy: Wa\u017cny jest brak jakiejkolwiek dyskryminacji i zapewnienie powszechnej dost\u0119pno\u015bci, w tym stosowanie projektowania uniwersalnego. \u2026i o zasadach Beneficjenci pomocy finansowej w ramach Dzia\u0142ania 2.4 FENG maj\u0105 obowi\u0105zek przestrzegania zasad uczciwo\u015bci i odpowiedzialno\u015bci. Kluczowa jest przejrzysto\u015b\u0107 wydatkowania&hellip;<\/p>\n","protected":false},"author":2,"featured_media":420,"parent":18,"menu_order":100,"comment_status":"closed","ping_status":"closed","template":"","meta":{"footnotes":"","_links_to":"","_links_to_target":""},"class_list":["post-20","page","type-page","status-publish","has-post-thumbnail","hentry"],"_links":{"self":[{"href":"https:\/\/opi.org.pl\/feng\/wp-json\/wp\/v2\/pages\/20","targetHints":{"allow":["GET"]}}],"collection":[{"href":"https:\/\/opi.org.pl\/feng\/wp-json\/wp\/v2\/pages"}],"about":[{"href":"https:\/\/opi.org.pl\/feng\/wp-json\/wp\/v2\/types\/page"}],"author":[{"embeddable":true,"href":"https:\/\/opi.org.pl\/feng\/wp-json\/wp\/v2\/users\/2"}],"replies":[{"embeddable":true,"href":"https:\/\/opi.org.pl\/feng\/wp-json\/wp\/v2\/comments?post=20"}],"version-history":[{"count":2,"href":"https:\/\/opi.org.pl\/feng\/wp-json\/wp\/v2\/pages\/20\/revisions"}],"predecessor-version":[{"id":521,"href":"https:\/\/opi.org.pl\/feng\/wp-json\/wp\/v2\/pages\/20\/revisions\/521"}],"up":[{"embeddable":true,"href":"https:\/\/opi.org.pl\/feng\/wp-json\/wp\/v2\/pages\/18"}],"wp:featuredmedia":[{"embeddable":true,"href":"https:\/\/opi.org.pl\/feng\/wp-json\/wp\/v2\/media\/420"}],"wp:attachment":[{"href":"https:\/\/opi.org.pl\/feng\/wp-json\/wp\/v2\/media?parent=20"}],"curies":[{"name":"wp","href":"https:\/\/api.w.org\/{rel}","templated":true}]}}