{"id":19,"date":"2024-01-19T12:55:46","date_gmt":"2024-01-19T12:55:46","guid":{"rendered":"https:\/\/feng.test\/?page_id=15"},"modified":"2026-02-26T13:41:07","modified_gmt":"2026-02-26T12:41:07","slug":"strefa-beneficjenta-2","status":"publish","type":"page","link":"https:\/\/opi.org.pl\/feng\/strefa-beneficjenta\/strefa-beneficjenta-2\/","title":{"rendered":"Dokumenty programowe, wytyczne"},"content":{"rendered":"\n<ol start=\"1\" class=\"wp-block-list\">\n<li><a href=\"https:\/\/eur-lex.europa.eu\/legal-content\/PL\/TXT\/?uri=CELEX%3A32021R1060\" data-type=\"link\" data-id=\"https:\/\/eur-lex.europa.eu\/legal-content\/PL\/TXT\/?uri=CELEX%3A32021R1060\" class=\"external\">Rozporz\u0105dzenie Parlamentu Europejskiego i Rady (UE) 2021\/1060 z dnia 24 czerwca 2021 r. (rozporz\u0105dzenie og\u00f3lne)<\/a> <\/li>\n\n\n\n<li><a href=\"https:\/\/eur-lex.europa.eu\/legal-content\/PL\/TXT\/?uri=CELEX%3A32021R1058\" data-type=\"link\" data-id=\"https:\/\/eur-lex.europa.eu\/legal-content\/PL\/TXT\/?uri=CELEX%3A32021R1058\" class=\"external\">Rozporz\u0105dzenie Parlamentu Europejskiego i Rady (UE) nr 2021\/1058 z dnia 24&nbsp;czerwca 2021 r. w sprawie EFRR i FS<\/a> <\/li>\n\n\n\n<li><a href=\"https:\/\/eur-lex.europa.eu\/legal-content\/PL\/TXT\/?uri=CELEX%3A02014R0651-20230701\" data-type=\"link\" data-id=\"https:\/\/eur-lex.europa.eu\/legal-content\/PL\/TXT\/?uri=CELEX%3A02014R0651-20230701\" class=\"external\">Rozporz\u0105dzenie Komisji (UE) nr 651\/2014 z dnia 17 czerwca 2014 r. uznaj\u0105ce niekt\u00f3re rodzaje pomocy za zgodne z rynkiem wewn\u0119trznym w zastosowaniu art. 107 i&nbsp;108 Traktatu<\/a><\/li>\n\n\n\n<li><a href=\"https:\/\/eur-lex.europa.eu\/legal-content\/PL\/TXT\/?uri=CELEX%3A02013R1407-20231025\" data-type=\"link\" data-id=\"https:\/\/eur-lex.europa.eu\/legal-content\/PL\/TXT\/?uri=CELEX%3A02013R1407-20231025\" class=\"external\">Rozporz\u0105dzenie Komisji (UE) nr 1407\/2013 z&nbsp;dnia 18&nbsp;grudnia 2013&nbsp;r. w&nbsp;sprawie stosowania art. 107 i&nbsp;108 Traktatu o&nbsp;funkcjonowaniu Unii Europejskiej do pomocy de minimis<\/a><\/li>\n\n\n\n<li><a href=\"https:\/\/eur-lex.europa.eu\/legal-content\/PL\/TXT\/?uri=OJ%3AL_202302831\" data-type=\"link\" data-id=\"https:\/\/eur-lex.europa.eu\/legal-content\/PL\/TXT\/?uri=OJ%3AL_202302831\" class=\"external\">Rozporz\u0105dzenie Komisji (UE) nr 2023\/2831 z&nbsp;dnia 13&nbsp;grudnia 2023&nbsp;r. w&nbsp;sprawie stosowania art. 107 i&nbsp;108 Traktatu o&nbsp;funkcjonowaniu Unii Europejskiej do pomocy de minimis<\/a>  <\/li>\n\n\n\n<li><a href=\"https:\/\/eur-lex.europa.eu\/legal-content\/PL\/TXT\/?uri=celex%3A52022XC1028%2803%29\" data-type=\"link\" data-id=\"https:\/\/eur-lex.europa.eu\/legal-content\/PL\/TXT\/?uri=celex%3A52022XC1028%2803%29\" class=\"external\">Komunikat Komisji Zasady ramowe pomocy pa\u0144stwa na dzia\u0142alno\u015b\u0107 badawcz\u0105, rozwojow\u0105 i&nbsp;innowacyjn\u0105<\/a><\/li>\n\n\n\n<li><a href=\"https:\/\/funduszeeuropejskie.gov.pl\/dokumenty-umowa\/\" target=\"_blank\" rel=\"noreferrer noopener\" class=\"external\">Umowa partnerstwa dla realizacji polityki sp\u00f3jno\u015bci 2021-2027 w Polsce<\/a><\/li>\n\n\n\n<li><em><a href=\"https:\/\/isap.sejm.gov.pl\/isap.nsf\/DocDetails.xsp?id=WDU20220001079\" data-type=\"link\" data-id=\"https:\/\/isap.sejm.gov.pl\/isap.nsf\/DocDetails.xsp?id=WDU20220001079\" class=\"external\">Ustawa z dnia 28 kwietnia 2022 r. o zasadach realizacji zada\u0144 finansowanych ze \u015brodk\u00f3w europejskich w perspektywie finansowej 2021-2027 (ustawa wdro\u017ceniowa)<\/a><\/em> <\/li>\n\n\n\n<li><em><a href=\"https:\/\/nowoczesnagospodarka.gov.pl\/wp-content\/uploads\/2026\/02\/FENG_zatwierdzony_przez_KE_2025.pdf\" data-type=\"link\" data-id=\"https:\/\/www.nowoczesnagospodarka.gov.pl\/strony\/dowiedz-sie-wiecej-o-programie\/prawo-i-dokumenty\/#\/domyslne=1\/10515=3142\" target=\"_blank\" rel=\"noreferrer noopener\" class=\"external\">Program Fundusze Europejskie dla Nowoczesnej Gospodarki 2021-2027<\/a><\/em> &#8211; wersja zatwierdzona przez KE 28 maja 2025 r.<\/li>\n\n\n\n<li><em><a href=\"https:\/\/nowoczesnagospodarka.gov.pl\/wp-content\/uploads\/2026\/02\/FENG_zatwierdzony_przez_KE_2022.pdf\" data-type=\"link\" data-id=\"https:\/\/www.nowoczesnagospodarka.gov.pl\/strony\/dowiedz-sie-wiecej-o-programie\/prawo-i-dokumenty\/#\/domyslne=1\/10515=3142\" target=\"_blank\" rel=\"noreferrer noopener\" class=\"external\">Program Fundusze Europejskie dla Nowoczesnej Gospodarki 2021-2027<\/a><\/em> &#8211; wersja zatwierdzona przez KE 27 wrze\u015bnia 2022 r.<\/li>\n\n\n\n<li><em><a href=\"https:\/\/nowoczesnagospodarka.gov.pl\/dokumenty\/szczegolowy-opis-priorytetow-programu-operacyjnego-fundusze-europejskie-dla-nowoczesnej-gospodarki-1-1\/\" data-type=\"link\" data-id=\"https:\/\/www.nowoczesnagospodarka.gov.pl\/strony\/dowiedz-sie-wiecej-o-programie\/prawo-i-dokumenty\/szczegolowy-opis-priorytetow-programu-fundusze-europejskie-dla-nowoczesnej-gospodarki\/\" target=\"_blank\" rel=\"noreferrer noopener\" class=\"external\">Szczeg\u00f3\u0142owy Opis Priorytet\u00f3w programu FENG<\/a><\/em><\/li>\n\n\n\n<li>R<a href=\"https:\/\/opi.org.pl\/feng\/wp-content\/uploads\/2024\/07\/D2024000072001.pdf\" target=\"_blank\" rel=\"noreferrer noopener\">ozporz\u0105dzenie w sprawie udzielania w FENG pomocy finansowej przez OPI PIB<\/a> (obowi\u0105zuje od 9 maja 2024 r.)<\/li>\n\n\n\n<li><a href=\"https:\/\/test-feng.opi.org.pl\/wp-content\/uploads\/2024\/02\/D2023000213201.pdf\" target=\"_blank\" rel=\"noreferrer noopener\" class=\"external\">Rozporz\u0105dzenie w sprawie udzielania w FENG pomocy finansowej przez OPI PIB<\/a><\/li>\n\n\n\n<li><a href=\"https:\/\/funduszeeuropejskie.gov.pl\/dokumenty\/wytyczne-dotyczace-wyboru-projektow-na-lata-2021-2027\/\" target=\"_blank\" rel=\"noreferrer noopener\" class=\"external\">Wytyczne dotycz\u0105ce wyboru projekt\u00f3w na lata 2021-2027 <\/a>(obowi\u0105zuj\u0105 od 17 czerwca 2025 r.)<\/li>\n\n\n\n<li><a href=\"https:\/\/funduszeeuropejskie.gov.pl\/dokumenty\/wytyczne-dotyczace-kwalifikowalnosci-wydatkow-2021-2027\/\" data-type=\"link\" data-id=\"https:\/\/www.nowoczesnagospodarka.gov.pl\/strony\/dowiedz-sie-wiecej-o-programie\/prawo-i-dokumenty\/wytyczne-dotyczace-kwalifikowalnosci-2021-2027\/\" target=\"_blank\" rel=\"noreferrer noopener\" class=\"external\">Wytyczne dotycz\u0105ce kwalifikowalno\u015bci wydatk\u00f3w na lata 2021-2027<\/a> (obowi\u0105zuj\u0105 od 25 marca 2025 r.)<\/li>\n\n\n\n<li><a href=\"https:\/\/funduszeeuropejskie.gov.pl\/dokumenty\/wytyczne-dotyczace-monitorowania-postepu-rzeczowego-realizacji-programow-na-lata-2021-2027-2\/\" data-type=\"link\" data-id=\"https:\/\/www.nowoczesnagospodarka.gov.pl\/strony\/dowiedz-sie-wiecej-o-programie\/prawo-i-dokumenty\/wytyczne-dotyczace-monitorowania-postepu-rzeczowego-realizacji-programow-na-lata-2021-2027\/\" target=\"_blank\" rel=\"noreferrer noopener\" class=\"external\">Wytyczne dotycz\u0105ce monitorowania post\u0119pu rzeczowego realizacji program\u00f3w na lata 2021-2027<\/a> (obowi\u0105zuj\u0105 od\u00a02 pa\u017adziernika 2025 r.)<\/li>\n\n\n\n<li><a href=\"https:\/\/www.ewaluacja.gov.pl\/strony\/monitorowanie\/lista-wskaznikow-kluczowych\/lista-wskaznikow-kluczowych-efrr\" data-type=\"link\" data-id=\"https:\/\/www.ewaluacja.gov.pl\/strony\/monitorowanie\/lista-wskaznikow-kluczowych\/lista-wskaznikow-kluczowych-efrr\" target=\"_blank\" rel=\"noreferrer noopener\" class=\"external\">Lista wska\u017anik\u00f3w kluczowych EFRR + FS<\/a><\/li>\n\n\n\n<li><a href=\"https:\/\/funduszeeuropejskie.gov.pl\/dokumenty\/wytyczne-dotyczace-zagadnien-zwiazanych-z-przygotowaniem-projektow-inwestycyjnych-w-tym-hybrydowych-na-lata-2021-2027\/\" data-type=\"link\" data-id=\"https:\/\/www.nowoczesnagospodarka.gov.pl\/strony\/dowiedz-sie-wiecej-o-programie\/prawo-i-dokumenty\/wytyczne-dotyczace-zagadnien-zwiazanych-z-przygotowaniem-projektow-inwestycyjnych-w-tym-hybrydowych-na-lata-2021-2027\/\" target=\"_blank\" rel=\"noreferrer noopener\" class=\"external\">Wytyczne dotycz\u0105ce zagadnie\u0144 zwi\u0105zanych z przygotowaniem projekt\u00f3w inwestycyjnych, w tym hybrydowych na lata 2021-2027<\/a> (obowi\u0105zuj\u0105 od 27 marca 2023 r.)<\/li>\n\n\n\n<li><a href=\"https:\/\/funduszeeuropejskie.gov.pl\/dokumenty\/wytyczne-dotyczace-realizacji-zasad-rownosciowych-w-ramach-funduszy-unijnych-na-lata-2021-2027\/\" target=\"_blank\" rel=\"noreferrer noopener\" class=\"external\">Wytyczne dotycz\u0105ce realizacji zasad r\u00f3wno\u015bciowych w ramach funduszy unijnych na lata 2021-2027 <\/a>(obowi\u0105zuj\u0105 od 19 marca 2025 r.)\u00a0<\/li>\n\n\n\n<li><a href=\"https:\/\/funduszeeuropejskie.gov.pl\/dokumenty\/wytyczne-dotyczace-informacji-i-promocji-funduszy-europejskich-na-lata-2021-2027\/\" target=\"_blank\" rel=\"noreferrer noopener\" class=\"external\">Wytyczne dotycz\u0105ce informacji i promocji Funduszy Europejskich na lata 2021-2027 <\/a>(obowi\u0105zuj\u0105 od 4 maja 2023 r.)<\/li>\n\n\n\n<li><a href=\"https:\/\/www.archiwum.nowoczesnagospodarka.gov.pl\/media\/123138\/Strategia_komunikacji_FE_2021_2027.pdf\" data-type=\"link\" data-id=\"https:\/\/www.nowoczesnagospodarka.gov.pl\/strony\/dowiedz-sie-wiecej-o-programie\/prawo-i-dokumenty\/strategia-komunikacji-funduszy-europejskich-2021-2027\/\" target=\"_blank\" rel=\"noreferrer noopener\" class=\"external\">Strategia komunikacji Funduszy Europejskich na lata 2021-2027<\/a><\/li>\n\n\n\n<li><a href=\"https:\/\/www.archiwum.nowoczesnagospodarka.gov.pl\/media\/145058\/Strategia-komunikacji-FENG.pdf\" target=\"_blank\" rel=\"noreferrer noopener\" class=\"external\">Strategia komunikacji programu Fundusze Europejskie dla Nowoczesnej Gospodarki<\/a><\/li>\n\n\n\n<li><a href=\"https:\/\/funduszeeuropejskie.gov.pl\/dokumenty\/wytyczne-dotyczace-kontroli-realizacji-programow-polityki-spojnosci-na-lata-2021-2027\/\" data-type=\"link\" data-id=\"https:\/\/www.nowoczesnagospodarka.gov.pl\/strony\/dowiedz-sie-wiecej-o-programie\/prawo-i-dokumenty\/wytyczne-dotyczace-kontroli-realizacji-programow-polityki-spojnosci-na-lata-2021-2027\/\" target=\"_blank\" rel=\"noreferrer noopener\" class=\"external\">Wytyczne dotycz\u0105ce kontroli realizacji program\u00f3w polityki sp\u00f3jno\u015bci na lata 2021-2027<\/a> (obowi\u0105zuj\u0105 od 8 listopada 2022 r.)<\/li>\n\n\n\n<li><a href=\"https:\/\/funduszeeuropejskie.gov.pl\/dokumenty\/wytyczne-dotyczace-sposobu-korygowania-nieprawidlowosci-na-lata-2021-2027\/\" data-type=\"link\" data-id=\"https:\/\/www.nowoczesnagospodarka.gov.pl\/strony\/dowiedz-sie-wiecej-o-programie\/prawo-i-dokumenty\/projekt-wytycznych-dotyczacych-sposobu-korygowania-nieprawidlowych-wydatkow-na-lata-2021-2027\/\" target=\"_blank\" rel=\"noreferrer noopener\" class=\"external\">Wytyczne dotycz\u0105ce sposobu korygowania nieprawid\u0142owo\u015bci na lata 2021-2027<\/a> (obowi\u0105zuj\u0105 od 17 lipca 2023 r.)<\/li>\n\n\n\n<li><a href=\"https:\/\/funduszeeuropejskie.gov.pl\/dokumenty\/wytyczne-dotyczace-warunkow-ksiegowania-wydatkow-oraz-przygotowania-prognoz-wnioskow-o-platnosc-do-komisji-europejskiej-w-ramach-programow-polityki-spojnosci-na-lata-2021-2027\/\" data-type=\"link\" data-id=\"https:\/\/www.nowoczesnagospodarka.gov.pl\/strony\/dowiedz-sie-wiecej-o-programie\/prawo-i-dokumenty\/wytyczne-dotyczace-warunkow-gromadzenia-i-przekazywania-danych-w-postaci-elektronicznej-na-lata-2021-2027\/\" target=\"_blank\" rel=\"noreferrer noopener\" class=\"external\">Wytyczne dotycz\u0105ce warunk\u00f3w gromadzenia i przekazywania danych w postaci elektronicznej na lata 2021-2027<\/a> (obowi\u0105zuj\u0105 od 5 pa\u017adziernika 2022 r.)<\/li>\n<\/ol>\n\n\n\n<p><\/p>\n","protected":false},"excerpt":{"rendered":"","protected":false},"author":2,"featured_media":422,"parent":18,"menu_order":200,"comment_status":"closed","ping_status":"closed","template":"","meta":{"footnotes":"","_links_to":"","_links_to_target":""},"class_list":["post-19","page","type-page","status-publish","has-post-thumbnail","hentry"],"_links":{"self":[{"href":"https:\/\/opi.org.pl\/feng\/wp-json\/wp\/v2\/pages\/19","targetHints":{"allow":["GET"]}}],"collection":[{"href":"https:\/\/opi.org.pl\/feng\/wp-json\/wp\/v2\/pages"}],"about":[{"href":"https:\/\/opi.org.pl\/feng\/wp-json\/wp\/v2\/types\/page"}],"author":[{"embeddable":true,"href":"https:\/\/opi.org.pl\/feng\/wp-json\/wp\/v2\/users\/2"}],"replies":[{"embeddable":true,"href":"https:\/\/opi.org.pl\/feng\/wp-json\/wp\/v2\/comments?post=19"}],"version-history":[{"count":10,"href":"https:\/\/opi.org.pl\/feng\/wp-json\/wp\/v2\/pages\/19\/revisions"}],"predecessor-version":[{"id":1681,"href":"https:\/\/opi.org.pl\/feng\/wp-json\/wp\/v2\/pages\/19\/revisions\/1681"}],"up":[{"embeddable":true,"href":"https:\/\/opi.org.pl\/feng\/wp-json\/wp\/v2\/pages\/18"}],"wp:featuredmedia":[{"embeddable":true,"href":"https:\/\/opi.org.pl\/feng\/wp-json\/wp\/v2\/media\/422"}],"wp:attachment":[{"href":"https:\/\/opi.org.pl\/feng\/wp-json\/wp\/v2\/media?parent=19"}],"curies":[{"name":"wp","href":"https:\/\/api.w.org\/{rel}","templated":true}]}}