{"id":182,"date":"2024-01-24T08:00:26","date_gmt":"2024-01-24T08:00:26","guid":{"rendered":"https:\/\/feng.test\/?page_id=182"},"modified":"2024-06-06T09:16:04","modified_gmt":"2024-06-06T09:16:04","slug":"faq-2","status":"publish","type":"page","link":"https:\/\/opi.org.pl\/feng\/faq-2\/","title":{"rendered":"FAQ"},"content":{"rendered":"\n<h2 class=\"wp-block-heading\">Przedstawiamy odpowiedzi na\u00a0Pa\u0144stwa pytania dotycz\u0105ce nabor\u00f3w w\u00a0Dzia\u0142aniu 2.4 FENG, w podziale na zakres tematyczny:<\/h2>\n\n\n\n<p><\/p>\n\n\n\n<h3 class=\"wp-block-heading\"><a href=\"https:\/\/opi.org.pl\/feng\/faq-2\/faq-wymagania-wobec-organizacji-sieciowych-i-konstrukcja-konsorcjum\/\" data-type=\"page\" data-id=\"749\">1. Wymagania wobec organizacji sieciowych i konstrukcja konsorcjum<\/a><\/h3>\n\n\n\n<h3 class=\"wp-block-heading\"><a href=\"https:\/\/opi.org.pl\/feng\/faq-2\/faq-agenda-badawcza-i-koszty-w-projektach-pmib\/\" data-type=\"page\" data-id=\"751\">2. Agenda badawcza i koszty w projektach PMiB<\/a><\/h3>\n\n\n\n<h3 class=\"wp-block-heading\"><a href=\"https:\/\/opi.org.pl\/feng\/faq-2\/faq-ogolne-warunki-przygotowania-projektow-kwalifikowalnosc-kosztow\/\" data-type=\"page\" data-id=\"753\">3. Og\u00f3lne warunki przygotowania projekt\u00f3w; kwalifikowalno\u015b\u0107 koszt\u00f3w<\/a><\/h3>\n\n\n\n<h3 class=\"wp-block-heading\"><a href=\"https:\/\/opi.org.pl\/feng\/faq-2\/faq-wklad-wlasny\/\" data-type=\"page\" data-id=\"755\">4. Wk\u0142ad w\u0142asny<\/a><\/h3>\n\n\n\n<h3 class=\"wp-block-heading\"><a href=\"https:\/\/opi.org.pl\/feng\/faq-2\/faq-podzial-na-czesc-gospodarcza-i-niegospodarcza\/\" data-type=\"page\" data-id=\"757\">5. Podzia\u0142 na cz\u0119\u015b\u0107 gospodarcz\u0105 i niegospodarcz\u0105<\/a><\/h3>\n","protected":false},"excerpt":{"rendered":"<p>Przedstawiamy odpowiedzi na\u00a0Pa\u0144stwa pytania dotycz\u0105ce nabor\u00f3w w\u00a0Dzia\u0142aniu 2.4 FENG, w podziale na zakres tematyczny: 1. Wymagania wobec organizacji sieciowych i konstrukcja konsorcjum 2. Agenda badawcza i koszty w projektach PMiB 3. Og\u00f3lne warunki przygotowania projekt\u00f3w; kwalifikowalno\u015b\u0107 koszt\u00f3w 4. Wk\u0142ad w\u0142asny 5. Podzia\u0142 na cz\u0119\u015b\u0107 gospodarcz\u0105 i niegospodarcz\u0105<\/p>\n","protected":false},"author":2,"featured_media":0,"parent":0,"menu_order":0,"comment_status":"closed","ping_status":"closed","template":"","meta":{"footnotes":"","_links_to":"","_links_to_target":""},"class_list":["post-182","page","type-page","status-publish","hentry"],"_links":{"self":[{"href":"https:\/\/opi.org.pl\/feng\/wp-json\/wp\/v2\/pages\/182","targetHints":{"allow":["GET"]}}],"collection":[{"href":"https:\/\/opi.org.pl\/feng\/wp-json\/wp\/v2\/pages"}],"about":[{"href":"https:\/\/opi.org.pl\/feng\/wp-json\/wp\/v2\/types\/page"}],"author":[{"embeddable":true,"href":"https:\/\/opi.org.pl\/feng\/wp-json\/wp\/v2\/users\/2"}],"replies":[{"embeddable":true,"href":"https:\/\/opi.org.pl\/feng\/wp-json\/wp\/v2\/comments?post=182"}],"version-history":[{"count":38,"href":"https:\/\/opi.org.pl\/feng\/wp-json\/wp\/v2\/pages\/182\/revisions"}],"predecessor-version":[{"id":773,"href":"https:\/\/opi.org.pl\/feng\/wp-json\/wp\/v2\/pages\/182\/revisions\/773"}],"wp:attachment":[{"href":"https:\/\/opi.org.pl\/feng\/wp-json\/wp\/v2\/media?parent=182"}],"curies":[{"name":"wp","href":"https:\/\/api.w.org\/{rel}","templated":true}]}}