{"id":16,"date":"2024-01-19T11:06:21","date_gmt":"2024-01-19T11:06:21","guid":{"rendered":"https:\/\/feng.test\/?page_id=5"},"modified":"2025-11-19T11:29:43","modified_gmt":"2025-11-19T10:29:43","slug":"o-feng","status":"publish","type":"page","link":"https:\/\/opi.org.pl\/feng\/o-feng\/","title":{"rendered":"O FENG 2.4"},"content":{"rendered":"\n<h2 class=\"wp-block-heading\">Fundusze Europejskie dla Nowoczesnej Gospodarki 2021\u20132027 (FENG)<\/h2>\n\n\n\n<p>FENG to program operacyjny, kt\u00f3ry jest kontynuacj\u0105 wcze\u015bniejszych program\u00f3w \u2013 POIG (Innowacyjna Gospodarka 2007\u20132013) i POIR (Inteligentny Rozw\u00f3j 2014\u20132020). Programy te umo\u017cliwia\u0142y wykorzystanie przez Polsk\u0119 pieni\u0119dzy, kt\u00f3re Unia Europejska przeznaczy\u0142a na wzmocnienie innowacyjno\u015bci naszej gospodarki. Realizuj\u0105 one polityk\u0119 sp\u00f3jno\u015bci Unii Europejskiej, kt\u00f3ra wspiera w ten spos\u00f3b rozw\u00f3j swoich ubo\u017cszych region\u00f3w.<\/p>\n\n\n\n<p>Tak jak poprzednie programy, FENG ma zwi\u0119kszy\u0107 potencja\u0142 Polski w zakresie wykorzystywania zaawansowanych technologii w gospodarce, a tak\u017ce na polu bada\u0144 i innowacji. Tworzenie i stosowanie takich technologii pomaga rozwi\u0105zywa\u0107 aktualne problemy spo\u0142eczne i gospodarcze.<\/p>\n\n\n\n<p>FENG sk\u0142ada si\u0119 z czterech najwa\u017cniejszych obszar\u00f3w wsparcia, nazywamy je priorytetami. S\u0105 to:<\/p>\n\n\n\n<p>I \u2013 Wsparcie dla przedsi\u0119biorc\u00f3w,<br><strong>II \u2013 \u015arodowisko przyjazne innowacjom,<\/strong><br>III \u2013 Zazielenienie przedsi\u0119biorstw,<br>IV \u2013 Pomoc techniczna.<\/p>\n\n\n\n<div style=\"height:5px\" aria-hidden=\"true\" class=\"wp-block-spacer\"><\/div>\n\n\n\n<h2 class=\"wp-block-heading\">Na co dofinansowanie?<\/h2>\n\n\n\n<p>OPI jest Instytucj\u0105 Po\u015brednicz\u0105c\u0105 \u2013 organizuje nabory projekt\u00f3w do <strong>Dzia\u0142ania 2.4 FENG <\/strong>i nadzoruje ich realizacj\u0119.&nbsp;To dzia\u0142anie nosi nazw\u0119&nbsp;<strong>Badawcza Infrastruktura Nowoczesnej Gospodarki<\/strong> (w skr\u00f3cie BINGO) w 2. Priorytecie \u2013 \u015arodowisko sprzyjaj\u0105ce innowacjom. Ma ono wszechstronnie wspiera\u0107 rozw\u00f3j organizacji badawczych, a wsparcie ma by\u0107 dopasowane do aktualnych trend\u00f3w i potrzeb spo\u0142ecznych.<\/p>\n\n\n\n<p>Dofinansowany b\u0119dzie&nbsp;<strong>rozw\u00f3j publicznej infrastruktury badawczej. <\/strong>Dodatkowo projekty musz\u0105 zawiera\u0107 dzia\u0142ania, kt\u00f3re <strong>wzmocni\u0105 kompetencje kadry naukowej w obszarach takich jak:<\/strong><\/p>\n\n\n\n<ul class=\"wp-block-list\">\n<li><strong>wykorzystanie infrastruktury<\/strong>,<\/li>\n\n\n\n<li>komercjalizacja wynik\u00f3w prac badawczo-rozwojowych (B+R),&nbsp;<\/li>\n\n\n\n<li>transfer technologii,<\/li>\n\n\n\n<li>zarz\u0105dzanie innowacjami.<\/li>\n<\/ul>\n\n\n\n<p>Powinny by\u0107 to projekty o strategicznym znaczeniu dla polskiej gospodarki,&nbsp;kt\u00f3re u\u0142atwi\u0105 przedsi\u0119biorstwom korzystanie z osi\u0105gni\u0119\u0107 nauki i wprowadzanie innowacji dzi\u0119ki dost\u0119powi do nowoczesnych rozwi\u0105za\u0144 B+R.<\/p>\n\n\n\n<div style=\"height:7px\" aria-hidden=\"true\" class=\"wp-block-spacer\"><\/div>\n\n\n\n<h2 class=\"wp-block-heading\">Dla kogo?<\/h2>\n\n\n\n<p>Mo\u017cesz wzi\u0105\u0107 udzia\u0142 w konkursie, je\u015bli reprezentujesz:<\/p>\n\n\n\n<ul class=\"wp-block-list\">\n<li><strong>projekt znajduj\u0105cy si\u0119 na Polskiej Mapie Infrastruktury Badawczej&nbsp;<\/strong>lub<\/li>\n\n\n\n<li><strong>projekt instytucji sieciowej, w sk\u0142ad kt\u00f3rej wchodz\u0105 organizacje badawcze<\/strong>.<\/li>\n<\/ul>\n\n\n\n<p>Wsparcie dotyczy infrastruktury badawczej zarz\u0105dzanej przez organizacje badawcze, uczelnie i inne instytucje szkolnictwa wy\u017cszego i nauki.<\/p>\n\n\n\n<div style=\"height:7px\" aria-hidden=\"true\" class=\"wp-block-spacer\"><\/div>\n\n\n\n<h2 class=\"wp-block-heading\">Dost\u0119p dla przedsi\u0119biorc\u00f3w<\/h2>\n\n\n\n<p>Dofinansowanie uzyskasz pod warunkiem, \u017ce zapewnisz przedsi\u0119biorstwom i innym zainteresowanym organizacjom skuteczny <strong>dost\u0119p do wspieranej infrastruktury badawczej na przejrzystych i niedyskryminacyjnych zasadach<\/strong>.<\/p>\n\n\n\n<div style=\"height:7px\" aria-hidden=\"true\" class=\"wp-block-spacer\"><\/div>\n\n\n\n<h2 class=\"wp-block-heading\">Konkursy<\/h2>\n\n\n\n<p>Oto terminy konkurs\u00f3w w ramach Dzia\u0142ania 2.4 Badawcza Infrastruktura Nowoczesnej Gospodarki w roku 2025:<\/p>\n\n\n\n<figure class=\"wp-block-table is-style-regular\"><table><thead><tr><th>Typy projekt\u00f3w<\/th><th>Og\u0142oszenie naboru<\/th><th>Termin naboru wniosk\u00f3w<\/th><th>Bud\u017cet<\/th><\/tr><\/thead><tbody><tr><td>Projekty instytucji o charakterze sieciowym <br>sk\u0142adaj\u0105cych si\u0119 z organizacji badawczych<\/td><td>17 marca 2025 r.<\/td><td>31 marca do 4 lipca 2025 r. (wcze\u015bniej do 27 czerwca 2025 r.)<\/td><td>576,6 mln z\u0142<\/td><\/tr><tr><td>Projekty na Polskiej Mapie Infrastruktury Badawczej<\/td><td>19 listopada 2025 r.<\/td><td>15 grudnia 2025 r. do 31 marca 2026 r.<\/td><td>350 mln z\u0142<\/td><\/tr><\/tbody><\/table><figcaption class=\"wp-element-caption\"><br>Wnioski o dofinansowanie sk\u0142adane b\u0119d\u0105 poprzez aplikacj\u0119 informatyczn\u0105 <a href=\"https:\/\/wod.cst2021.gov.pl\" class=\"external\">WOD2021<\/a>.<\/figcaption><\/figure>\n\n\n\n<div style=\"height:38px\" aria-hidden=\"true\" class=\"wp-block-spacer\"><\/div>\n\n\n\n<p>Zako\u0144czone konkursy:<\/p>\n\n\n\n<div class=\"wp-block-group\"><div class=\"wp-block-group__inner-container is-layout-constrained wp-block-group-is-layout-constrained\">\n<figure class=\"wp-block-table is-style-regular\"><table><thead><tr><th>Typy projekt\u00f3w<\/th><th>Og\u0142oszenie naboru<\/th><th>Termin naboru wniosk\u00f3w<\/th><th>Bud\u017cet<\/th><\/tr><\/thead><tbody><tr><td>Projekty na Polskiej Mapie <br>Infrastruktury Badawczej<\/td><td>26 lutego 2024 r.<\/td><td>4 marca do 5 sierpnia 2024 r. (wcze\u015bniej do 22 lipca 2024 r.)<\/td><td>445 mln z\u0142<\/td><\/tr><tr><td>Projekty instytucji o charakterze sieciowym <br>sk\u0142adaj\u0105cych si\u0119 z organizacji badawczych<\/td><td>6 marca 2024 r.<\/td><td>11 marca do 12 sierpnia 2024 r. (wcze\u015bniej do 29 lipca 2024 r.)<\/td><td>380 mln z\u0142<\/td><\/tr><\/tbody><\/table><\/figure>\n<\/div><\/div>\n\n\n\n<p><\/p>\n","protected":false},"excerpt":{"rendered":"<p>Fundusze Europejskie dla Nowoczesnej Gospodarki 2021\u20132027 (FENG) FENG to program operacyjny, kt\u00f3ry jest kontynuacj\u0105 wcze\u015bniejszych program\u00f3w \u2013 POIG (Innowacyjna Gospodarka 2007\u20132013) i POIR (Inteligentny Rozw\u00f3j 2014\u20132020). Programy te umo\u017cliwia\u0142y wykorzystanie przez Polsk\u0119 pieni\u0119dzy, kt\u00f3re Unia Europejska przeznaczy\u0142a na wzmocnienie innowacyjno\u015bci naszej gospodarki. Realizuj\u0105 one polityk\u0119 sp\u00f3jno\u015bci Unii Europejskiej, kt\u00f3ra wspiera w ten spos\u00f3b rozw\u00f3j swoich&hellip;<\/p>\n","protected":false},"author":2,"featured_media":0,"parent":0,"menu_order":0,"comment_status":"closed","ping_status":"closed","template":"","meta":{"footnotes":"","_links_to":"","_links_to_target":""},"class_list":["post-16","page","type-page","status-publish","hentry"],"_links":{"self":[{"href":"https:\/\/opi.org.pl\/feng\/wp-json\/wp\/v2\/pages\/16","targetHints":{"allow":["GET"]}}],"collection":[{"href":"https:\/\/opi.org.pl\/feng\/wp-json\/wp\/v2\/pages"}],"about":[{"href":"https:\/\/opi.org.pl\/feng\/wp-json\/wp\/v2\/types\/page"}],"author":[{"embeddable":true,"href":"https:\/\/opi.org.pl\/feng\/wp-json\/wp\/v2\/users\/2"}],"replies":[{"embeddable":true,"href":"https:\/\/opi.org.pl\/feng\/wp-json\/wp\/v2\/comments?post=16"}],"version-history":[{"count":19,"href":"https:\/\/opi.org.pl\/feng\/wp-json\/wp\/v2\/pages\/16\/revisions"}],"predecessor-version":[{"id":1538,"href":"https:\/\/opi.org.pl\/feng\/wp-json\/wp\/v2\/pages\/16\/revisions\/1538"}],"wp:attachment":[{"href":"https:\/\/opi.org.pl\/feng\/wp-json\/wp\/v2\/media?parent=16"}],"curies":[{"name":"wp","href":"https:\/\/api.w.org\/{rel}","templated":true}]}}