{"id":15,"date":"2024-01-19T11:05:53","date_gmt":"2024-01-19T11:05:53","guid":{"rendered":"https:\/\/feng.test\/?page_id=3"},"modified":"2024-02-26T20:51:18","modified_gmt":"2024-02-26T20:51:18","slug":"polityka-prywatnosci","status":"publish","type":"page","link":"https:\/\/opi.org.pl\/feng\/polityka-prywatnosci\/","title":{"rendered":"Polityka Prywatno\u015bci"},"content":{"rendered":"\n<h3 class=\"wp-block-heading\">Postanowienia og\u00f3lne<\/h3>\n\n\n\n<p>Polityka prywatno\u015bci jest dokumentem zawieraj\u0105cym og\u00f3lne informacje dotycz\u0105ce przetwarzania przez O\u015brodek Przetwarzania Informacji \u2013 Pa\u0144stwowy Instytut Badawczy z siedzib\u0105 w Warszawie (dalej: OPI PIB) danych osobowych os\u00f3b fizycznych, jako administratora danych w rozumieniu art. 4 pkt 7) Rozporz\u0105dzenia UE 2016\/679 z dnia 27 kwietnia 2016 r. (dalej: RODO), pe\u0142ni\u0105cego jednocze\u015bnie rol\u0119 Instytucji Po\u015brednicz\u0105cej w rozumieniu ustawy z dnia 28 kwietnia 2022 r. o zasadach realizacji zada\u0144 finansowanych ze \u015brodk\u00f3w europejskich w perspektywie finansowej 2021 \u2013 2027 (dalej: Ustawa)<\/p>\n\n\n\n<p>OPI PIB zgodnie z postanowieniami porozumienia zawartego z Ministrem Funduszy i Polityki Regionalnej (dalej: Instytucja Zarz\u0105dzaj\u0105ca) realizuje zadania przypisane mu jako Instytucji Po\u015brednicz\u0105cej zwi\u0105zane z Programem Fundusze Europejskie dla Nowoczesnej Gospodarki 2021 &#8211; 2027 &nbsp;\u2013 Badawcza Infrastruktura Nowoczesnej Gospodarki (dalej: Programem).<\/p>\n\n\n\n<p>Zadania te obejmuj\u0105 swoim zakresem w szczeg\u00f3lno\u015bci realizacj\u0119 takich proces\u00f3w jak:<\/p>\n\n\n\n<ol class=\"wp-block-list\">\n<li>nab\u00f3r i ocena Projekt\u00f3w,<\/li>\n\n\n\n<li>nab\u00f3r i prowadzenie wykazu ekspert\u00f3w uczestnicz\u0105cych w procesie oceny i wyboru Projekt\u00f3w,<\/li>\n\n\n\n<li>udzielanie wsparcia beneficjentom,<\/li>\n\n\n\n<li>raportowanie o nieprawid\u0142owo\u015bciach,<\/li>\n\n\n\n<li>ewaluacja, kontrola, audyt, sprawozdawczo\u015b\u0107 realizowanych Projekt\u00f3w<\/li>\n\n\n\n<li>dzia\u0142alno\u015b\u0107 informacyjno-promocyjna.<\/li>\n<\/ol>\n\n\n\n<p>W zwi\u0105zku z realizacj\u0105 tych zada\u0144 OPI PIB b\u0119dzie przetwarza\u0107 dane osobowe os\u00f3b fizycznych sk\u0142adaj\u0105cych wnioski na dofinansowanie Projekt\u00f3w w imieniu beneficjent\u00f3w, reprezentant\u00f3w lub pe\u0142nomocnik\u00f3w beneficjent\u00f3w, dane ekspert\u00f3w, pracownik\u00f3w OPI PIB zaanga\u017cowanych w obs\u0142ug\u0119 proces\u00f3w zwi\u0105zanych z Projektami, dane pracownik\u00f3w, wykonawc\u00f3w i podwykonawc\u00f3w beneficjent\u00f3w zaanga\u017cowanych w realizacj\u0119 Projekt\u00f3w, podmiot\u00f3w wykonuj\u0105cych zlecone przez OPI PIB czynno\u015bci kontrolne, audytowe, ewaluacyjne, pozosta\u0142ych os\u00f3b zaanga\u017cowanych w realizacj\u0119 Programu.<\/p>\n\n\n\n<p>Dane osobowe b\u0119d\u0105 przetwarzane dla cel\u00f3w wynikaj\u0105cych z umowy zawartej z Ministrem Funduszy<br>i Polityki Regionalnej w sprawie powierzenia zada\u0144 zwi\u0105zanych z realizacj\u0105 Programu Fundusze Europejskie dla Nowoczesnej Gospodarki 2021\u20132027 i przypisanych OPI PIB jako Instytucji Po\u015brednicz\u0105cej oraz Ustawy.<\/p>\n\n\n\n<p>Podstaw\u0105 przetwarzania danych osobowych b\u0119dzie odpowiednio: art. 6 ust. 1 lit. c) RODO (przetwarzanie jest niezb\u0119dne do wype\u0142nienia obowi\u0105zk\u00f3w ci\u0105\u017c\u0105cych na administratorze w zwi\u0105zku<br>z ustaw\u0105&nbsp; o zasadach realizacji zada\u0144 finansowanych ze \u015brodk\u00f3w europejskich w perspektywie finansowej 2021\u20132027 oraz innymi aktami prawnymi), art. 6 ust. 1 lit. f) RODO (uzasadniony interes administratora przejawiaj\u0105cy si\u0119 w konieczno\u015bci prawid\u0142owego wykonywania obowi\u0105zk\u00f3w wynikaj\u0105cych z wymienionej wy\u017cej ustawy oraz innych akt\u00f3w prawnych), art. 6 ust. 1 lit. a) RODO (zgoda podmiotu danych), art. 6 ust. 1 lit. b) RODO (w zwi\u0105zku z zawartymi umowami dotycz\u0105cymi realizacji Projekt\u00f3w), art. 6 ust. 1 lit. e) RODO (przetwarzanie jest niezb\u0119dne do wykonania zadania realizowanego w&nbsp;interesie publicznym tj. m.in. zapewnienie prawid\u0142owej realizacji inwestycji\/ przedsi\u0119wzi\u0119cia, prawid\u0142owe wykorzystywanie \u015brodk\u00f3w finansowych).<\/p>\n\n\n\n<p>Szczeg\u00f3\u0142owe informacje na temat przetwarzania danych osobowych os\u00f3b fizycznych, w szczeg\u00f3lno\u015bci cel\u00f3w przetwarzania, podstaw prawnych, realizacji przys\u0142uguj\u0105cych praw osobom kt\u00f3rych dane dotycz\u0105, znajduj\u0105 si\u0119 w &nbsp;odpowiednich klauzulach informacyjnych udost\u0119pnianych tym osobom na odr\u0119bnych stronach zwi\u0105zanych z Programem (min. dedykowanych dla zg\u0142aszania Projekt\u00f3w, oceny ekspert\u00f3w) lub przekazywanych im bezpo\u015brednio w zwi\u0105zku z pozyskiwaniem ich danych osobowych.<\/p>\n\n\n\n<h3 class=\"wp-block-heading\">Administrator danych<\/h3>\n\n\n\n<p>Administratorem danych w rozumieniu art. 4 pkt 7) RODO przetwarzanych w zwi\u0105zku z realizacj\u0105 cel\u00f3w wskazanych powy\u017cej jest O\u015brodek Przetwarzania Informacji \u2013 Pa\u0144stwowy Instytut Badawczy z siedzib\u0105<br>w Warszawie przy al. Niepodleg\u0142o\u015bci 188b.<\/p>\n\n\n\n<p>Kontakt do administratora danych realizowany jest za po\u015brednictwem poczty elektronicznej pod adresem e-mail: <a href=\"mailto:opi@opi.org.pl\">opi@opi.org.pl<\/a>, lub telefonicznie: 22 570 14 00 lub korespondencyjnie na adres O\u015brodka Przetwarzania Informacji \u2013 Pa\u0144stwowego Instytutu Badawczego, Al. Niepodleg\u0142o\u015bci 188b, 00-608 Warszawa.<\/p>\n\n\n\n<h3 class=\"wp-block-heading\">Inspektor ochrony danych<\/h3>\n\n\n\n<p>OPI PIB wyznaczy\u0142 Inspektora ochrony danych. Kontakt z inspektorem w sprawach dotycz\u0105cych przetwarzania danych osobowych lub realizacji praw os\u00f3b kt\u00f3rych dane dotycz\u0105 realizowany jest za po\u015brednictwem adresu e-mail <a href=\"mailto:iod@opi.org.pl\">iod@opi.org.pl<\/a> lub korespondencyjnie na adres O\u015brodka Przetwarzania Informacji \u2013 Pa\u0144stwowego Instytutu Badawczego, Al. Niepodleg\u0142o\u015bci 188b, 00-608 Warszawa,<br>z dopiskiem \u201eIOD\u201d.<\/p>\n\n\n\n<h3 class=\"wp-block-heading\">Przepisy prawa, podstawy przetwarzania danych<\/h3>\n\n\n\n<p>W ka\u017cdym przypadku, w kt\u00f3rym OPI PIB przetwarza dane osobowe, o kt\u00f3rych mowa w niniejszej polityce i celach w niej wskazanych uwzgl\u0119dnia si\u0119 postanowienia nast\u0119puj\u0105cych dokument\u00f3w i akt\u00f3w prawnych:<\/p>\n\n\n\n<ol class=\"wp-block-list\">\n<li>rozporz\u0105dzenia Parlamentu Europejskiego i Rady (UE) 2016\/679 z dnia 27 kwietnia 2016 r. w sprawie ochrony os\u00f3b fizycznych w zwi\u0105zku z przetwarzaniem danych osobowych i w sprawie swobodnego przep\u0142ywu takich danych oraz uchylenia dyrektywy 95\/46\/WE (og\u00f3lne rozporz\u0105dzenie o ochronie danych) (Dz.Urz.UE.L Nr 119, str. 1) \u2013 w niniejszym dokumencie jako \u201eRODO\u201d,<\/li>\n\n\n\n<li>ustawy z dnia 10 maja 2018 r. o ochronie danych osobowych (Dz.U. z 2018 r., poz. 1000),<\/li>\n\n\n\n<li>ustawy z dnia 16 lipca 2004 r. \u2013 Prawo telekomunikacyjne (tj. Dz.U. z 2022 r., poz. 1648 ze zm.) \u2013 w niniejszym dokumencie jako \u201ePT\u201d,<\/li>\n\n\n\n<li>ustawy z dnia z dnia 28 kwietnia 2022 r. o zasadach realizacji zada\u0144 finansowanych ze \u015brodk\u00f3w europejskich w perspektywie finansowej 2021\u20132027 (Dz. U. 2022 poz.1079),<\/li>\n\n\n\n<li>Programu Fundusze Europejskie dla Nowoczesnej Gospodarki 2021\u20132027, zwanego dalej \u201eFENG\u201d,<\/li>\n\n\n\n<li>Wytycznych ministra w\u0142a\u015bciwego do spraw rozwoju regionalnego wydanych na podstawie art. 5 ustawy o kt\u00f3rej mowa w pkt. 4;<\/li>\n\n\n\n<li>rozporz\u0105dzenia Parlamentu Europejskiego i Rady (UE) nr 2021\/1060 z dnia 24 czerwca 2021 r. ustanawiaj\u0105cego wsp\u00f3lne przepisy dotycz\u0105ce Europejskiego Funduszu Rozwoju Regionalnego, Europejskiego Funduszu Spo\u0142ecznego Plus, Funduszu Sp\u00f3jno\u015bci, Funduszu na rzecz Sprawiedliwej Transformacji i Europejskiego Funduszu Morskiego, Rybackiego i Akwakultury, a tak\u017ce przepisy finansowe na potrzeby tych funduszy oraz na potrzeby Funduszu Azylu, Migracji i Integracji, Funduszu Bezpiecze\u0144stwa Wewn\u0119trznego i Instrumentu Wsparcia Finansowego na rzecz Zarz\u0105dzania Granicami i Polityki Wizowej (Dz. Urz. UE L 231 z 30.06.2021, str. 159) zwanego dalej: \u201erozporz\u0105dzeniem og\u00f3lnym\u201d;<\/li>\n\n\n\n<li>rozporz\u0105dzenia Parlamentu Europejskiego i Rady (UE) nr 2021\/1058 z dnia 24 czerwca 2021 r. w sprawie Europejskiego Funduszu Rozwoju Regionalnego i Funduszu Sp\u00f3jno\u015bci (Dz. Urz. UE L 231 z 30.06.2021, str. 60);<\/li>\n<\/ol>\n\n\n\n<h3 class=\"wp-block-heading\">Kategorie danych osobowych<\/h3>\n\n\n\n<p>W zale\u017cno\u015bci od roli poszczeg\u00f3lnych os\u00f3b fizycznych w procesie wykonywania zada\u0144 Instytucji Po\u015brednicz\u0105cej OPI PIB b\u0119dzie przetwarza\u0142 nast\u0119puj\u0105ce kategorie danych:<\/p>\n\n\n\n<ol class=\"wp-block-list\" style=\"list-style-type:lower-alpha\">\n<li>dane identyfikacyjne,<\/li>\n\n\n\n<li>dane kontaktowe,<\/li>\n\n\n\n<li>dane dotycz\u0105ce stosunku pracy,<\/li>\n\n\n\n<li>dane o charakterze finansowym,<\/li>\n\n\n\n<li>dane zbierane w celu realizacji obowi\u0105zk\u00f3w sprawozdawczych.<\/li>\n<\/ol>\n\n\n\n<h3 class=\"wp-block-heading\">Odbiorcy danych osobowych<\/h3>\n\n\n\n<p>W procesie wykonywania zada\u0144 Instytucji Po\u015brednicz\u0105cej dane osobowe b\u0119d\u0105 mog\u0142y by\u0107 udost\u0119pniane lub powierzane Ministrowi Funduszy i Polityki Regionalnej, organom administracji publicznej, organom Unii Europejskiej, podmiotom, kt\u00f3rym OPI PIB zleci\u0142o \u015bwiadczenie us\u0142ug w ramach realizacji zada\u0144 zwi\u0105zanych z Programem, podmiotom uprawnionym do kontroli zada\u0144 powierzonych OPI PIB.<\/p>\n\n\n\n<h3 class=\"wp-block-heading\">Okres przetwarzania danych osobowych<\/h3>\n\n\n\n<p>Zgodnie z zapisami porozumienia zawartego z Ministrem Funduszy i Polityki Regionalnej w procesie wykonywania zada\u0144 Instytucji Po\u015brednicz\u0105cej dane osobowe mog\u0105 by\u0107 przetwarzane we wskazanych poni\u017cej okresach.<\/p>\n\n\n\n<p>W okresie 5 lat, licz\u0105c od dnia 31 grudnia roku, w kt\u00f3rym Instytucja Zarz\u0105dzaj\u0105ca dokona\u0142a ostatniej p\u0142atno\u015bci na rzecz beneficjenta, Instytucja Po\u015brednicz\u0105ca zapewnia dost\u0119pno\u015b\u0107 dokument\u00f3w zwi\u0105zanych z realizacj\u0105 Priorytet\u00f3w FENG oraz dost\u0119p do tych dokument\u00f3w osobom lub organom, maj\u0105c na wzgl\u0119dzie art. 82 rozporz\u0105dzenia og\u00f3lnego. Instytucja Po\u015brednicz\u0105ca zobowi\u0105zuje si\u0119 przechowywa\u0107 dokumenty dotycz\u0105ce udzielonej pomocy publicznej przez okres 10 lat od dnia przyznania ostatniej pomocy w ramach programu pomocy, w spos\u00f3b zapewniaj\u0105cy ich poufno\u015b\u0107 i bezpiecze\u0144stwo gromadzonych danych.<\/p>\n\n\n\n<p>Dane osobowe przetwarzane w zwi\u0105zku z korzystaniem ze Strony b\u0119d\u0105 przetwarzane przez czas, jaki jest niezb\u0119dny do zrealizowania cel\u00f3w, w kt\u00f3rych dane zosta\u0142y zebrane.<\/p>\n\n\n\n<h3 class=\"wp-block-heading\">Prawa os\u00f3b, kt\u00f3rych dane dotycz\u0105<\/h3>\n\n\n\n<p>Osoba, kt\u00f3rej dane osobowe mog\u0105 by\u0107 przetwarzane przez OPI PIB, z zastrze\u017ceniem wyj\u0105tk\u00f3w przewidzianych przepisami prawa, ma prawo wnie\u015b\u0107 \u017c\u0105danie dotycz\u0105ce:<\/p>\n\n\n\n<ol class=\"wp-block-list\" style=\"list-style-type:lower-alpha\">\n<li><strong>dost\u0119pu do danych, <\/strong>tj. osobama prawo do otrzymania od Administratora potwierdzenia, czy jej dane osobowe s\u0105 przetwarzane przez Administratora, w jakim celu, w jaki spos\u00f3b i jak d\u0142ugo,<\/li>\n\n\n\n<li><strong>sprostowania<\/strong> nieaktualnych lub niedok\u0142adnych danych osobowych, a tak\u017ce prawo do ich uzupe\u0142nienia w przypadku, gdy s\u0105 niekompletne,<\/li>\n\n\n\n<li><strong>sprzeciwu <\/strong>wobec przetwarzania danych osobowych. W\u00f3wczas w razie sprzeciwu Administrator zaprzestanie przetwarzania danych, chyba \u017ce wyka\u017ce istnienie istotnych, prawnie uzasadnionych podstaw do przetwarzania, kt\u00f3re obiektywnie powinny mie\u0107 pierwsze\u0144stwo nad interesem osoby, kt\u00f3rej dane dotycz\u0105 lub s\u0105 niezb\u0119dne do ustalenia, dochodzenia lub obrony roszcze\u0144 (np. cele dowodowe b\u0105d\u017a dochodzenie roszcze\u0144),<\/li>\n\n\n\n<li><strong>usuni\u0119cia danych osobowych (\u201eprawo do bycia zapomnianym\u201d).<\/strong> Polega to, co do zasady, na \u017c\u0105daniu od administratora niezw\u0142ocznego usuni\u0119cia dotycz\u0105cych danych osobowych wnioskodawcy zgodnie z art. 17 RODO; istniej\u0105 jednak wyj\u0105tki od tego prawa (w szczeg\u00f3lno\u015bci do cel\u00f3w ustalenia, dochodzenia lub obrony roszcze\u0144),<\/li>\n\n\n\n<li><strong>ograniczenia przetwarzania danych osobowych<\/strong>, co w wymiarze praktycznym mo\u017ce polega\u0107 na czasowym zablokowaniu dost\u0119pu do danych czy przeniesieniu danych do innego systemu,<\/li>\n\n\n\n<li><strong>wycofania zgody<\/strong> na przetwarzanie danych osobowych w dowolnym momencie, je\u015bli zgoda jest podstaw\u0105 prawn\u0105 przetwarzania danych<\/li>\n<\/ol>\n\n\n\n<p>Wnioski dotycz\u0105ce przetwarzanych danych osobowych, w tym dotycz\u0105ce realizacji przys\u0142uguj\u0105cych praw, mo\u017cna przesy\u0142a\u0107 mailowo na adres: <a href=\"mailto:opi@opi.org.pl\">opi@opi.org.pl<\/a> lub <a href=\"mailto:iod@opi.org.pl\">iod@opi.org.pl<\/a>, lub pisemnie na adres: <strong>O\u015brodek Przetwarzania Informacji \u2013 Pa\u0144stwowy Instytut Badawczy, al. Niepodleg\u0142o\u015bci 188b, 00-608 Warszawa.<\/strong><\/p>\n\n\n\n<p>Odpowiedzi na wnioski b\u0119d\u0105 realizowane bez zb\u0119dnej zw\u0142oki, nie p\u00f3\u017aniej jednak ni\u017c w ci\u0105gu 30 dni liczonych od momentu otrzymania wniosku. Termin ten mo\u017ce ulec przed\u0142u\u017ceniu z uwagi na skomplikowany charakter \u017c\u0105dania lub liczb\u0119 \u017c\u0105da\u0144 o kolejne dwa miesi\u0105ce, o czym wnioskodawca zostanie poinformowany.<\/p>\n\n\n\n<p>Wnioski powinny zawiera\u0107 imi\u0119 i nazwisko osoby wnioskuj\u0105cej oraz dane kontaktowe (numer telefonu lub adres e-mail, w przypadku wniosk\u00f3w pisemnych tak\u017ce adres do korespondencji). W celu realizacji niekt\u00f3rych wniosk\u00f3w Administrator mo\u017ce za\u017c\u0105da\u0107 dodatkowych informacji, by potwierdzi\u0107 to\u017csamo\u015b\u0107 wnioskodawcy.<\/p>\n\n\n\n<p>Ka\u017cda z os\u00f3b, kt\u00f3rej dane osobowe dotycz\u0105 ma r\u00f3wnie\u017c prawo do<strong> z\u0142o\u017cenia skargi do <\/strong>Prezesa Urz\u0119du Ochrony Danych Osobowych, z siedzib\u0105 w Warszawie przy ul. Stawki 2.<\/p>\n\n\n\n<h3 class=\"wp-block-heading\">Przekazywanie danych do pa\u0144stw trzecich i organizacji mi\u0119dzynarodowych<\/h3>\n\n\n\n<p>Dane osobowe nie b\u0119d\u0105 przekazywane do pa\u0144stwa trzeciego lub organizacji mi\u0119dzynarodowej innej ni\u017c Unia Europejska.<\/p>\n\n\n\n<h3 class=\"wp-block-heading\">Przetwarzanie danych osobowych automatycznie (w tym poprzez profilowanie)<\/h3>\n\n\n\n<p>Dane osobowe nie b\u0119d\u0105 podlega\u0142y zautomatyzowanemu podejmowaniu decyzji, w tym w oparciu o profilowanie.&nbsp;<\/p>\n\n\n\n<h3 class=\"wp-block-heading\">Bezpiecze\u0144stwo danych osobowych<\/h3>\n\n\n\n<p>Administrator podejmuje techniczne i organizacyjne \u015brodki s\u0142u\u017c\u0105ce ochronie danych osobowych przed bezprawnym czy nieautoryzowanym dost\u0119pem lub wykorzystaniem, jak r\u00f3wnie\u017c przed przypadkowym ich zniszczeniem, utrat\u0105 lub naruszeniem integralno\u015bci. Zasada zapewnienia bezpiecze\u0144stwa realizowana jest na ka\u017cdym etapie wykonywania dzia\u0142alno\u015bci Administratora. Procedury bezpiecze\u0144stwa obejmuj\u0105 w szczeg\u00f3lno\u015bci: zabezpieczenie dost\u0119pu, system kopii zapasowych, monitowanie, przegl\u0105d i utrzymanie, zarz\u0105dzanie incydentami bezpiecze\u0144stwa.<\/p>\n\n\n\n<p>W ramach zapewniania bezpiecze\u0144stwa przetwarzanych danych osobowych administrator zobowi\u0105zuje si\u0119 do uwzgl\u0119dnienia:<\/p>\n\n\n\n<ol class=\"wp-block-list\" style=\"list-style-type:lower-alpha\">\n<li>poufno\u015bci \u2013 tj. ochrony danych przed przypadkowym ujawnieniem osobom trzecim,<\/li>\n\n\n\n<li>integralno\u015bci \u2013 tj. ochrony danych przed nieuprawnion\u0105 modyfikacj\u0105,<\/li>\n\n\n\n<li>dost\u0119pno\u015bci \u2013 tj. zapewnienia dost\u0119pu upowa\u017cnionych os\u00f3b do danych, je\u017celi wyst\u0105pi taka potrzeba.<\/li>\n<\/ol>\n\n\n\n<p>Dane osobowe mog\u0105 by\u0107 przetwarzane przez osoby trzecie jedynie w przypadku, gdy taki podmiot zobowi\u0105\u017ce si\u0119 do zapewnienia w\u0142a\u015bciwych technicznych i organizacyjnych \u015brodk\u00f3w gwarantuj\u0105cych zapewnienie bezpiecze\u0144stwa przetwarzania danych osobowych, jak r\u00f3wnie\u017c do zachowania poufno\u015bci tych danych. Ka\u017cdy pracownik administratora maj\u0105cy dost\u0119p do danych osobowych dysponuje odpowiednim upowa\u017cnieniem i jest zobowi\u0105zany do zachowania ich w tajemnicy.<\/p>\n\n\n\n<h3 class=\"wp-block-heading\">Informacje dotycz\u0105ce pozyskiwania danych za po\u015brednictwem Strony internetowej<\/h3>\n\n\n\n<p>Strona internetowa (dalej: Strona) ma na celu dostarczanie informacji na temat dzia\u0142ania Programu Fundusze Europejskie dla Nowoczesnej Gospodarki 2021 &#8211; 2027 &nbsp;\u2013 Badawcza Infrastruktura Nowoczesnej Gospodarki.<\/p>\n\n\n\n<p>Za po\u015brednictwem Strony publikowane s\u0105 informacje m.in. o celach programu, obszarach jego wsparcia, beneficjentach oraz prowadzonych naborach.<\/p>\n\n\n\n<h3 class=\"wp-block-heading\">Za\u0142o\u017ceniem dzia\u0142ania Strony nie jest pozyskiwanie danych osobowych, jednak\u017ce gdyby, w zwi\u0105zku z korzystaniem z niej zosta\u0142y pozyskane od u\u017cytkownika informacje kt\u00f3re stanowi\u0107 b\u0119d\u0105 dane osobowe, to b\u0119d\u0105 to wy\u0142\u0105cznie informacje zwi\u0105zane z urz\u0105dzeniami za pomoc\u0105 kt\u00f3rych u\u017cytkownik korzysta ze Strony lub stosowanymi przegl\u0105darkami lub adresy IP jakimi u\u017cytkownik pos\u0142uguje si\u0119 przegl\u0105daj\u0105c Stron\u0119.&nbsp;<\/h3>\n\n\n\n<p>Dane zbierane s\u0105 r\u00f3wnie\u017c automatycznie w zakresie danych zawartych w plikach cookies.<\/p>\n\n\n\n<p>Informacja na temat rodzaju plik\u00f3w dost\u0119pna jest w za\u0142\u0105czniku poni\u017cej.<\/p>\n\n\n\n<h3 class=\"wp-block-heading\">Pliki cookies<\/h3>\n\n\n\n<p>Pliki cookies to ma\u0142e pliki tekstowe instalowane na urz\u0105dzeniu u\u017cytkownika przegl\u0105daj\u0105cego Stron\u0119. Cookies zbieraj\u0105 informacje u\u0142atwiaj\u0105ce korzystanie ze strony internetowej \u2013 np. poprzez zapami\u0119tywanie odwiedzin Strony przez u\u017cytkownika &nbsp;i dokonywanych przez niego czynno\u015bci.<\/p>\n\n\n\n<p>Pliki cookies (tzw. \u201eciasteczka\u201d) stanowi\u0105 dane informatyczne, w szczeg\u00f3lno\u015bci pliki tekstowe, kt\u00f3re przechowywane s\u0105 w urz\u0105dzeniu ko\u0144cowym u\u017cytkownika Strony i przeznaczone s\u0105 do korzystania ze stron internetowych Strony. Cookies zazwyczaj zawieraj\u0105 nazw\u0119 strony internetowej, z kt\u00f3rej pochodz\u0105, czas przechowywania ich na urz\u0105dzeniu ko\u0144cowym oraz unikalny numer.<\/p>\n\n\n\n<h3 class=\"wp-block-heading\">Wykorzystywanie danych<\/h3>\n\n\n\n<p>Administrator wykorzystuje tzw. cookie w celu niezb\u0119dnym dla prawid\u0142owego dzia\u0142ania Strony.<\/p>\n\n\n\n<p>W zwi\u0105zku z tym administrator korzysta z plik\u00f3w cookies, przechowuj\u0105c informacje w telekomunikacyjnym urz\u0105dzeniu ko\u0144cowym u\u017cytkownika (komputer, telefon, tablet itp.).<\/p>\n\n\n\n<p>Zbierane dane nie s\u0105 kojarzone z&nbsp;konkretnymi osobami przegl\u0105daj\u0105cymi Strony, nie s\u0105 \u0142\u0105czone z innymi danymi i nie s\u0105 przetwarzane jako dane osobowe.<\/p>\n\n\n\n<p>W ramach Strony stosowane s\u0105 pliki cookies \u201esesyjne\u201d (session cookies), kt\u00f3re s\u0105 plikami tymczasowymi i przechowywane s\u0105 w urz\u0105dzeniu ko\u0144cowym u\u017cytkownika do czasu opuszczenia Strony internetowej lub wy\u0142\u0105czenia oprogramowania (przegl\u0105darki internetowej).<\/p>\n\n\n\n<p>Pliki Cookies stosowane na Stronie nie przechowuj\u0105 \u017cadnych danych osobowych.<\/p>\n\n\n\n<h3 class=\"wp-block-heading\">Wy\u0142\u0105czenie plik\u00f3w cookies<\/h3>\n\n\n\n<p>U\u017cytkownicy Strony mog\u0105 dokona\u0107 w ka\u017cdym czasie zmiany ustawie\u0144 dotycz\u0105cych plik\u00f3w cookies. Szczeg\u00f3\u0142owe informacje o mo\u017cliwo\u015bci i sposobach obs\u0142ugi plik\u00f3w cookies dost\u0119pne s\u0105 w ustawieniach oprogramowania (przegl\u0105darki internetowej) m.in. pod adresami:<\/p>\n\n\n\n<ol class=\"wp-block-list\" style=\"list-style-type:lower-alpha\">\n<li>Google Chrome:\u00a0<a href=\"http:\/\/support.google.com\/chrome\/bin\/answer.py?hl=pl&amp;answer=95647\" class=\"external\">http:\/\/support.google.com\/chrome\/bin\/answer.py?hl=pl&amp;answer=95647<\/a><\/li>\n\n\n\n<li>Mozilla Firefox:\u00a0<a href=\"http:\/\/support.mozilla.org\/pl\/kb\/usuwanie-ciasteczek\" class=\"external\">http:\/\/support.mozilla.org\/pl\/kb\/usuwanie-ciasteczek,<\/a><\/li>\n\n\n\n<li>Microsoft Internet Explorer:&nbsp;<a href=\"http:\/\/support.microsoft.com\/kb\/278835\/pl\" class=\"external\">http:\/\/support.microsoft.com\/kb\/278835\/pl<\/a>,<\/li>\n<\/ol>\n\n\n\n<p>Administrator informuje, \u017ce ograniczenia stosowania plik\u00f3w cookies mog\u0105 wp\u0142yn\u0105\u0107 na niekt\u00f3re funkcjonalno\u015bci dost\u0119pne w ramach Strony.<\/p>\n\n\n\n<p><strong>Odno\u015bniki do innych stron<\/strong><\/p>\n\n\n\n<p>Strona zawiera odno\u015bniki do innych stron WWW. Nie mo\u017cemy ponosi\u0107 odpowiedzialno\u015bci za zasady zachowania prywatno\u015bci obowi\u0105zuj\u0105ce na tych stronach. Namawiamy, by po przej\u015bciu na inne strony, zapozna\u0107 si\u0119 z&nbsp;polityka prywatno\u015bci tam ustalon\u0105.<\/p>\n\n\n\n<h3 class=\"wp-block-heading\">&nbsp;Zmiany w Polityce prywatno\u015bci<\/h3>\n\n\n\n<p>Administrator zastrzega sobie prawo do wprowadzania zmian w niniejszej Polityce, co mo\u017ce wynika\u0107 z potrzeby dostosowania do zmian w przepisach prawa czy obowi\u0105zuj\u0105cych standard\u00f3w prywatno\u015bci. W zwi\u0105zku z tym, o wszelkich zmianach Administrator b\u0119dzie informowa\u0142 stosownym komunikatem na Stronie.<\/p>\n\n\n\n<hr class=\"wp-block-separator has-alpha-channel-opacity\"\/>\n\n\n\n<p><a id=\"_msocom_1\"><\/a><\/p>\n\n\n\n<p><\/p>\n","protected":false},"excerpt":{"rendered":"<p>Postanowienia og\u00f3lne Polityka prywatno\u015bci jest dokumentem zawieraj\u0105cym og\u00f3lne informacje dotycz\u0105ce przetwarzania przez O\u015brodek Przetwarzania Informacji \u2013 Pa\u0144stwowy Instytut Badawczy z siedzib\u0105 w Warszawie (dalej: OPI PIB) danych osobowych os\u00f3b fizycznych, jako administratora danych w rozumieniu art. 4 pkt 7) Rozporz\u0105dzenia UE 2016\/679 z dnia 27 kwietnia 2016 r. (dalej: RODO), pe\u0142ni\u0105cego jednocze\u015bnie rol\u0119 Instytucji Po\u015brednicz\u0105cej&hellip;<\/p>\n","protected":false},"author":2,"featured_media":0,"parent":0,"menu_order":0,"comment_status":"closed","ping_status":"open","template":"","meta":{"footnotes":"","_links_to":"","_links_to_target":""},"class_list":["post-15","page","type-page","status-publish","hentry"],"_links":{"self":[{"href":"https:\/\/opi.org.pl\/feng\/wp-json\/wp\/v2\/pages\/15","targetHints":{"allow":["GET"]}}],"collection":[{"href":"https:\/\/opi.org.pl\/feng\/wp-json\/wp\/v2\/pages"}],"about":[{"href":"https:\/\/opi.org.pl\/feng\/wp-json\/wp\/v2\/types\/page"}],"author":[{"embeddable":true,"href":"https:\/\/opi.org.pl\/feng\/wp-json\/wp\/v2\/users\/2"}],"replies":[{"embeddable":true,"href":"https:\/\/opi.org.pl\/feng\/wp-json\/wp\/v2\/comments?post=15"}],"version-history":[{"count":2,"href":"https:\/\/opi.org.pl\/feng\/wp-json\/wp\/v2\/pages\/15\/revisions"}],"predecessor-version":[{"id":480,"href":"https:\/\/opi.org.pl\/feng\/wp-json\/wp\/v2\/pages\/15\/revisions\/480"}],"wp:attachment":[{"href":"https:\/\/opi.org.pl\/feng\/wp-json\/wp\/v2\/media?parent=15"}],"curies":[{"name":"wp","href":"https:\/\/api.w.org\/{rel}","templated":true}]}}