{"id":143,"date":"2024-01-24T07:59:26","date_gmt":"2024-01-24T07:59:26","guid":{"rendered":"https:\/\/feng.test\/?page_id=143"},"modified":"2025-07-07T13:13:04","modified_gmt":"2025-07-07T11:13:04","slug":"kontakt","status":"publish","type":"page","link":"https:\/\/opi.org.pl\/feng\/kontakt\/","title":{"rendered":"Kontakt"},"content":{"rendered":"\n<h3 class=\"wp-block-heading\">O\u015brodek Przetwarzania Informacji \u2013 Pa\u0144stwowy Instytut Badawczy<br>Instytucja Po\u015brednicz\u0105ca dla Dzia\u0142ania 2.4 FENG \u2013 Badawcza Infrastruktura Nowoczesnej Gospodarki<\/h3>\n\n\n\n<p>al. Niepodleg\u0142o\u015bci 188 b<br>00-608 Warszawa<\/p>\n\n\n\n<p>E-mail: <a href=\"mailto:feng@opi.org.pl\">feng@opi.org.pl<\/a><br>Prosimy o zadawanie szczeg\u00f3\u0142owych pyta\u0144 do dokumentacji konkursowych poprzez email (ze wskazaniem konkursu), co pozwoli na uzyskanie precyzyjnych odpowiedzi i pomo\u017ce nam w opracowaniu sekcji FAQ s\u0142u\u017c\u0105cej wszystkim Wnioskodawcom. Dzi\u0119kujemy!<\/p>\n\n\n\n<p>Infolinia: 503 578 025&nbsp;<\/p>\n\n\n\n<div style=\"height:22px\" aria-hidden=\"true\" class=\"wp-block-spacer\"><\/div>\n\n\n\n<p><strong>Punkty Informacyjne Funduszy Europejskich<\/strong> udzielaj\u0105 informacji o dost\u0119pnych formach dofinansowania. Znajd\u017a <a href=\"https:\/\/www.funduszeeuropejskie.gov.pl\/strony\/o-funduszach\/punkty\/#\/\" data-type=\"link\" data-id=\"https:\/\/www.funduszeeuropejskie.gov.pl\/strony\/o-funduszach\/punkty\/#\/\" class=\"external\">punkt<\/a> w swoim regionie! <\/p>\n\n\n\n<p>Informacje o wszystkich sieciach, programach i punktach kontaktowych Unii Europejskiej w Polsce znajdziecie Pa\u0144stwo w <a href=\"https:\/\/opi.org.pl\/feng\/wp-content\/uploads\/2025\/07\/Broszuta-kontakty-UE-2025.pdf\" target=\"_blank\" rel=\"noreferrer noopener\">praktycznej broszurze wydanej w 2025 roku<\/a>.<\/p>\n\n\n\n<p><br>Polecamy tak\u017ce uwadze naszych beneficjent\u00f3w i wsp\u00f3\u0142pracuj\u0105cych z nimi przedsi\u0119biorstw nast\u0119puj\u0105ce bezp\u0142atne us\u0142ugi:<\/p>\n\n\n\n<ul class=\"wp-block-list\">\n<li><strong>Innopoint<\/strong>, gdzie otrzymasz szczeg\u00f3\u0142owe informacje o r\u00f3\u017cnych formach wsparcia z FENG dla firm.&nbsp;Innopoint sk\u0142ada si\u0119 z <a href=\"https:\/\/www.nowoczesnagospodarka.gov.pl\/strony\/ankieta-potrzeb-przedsiebiorcy\/\" class=\"external\">Ankiety potrzeb przedsi\u0119biorcy<\/a>, kt\u00f3ra dostarczy informacj\u0119 o instrumentach FENG dopasowanych do jego potrzeb, oraz z infolinii pod numerem <strong>22 262 99 95.<\/strong><\/li>\n\n\n\n<li><strong><a href=\"https:\/\/www.innovationcoach.pl\/zglos-firme\" class=\"external\">Innovation Coach<\/a>&nbsp;&#8211;<\/strong> doradztwo dla przedsi\u0119biorc\u00f3w, kt\u00f3rzy poszukuj\u0105 pomys\u0142\u00f3w na realizacj\u0119 innowacyjnych projekt\u00f3w oraz nie maj\u0105 do\u015bwiadczenia w pozyskiwaniu \u015brodk\u00f3w na dzia\u0142ania badawczo-rozwojowe.<\/li>\n\n\n\n<li><strong><a href=\"https:\/\/www.poir.gov.pl\/strony\/o-programie\/masz-pomysl-na-innowacyjny-projekt-skorzystaj-z-inicjatywy-step\/\" class=\"external\">STEP<\/a>&nbsp;<\/strong>czyli Wst\u0119pna Weryfikacja Pomys\u0142u na Projekt &#8211; doradztwo dla przedsi\u0119biorc\u00f3w, kt\u00f3rzy maj\u0105 pomys\u0142 na innowacyjny projekt, lecz nie wiedz\u0105, jak si\u0119gn\u0105\u0107 po Fundusze Europejskie, np. we wsp\u00f3\u0142pracy z jednostk\u0105 naukow\u0105.<\/li>\n<\/ul>\n","protected":false},"excerpt":{"rendered":"<p>O\u015brodek Przetwarzania Informacji \u2013 Pa\u0144stwowy Instytut BadawczyInstytucja Po\u015brednicz\u0105ca dla Dzia\u0142ania 2.4 FENG \u2013 Badawcza Infrastruktura Nowoczesnej Gospodarki al. Niepodleg\u0142o\u015bci 188 b00-608 Warszawa E-mail: feng@opi.org.plProsimy o zadawanie szczeg\u00f3\u0142owych pyta\u0144 do dokumentacji konkursowych poprzez email (ze wskazaniem konkursu), co pozwoli na uzyskanie precyzyjnych odpowiedzi i pomo\u017ce nam w opracowaniu sekcji FAQ s\u0142u\u017c\u0105cej wszystkim Wnioskodawcom. Dzi\u0119kujemy! Infolinia: 503&hellip;<\/p>\n","protected":false},"author":2,"featured_media":0,"parent":0,"menu_order":0,"comment_status":"closed","ping_status":"closed","template":"","meta":{"footnotes":"","_links_to":"","_links_to_target":""},"class_list":["post-143","page","type-page","status-publish","hentry"],"_links":{"self":[{"href":"https:\/\/opi.org.pl\/feng\/wp-json\/wp\/v2\/pages\/143","targetHints":{"allow":["GET"]}}],"collection":[{"href":"https:\/\/opi.org.pl\/feng\/wp-json\/wp\/v2\/pages"}],"about":[{"href":"https:\/\/opi.org.pl\/feng\/wp-json\/wp\/v2\/types\/page"}],"author":[{"embeddable":true,"href":"https:\/\/opi.org.pl\/feng\/wp-json\/wp\/v2\/users\/2"}],"replies":[{"embeddable":true,"href":"https:\/\/opi.org.pl\/feng\/wp-json\/wp\/v2\/comments?post=143"}],"version-history":[{"count":9,"href":"https:\/\/opi.org.pl\/feng\/wp-json\/wp\/v2\/pages\/143\/revisions"}],"predecessor-version":[{"id":1436,"href":"https:\/\/opi.org.pl\/feng\/wp-json\/wp\/v2\/pages\/143\/revisions\/1436"}],"wp:attachment":[{"href":"https:\/\/opi.org.pl\/feng\/wp-json\/wp\/v2\/media?parent=143"}],"curies":[{"name":"wp","href":"https:\/\/api.w.org\/{rel}","templated":true}]}}