{"id":1122,"date":"2025-01-27T13:43:56","date_gmt":"2025-01-27T13:43:56","guid":{"rendered":"https:\/\/opi.org.pl\/feng\/?page_id=1122"},"modified":"2026-03-16T12:51:56","modified_gmt":"2026-03-16T11:51:56","slug":"wykaz-ekspertow","status":"publish","type":"page","link":"https:\/\/opi.org.pl\/feng\/eksperci-2\/wykaz-ekspertow\/","title":{"rendered":"Wykaz Ekspert\u00f3w"},"content":{"rendered":"\n<p><a href=\"https:\/\/opi.org.pl\/feng\/wp-content\/uploads\/2026\/03\/PR-FENG-02_Z07-Wykaz-ekspertow-wybranych-przez-Kk-v7_16.03.2026.pdf\" target=\"_blank\" rel=\"noreferrer noopener\">Wykaz Ekspert\u00f3w OPI PIB<\/a> <a href=\"https:\/\/opi.org.pl\/feng\/wp-content\/uploads\/2025\/09\/PR-FENG-02_Z07-Wykaz-ekspertow-wybranych-przez-Kk-v7_26.09.2025.pdf\" target=\"_blank\" rel=\"noreferrer noopener\"><\/a>zosta\u0142 zaktualizowany 16 marca 2026 roku.<\/p>\n\n\n\n<p>Obszary specjalizacji eksperckich to: nauka, gospodarka, analiza finansowa i&nbsp;ekonomiczna, budownictwo oraz&nbsp;wycena wk\u0142adu niepieni\u0119\u017cnego.<\/p>\n\n\n\n<p>Nasi eksperci uczestnicz\u0105 w&nbsp;ocenie spe\u0142nienia kryteri\u00f3w wyboru projekt\u00f3w, rozpatrywaniu protest\u00f3w, opiniowaniu zmian w&nbsp;projektach na&nbsp;etapie realizacji umowy o&nbsp;dofinansowanie, uczestniczeniu w&nbsp;kontroli projekt\u00f3w oraz&nbsp;wykonywaniu innych dzia\u0142a\u0144 wymagaj\u0105cych zaanga\u017cowania Eksperta.<\/p>\n\n\n\n<p><\/p>\n","protected":false},"excerpt":{"rendered":"<p>Wykaz Ekspert\u00f3w OPI PIB zosta\u0142 zaktualizowany 16 marca 2026 roku. Obszary specjalizacji eksperckich to: nauka, gospodarka, analiza finansowa i&nbsp;ekonomiczna, budownictwo oraz&nbsp;wycena wk\u0142adu niepieni\u0119\u017cnego. Nasi eksperci uczestnicz\u0105 w&nbsp;ocenie spe\u0142nienia kryteri\u00f3w wyboru projekt\u00f3w, rozpatrywaniu protest\u00f3w, opiniowaniu zmian w&nbsp;projektach na&nbsp;etapie realizacji umowy o&nbsp;dofinansowanie, uczestniczeniu w&nbsp;kontroli projekt\u00f3w oraz&nbsp;wykonywaniu innych dzia\u0142a\u0144 wymagaj\u0105cych zaanga\u017cowania Eksperta.<\/p>\n","protected":false},"author":3,"featured_media":0,"parent":42,"menu_order":100,"comment_status":"closed","ping_status":"closed","template":"","meta":{"footnotes":"","_links_to":"","_links_to_target":""},"class_list":["post-1122","page","type-page","status-publish","hentry"],"_links":{"self":[{"href":"https:\/\/opi.org.pl\/feng\/wp-json\/wp\/v2\/pages\/1122","targetHints":{"allow":["GET"]}}],"collection":[{"href":"https:\/\/opi.org.pl\/feng\/wp-json\/wp\/v2\/pages"}],"about":[{"href":"https:\/\/opi.org.pl\/feng\/wp-json\/wp\/v2\/types\/page"}],"author":[{"embeddable":true,"href":"https:\/\/opi.org.pl\/feng\/wp-json\/wp\/v2\/users\/3"}],"replies":[{"embeddable":true,"href":"https:\/\/opi.org.pl\/feng\/wp-json\/wp\/v2\/comments?post=1122"}],"version-history":[{"count":13,"href":"https:\/\/opi.org.pl\/feng\/wp-json\/wp\/v2\/pages\/1122\/revisions"}],"predecessor-version":[{"id":1685,"href":"https:\/\/opi.org.pl\/feng\/wp-json\/wp\/v2\/pages\/1122\/revisions\/1685"}],"up":[{"embeddable":true,"href":"https:\/\/opi.org.pl\/feng\/wp-json\/wp\/v2\/pages\/42"}],"wp:attachment":[{"href":"https:\/\/opi.org.pl\/feng\/wp-json\/wp\/v2\/media?parent=1122"}],"curies":[{"name":"wp","href":"https:\/\/api.w.org\/{rel}","templated":true}]}}