{"id":1120,"date":"2025-01-27T13:41:32","date_gmt":"2025-01-27T13:41:32","guid":{"rendered":"https:\/\/opi.org.pl\/feng\/?page_id=1120"},"modified":"2025-01-28T12:52:54","modified_gmt":"2025-01-28T12:52:54","slug":"nabor-ekspertow-2024","status":"publish","type":"page","link":"https:\/\/opi.org.pl\/feng\/eksperci-2\/nabor-ekspertow-2024\/","title":{"rendered":"Nab\u00f3r Ekspert\u00f3w 2024"},"content":{"rendered":"\n<p><strong>O\u015aRODEK PRZETWARZANIA INFORMACJI \u2013 PA\u0143STWOWY INSTYTUT BADAWCZY (OPI PIB)<br><br>og\u0142asza nab\u00f3r na&nbsp;Ekspert\u00f3w OPI PIB<\/strong><br><strong>oceniaj\u0105cych wnioski o&nbsp;dofinansowanie w&nbsp;ramach Programu Fundusze Europejskie dla Nowoczesnej Gospodarki (FENG) 2021-2027, dzia\u0142anie 2.4 Badawcza Infrastruktura Nowoczesnej Gospodarki.<\/strong><\/p>\n\n\n\n<p>pocz\u0105tek naboru: 10.09.2024&nbsp;r., godz.&nbsp;13:00<br>koniec naboru: <strong>30.09.2024&nbsp;r., godz.&nbsp;16:00<\/strong> \u2013 nab\u00f3r zako\u0144czony<\/p>\n\n\n\n<p>Nab\u00f3r odbywa si\u0119 w&nbsp;Systemie Naboru Ekspert\u00f3w, w&nbsp;skr\u00f3cie <strong>SNE,<\/strong> dost\u0119pnym pod&nbsp;adresem<br><strong><u><a href=\"https:\/\/sne.opi.org.pl\" class=\"external\">https:\/\/sne.opi.org.pl<\/a><\/u><\/strong>.<br>Ka\u017cdy kandydat na&nbsp;Eksperta musi utworzy\u0107 swoje konto w&nbsp;systemie <strong>SNE<\/strong>.<\/p>\n\n\n\n<p><strong>Nab\u00f3r Ekspert\u00f3w dotyczy dziedzin: nauka, gospodarka, analiza finansowa i&nbsp;ekonomiczna, budownictwo, wycena wk\u0142adu niepieni\u0119\u017cnego.<\/strong><\/p>\n\n\n\n<p>Zach\u0119camy do&nbsp;zapoznania si\u0119 z&nbsp;<strong>zasadami naboru i&nbsp;k<\/strong><strong>ryteriami oceny<\/strong> os\u00f3b ubiegaj\u0105cych si\u0119 o&nbsp;status Eksperta. S\u0105&nbsp;one okre\u015blone w&nbsp;<strong>Regulaminie naboru Ekspert\u00f3w do&nbsp;programu Fundusze Europejskie dla Nowoczesnej Gospodarki (FENG) 2021-2027<\/strong> oraz&nbsp;w&nbsp;za\u0142\u0105cznikach do&nbsp;Regulaminu. Regulamin wraz z&nbsp;za\u0142\u0105cznikami publikujemy poni\u017cej.<\/p>\n\n\n\n<p><strong>Zadania Ekspert\u00f3w<\/strong><br>Zadania os\u00f3b, kt\u00f3re zostan\u0105 wpisane do&nbsp;Wykazu Ekspert\u00f3w OPI PIB w&nbsp;ramach FENG, b\u0119d\u0105 polega\u0107 w&nbsp;szczeg\u00f3lno\u015bci na: uczestniczeniu w&nbsp;ocenie spe\u0142nienia kryteri\u00f3w wyboru projekt\u00f3w, rozpatrywaniu protest\u00f3w, opiniowaniu zmian w&nbsp;projektach na&nbsp;etapie realizacji umowy o&nbsp;dofinansowanie, uczestniczeniu w&nbsp;kontroli projekt\u00f3w oraz&nbsp;wykonywaniu innych dzia\u0142a\u0144 wymagaj\u0105cych zaanga\u017cowania Eksperta.<\/p>\n\n\n\n<p>Wszelkie pytania zwi\u0105zane z&nbsp;naborem Ekspert\u00f3w nale\u017cy kierowa\u0107 na&nbsp;adres <strong><a href=\"mailto:sne@opi.org.pl\">sne@opi.org.pl<\/a> <\/strong>lub na&nbsp;numer telefonu<strong> 503&nbsp;578&nbsp;025.<\/strong><\/p>\n\n\n\n<p>Zach\u0119camy do&nbsp;aplikowania w&nbsp;systemie <strong><a href=\"https:\/\/sne.opi.org.pl\" class=\"external\">SNE<\/a>!<\/strong><\/p>\n\n\n\n<ul class=\"wp-block-list\">\n<li><a href=\"https:\/\/opi.org.pl\/feng\/wp-content\/uploads\/2024\/09\/Regulamin-naboru-Ekspertow-FENG.pdf\">Regulamin naboru Ekspert\u00f3w FENG<\/a><\/li>\n\n\n\n<li><a href=\"https:\/\/opi.org.pl\/feng\/wp-content\/uploads\/2024\/09\/Zalacznik-nr-1-do-RNE-Wzor-formularza-zgloszeniowego-kandydata-na-Eksperta.pdf\">Za\u0142\u0105cznik nr&nbsp;1 Wz\u00f3r formularza zg\u0142oszeniowego kandydata na&nbsp;Eksperta<\/a><\/li>\n\n\n\n<li><a href=\"https:\/\/opi.org.pl\/feng\/wp-content\/uploads\/2024\/09\/Zalacznik-nr-2-Kwoty-wynagrodzenia-dla-Ekspertow-FENG.pdf\">Za\u0142\u0105cznik nr&nbsp;2 Kwoty wynagrodzenia dla Ekspert\u00f3w FENG<\/a><\/li>\n\n\n\n<li><a href=\"https:\/\/opi.org.pl\/feng\/wp-content\/uploads\/2024\/09\/Zalacznik-nr-3-Protokol-odbioru-zlecenia.pdf\">Za\u0142\u0105cznik nr&nbsp;3 Protok\u00f3\u0142 odbioru zlecenia<\/a><\/li>\n\n\n\n<li><a href=\"https:\/\/opi.org.pl\/feng\/wp-content\/uploads\/2024\/09\/Zalacznik-nr-4-Formularz-oceny-pracy-Eksperta.pdf\">Za\u0142\u0105cznik nr&nbsp;4 Formularz oceny pracy Eksperta<\/a><\/li>\n\n\n\n<li><a href=\"https:\/\/opi.org.pl\/feng\/wp-content\/uploads\/2024\/09\/Zalacznik-nr-5-OSWIADCZENIE-ZLECENIOBIORCY-obowiazujace-od-2024-roku-klauzula-informacyjna.pdf\">Za\u0142\u0105cznik nr&nbsp;5 O\u015bwiadczenie zleceniobiorcy obowi\u0105zuj\u0105ce od&nbsp;2024 roku \u2013 klauzula informacyjna<\/a><\/li>\n\n\n\n<li><a href=\"https:\/\/opi.org.pl\/feng\/wp-content\/uploads\/2024\/09\/Wzor-umowy-dla-eksperta-FENG.pdf\">Wz\u00f3r umowy dla eksperta FENG<\/a><\/li>\n<\/ul>\n\n\n\n<p>Poni\u017cszy s\u0142ownik s\u0142\u00f3w kluczowych pozwala precyzyjnie okre\u015bli\u0107 obszary wiedzy i&nbsp;naukowych zainteresowa\u0144 Ekspert\u00f3w. Prosimy kandydat\u00f3w na&nbsp;Ekspert\u00f3w o&nbsp;wykorzystanie s\u0142\u00f3w kluczowych podczas tworzenia konta w&nbsp;systemie SNE.<\/p>\n\n\n\n<p><a href=\"https:\/\/opi.org.pl\/feng\/wp-content\/uploads\/2024\/08\/slowa-kluczowe-v.1-1.xlsx\" target=\"_blank\" rel=\"noreferrer noopener\">S\u0142ownik S\u0142\u00f3w Kluczowych<\/a><\/p>\n","protected":false},"excerpt":{"rendered":"<p>O\u015aRODEK PRZETWARZANIA INFORMACJI \u2013 PA\u0143STWOWY INSTYTUT BADAWCZY (OPI PIB) og\u0142asza nab\u00f3r na&nbsp;Ekspert\u00f3w OPI PIBoceniaj\u0105cych wnioski o&nbsp;dofinansowanie w&nbsp;ramach Programu Fundusze Europejskie dla Nowoczesnej Gospodarki (FENG) 2021-2027, dzia\u0142anie 2.4 Badawcza Infrastruktura Nowoczesnej Gospodarki. pocz\u0105tek naboru: 10.09.2024&nbsp;r., godz.&nbsp;13:00koniec naboru: 30.09.2024&nbsp;r., godz.&nbsp;16:00 \u2013 nab\u00f3r zako\u0144czony Nab\u00f3r odbywa si\u0119 w&nbsp;Systemie Naboru Ekspert\u00f3w, w&nbsp;skr\u00f3cie SNE, dost\u0119pnym pod&nbsp;adresemhttps:\/\/sne.opi.org.pl.Ka\u017cdy kandydat na&nbsp;Eksperta musi utworzy\u0107&hellip;<\/p>\n","protected":false},"author":3,"featured_media":0,"parent":42,"menu_order":300,"comment_status":"closed","ping_status":"closed","template":"","meta":{"footnotes":"","_links_to":"","_links_to_target":""},"class_list":["post-1120","page","type-page","status-publish","hentry"],"_links":{"self":[{"href":"https:\/\/opi.org.pl\/feng\/wp-json\/wp\/v2\/pages\/1120","targetHints":{"allow":["GET"]}}],"collection":[{"href":"https:\/\/opi.org.pl\/feng\/wp-json\/wp\/v2\/pages"}],"about":[{"href":"https:\/\/opi.org.pl\/feng\/wp-json\/wp\/v2\/types\/page"}],"author":[{"embeddable":true,"href":"https:\/\/opi.org.pl\/feng\/wp-json\/wp\/v2\/users\/3"}],"replies":[{"embeddable":true,"href":"https:\/\/opi.org.pl\/feng\/wp-json\/wp\/v2\/comments?post=1120"}],"version-history":[{"count":2,"href":"https:\/\/opi.org.pl\/feng\/wp-json\/wp\/v2\/pages\/1120\/revisions"}],"predecessor-version":[{"id":1151,"href":"https:\/\/opi.org.pl\/feng\/wp-json\/wp\/v2\/pages\/1120\/revisions\/1151"}],"up":[{"embeddable":true,"href":"https:\/\/opi.org.pl\/feng\/wp-json\/wp\/v2\/pages\/42"}],"wp:attachment":[{"href":"https:\/\/opi.org.pl\/feng\/wp-json\/wp\/v2\/media?parent=1120"}],"curies":[{"name":"wp","href":"https:\/\/api.w.org\/{rel}","templated":true}]}}