{"id":29429,"date":"2024-06-24T10:11:02","date_gmt":"2024-06-24T08:11:02","guid":{"rendered":"https:\/\/opi-test.opi.org.pl\/?page_id=26761"},"modified":"2025-02-11T11:52:00","modified_gmt":"2025-02-11T10:52:00","slug":"other-systems","status":"publish","type":"page","link":"https:\/\/opi.org.pl\/en\/what-we-do\/software\/other-systems\/","title":{"rendered":"Other systems"},"content":{"rendered":"\n<h1 class=\"wp-block-heading\" id=\"Systemydlanaukiiszkolnictwawy\u017cszego-Systemydlanaukiiszkolnictwawy\u017cszego-tworzymyprzysz\u0142o\u015b\u0107sektora\">We connect science and business<\/h1>\n\n\n\n<figure class=\"wp-block-image size-full\"><img decoding=\"async\" src=\"https:\/\/opi.org.pl\/wp-content\/uploads\/2024\/06\/systemy-wspomagajace-innowacje-2x.jpg\" alt=\"\" class=\"wp-image-26801\" style=\"aspect-ratio:16\/9;object-fit:cover\"\/><\/figure>\n\n\n\n<h2 class=\"wp-block-heading space-margin-top-1\">Who we are<\/h2>\n\n\n\n<ul class=\"wp-block-list\">\n<li>OPI PIB&#8217;s team comprises developers, analysts, designers, researchers, and data analysis and artificial intelligence experts. They leverage their knowledge and experience to create products that drive progress and revolutionise a variety of sectors.\u00a0<\/li>\n<\/ul>\n\n\n\n<h2 class=\"wp-block-heading\">What we do<\/h2>\n\n\n\n<ul class=\"wp-block-list\">\n<li>With intelligent algorithms, OPI PIB connects science, industry and business, offering information on projects, innovative enterprises, scientific institutions, experts and conferences.<\/li>\n\n\n\n<li>OPI PIB&#8217;s medical support systems range from data management applications to advanced diagnostic tools. \u00a0Its solutions rely on AI, assisting doctors in implementing the appropriate treatment.<\/li>\n\n\n\n<li>OPI PIB&#8217;s mission is to deliver high-quality systems, inspire innovation and shape the future. Its projects embrace a broad spectrum of areas, spanning science, business, medicine and artificial intelligence. OPI PIB is committed to advancing solutions that leave lasting impacts on global communities.<\/li>\n<\/ul>\n\n\n\n<h2 class=\"wp-block-heading\">What we offer<\/h2>\n\n\n\n<ul class=\"wp-block-list\">\n<li>Systems that support and drive innovation in medicine, science and technology.<\/li>\n\n\n\n<li>OPI PIB manages data and prepares comprehensive analyses.<\/li>\n<\/ul>\n\n\n\n<div class=\"wp-block-buttons is-layout-flex wp-block-buttons-is-layout-flex\">\n<div class=\"wp-block-button button-reverse2\"><a class=\"wp-block-button__link wp-element-button\" href=\"\/en\/systems\/#system_cat-800\">Discover&nbsp;our systems<\/a><\/div>\n<\/div>\n\n\n\n<p>We&nbsp;use these technologies:<\/p>\n\n\n\n<figure class=\"wp-block-gallery has-nested-images columns-default opi-technologies margin-bottom-0 wp-block-gallery-1 is-layout-flex wp-block-gallery-is-layout-flex\">\n<figure class=\"wp-block-image size-large\"><img decoding=\"async\" data-id=\"21525\" src=\"https:\/\/opi.org.pl\/wp-content\/uploads\/2020\/05\/Java.svg\" alt=\"Logo Java\" class=\"wp-image-21525\"\/><figcaption class=\"wp-element-caption\">Java<\/figcaption><\/figure>\n\n\n\n<figure class=\"wp-block-image size-large\"><img decoding=\"async\" data-id=\"22352\" src=\"https:\/\/opi.org.pl\/wp-content\/uploads\/2020\/06\/Oberon.svg\" alt=\"Logo Oberon\" class=\"wp-image-22352\"\/><figcaption class=\"wp-element-caption\">Orbeon<\/figcaption><\/figure>\n\n\n\n<figure class=\"wp-block-image size-large\"><img decoding=\"async\" data-id=\"21521\" src=\"https:\/\/opi.org.pl\/wp-content\/uploads\/2020\/05\/Hibernate.svg\" alt=\"Logo Hibernate\" class=\"wp-image-21521\"\/><figcaption class=\"wp-element-caption\">Hibernate<\/figcaption><\/figure>\n\n\n\n<figure class=\"wp-block-image size-large\"><img decoding=\"async\" data-id=\"22239\" src=\"https:\/\/opi.org.pl\/wp-content\/uploads\/2020\/05\/Primefaces.svg\" alt=\"Logo Primefaces\" class=\"wp-image-22239\"\/><figcaption class=\"wp-element-caption\">PrimeFaces<\/figcaption><\/figure>\n\n\n\n<figure class=\"wp-block-image size-large\"><img decoding=\"async\" data-id=\"21533\" src=\"https:\/\/opi.org.pl\/wp-content\/uploads\/2020\/05\/PostgreSQL.svg\" alt=\"Logo PostgreSQL\" class=\"wp-image-21533\"\/><figcaption class=\"wp-element-caption\">PostgreSQL<\/figcaption><\/figure>\n\n\n\n<figure class=\"wp-block-image size-large\"><img decoding=\"async\" data-id=\"21531\" src=\"https:\/\/opi.org.pl\/wp-content\/uploads\/2020\/05\/MongoDB.svg\" alt=\"Logo MongoDB\" class=\"wp-image-21531\"\/><figcaption class=\"wp-element-caption\">MongoDB<\/figcaption><\/figure>\n\n\n\n<figure class=\"wp-block-image size-large\"><img decoding=\"async\" data-id=\"21513\" src=\"https:\/\/opi.org.pl\/wp-content\/uploads\/2020\/05\/Angular.svg\" alt=\"Logo Angular\" class=\"wp-image-21513\"\/><figcaption class=\"wp-element-caption\">Angular<\/figcaption><\/figure>\n\n\n\n<figure class=\"wp-block-image size-large\"><img decoding=\"async\" data-id=\"22354\" src=\"https:\/\/opi.org.pl\/wp-content\/uploads\/2020\/06\/jHipster.svg\" alt=\"Logo jHipster\" class=\"wp-image-22354\"\/><figcaption class=\"wp-element-caption\">jHipster<\/figcaption><\/figure>\n\n\n\n<figure class=\"wp-block-image size-large\"><img decoding=\"async\" data-id=\"21543\" src=\"https:\/\/opi.org.pl\/wp-content\/uploads\/2020\/05\/Spring.svg\" alt=\"Logo Spring\" class=\"wp-image-21543\"\/><figcaption class=\"wp-element-caption\">Spring<\/figcaption><\/figure>\n\n\n\n<figure class=\"wp-block-image size-large\"><img decoding=\"async\" data-id=\"21545\" src=\"https:\/\/opi.org.pl\/wp-content\/uploads\/2020\/05\/Spring-Boot.svg\" alt=\"Logo Spring-Boot\" class=\"wp-image-21545\"\/><figcaption class=\"wp-element-caption\">Spring Boot<\/figcaption><\/figure>\n\n\n\n<figure class=\"wp-block-image size-large\"><img decoding=\"async\" data-id=\"21517\" src=\"https:\/\/opi.org.pl\/wp-content\/uploads\/2020\/05\/Docker.svg\" alt=\"Logo Docker\" class=\"wp-image-21517\"\/><figcaption class=\"wp-element-caption\">Docker<\/figcaption><\/figure>\n\n\n\n<figure class=\"wp-block-image size-large\"><img decoding=\"async\" data-id=\"22356\" src=\"https:\/\/opi.org.pl\/wp-content\/uploads\/2020\/06\/Maven.svg\" alt=\"Logo Maven\" class=\"wp-image-22356\"\/><figcaption class=\"wp-element-caption\">Maven<\/figcaption><\/figure>\n\n\n\n<figure class=\"wp-block-image size-large\"><img decoding=\"async\" data-id=\"22358\" src=\"https:\/\/opi.org.pl\/wp-content\/uploads\/2020\/06\/Gradle.svg\" alt=\"Logo Gradle\" class=\"wp-image-22358\"\/><figcaption class=\"wp-element-caption\">Gradle<\/figcaption><\/figure>\n\n\n\n<figure class=\"wp-block-image size-large\"><img decoding=\"async\" data-id=\"22360\" src=\"https:\/\/opi.org.pl\/wp-content\/uploads\/2020\/06\/Jenkins.svg\" alt=\"Logo Jenkins\" class=\"wp-image-22360\"\/><figcaption class=\"wp-element-caption\">Jenkins<\/figcaption><\/figure>\n\n\n\n<figure class=\"wp-block-image size-large\"><img decoding=\"async\" data-id=\"22362\" src=\"https:\/\/opi.org.pl\/wp-content\/uploads\/2020\/06\/Selenium.svg\" alt=\"Logo Selenium\" class=\"wp-image-22362\"\/><figcaption class=\"wp-element-caption\">Selenium<\/figcaption><\/figure>\n\n\n\n<figure class=\"wp-block-image size-large\"><img decoding=\"async\" data-id=\"22364\" src=\"https:\/\/opi.org.pl\/wp-content\/uploads\/2020\/06\/Cucumber-BDD.svg\" alt=\"Logo Cucumber-BDD\" class=\"wp-image-22364\"\/><figcaption class=\"wp-element-caption\">Cucumber BDD<\/figcaption><\/figure>\n\n\n\n<figure class=\"wp-block-image size-large\"><img decoding=\"async\" data-id=\"22366\" src=\"https:\/\/opi.org.pl\/wp-content\/uploads\/2020\/06\/X-Forms.svg\" alt=\"Logo X-Forms\" class=\"wp-image-22366\"\/><figcaption class=\"wp-element-caption\">XForms<\/figcaption><\/figure>\n\n\n\n<figure class=\"wp-block-image size-large\"><img decoding=\"async\" data-id=\"22374\" src=\"https:\/\/opi.org.pl\/wp-content\/uploads\/2020\/06\/XSLT.svg\" alt=\"Logo XSLT\" class=\"wp-image-22374\"\/><figcaption class=\"wp-element-caption\">XSLT<\/figcaption><\/figure>\n\n\n\n<figure class=\"wp-block-image size-large\"><img decoding=\"async\" data-id=\"21535\" src=\"https:\/\/opi.org.pl\/wp-content\/uploads\/2020\/05\/Python.svg\" alt=\"Logo Python\" class=\"wp-image-21535\"\/><figcaption class=\"wp-element-caption\">Python<\/figcaption><\/figure>\n\n\n\n<figure class=\"wp-block-image size-large\"><img decoding=\"async\" data-id=\"21547\" src=\"https:\/\/opi.org.pl\/wp-content\/uploads\/2020\/05\/TensorFlow.svg\" alt=\"Logo TensorFlow\" class=\"wp-image-21547\"\/><figcaption class=\"wp-element-caption\">TensorFlow<\/figcaption><\/figure>\n\n\n\n<figure class=\"wp-block-image size-large\"><img decoding=\"async\" data-id=\"21527\" src=\"https:\/\/opi.org.pl\/wp-content\/uploads\/2020\/05\/Keras.svg\" alt=\"Logo Keras\" class=\"wp-image-21527\"\/><figcaption class=\"wp-element-caption\">Keras<\/figcaption><\/figure>\n\n\n\n<figure class=\"wp-block-image size-large\"><img decoding=\"async\" data-id=\"21541\" src=\"https:\/\/opi.org.pl\/wp-content\/uploads\/2020\/05\/Scikit-Learn.svg\" alt=\"Logo Scikit-Learn\" class=\"wp-image-21541\"\/><figcaption class=\"wp-element-caption\">Scikit Learn<\/figcaption><\/figure>\n\n\n\n<figure class=\"wp-block-image size-large\"><img decoding=\"async\" data-id=\"22368\" src=\"https:\/\/opi.org.pl\/wp-content\/uploads\/2020\/06\/XNAT.svg\" alt=\"Logo XNAT\" class=\"wp-image-22368\"\/><figcaption class=\"wp-element-caption\">XNAT<\/figcaption><\/figure>\n<\/figure>\n\n\n\n<div class=\"wp-block-group opi-box-lab opi-box-lab-other-systems\"><div class=\"wp-block-group__inner-container is-layout-constrained wp-block-group-is-layout-constrained\">\n<h2 class=\"wp-block-heading margin-top-0\" id=\"Systemydlanaukiiszkolnictwawy\u017cszego-Wsp\u00f3\u0142pracujznami\">Partner with us<\/h2>\n\n\n\n<div class=\"wp-block-group opi-box-lab-main\"><div class=\"wp-block-group__inner-container is-layout-constrained wp-block-group-is-layout-constrained\">\n<div class=\"wp-block-group opi-page-box-highlight opi-page-box-highlight-short opi-page-box-highlight-short-l  opi-page-box-highlight-short-left\"><div class=\"wp-block-group__inner-container is-layout-constrained wp-block-group-is-layout-constrained\">\n<p>Send me an email at: <a href=\"mailto:krzysztof.cieslikowski@opi.org.pl\">krzysztof.cieslikowski@opi.org.pl<\/a>&nbsp;<\/p>\n\n\n\n<p><strong>Krzysztof Cie\u015blikowski<br><\/strong>Head of the Project Portfolio \u2013 Process and Project Strategy Office<\/p>\n<\/div><\/div>\n\n\n\n<p class=\"opi-box-lab-person-container\">I am an expert in digital transformation and change management; development, optimisation and implementation of operational IT processes; and technologies for secure and innovative solutions.<\/p>\n\n\n\n<p class=\"opi-box-lab-person-container\">I have gained experience working for prestigious banking and insurance firms, as well as government institutions, where I served as an advisor to the minister in the Ministry of Digitalisation, as a CIO and as a digital transformation consultant.<\/p>\n\n\n\n<p class=\"opi-box-lab-person-container\">I hold degrees in economics and computer science, as well as an MBA from Kozminski University. I am a graduate of Warsaw School of Economics and the Academy of Finance and Management in Warsaw.<\/p>\n\n\n\n<div class=\"wp-block-group opi-box-lab-person-container\"><div class=\"wp-block-group__inner-container is-layout-constrained wp-block-group-is-layout-constrained\">\n<p class=\"linkedin\"><\/p>\n\n\n\n<p class=\"opi-box-lab-person\"><strong><strong>Krzysztof Cie\u015blikowski<\/strong><\/strong><br>Head of the Project Portfolio \u2013 Process and Project Strategy Office<\/p>\n<\/div><\/div>\n<\/div><\/div>\n<\/div><\/div>\n","protected":false},"excerpt":{"rendered":"<p>We connect science and business Who we are What we do What we offer We&nbsp;use these technologies: Partner with us Send me an email at: krzysztof.cieslikowski@opi.org.pl&nbsp; Krzysztof Cie\u015blikowskiHead of the Project Portfolio \u2013 Process and Project Strategy Office I am an expert in digital transformation and change management; development, optimisation and implementation of operational IT&hellip;<\/p>\n","protected":false},"author":34,"featured_media":0,"parent":29401,"menu_order":300,"comment_status":"closed","ping_status":"closed","template":"templates\/page-without-title.php","meta":{"footnotes":"","_links_to":"","_links_to_target":""},"class_list":["post-29429","page","type-page","status-publish","hentry"],"_links":{"self":[{"href":"https:\/\/opi.org.pl\/en\/wp-json\/wp\/v2\/pages\/29429","targetHints":{"allow":["GET"]}}],"collection":[{"href":"https:\/\/opi.org.pl\/en\/wp-json\/wp\/v2\/pages"}],"about":[{"href":"https:\/\/opi.org.pl\/en\/wp-json\/wp\/v2\/types\/page"}],"author":[{"embeddable":true,"href":"https:\/\/opi.org.pl\/en\/wp-json\/wp\/v2\/users\/34"}],"replies":[{"embeddable":true,"href":"https:\/\/opi.org.pl\/en\/wp-json\/wp\/v2\/comments?post=29429"}],"version-history":[{"count":3,"href":"https:\/\/opi.org.pl\/en\/wp-json\/wp\/v2\/pages\/29429\/revisions"}],"predecessor-version":[{"id":32327,"href":"https:\/\/opi.org.pl\/en\/wp-json\/wp\/v2\/pages\/29429\/revisions\/32327"}],"up":[{"embeddable":true,"href":"https:\/\/opi.org.pl\/en\/wp-json\/wp\/v2\/pages\/29401"}],"wp:attachment":[{"href":"https:\/\/opi.org.pl\/en\/wp-json\/wp\/v2\/media?parent=29429"}],"curies":[{"name":"wp","href":"https:\/\/api.w.org\/{rel}","templated":true}]}}