{"id":29428,"date":"2024-06-20T09:30:12","date_gmt":"2024-06-20T07:30:12","guid":{"rendered":"https:\/\/opi-test.opi.org.pl\/?page_id=26711"},"modified":"2025-02-11T11:46:09","modified_gmt":"2025-02-11T10:46:09","slug":"publications","status":"publish","type":"page","link":"https:\/\/opi.org.pl\/en\/what-we-do\/science-and-research\/science-for-everyone\/publications\/","title":{"rendered":"Publications"},"content":{"rendered":"\n<h1 class=\"wp-block-heading\">Find inspiration in OPI PIB experts&#8217; scientific publications<\/h1>\n\n\n\n<p>We are committed to sharing the findings of our research to support scientists and specialists in understanding the crucial trends in science and technology. We hope that our publications inspire readers to make new discoveries and develop practical solutions.<\/p>\n\n\n\n<figure class=\"wp-block-image size-full\"><img decoding=\"async\" src=\"https:\/\/opi.org.pl\/wp-content\/uploads\/2024\/06\/publikacje-2x.jpg\" alt=\"\" class=\"wp-image-26793\" style=\"aspect-ratio:16\/9;object-fit:cover\"\/><\/figure>\n\n\n\n<h2 class=\"wp-block-heading\">Subject areas<\/h2>\n\n\n\n<div class=\"wp-block-group opi-page-box-highlight opi-page-box-highlight-medium\"><div class=\"wp-block-group__inner-container is-layout-constrained wp-block-group-is-layout-constrained\">\n<h3 class=\"wp-block-heading opi-add-line-after\" style=\"font-size:28px\">Our publications focus on the following subject areas:<\/h3>\n\n\n\n<ul class=\"wp-block-list\">\n<li><strong>Information technology and telecommunications<\/strong> <br>Research on the development of IT systems, data security, artificial intelligence, machine learning and human\u2013technology interaction.<\/li>\n\n\n\n<li><strong>Social sciences<\/strong><br>Publications on innovation, the analysis of scientists and institutions, the sociology of science and the impact of science on economies.<\/li>\n\n\n\n<li><strong>Technological implementation<\/strong><br>We share our experiences in the design, development and maintenance of IT systems.<\/li>\n<\/ul>\n\n\n\n<p><\/p>\n<\/div><\/div>\n\n\n\n<h2 class=\"wp-block-heading\">Open access<strong>&nbsp;<\/strong><\/h2>\n\n\n\n<ul class=\"wp-block-list\">\n<li>We want our publications to be accessible to the public. The majority of our publications are available on an open-access basis.<\/li>\n<\/ul>\n\n\n\n<h2 class=\"wp-block-heading\">Our latest publications<\/h2>\n\n\n\n<p>Discover our latest publications that advance scientific development.<\/p>\n\n\n\n<p><\/p>\n\n\n\n<div class=\"wp-block-group opi-page-publications\"><div class=\"wp-block-group__inner-container is-layout-constrained wp-block-group-is-layout-constrained\">\n<div class=\"wp-block-group\"><div class=\"wp-block-group__inner-container is-layout-constrained wp-block-group-is-layout-constrained\">\n<h2 class=\"wp-block-heading\">List of publications<\/h2>\n<\/div><\/div>\n\n\n\n<div class=\"wp-block-query alignfull is-layout-flow wp-block-query-is-layout-flow\">\n<div class=\"wp-block-group alignfull\" style=\"padding-top:var(--wp--preset--spacing--40);padding-right:var(--wp--preset--spacing--40);padding-bottom:var(--wp--preset--spacing--40);padding-left:var(--wp--preset--spacing--40)\"><div class=\"wp-block-group__inner-container is-layout-flow wp-block-group-is-layout-flow\"><ul style=\"text-transform:none;\" class=\"wp-block-post-template is-layout-flow wp-block-post-template-is-layout-flow\"><li class=\"wp-block-post post-34100 opi_publication type-opi_publication status-publish hentry\">\n\n<div class=\"wp-block-group is-content-justification-left\"><div class=\"wp-block-group__inner-container is-layout-constrained wp-container-core-group-is-layout-b4bdc4c8 wp-block-group-is-layout-constrained\">\n<div class=\"wp-block-group is-vertical is-layout-flex wp-container-core-group-is-layout-438e4d21 wp-block-group-is-layout-flex\" style=\"padding-bottom:var(--wp--preset--spacing--80)\">\n<div class=\"wp-block-group\" style=\"margin-top:0;margin-bottom:0\"><div class=\"wp-block-group__inner-container is-layout-constrained wp-block-group-is-layout-constrained\"><h3 class=\"wp-block-post-title\">A benchmark of expert-level academic questions to assess AI capabilities<\/h3>\n\n<div class=\"entry-content wp-block-post-content is-layout-flow wp-block-post-content-is-layout-flow\"><p class=\"opi-publication-authors\">Long Phan, Alice Gatti, Rafa\u0142 Po\u015bwiata, Micha\u0142 Pere\u0142kiewicz i in.<\/p><p class=\"opi-publication-where\"><span class=\"year\">2026<\/span> Nature. &#8211; T. 649, nr 8099, s. 1139-1149<\/p><p class=\"opi-publication-url\"><a href=\"https:\/\/www.nature.com\/articles\/s41586-025-09962-4\" aria-label=\"A benchmark of expert-level academic questions to assess AI capabilities\" target=\"_blank\" class=\"external\" rel=\"nofollow\">https:\/\/www.nature.com\/articles\/s41586-025-09962-4<\/a><\/p><\/div><\/div><\/div>\n<\/div>\n<\/div><\/div>\n\n<\/li><li class=\"wp-block-post post-33939 opi_publication type-opi_publication status-publish hentry\">\n\n<div class=\"wp-block-group is-content-justification-left\"><div class=\"wp-block-group__inner-container is-layout-constrained wp-container-core-group-is-layout-b4bdc4c8 wp-block-group-is-layout-constrained\">\n<div class=\"wp-block-group is-vertical is-layout-flex wp-container-core-group-is-layout-438e4d21 wp-block-group-is-layout-flex\" style=\"padding-bottom:var(--wp--preset--spacing--80)\">\n<div class=\"wp-block-group\" style=\"margin-top:0;margin-bottom:0\"><div class=\"wp-block-group__inner-container is-layout-constrained wp-block-group-is-layout-constrained\"><h3 class=\"wp-block-post-title\">A Systematic Literature Review of Inter-Commit Fine-Grained Source Code Changes: Assessing Readiness for Large-Scale Data Collection<\/h3>\n\n<div class=\"entry-content wp-block-post-content is-layout-flow wp-block-post-content-is-layout-flow\"><p class=\"opi-publication-authors\">Pawe\u0142 Rzanny, Miros\u0142aw Ochodek<\/p><p class=\"opi-publication-where\"><span class=\"year\">2026<\/span> ACM Computing Surveys. &#8211; T. 58, no 4, s. 87-1 &#8211; 87-43<\/p><p class=\"opi-publication-url\"><a href=\"https:\/\/dl.acm.org\/doi\/10.1145\/3767321\" aria-label=\"A Systematic Literature Review of Inter-Commit Fine-Grained Source Code Changes: Assessing Readiness for Large-Scale Data Collection\" target=\"_blank\" class=\"external\" rel=\"nofollow\">https:\/\/dl.acm.org\/doi\/10.1145\/3767321<\/a><\/p><\/div><\/div><\/div>\n<\/div>\n<\/div><\/div>\n\n<\/li><li class=\"wp-block-post post-34087 opi_publication type-opi_publication status-publish hentry\">\n\n<div class=\"wp-block-group is-content-justification-left\"><div class=\"wp-block-group__inner-container is-layout-constrained wp-container-core-group-is-layout-b4bdc4c8 wp-block-group-is-layout-constrained\">\n<div class=\"wp-block-group is-vertical is-layout-flex wp-container-core-group-is-layout-438e4d21 wp-block-group-is-layout-flex\" style=\"padding-bottom:var(--wp--preset--spacing--80)\">\n<div class=\"wp-block-group\" style=\"margin-top:0;margin-bottom:0\"><div class=\"wp-block-group__inner-container is-layout-constrained wp-block-group-is-layout-constrained\"><h3 class=\"wp-block-post-title\">Classification of piano performers with deep learning models<\/h3>\n\n<div class=\"entry-content wp-block-post-content is-layout-flow wp-block-post-content-is-layout-flow\"><p class=\"opi-publication-authors\">Jan Mycka, Jacek Mandziuk<\/p><p class=\"opi-publication-where\"><span class=\"year\">2026<\/span> Journal of Computational Science. &#8211; T. 95, April 2026. Art. no 102804<\/p><p class=\"opi-publication-url\"><a href=\"https:\/\/www.sciencedirect.com\/science\/article\/abs\/pii\/S1877750326000220?getft_integrator=clarivate&#038;pes=vor&#038;utm_source=clarivate\" aria-label=\"Classification of piano performers with deep learning models\" target=\"_blank\" class=\"external\" rel=\"nofollow\">https:\/\/www.sciencedirect.com\/science\/article\/abs\/pii\/S1877750326000220?getft_integrator=clarivate&#038;pes=vor&#038;utm_source=clarivate<\/a><\/p><\/div><\/div><\/div>\n<\/div>\n<\/div><\/div>\n\n<\/li><li class=\"wp-block-post post-33543 opi_publication type-opi_publication status-publish hentry\">\n\n<div class=\"wp-block-group is-content-justification-left\"><div class=\"wp-block-group__inner-container is-layout-constrained wp-container-core-group-is-layout-b4bdc4c8 wp-block-group-is-layout-constrained\">\n<div class=\"wp-block-group is-vertical is-layout-flex wp-container-core-group-is-layout-438e4d21 wp-block-group-is-layout-flex\" style=\"padding-bottom:var(--wp--preset--spacing--80)\">\n<div class=\"wp-block-group\" style=\"margin-top:0;margin-bottom:0\"><div class=\"wp-block-group__inner-container is-layout-constrained wp-block-group-is-layout-constrained\"><h3 class=\"wp-block-post-title\">Digital Interaction and Machine Intelligence : Proceedings of MIDI\u20192024 \u2013 12th Machine Intelligence and Digital Interaction \u2013 Conference, December 12, 2024, Warsaw, Poland (Hybrid Formula)<\/h3>\n\n<div class=\"entry-content wp-block-post-content is-layout-flow wp-block-post-content-is-layout-flow\"><p class=\"opi-publication-authors\">Cezary Biele, Janusz Kacprzyk, Wies\u0142aw Kope\u0107, Jakub Mo\u017caryn, Jan W. Owsi\u0144ski, Andrzej Romanowski, Marcin Sikorski<\/p><p class=\"opi-publication-where\"><span class=\"year\">2026<\/span> Cham : Springer<\/p><p class=\"opi-publication-url\"><a href=\"https:\/\/link.springer.com\/book\/10.1007\/978-3-032-05802-7\" aria-label=\"Digital Interaction and Machine Intelligence : Proceedings of MIDI\u20192024 \u2013 12th Machine Intelligence and Digital Interaction \u2013 Conference, December 12, 2024, Warsaw, Poland (Hybrid Formula)\" target=\"_blank\" class=\"external\" rel=\"nofollow\">https:\/\/link.springer.com\/book\/10.1007\/978-3-032-05802-7<\/a><\/p><\/div><\/div><\/div>\n<\/div>\n<\/div><\/div>\n\n<\/li><li class=\"wp-block-post post-34095 opi_publication type-opi_publication status-publish hentry\">\n\n<div class=\"wp-block-group is-content-justification-left\"><div class=\"wp-block-group__inner-container is-layout-constrained wp-container-core-group-is-layout-b4bdc4c8 wp-block-group-is-layout-constrained\">\n<div class=\"wp-block-group is-vertical is-layout-flex wp-container-core-group-is-layout-438e4d21 wp-block-group-is-layout-flex\" style=\"padding-bottom:var(--wp--preset--spacing--80)\">\n<div class=\"wp-block-group\" style=\"margin-top:0;margin-bottom:0\"><div class=\"wp-block-group__inner-container is-layout-constrained wp-block-group-is-layout-constrained\"><h3 class=\"wp-block-post-title\">Document classification pattern recognition via information fusion: A systematic review of multimodal and multiview representation approaches<\/h3>\n\n<div class=\"entry-content wp-block-post-content is-layout-flow wp-block-post-content-is-layout-flow\"><p class=\"opi-publication-authors\">Marcin Miro\u0144czuk<\/p><p class=\"opi-publication-where\"><span class=\"year\">2026<\/span> Information Fusion. &#8211; T. 132, August 2026, Art. no 104247<\/p><p class=\"opi-publication-url\"><a href=\"https:\/\/www.sciencedirect.com\/science\/article\/pii\/S1566253526001260\" aria-label=\"Document classification pattern recognition via information fusion: A systematic review of multimodal and multiview representation approaches\" target=\"_blank\" class=\"external\" rel=\"nofollow\">https:\/\/www.sciencedirect.com\/science\/article\/pii\/S1566253526001260<\/a><\/p><\/div><\/div><\/div>\n<\/div>\n<\/div><\/div>\n\n<\/li><li class=\"wp-block-post post-33548 opi_publication type-opi_publication status-publish hentry\">\n\n<div class=\"wp-block-group is-content-justification-left\"><div class=\"wp-block-group__inner-container is-layout-constrained wp-container-core-group-is-layout-b4bdc4c8 wp-block-group-is-layout-constrained\">\n<div class=\"wp-block-group is-vertical is-layout-flex wp-container-core-group-is-layout-438e4d21 wp-block-group-is-layout-flex\" style=\"padding-bottom:var(--wp--preset--spacing--80)\">\n<div class=\"wp-block-group\" style=\"margin-top:0;margin-bottom:0\"><div class=\"wp-block-group__inner-container is-layout-constrained wp-block-group-is-layout-constrained\"><h3 class=\"wp-block-post-title\">From Mice to Masterpieces: AI in Behavior Analysis, Generative Art, and Smart Homes<\/h3>\n\n<div class=\"entry-content wp-block-post-content is-layout-flow wp-block-post-content-is-layout-flow\"><p class=\"opi-publication-authors\">Rafa\u0142 Mas\u0142yk, Maciej Grzeszczuk, Rafa\u0142 Stryjek, Piotr Bebas, Oliwia Wa\u0142achowska, Cezary Dymicki, Filip Michalski, Aleksander Majda, Piotr Gago, Grzegorz Marcin W\u00f3jcik, Cezary Biele &#038; Wies\u0142aw Kope\u0107<\/p><p class=\"opi-publication-where\"><span class=\"year\">2026<\/span> W: Digital Interaction and Machine Intelligence : Proceedings of MIDI\u20192024 \u2013 12th Machine Intelligence and Digital Interaction \u2013 Conference, December 12, 2024, Warsaw, Poland (Hybrid Formula) \/ Cezary Biele, Janusz Kacprzyk, Wies\u0142aw Kope\u0107, Jakub Mo\u017caryn, Jan W. Owsi\u0144ski, Andrzej Romanowski, Marcin Sikorski. &#8211; Cham : Spriger. &#8211; s. 186-193<\/p><p class=\"opi-publication-url\"><a href=\"https:\/\/link.springer.com\/chapter\/10.1007\/978-3-032-05802-7_39\" aria-label=\"From Mice to Masterpieces: AI in Behavior Analysis, Generative Art, and Smart Homes\" target=\"_blank\" class=\"external\" rel=\"nofollow\">https:\/\/link.springer.com\/chapter\/10.1007\/978-3-032-05802-7_39<\/a><\/p><\/div><\/div><\/div>\n<\/div>\n<\/div><\/div>\n\n<\/li><li class=\"wp-block-post post-33545 opi_publication type-opi_publication status-publish hentry\">\n\n<div class=\"wp-block-group is-content-justification-left\"><div class=\"wp-block-group__inner-container is-layout-constrained wp-container-core-group-is-layout-b4bdc4c8 wp-block-group-is-layout-constrained\">\n<div class=\"wp-block-group is-vertical is-layout-flex wp-container-core-group-is-layout-438e4d21 wp-block-group-is-layout-flex\" style=\"padding-bottom:var(--wp--preset--spacing--80)\">\n<div class=\"wp-block-group\" style=\"margin-top:0;margin-bottom:0\"><div class=\"wp-block-group__inner-container is-layout-constrained wp-block-group-is-layout-constrained\"><h3 class=\"wp-block-post-title\">Immersed in the News: The Effect of Sensorimotor Contingencies in Virtual Reality Immersive Journalism on Empathetic Reactions and the Mediating Role of Presence<\/h3>\n\n<div class=\"entry-content wp-block-post-content is-layout-flow wp-block-post-content-is-layout-flow\"><p class=\"opi-publication-authors\">Dalis Robinson &#038; Gabriela G\u00f3rska<\/p><p class=\"opi-publication-where\"><span class=\"year\">2026<\/span> W: Digital Interaction and Machine Intelligence : Proceedings of MIDI\u20192024 \u2013 12th Machine Intelligence and Digital Interaction \u2013 Conference, December 12, 2024, Warsaw, Poland (Hybrid Formula) \/ Cezary Biele, Janusz Kacprzyk, Wies\u0142aw Kope\u0107, Jakub Mo\u017caryn, Jan W. Owsi\u0144ski, Andrzej Romanowski, Marcin Sikorski. &#8211; Cham : Spriger. &#8211; s. 156-168<\/p><p class=\"opi-publication-url\"><a href=\"https:\/\/link.springer.com\/chapter\/10.1007\/978-3-032-05802-7_17\" aria-label=\"Immersed in the News: The Effect of Sensorimotor Contingencies in Virtual Reality Immersive Journalism on Empathetic Reactions and the Mediating Role of Presence\" target=\"_blank\" class=\"external\" rel=\"nofollow\">https:\/\/link.springer.com\/chapter\/10.1007\/978-3-032-05802-7_17<\/a><\/p><\/div><\/div><\/div>\n<\/div>\n<\/div><\/div>\n\n<\/li><li class=\"wp-block-post post-33544 opi_publication type-opi_publication status-publish hentry\">\n\n<div class=\"wp-block-group is-content-justification-left\"><div class=\"wp-block-group__inner-container is-layout-constrained wp-container-core-group-is-layout-b4bdc4c8 wp-block-group-is-layout-constrained\">\n<div class=\"wp-block-group is-vertical is-layout-flex wp-container-core-group-is-layout-438e4d21 wp-block-group-is-layout-flex\" style=\"padding-bottom:var(--wp--preset--spacing--80)\">\n<div class=\"wp-block-group\" style=\"margin-top:0;margin-bottom:0\"><div class=\"wp-block-group__inner-container is-layout-constrained wp-block-group-is-layout-constrained\"><h3 class=\"wp-block-post-title\">Improving Prostate Lesion Detection with Multiple Annotations and Ensemble Techniques<\/h3>\n\n<div class=\"entry-content wp-block-post-content is-layout-flow wp-block-post-content-is-layout-flow\"><p class=\"opi-publication-authors\">Micha\u0142 Gonet, Szymon Majorek, Jan Mycka, Ihor Mykhalevych &#038; Rafa\u0142 J\u00f3\u017awiak<\/p><p class=\"opi-publication-where\"><span class=\"year\">2026<\/span> W: Digital Interaction and Machine Intelligence : Proceedings of MIDI\u20192024 \u2013 12th Machine Intelligence and Digital Interaction \u2013 Conference, December 12, 2024, Warsaw, Poland (Hybrid Formula) \/ Cezary Biele, Janusz Kacprzyk, Wies\u0142aw Kope\u0107, Jakub Mo\u017caryn, Jan W. Owsi\u0144ski, Andrzej Romanowski, Marcin Sikorski. &#8211; Cham : Spriger. &#8211; s. 134-143<\/p><p class=\"opi-publication-url\"><a href=\"https:\/\/link.springer.com\/chapter\/10.1007\/978-3-032-05802-7_15\" aria-label=\"Improving Prostate Lesion Detection with Multiple Annotations and Ensemble Techniques\" target=\"_blank\" class=\"external\" rel=\"nofollow\">https:\/\/link.springer.com\/chapter\/10.1007\/978-3-032-05802-7_15<\/a><\/p><\/div><\/div><\/div>\n<\/div>\n<\/div><\/div>\n\n<\/li><li class=\"wp-block-post post-33547 opi_publication type-opi_publication status-publish hentry\">\n\n<div class=\"wp-block-group is-content-justification-left\"><div class=\"wp-block-group__inner-container is-layout-constrained wp-container-core-group-is-layout-b4bdc4c8 wp-block-group-is-layout-constrained\">\n<div class=\"wp-block-group is-vertical is-layout-flex wp-container-core-group-is-layout-438e4d21 wp-block-group-is-layout-flex\" style=\"padding-bottom:var(--wp--preset--spacing--80)\">\n<div class=\"wp-block-group\" style=\"margin-top:0;margin-bottom:0\"><div class=\"wp-block-group__inner-container is-layout-constrained wp-block-group-is-layout-constrained\"><h3 class=\"wp-block-post-title\">IoT and Older Adults: Towards Multimodal EMG and AI-Based Interaction with Smart Home<\/h3>\n\n<div class=\"entry-content wp-block-post-content is-layout-flow wp-block-post-content-is-layout-flow\"><p class=\"opi-publication-authors\">Wies\u0142aw Kope\u0107, Jaros\u0142aw Kowalski, Aleksander Majda, Anna Duszyk-Bogorodzka, Anna Jaskulska &#038; Cezary Biele<\/p><p class=\"opi-publication-where\"><span class=\"year\">2026<\/span> W: Digital Interaction and Machine Intelligence : Proceedings of MIDI\u20192024 \u2013 12th Machine Intelligence and Digital Interaction \u2013 Conference, December 12, 2024, Warsaw, Poland (Hybrid Formula) \/ Cezary Biele, Janusz Kacprzyk, Wies\u0142aw Kope\u0107, Jakub Mo\u017caryn, Jan W. Owsi\u0144ski, Andrzej Romanowski, Marcin Sikorski. &#8211; Cham : Spriger. &#8211; s. 364-371<\/p><p class=\"opi-publication-url\"><a href=\"https:\/\/link.springer.com\/chapter\/10.1007\/978-3-032-05802-7_20\" aria-label=\"IoT and Older Adults: Towards Multimodal EMG and AI-Based Interaction with Smart Home\" target=\"_blank\" class=\"external\" rel=\"nofollow\">https:\/\/link.springer.com\/chapter\/10.1007\/978-3-032-05802-7_20<\/a><\/p><\/div><\/div><\/div>\n<\/div>\n<\/div><\/div>\n\n<\/li><li class=\"wp-block-post post-34140 opi_publication type-opi_publication status-publish hentry\">\n\n<div class=\"wp-block-group is-content-justification-left\"><div class=\"wp-block-group__inner-container is-layout-constrained wp-container-core-group-is-layout-b4bdc4c8 wp-block-group-is-layout-constrained\">\n<div class=\"wp-block-group is-vertical is-layout-flex wp-container-core-group-is-layout-438e4d21 wp-block-group-is-layout-flex\" style=\"padding-bottom:var(--wp--preset--spacing--80)\">\n<div class=\"wp-block-group\" style=\"margin-top:0;margin-bottom:0\"><div class=\"wp-block-group__inner-container is-layout-constrained wp-block-group-is-layout-constrained\"><h3 class=\"wp-block-post-title\">Marketized Mentality of Scientists in Poland<\/h3>\n\n<div class=\"entry-content wp-block-post-content is-layout-flow wp-block-post-content-is-layout-flow\"><p class=\"opi-publication-authors\">Jacek Bieli\u0144ski, Aldona Tomczy\u0144ska<\/p><p class=\"opi-publication-where\"><span class=\"year\">2026<\/span> Polish Sociological Review. &#8211; T. 233, nr 1, s. 91-119<\/p><p class=\"opi-publication-url\"><a href=\"https:\/\/polish-sociological-review.eu\/Marketized-Mentality-of-Scientists-in-Poland,219473,0,2.html\" aria-label=\"Marketized Mentality of Scientists in Poland\" target=\"_blank\" class=\"external\" rel=\"nofollow\">https:\/\/polish-sociological-review.eu\/Marketized-Mentality-of-Scientists-in-Poland,219473,0,2.html<\/a><\/p><\/div><\/div><\/div>\n<\/div>\n<\/div><\/div>\n\n<\/li><\/ul><\/div><\/div>\n\n\n\n<div class=\"wp-block-group is-content-justification-center is-nowrap is-layout-flex wp-container-core-group-is-layout-c8233480 wp-block-group-is-layout-flex\" style=\"margin-top:0;margin-bottom:0;padding-top:0;padding-right:var(--wp--preset--spacing--40);padding-bottom:var(--wp--preset--spacing--40);padding-left:var(--wp--preset--spacing--40)\"><nav class=\"wp-block-query-pagination is-content-justification-left is-nowrap is-layout-flex wp-container-core-query-pagination-is-layout-f56a869c wp-block-query-pagination-is-layout-flex\" aria-label=\"Pagination\">\n\n\n<a href=\"\/en\/wp-json\/wp\/v2\/pages\/29428?query-31-page=2\" style=\"font-size:0.9rem;text-transform:uppercase;letter-spacing:1px;\" class=\"wp-elements-165a8aa96a7546446f11c5f70728c230 wp-block-query-pagination-next\">Next Page<\/a>\n<\/nav><\/div>\n<\/div>\n<\/div><\/div>\n","protected":false},"excerpt":{"rendered":"<p>Find inspiration in OPI PIB experts&#8217; scientific publications We are committed to sharing the findings of our research to support scientists and specialists in understanding the crucial trends in science and technology. We hope that our publications inspire readers to make new discoveries and develop practical solutions. Subject areas Our publications focus on the following&hellip;<\/p>\n","protected":false},"author":34,"featured_media":0,"parent":29397,"menu_order":300,"comment_status":"closed","ping_status":"closed","template":"templates\/page-without-title.php","meta":{"footnotes":"","_links_to":"","_links_to_target":""},"class_list":["post-29428","page","type-page","status-publish","hentry"],"_links":{"self":[{"href":"https:\/\/opi.org.pl\/en\/wp-json\/wp\/v2\/pages\/29428","targetHints":{"allow":["GET"]}}],"collection":[{"href":"https:\/\/opi.org.pl\/en\/wp-json\/wp\/v2\/pages"}],"about":[{"href":"https:\/\/opi.org.pl\/en\/wp-json\/wp\/v2\/types\/page"}],"author":[{"embeddable":true,"href":"https:\/\/opi.org.pl\/en\/wp-json\/wp\/v2\/users\/34"}],"replies":[{"embeddable":true,"href":"https:\/\/opi.org.pl\/en\/wp-json\/wp\/v2\/comments?post=29428"}],"version-history":[{"count":2,"href":"https:\/\/opi.org.pl\/en\/wp-json\/wp\/v2\/pages\/29428\/revisions"}],"predecessor-version":[{"id":32322,"href":"https:\/\/opi.org.pl\/en\/wp-json\/wp\/v2\/pages\/29428\/revisions\/32322"}],"up":[{"embeddable":true,"href":"https:\/\/opi.org.pl\/en\/wp-json\/wp\/v2\/pages\/29397"}],"wp:attachment":[{"href":"https:\/\/opi.org.pl\/en\/wp-json\/wp\/v2\/media?parent=29428"}],"curies":[{"name":"wp","href":"https:\/\/api.w.org\/{rel}","templated":true}]}}