{"id":29427,"date":"2024-06-20T08:41:56","date_gmt":"2024-06-20T06:41:56","guid":{"rendered":"https:\/\/opi-test.opi.org.pl\/?page_id=26705"},"modified":"2025-02-11T11:50:20","modified_gmt":"2025-02-11T10:50:20","slug":"systems-for-science-and-higher-education","status":"publish","type":"page","link":"https:\/\/opi.org.pl\/en\/what-we-do\/software\/systems-for-science-and-higher-education\/","title":{"rendered":"Systems for science and higher education"},"content":{"rendered":"\n<h1 class=\"wp-block-heading\" id=\"Systemydlanaukiiszkolnictwawy\u017cszego-Systemydlanaukiiszkolnictwawy\u017cszego-tworzymyprzysz\u0142o\u015b\u0107sektora\">Systems for science and higher education \u2013 we are shaping the future of the sector<\/h1>\n\n\n\n<figure class=\"wp-block-image size-full\"><img decoding=\"async\" src=\"https:\/\/opi.org.pl\/wp-content\/uploads\/2024\/06\/systemy-nauki-i-szkolnictwa-wyzszego-2.jpg\" alt=\"\" class=\"wp-image-28863\" style=\"aspect-ratio:16\/9;object-fit:cover\"\/><\/figure>\n\n\n\n<h2 class=\"wp-block-heading space-margin-top-1\">Who we are<\/h2>\n\n\n\n<ul class=\"wp-block-list\">\n<li>We are experts in developing and implementing comprehensive IT systems that are tailored to the needs of our service users. We prioritise the stability, security and scalability of our systems.<\/li>\n<\/ul>\n\n\n\n<h2 class=\"wp-block-heading space-margin-top-1\">What we do<\/h2>\n\n\n\n<ul class=\"wp-block-list\">\n<li>We develop IT systems and software for the science and higher education sector. Our solutions offer access to the latest and most complete data.<\/li>\n\n\n\n<li>We streamline everyday administrative tasks.<\/li>\n\n\n\n<li>We advance cutting-edge data collection and analysis methods.<\/li>\n\n\n\n<li>We use AI methods.<\/li>\n<\/ul>\n\n\n\n<h2 class=\"wp-block-heading space-margin-top-1\">What we offer<\/h2>\n\n\n\n<ul class=\"wp-block-list\">\n<li>Intuitive and reliable systems<\/li>\n<\/ul>\n\n\n\n<div class=\"wp-block-group is-vertical is-content-justification-stretch is-layout-flex wp-container-core-group-is-layout-b16ad781 wp-block-group-is-layout-flex\">\n<div class=\"wp-block-buttons is-content-justification-left is-layout-flex wp-container-core-buttons-is-layout-fdcfc74e wp-block-buttons-is-layout-flex\">\n<div class=\"wp-block-button is-style-fill button-reverse2\"><a class=\"wp-block-button__link wp-element-button\" href=\"https:\/\/opi.org.pl\/en\/systems\/\">Discover our systems for science<\/a><\/div>\n<\/div>\n<\/div>\n\n\n\n<p><\/p>\n\n\n\n<p>Our solutions are driven by:&nbsp;<\/p>\n\n\n\n<figure class=\"wp-block-gallery has-nested-images columns-default opi-technologies margin-bottom-0 wp-block-gallery-1 is-layout-flex wp-block-gallery-is-layout-flex\">\n<figure class=\"wp-block-image size-large\"><img decoding=\"async\" data-id=\"21525\" src=\"https:\/\/opi.org.pl\/wp-content\/uploads\/2020\/05\/Java.svg\" alt=\"Logo Java\" class=\"wp-image-21525\"\/><figcaption class=\"wp-element-caption\">Java<\/figcaption><\/figure>\n\n\n\n<figure class=\"wp-block-image size-large\"><img decoding=\"async\" data-id=\"21513\" src=\"https:\/\/opi.org.pl\/wp-content\/uploads\/2020\/05\/Angular.svg\" alt=\"Logo Angular\" class=\"wp-image-21513\"\/><figcaption class=\"wp-element-caption\">Angular<\/figcaption><\/figure>\n\n\n\n<figure class=\"wp-block-image size-large\"><img decoding=\"async\" data-id=\"22118\" src=\"https:\/\/opi.org.pl\/wp-content\/uploads\/2020\/05\/Dart.svg\" alt=\"Logo Dart\" class=\"wp-image-22118\"\/><figcaption class=\"wp-element-caption\">Dart<\/figcaption><\/figure>\n\n\n\n<figure class=\"wp-block-image size-large\"><img decoding=\"async\" data-id=\"21549\" src=\"https:\/\/opi.org.pl\/wp-content\/uploads\/2020\/05\/vue.svg\" alt=\"Logo vue\" class=\"wp-image-21549\"\/><figcaption class=\"wp-element-caption\">Vue.js<\/figcaption><\/figure>\n\n\n\n<figure class=\"wp-block-image size-large\"><img decoding=\"async\" data-id=\"21545\" src=\"https:\/\/opi.org.pl\/wp-content\/uploads\/2020\/05\/Spring-Boot.svg\" alt=\"Logo Spring-Boot\" class=\"wp-image-21545\"\/><figcaption class=\"wp-element-caption\">Spring Boot<\/figcaption><\/figure>\n\n\n\n<figure class=\"wp-block-image size-large\"><img decoding=\"async\" data-id=\"21543\" src=\"https:\/\/opi.org.pl\/wp-content\/uploads\/2020\/05\/Spring.svg\" alt=\"Logo Spring\" class=\"wp-image-21543\"\/><figcaption class=\"wp-element-caption\">Spring<\/figcaption><\/figure>\n\n\n\n<figure class=\"wp-block-image size-large\"><img decoding=\"async\" data-id=\"21521\" src=\"https:\/\/opi.org.pl\/wp-content\/uploads\/2020\/05\/Hibernate.svg\" alt=\"Logo Hibernate\" class=\"wp-image-21521\"\/><figcaption class=\"wp-element-caption\">Hibernate<\/figcaption><\/figure>\n\n\n\n<figure class=\"wp-block-image size-large\"><img decoding=\"async\" data-id=\"22120\" src=\"https:\/\/opi.org.pl\/wp-content\/uploads\/2020\/05\/Oracle.svg\" alt=\"Logo Oracle\" class=\"wp-image-22120\"\/><figcaption class=\"wp-element-caption\">Oracle<\/figcaption><\/figure>\n\n\n\n<figure class=\"wp-block-image size-large\"><img decoding=\"async\" data-id=\"21531\" src=\"https:\/\/opi.org.pl\/wp-content\/uploads\/2020\/05\/MongoDB.svg\" alt=\"Logo MongoDB\" class=\"wp-image-21531\"\/><figcaption class=\"wp-element-caption\">MongoDB<\/figcaption><\/figure>\n\n\n\n<figure class=\"wp-block-image size-large\"><img decoding=\"async\" data-id=\"21533\" src=\"https:\/\/opi.org.pl\/wp-content\/uploads\/2020\/05\/PostgreSQL.svg\" alt=\"Logo PostgreSQL\" class=\"wp-image-21533\"\/><figcaption class=\"wp-element-caption\">PostgreSQL<\/figcaption><\/figure>\n\n\n\n<figure class=\"wp-block-image size-large\"><img decoding=\"async\" data-id=\"22122\" src=\"https:\/\/opi.org.pl\/wp-content\/uploads\/2020\/05\/MySQL.svg\" alt=\"Logo MySQL\" class=\"wp-image-22122\"\/><figcaption class=\"wp-element-caption\">MySQL<\/figcaption><\/figure>\n\n\n\n<figure class=\"wp-block-image size-large\"><img decoding=\"async\" data-id=\"21519\" src=\"https:\/\/opi.org.pl\/wp-content\/uploads\/2020\/05\/Elasticsearch.svg\" alt=\"Logo Elasticsearch\" class=\"wp-image-21519\"\/><figcaption class=\"wp-element-caption\">Elasticsearch<\/figcaption><\/figure>\n\n\n\n<figure class=\"wp-block-image size-large\"><img decoding=\"async\" data-id=\"21517\" src=\"https:\/\/opi.org.pl\/wp-content\/uploads\/2020\/05\/Docker.svg\" alt=\"Logo Docker\" class=\"wp-image-21517\"\/><figcaption class=\"wp-element-caption\">Docker<\/figcaption><\/figure>\n\n\n\n<figure class=\"wp-block-image size-large\"><img decoding=\"async\" data-id=\"22124\" src=\"https:\/\/opi.org.pl\/wp-content\/uploads\/2020\/05\/Kubernetes.svg\" alt=\"Logo Kubernetes\" class=\"wp-image-22124\"\/><figcaption class=\"wp-element-caption\">Kubernetes<\/figcaption><\/figure>\n\n\n\n<figure class=\"wp-block-image size-large\"><img decoding=\"async\" data-id=\"22181\" src=\"https:\/\/opi.org.pl\/wp-content\/uploads\/2020\/05\/hadoop.svg\" alt=\"Logo hadoop\" class=\"wp-image-22181\"\/><figcaption class=\"wp-element-caption\">hadoop<\/figcaption><\/figure>\n\n\n\n<figure class=\"wp-block-image size-large\"><img decoding=\"async\" data-id=\"22126\" src=\"https:\/\/opi.org.pl\/wp-content\/uploads\/2020\/05\/Spark.svg\" alt=\"Logo Spark\" class=\"wp-image-22126\"\/><figcaption class=\"wp-element-caption\">Spark<\/figcaption><\/figure>\n\n\n\n<figure class=\"wp-block-image size-large\"><img decoding=\"async\" data-id=\"21535\" src=\"https:\/\/opi.org.pl\/wp-content\/uploads\/2020\/05\/Python.svg\" alt=\"Logo Python\" class=\"wp-image-21535\"\/><figcaption class=\"wp-element-caption\">Python<\/figcaption><\/figure>\n\n\n\n<figure class=\"wp-block-image size-large\"><img decoding=\"async\" data-id=\"21541\" src=\"https:\/\/opi.org.pl\/wp-content\/uploads\/2020\/05\/Scikit-Learn.svg\" alt=\"Logo Scikit-Learn\" class=\"wp-image-21541\"\/><figcaption class=\"wp-element-caption\">Scikit Learn<\/figcaption><\/figure>\n\n\n\n<figure class=\"wp-block-image size-large\"><img decoding=\"async\" data-id=\"22155\" src=\"https:\/\/opi.org.pl\/wp-content\/uploads\/2020\/05\/Pandas.svg\" alt=\"Logo Pandas\" class=\"wp-image-22155\"\/><figcaption class=\"wp-element-caption\">Pandas<\/figcaption><\/figure>\n\n\n\n<figure class=\"wp-block-image size-large\"><img decoding=\"async\" data-id=\"22157\" src=\"https:\/\/opi.org.pl\/wp-content\/uploads\/2020\/05\/pytorch.svg\" alt=\"Logo pytorch\" class=\"wp-image-22157\"\/><figcaption class=\"wp-element-caption\">pytorch<\/figcaption><\/figure>\n\n\n\n<figure class=\"wp-block-image size-large\"><img decoding=\"async\" data-id=\"22178\" src=\"https:\/\/opi.org.pl\/wp-content\/uploads\/2020\/05\/Matplotlib.svg\" alt=\"Logo Matplotlib\" class=\"wp-image-22178\"\/><figcaption class=\"wp-element-caption\">Matplotlib<\/figcaption><\/figure>\n\n\n\n<figure class=\"wp-block-image size-large\"><img decoding=\"async\" data-id=\"21547\" src=\"https:\/\/opi.org.pl\/wp-content\/uploads\/2020\/05\/TensorFlow.svg\" alt=\"Logo TensorFlow\" class=\"wp-image-21547\"\/><figcaption class=\"wp-element-caption\">TensorFlow<\/figcaption><\/figure>\n\n\n\n<figure class=\"wp-block-image size-large\"><img decoding=\"async\" data-id=\"21551\" src=\"https:\/\/opi.org.pl\/wp-content\/uploads\/2020\/05\/Windows.svg\" alt=\"Logo Windows\" class=\"wp-image-21551\"\/><figcaption class=\"wp-element-caption\">Windows<\/figcaption><\/figure>\n\n\n\n<figure class=\"wp-block-image size-large\"><img decoding=\"async\" data-id=\"21529\" src=\"https:\/\/opi.org.pl\/wp-content\/uploads\/2020\/05\/Linux.svg\" alt=\"Logo Linux\" class=\"wp-image-21529\"\/><figcaption class=\"wp-element-caption\">Linux\/UNIX<\/figcaption><\/figure>\n\n\n\n<figure class=\"wp-block-image size-large\"><img decoding=\"async\" data-id=\"22161\" src=\"https:\/\/opi.org.pl\/wp-content\/uploads\/2020\/05\/Android.svg\" alt=\"Logo Android\" class=\"wp-image-22161\"\/><figcaption class=\"wp-element-caption\">Android<\/figcaption><\/figure>\n\n\n\n<figure class=\"wp-block-image size-large\"><img decoding=\"async\" data-id=\"22159\" src=\"https:\/\/opi.org.pl\/wp-content\/uploads\/2020\/05\/Adobe-CC.svg\" alt=\"Logo Adobe-CC\" class=\"wp-image-22159\"\/><figcaption class=\"wp-element-caption\">Adobe CC<\/figcaption><\/figure>\n\n\n\n<figure class=\"wp-block-image size-large\"><img decoding=\"async\" data-id=\"22172\" src=\"https:\/\/opi.org.pl\/wp-content\/uploads\/2020\/05\/React.svg\" alt=\"Logo React\" class=\"wp-image-22172\"\/><figcaption class=\"wp-element-caption\">React<\/figcaption><\/figure>\n\n\n\n<figure class=\"wp-block-image size-large\"><img decoding=\"async\" data-id=\"22163\" src=\"https:\/\/opi.org.pl\/wp-content\/uploads\/2020\/05\/Sass.svg\" alt=\"Logo Sass\" class=\"wp-image-22163\"\/><figcaption class=\"wp-element-caption\">Sass<\/figcaption><\/figure>\n\n\n\n<figure class=\"wp-block-image size-large\"><img decoding=\"async\" data-id=\"22165\" src=\"https:\/\/opi.org.pl\/wp-content\/uploads\/2020\/05\/WordPress.svg\" alt=\"Logo WordPress\" class=\"wp-image-22165\"\/><figcaption class=\"wp-element-caption\">WordPress<\/figcaption><\/figure>\n\n\n\n<figure class=\"wp-block-image size-large\"><img decoding=\"async\" data-id=\"22169\" src=\"https:\/\/opi.org.pl\/wp-content\/uploads\/2020\/05\/Grunt.svg\" alt=\"Logo Grunt\" class=\"wp-image-22169\"\/><figcaption class=\"wp-element-caption\">Grunt<\/figcaption><\/figure>\n\n\n\n<figure class=\"wp-block-image size-large\"><img decoding=\"async\" data-id=\"22175\" src=\"https:\/\/opi.org.pl\/wp-content\/uploads\/2020\/05\/NPM.svg\" alt=\"Logo NPM\" class=\"wp-image-22175\"\/><figcaption class=\"wp-element-caption\">NPM<\/figcaption><\/figure>\n\n\n\n<figure class=\"wp-block-image size-large\"><img decoding=\"async\" data-id=\"26326\" src=\"https:\/\/opi.org.pl\/wp-content\/uploads\/2022\/09\/mariadb.svg\" alt=\"MariaDB\" class=\"wp-image-26326\"\/><figcaption class=\"wp-element-caption\">MariaDB<\/figcaption><\/figure>\n<\/figure>\n\n\n\n<div class=\"wp-block-group opi-box-lab opi-box-lab-sdnisw\"><div class=\"wp-block-group__inner-container is-layout-constrained wp-block-group-is-layout-constrained\">\n<h2 class=\"wp-block-heading margin-top-0\" id=\"Systemydlanaukiiszkolnictwawy\u017cszego-Wsp\u00f3\u0142pracujznami\"><strong>Partner with us<\/strong><\/h2>\n\n\n\n<div class=\"wp-block-group opi-box-lab-main\"><div class=\"wp-block-group__inner-container is-layout-constrained wp-block-group-is-layout-constrained\">\n<div class=\"wp-block-group opi-page-box-highlight opi-page-box-highlight-short opi-page-box-highlight-short-l  opi-page-box-highlight-short-left\"><div class=\"wp-block-group__inner-container is-layout-constrained wp-block-group-is-layout-constrained\">\n<p>Send me an email at: <a href=\"mailto:pawel.nowek@opi.org.pl\">pawel.nowek@opi.org.pl<\/a>&nbsp;<\/p>\n\n\n\n<p><strong>Pawe\u0142 Nowek<br><\/strong>Head of the Software Development Department<\/p>\n<\/div><\/div>\n\n\n\n<p>I am the head of the Software Development Department at OPI PIB. I manage a team of over 90 specialists.\u00a0 My passions lie in project management, big data, process optimisation, and the implementation of new software and technology development methods.<\/p>\n\n\n\n<div class=\"wp-block-group opi-box-lab-person-container\"><div class=\"wp-block-group__inner-container is-layout-constrained wp-block-group-is-layout-constrained\">\n<p class=\"linkedin\"><\/p>\n\n\n\n<p class=\"opi-box-lab-person\"><strong>Pawe\u0142 Nowek<\/strong><br>Head of the Software Development Department<\/p>\n<\/div><\/div>\n<\/div><\/div>\n<\/div><\/div>\n","protected":false},"excerpt":{"rendered":"<p>Systems for science and higher education \u2013 we are shaping the future of the sector Who we are What we do What we offer Our solutions are driven by:&nbsp; Partner with us Send me an email at: pawel.nowek@opi.org.pl&nbsp; Pawe\u0142 NowekHead of the Software Development Department I am the head of the Software Development Department at&hellip;<\/p>\n","protected":false},"author":34,"featured_media":0,"parent":29401,"menu_order":100,"comment_status":"closed","ping_status":"closed","template":"templates\/page-without-title.php","meta":{"footnotes":"","_links_to":"","_links_to_target":""},"class_list":["post-29427","page","type-page","status-publish","hentry"],"_links":{"self":[{"href":"https:\/\/opi.org.pl\/en\/wp-json\/wp\/v2\/pages\/29427","targetHints":{"allow":["GET"]}}],"collection":[{"href":"https:\/\/opi.org.pl\/en\/wp-json\/wp\/v2\/pages"}],"about":[{"href":"https:\/\/opi.org.pl\/en\/wp-json\/wp\/v2\/types\/page"}],"author":[{"embeddable":true,"href":"https:\/\/opi.org.pl\/en\/wp-json\/wp\/v2\/users\/34"}],"replies":[{"embeddable":true,"href":"https:\/\/opi.org.pl\/en\/wp-json\/wp\/v2\/comments?post=29427"}],"version-history":[{"count":2,"href":"https:\/\/opi.org.pl\/en\/wp-json\/wp\/v2\/pages\/29427\/revisions"}],"predecessor-version":[{"id":32326,"href":"https:\/\/opi.org.pl\/en\/wp-json\/wp\/v2\/pages\/29427\/revisions\/32326"}],"up":[{"embeddable":true,"href":"https:\/\/opi.org.pl\/en\/wp-json\/wp\/v2\/pages\/29401"}],"wp:attachment":[{"href":"https:\/\/opi.org.pl\/en\/wp-json\/wp\/v2\/media?parent=29427"}],"curies":[{"name":"wp","href":"https:\/\/api.w.org\/{rel}","templated":true}]}}