{"id":29426,"date":"2024-06-19T14:31:06","date_gmt":"2024-06-19T12:31:06","guid":{"rendered":"https:\/\/opi-test.opi.org.pl\/?page_id=26698"},"modified":"2024-11-05T10:07:23","modified_gmt":"2024-11-05T09:07:23","slug":"grant-systems","status":"publish","type":"page","link":"https:\/\/opi.org.pl\/en\/what-we-do\/software\/grant-systems\/","title":{"rendered":"Grant systems"},"content":{"rendered":"\n<h1 class=\"wp-block-heading\" id=\"Systemydlanaukiiszkolnictwawy\u017cszego-Systemydlanaukiiszkolnictwawy\u017cszego-tworzymyprzysz\u0142o\u015b\u0107sektora\">Grant systems \u2013 the new dimension of science funding&nbsp;<\/h1>\n\n\n\n<figure class=\"wp-block-image size-full\"><img decoding=\"async\" src=\"https:\/\/opi.org.pl\/wp-content\/uploads\/2024\/06\/systemy-grantowe-2x.jpg\" alt=\"\" class=\"wp-image-26798\" style=\"aspect-ratio:16\/9;object-fit:cover\"\/><\/figure>\n\n\n\n<h2 class=\"wp-block-heading space-margin-top-1\">Who we are<\/h2>\n\n\n\n<ul class=\"wp-block-list\">\n<li>We are a team of experts that specialises in the development and implementation of comprehensive grant systems for the science and higher education sector.<\/li>\n<\/ul>\n\n\n\n<h2 class=\"wp-block-heading space-margin-top-1\">What we do<\/h2>\n\n\n\n<ul class=\"wp-block-list\">\n<li>We develop advanced grant systems for the science and higher education sector. Our systems provide comprehensive support throughout the grant application submission and management processes.<\/li>\n\n\n\n<li>Our innovative and efficient solutions facilitate and optimise the acquisition of funding for projects and research. Our unique tools will streamline your efforts and expedite project implementation.&nbsp;<\/li>\n<\/ul>\n\n\n\n<h2 class=\"wp-block-heading space-margin-top-1\">What we offer<\/h2>\n\n\n\n<p>&nbsp;The&nbsp;Funding Stream Support System (OSF)<\/p>\n\n\n\n<ul class=\"wp-block-list\">\n<li>OSF supports the registration and management of applications for R&amp;D project funding granted by the Polish Ministry of Science and Higher Education, the Polish National Science Centre, and the Polish National Centre for Research and Development.<\/li>\n<\/ul>\n\n\n\n<p>The Polish National Agency for Academic Exchange (NAWA) system<\/p>\n\n\n\n<ul class=\"wp-block-list\">\n<li>NAWA supports academic exchange and international collaboration between Polish and foreign higher education institutions. Students, scientists and institutions use the NAWA system to submit scholarship applications. The system supports the processes that evaluate scholarship applications, issue decisions, sign agreements and submit reports.<\/li>\n<\/ul>\n\n\n\n<p>The Medical Research Agency (ABM) system<\/p>\n\n\n\n<ul class=\"wp-block-list\">\n<li>The ABM system supports the submission and management of applications for participation in medical research and development programmes. The system is used to announce calls for proposal and evaluate submitted applications.<\/li>\n<\/ul>\n\n\n\n<div class=\"wp-block-buttons is-layout-flex wp-block-buttons-is-layout-flex\">\n<div class=\"wp-block-button button-reverse2\"><a class=\"wp-block-button__link wp-element-button\" href=\"\/en\/systems\/#system_cat-799\">Explore our grant systems<\/a><\/div>\n<\/div>\n\n\n\n<div style=\"height:50px\" aria-hidden=\"true\" class=\"wp-block-spacer\"><\/div>\n\n\n\n<div class=\"wp-block-group opi-page-box-highlight\"><div class=\"wp-block-group__inner-container is-layout-constrained wp-block-group-is-layout-constrained\">\n<p>Our grant systems are created by expert teams of analysts, project designers, software developers and testers. To achieve optimal performance and offer complete user assistance, we employ software architects, administrators and helpdesk professionals.&nbsp;<\/p>\n<\/div><\/div>\n\n\n\n<div style=\"height:30px\" aria-hidden=\"true\" class=\"wp-block-spacer\"><\/div>\n\n\n\n<p>Our solutions are driven by these technologies:<\/p>\n\n\n\n<figure class=\"wp-block-gallery has-nested-images columns-default opi-technologies margin-bottom-0 wp-block-gallery-1 is-layout-flex wp-block-gallery-is-layout-flex\">\n<figure class=\"wp-block-image size-large\"><img decoding=\"async\" data-id=\"21525\" src=\"https:\/\/opi.org.pl\/wp-content\/uploads\/2020\/05\/Java.svg\" alt=\"Logo Java\" class=\"wp-image-21525\"\/><figcaption class=\"wp-element-caption\">Java<\/figcaption><\/figure>\n\n\n\n<figure class=\"wp-block-image size-large\"><img decoding=\"async\" data-id=\"22226\" src=\"https:\/\/opi.org.pl\/wp-content\/uploads\/2020\/05\/JavaScript.svg\" alt=\"Logo JavaScript\" class=\"wp-image-22226\"\/><figcaption class=\"wp-element-caption\">JavaScript<\/figcaption><\/figure>\n\n\n\n<figure class=\"wp-block-image size-large\"><img decoding=\"async\" data-id=\"22245\" src=\"https:\/\/opi.org.pl\/wp-content\/uploads\/2020\/05\/JavaServer-Faces-1.svg\" alt=\"Logo JavaServer-Faces-1\" class=\"wp-image-22245\"\/><figcaption class=\"wp-element-caption\">JavaServer Faces<\/figcaption><\/figure>\n\n\n\n<figure class=\"wp-block-image size-large\"><img decoding=\"async\" data-id=\"22352\" src=\"https:\/\/opi.org.pl\/wp-content\/uploads\/2020\/06\/Oberon.svg\" alt=\"Logo Oberon\" class=\"wp-image-22352\"\/><figcaption class=\"wp-element-caption\">Orbeon<\/figcaption><\/figure>\n\n\n\n<figure class=\"wp-block-image size-large\"><img decoding=\"async\" data-id=\"21521\" src=\"https:\/\/opi.org.pl\/wp-content\/uploads\/2020\/05\/Hibernate.svg\" alt=\"Logo Hibernate\" class=\"wp-image-21521\"\/><figcaption class=\"wp-element-caption\">Hibernate<\/figcaption><\/figure>\n\n\n\n<figure class=\"wp-block-image size-large\"><img decoding=\"async\" data-id=\"22239\" src=\"https:\/\/opi.org.pl\/wp-content\/uploads\/2020\/05\/Primefaces.svg\" alt=\"Logo Primefaces\" class=\"wp-image-22239\"\/><figcaption class=\"wp-element-caption\">PrimeFaces<\/figcaption><\/figure>\n\n\n\n<figure class=\"wp-block-image size-large\"><img decoding=\"async\" data-id=\"21533\" src=\"https:\/\/opi.org.pl\/wp-content\/uploads\/2020\/05\/PostgreSQL.svg\" alt=\"Logo PostgreSQL\" class=\"wp-image-21533\"\/><figcaption class=\"wp-element-caption\">PostgreSQL<\/figcaption><\/figure>\n\n\n\n<figure class=\"wp-block-image size-large\"><img decoding=\"async\" data-id=\"21531\" src=\"https:\/\/opi.org.pl\/wp-content\/uploads\/2020\/05\/MongoDB.svg\" alt=\"Logo MongoDB\" class=\"wp-image-21531\"\/><figcaption class=\"wp-element-caption\">MongoDB<\/figcaption><\/figure>\n\n\n\n<figure class=\"wp-block-image size-large\"><img decoding=\"async\" data-id=\"21513\" src=\"https:\/\/opi.org.pl\/wp-content\/uploads\/2020\/05\/Angular.svg\" alt=\"Logo Angular\" class=\"wp-image-21513\"\/><figcaption class=\"wp-element-caption\">Angular<\/figcaption><\/figure>\n\n\n\n<figure class=\"wp-block-image size-large\"><img decoding=\"async\" data-id=\"22354\" src=\"https:\/\/opi.org.pl\/wp-content\/uploads\/2020\/06\/jHipster.svg\" alt=\"Logo jHipster\" class=\"wp-image-22354\"\/><figcaption class=\"wp-element-caption\">jHipster<\/figcaption><\/figure>\n\n\n\n<figure class=\"wp-block-image size-large\"><img decoding=\"async\" data-id=\"21543\" src=\"https:\/\/opi.org.pl\/wp-content\/uploads\/2020\/05\/Spring.svg\" alt=\"Logo Spring\" class=\"wp-image-21543\"\/><figcaption class=\"wp-element-caption\">Spring<\/figcaption><\/figure>\n\n\n\n<figure class=\"wp-block-image size-large\"><img decoding=\"async\" data-id=\"21545\" src=\"https:\/\/opi.org.pl\/wp-content\/uploads\/2020\/05\/Spring-Boot.svg\" alt=\"Logo Spring-Boot\" class=\"wp-image-21545\"\/><figcaption class=\"wp-element-caption\">Spring Boot<\/figcaption><\/figure>\n\n\n\n<figure class=\"wp-block-image size-large\"><img decoding=\"async\" data-id=\"21517\" src=\"https:\/\/opi.org.pl\/wp-content\/uploads\/2020\/05\/Docker.svg\" alt=\"Logo Docker\" class=\"wp-image-21517\"\/><figcaption class=\"wp-element-caption\">Docker<\/figcaption><\/figure>\n\n\n\n<figure class=\"wp-block-image size-large\"><img decoding=\"async\" data-id=\"22356\" src=\"https:\/\/opi.org.pl\/wp-content\/uploads\/2020\/06\/Maven.svg\" alt=\"Logo Maven\" class=\"wp-image-22356\"\/><figcaption class=\"wp-element-caption\">Maven<\/figcaption><\/figure>\n\n\n\n<figure class=\"wp-block-image size-large\"><img decoding=\"async\" data-id=\"22358\" src=\"https:\/\/opi.org.pl\/wp-content\/uploads\/2020\/06\/Gradle.svg\" alt=\"Logo Gradle\" class=\"wp-image-22358\"\/><figcaption class=\"wp-element-caption\">Gradle<\/figcaption><\/figure>\n\n\n\n<figure class=\"wp-block-image size-large\"><img decoding=\"async\" data-id=\"22360\" src=\"https:\/\/opi.org.pl\/wp-content\/uploads\/2020\/06\/Jenkins.svg\" alt=\"Logo Jenkins\" class=\"wp-image-22360\"\/><figcaption class=\"wp-element-caption\">Jenkins<\/figcaption><\/figure>\n\n\n\n<figure class=\"wp-block-image size-large\"><img decoding=\"async\" data-id=\"22362\" src=\"https:\/\/opi.org.pl\/wp-content\/uploads\/2020\/06\/Selenium.svg\" alt=\"Logo Selenium\" class=\"wp-image-22362\"\/><figcaption class=\"wp-element-caption\">Selenium<\/figcaption><\/figure>\n\n\n\n<figure class=\"wp-block-image size-large\"><img decoding=\"async\" data-id=\"22364\" src=\"https:\/\/opi.org.pl\/wp-content\/uploads\/2020\/06\/Cucumber-BDD.svg\" alt=\"Logo Cucumber-BDD\" class=\"wp-image-22364\"\/><figcaption class=\"wp-element-caption\">Cucumber BDD<\/figcaption><\/figure>\n\n\n\n<figure class=\"wp-block-image size-large\"><img decoding=\"async\" data-id=\"22366\" src=\"https:\/\/opi.org.pl\/wp-content\/uploads\/2020\/06\/X-Forms.svg\" alt=\"Logo X-Forms\" class=\"wp-image-22366\"\/><figcaption class=\"wp-element-caption\">XForms<\/figcaption><\/figure>\n\n\n\n<figure class=\"wp-block-image size-large\"><img decoding=\"async\" data-id=\"22374\" src=\"https:\/\/opi.org.pl\/wp-content\/uploads\/2020\/06\/XSLT.svg\" alt=\"Logo XSLT\" class=\"wp-image-22374\"\/><figcaption class=\"wp-element-caption\">XSLT<\/figcaption><\/figure>\n\n\n\n<figure class=\"wp-block-image size-large\"><img decoding=\"async\" data-id=\"21535\" src=\"https:\/\/opi.org.pl\/wp-content\/uploads\/2020\/05\/Python.svg\" alt=\"Logo Python\" class=\"wp-image-21535\"\/><figcaption class=\"wp-element-caption\">Python<\/figcaption><\/figure>\n\n\n\n<figure class=\"wp-block-image size-large\"><img decoding=\"async\" data-id=\"21547\" src=\"https:\/\/opi.org.pl\/wp-content\/uploads\/2020\/05\/TensorFlow.svg\" alt=\"Logo TensorFlow\" class=\"wp-image-21547\"\/><figcaption class=\"wp-element-caption\">TensorFlow<\/figcaption><\/figure>\n\n\n\n<figure class=\"wp-block-image size-large\"><img decoding=\"async\" data-id=\"21527\" src=\"https:\/\/opi.org.pl\/wp-content\/uploads\/2020\/05\/Keras.svg\" alt=\"Logo Keras\" class=\"wp-image-21527\"\/><figcaption class=\"wp-element-caption\">Keras<\/figcaption><\/figure>\n\n\n\n<figure class=\"wp-block-image size-large\"><img decoding=\"async\" data-id=\"21541\" src=\"https:\/\/opi.org.pl\/wp-content\/uploads\/2020\/05\/Scikit-Learn.svg\" alt=\"Logo Scikit-Learn\" class=\"wp-image-21541\"\/><figcaption class=\"wp-element-caption\">Scikit Learn<\/figcaption><\/figure>\n\n\n\n<figure class=\"wp-block-image size-large\"><img decoding=\"async\" data-id=\"22368\" src=\"https:\/\/opi.org.pl\/wp-content\/uploads\/2020\/06\/XNAT.svg\" alt=\"Logo XNAT\" class=\"wp-image-22368\"\/><figcaption class=\"wp-element-caption\">XNAT<\/figcaption><\/figure>\n\n\n\n<figure class=\"wp-block-image size-large\"><img decoding=\"async\" data-id=\"22230\" src=\"https:\/\/opi.org.pl\/wp-content\/uploads\/2020\/05\/Jakarta-EE.svg\" alt=\"Logo Jakarta-EE\" class=\"wp-image-22230\"\/><figcaption class=\"wp-element-caption\">Jakarta EE<\/figcaption><\/figure>\n\n\n\n<figure class=\"wp-block-image size-large\"><img decoding=\"async\" data-id=\"22120\" src=\"https:\/\/opi.org.pl\/wp-content\/uploads\/2020\/05\/Oracle.svg\" alt=\"Logo Oracle\" class=\"wp-image-22120\"\/><figcaption class=\"wp-element-caption\">Oracle<\/figcaption><\/figure>\n\n\n\n<figure class=\"wp-block-image size-large\"><img decoding=\"async\" data-id=\"22228\" src=\"https:\/\/opi.org.pl\/wp-content\/uploads\/2020\/05\/HTML5.svg\" alt=\"Logo HTML5\" class=\"wp-image-22228\"\/><figcaption class=\"wp-element-caption\">HTML<\/figcaption><\/figure>\n\n\n\n<figure class=\"wp-block-image size-large\"><img decoding=\"async\" data-id=\"22223\" src=\"https:\/\/opi.org.pl\/wp-content\/uploads\/2020\/05\/CSS3.svg\" alt=\"Logo CSS3\" class=\"wp-image-22223\"\/><figcaption class=\"wp-element-caption\">CSS<\/figcaption><\/figure>\n<\/figure>\n\n\n\n<div class=\"wp-block-group opi-box-lab opi-box-lab-grant-systems\"><div class=\"wp-block-group__inner-container is-layout-constrained wp-block-group-is-layout-constrained\">\n<h2 class=\"wp-block-heading margin-top-0\">Partner with us<\/h2>\n\n\n\n<div class=\"wp-block-group opi-box-lab-main\"><div class=\"wp-block-group__inner-container is-layout-constrained wp-block-group-is-layout-constrained\">\n<div class=\"wp-block-group opi-page-box-highlight opi-page-box-highlight-short opi-page-box-highlight-short-l  opi-page-box-highlight-short-left\"><div class=\"wp-block-group__inner-container is-layout-constrained wp-block-group-is-layout-constrained\">\n<p>Send me an email at: <a href=\"mailto:piotr.sobecki@opi.org.pl\">piotr.sobecki@opi.org.pl<\/a><\/p>\n\n\n\n<p>dr in\u017c. Piotr Sobecki<br>Head of the Business Software Development Department<\/p>\n<\/div><\/div>\n\n\n\n<p class=\"opi-box-lab-person-container\">I am the Head of the Business Software Development Department at the National Information Processing Institute (OPI PIB). I manage a team of nearly  hundred specialists. I contributed to shaping the strategy of AI development in Poland in 2018. My responsibilities at the Innovation Centre for Digital Medicine are not limited to being a leader; I also support the digital transformation in medicine as a researcher and as an advocate of new technologies that improve the quality of our lives.<\/p>\n\n\n\n<p class=\"has-text-align-right opi-box-lab-person\"><strong>dr in\u017c. Piotr Sobecki<\/strong><br>Head of the Business Software Development Department<\/p>\n<\/div><\/div>\n<\/div><\/div>\n","protected":false},"excerpt":{"rendered":"<p>Grant systems \u2013 the new dimension of science funding&nbsp; Who we are What we do What we offer &nbsp;The&nbsp;Funding Stream Support System (OSF) The Polish National Agency for Academic Exchange (NAWA) system The Medical Research Agency (ABM) system Our grant systems are created by expert teams of analysts, project designers, software developers and testers. To&hellip;<\/p>\n","protected":false},"author":34,"featured_media":0,"parent":29401,"menu_order":200,"comment_status":"closed","ping_status":"closed","template":"templates\/page-without-title.php","meta":{"footnotes":"","_links_to":"","_links_to_target":""},"class_list":["post-29426","page","type-page","status-publish","hentry"],"_links":{"self":[{"href":"https:\/\/opi.org.pl\/en\/wp-json\/wp\/v2\/pages\/29426","targetHints":{"allow":["GET"]}}],"collection":[{"href":"https:\/\/opi.org.pl\/en\/wp-json\/wp\/v2\/pages"}],"about":[{"href":"https:\/\/opi.org.pl\/en\/wp-json\/wp\/v2\/types\/page"}],"author":[{"embeddable":true,"href":"https:\/\/opi.org.pl\/en\/wp-json\/wp\/v2\/users\/34"}],"replies":[{"embeddable":true,"href":"https:\/\/opi.org.pl\/en\/wp-json\/wp\/v2\/comments?post=29426"}],"version-history":[{"count":7,"href":"https:\/\/opi.org.pl\/en\/wp-json\/wp\/v2\/pages\/29426\/revisions"}],"predecessor-version":[{"id":31839,"href":"https:\/\/opi.org.pl\/en\/wp-json\/wp\/v2\/pages\/29426\/revisions\/31839"}],"up":[{"embeddable":true,"href":"https:\/\/opi.org.pl\/en\/wp-json\/wp\/v2\/pages\/29401"}],"wp:attachment":[{"href":"https:\/\/opi.org.pl\/en\/wp-json\/wp\/v2\/media?parent=29426"}],"curies":[{"name":"wp","href":"https:\/\/api.w.org\/{rel}","templated":true}]}}