{"id":29424,"date":"2024-06-18T11:58:29","date_gmt":"2024-06-18T09:58:29","guid":{"rendered":"https:\/\/opi-test.opi.org.pl\/?page_id=26618"},"modified":"2025-02-26T14:45:51","modified_gmt":"2025-02-26T13:45:51","slug":"innovation-centre-for-digital-medicine","status":"publish","type":"page","link":"https:\/\/opi.org.pl\/en\/what-we-do\/artificial-intelligence\/innovation-centre-for-digital-medicine\/","title":{"rendered":"Innovation Centre for Digital Medicine"},"content":{"rendered":"\n<div class=\"wp-block-media-text has-media-on-the-right is-stacked-on-mobile opi-who-we-are\"><div class=\"wp-block-media-text__content\">\n<h2 class=\"wp-block-heading\">Who we are<\/h2>\n\n\n\n<p>The Innovation Centre for Digital Medicine is a team of experts and scientists who develop cutting-edge solutions in digital medicine. We are committed to interdisciplinary research and development, standardisation, and high-quality data. We support collaboration between the scientific and medical communities to shape the future of technology in medicine.<\/p>\n<\/div><figure class=\"wp-block-media-text__media\"><img decoding=\"async\" src=\"https:\/\/opi.org.pl\/wp-content\/uploads\/2024\/06\/Mask-Group-50.jpg\" alt=\"\" class=\"wp-image-28996 size-full\"\/><\/figure><\/div>\n\n\n\n<p><\/p>\n\n\n\n<h2 class=\"wp-block-heading\">What we do<\/h2>\n\n\n\n<ul class=\"wp-block-list\">\n<li>We support the development of innovative technologies for digital medicine.<\/li>\n\n\n\n<li>We promote and implement AI-driven solutions in diagnostic imaging.<\/li>\n\n\n\n<li>We create data culture for AI in medicine.<\/li>\n\n\n\n<li>We lay the foundation for interdisciplinary collaboration and creativity in joint projects and new consortia.<\/li>\n<\/ul>\n\n\n\n<p>Our three action pillars include:<\/p>\n\n\n\n<div class=\"wp-block-group opi-how-we-work-diagram\"><div class=\"wp-block-group__inner-container is-layout-constrained wp-block-group-is-layout-constrained\">\n<h3 class=\"wp-block-heading\">Innovation Centre for Digital Medicine<\/h3>\n\n\n\n<div class=\"wp-block-group\"><div class=\"wp-block-group__inner-container is-layout-constrained wp-block-group-is-layout-constrained\">\n<h4 class=\"wp-block-heading\">Collaboration<\/h4>\n\n\n\n<p>We facilitate knowledge and experience sharing. We value interdisciplinarity.<\/p>\n<\/div><\/div>\n\n\n\n<div class=\"wp-block-group\"><div class=\"wp-block-group__inner-container is-layout-constrained wp-block-group-is-layout-constrained\">\n<h4 class=\"wp-block-heading\">Education<\/h4>\n\n\n\n<p>We promote knowledge on cutting-edge digital technologies in medicine. We organise training sessions, publications and webinars.<\/p>\n<\/div><\/div>\n\n\n\n<div class=\"wp-block-group\"><div class=\"wp-block-group__inner-container is-layout-constrained wp-block-group-is-layout-constrained\">\n<h4 class=\"wp-block-heading\">Research<\/h4>\n\n\n\n<p>We conduct and support national research projects on digital medicine. We focus on innovation.<\/p>\n<\/div><\/div>\n<\/div><\/div>\n\n\n\n<h2 class=\"wp-block-heading\">What we are working on<\/h2>\n\n\n\n<div class=\"wp-block-media-text is-stacked-on-mobile space-1\"><figure class=\"wp-block-media-text__media\"><img decoding=\"async\" src=\"https:\/\/opi.org.pl\/wp-content\/uploads\/2024\/06\/AI4AR-2x-eng-27-1200x1200.png\" alt=\"AI4AR prostate cancer. AI-enhanced radiology dectection, reporting and clinical decision-making in prostate cancer diagnosis. Project funded by: National Centre for Research and Development within the framework of the INFOSTRATEG program\" class=\"wp-image-28992 size-full\"\/><\/figure><div class=\"wp-block-media-text__content\">\n<div class=\"wp-block-group opi-page-box-highlight\"><div class=\"wp-block-group__inner-container is-layout-constrained wp-block-group-is-layout-constrained\">\n<p>Our first endeavour was a research project. We are currently developing an AI-driven digital platform that analyses medical images and assesses the key features in the diagnosis of prostate cancer.<\/p>\n\n\n\n<p>The features meet diagnostic standards and are utilised to generate explicable examination reports automatically. The technology is implemented through training programmes for radiologists.<\/p>\n\n\n\n<p><a href=\"https:\/\/ai4ar.opi.org.pl\/\" class=\"external\" rel=\"nofollow\" target=\"blank\"><\/a><a href=\"https:\/\/ai4ar.opi.org.pl\/en\/\" target=\"_blank\" rel=\"noreferrer noopener\" class=\"external\">More about the project<\/a><\/p>\n<\/div><\/div>\n<\/div><\/div>\n\n\n\n<p><strong>Are you interested in exploring and developing our AI4AR education platform?<\/strong> <br>Submit your <a href=\"https:\/\/opi.org.pl\/cimc\/en\/contact_form\/\" data-type=\"link\" data-id=\"https:\/\/opi.org.pl\/cimc\/en\/contact_form\/\">contact details<\/a> to receive information about the platform\u2019s availability and potential uses.<\/p>\n\n\n\n<h2 class=\"wp-block-heading\">Join us<\/h2>\n\n\n\n<p><\/p>\n\n\n\n<div class=\"wp-block-media-text has-media-on-the-right is-stacked-on-mobile\"><div class=\"wp-block-media-text__content\">\n<div class=\"wp-block-group opi-page-box-highlight\"><div class=\"wp-block-group__inner-container is-layout-constrained wp-block-group-is-layout-constrained\">\n<p><\/p>\n\n\n\n<ul class=\"wp-block-list\">\n<li>Do you seek cutting-edge methods to analyse medical imaging? \u00a0<\/li>\n\n\n\n<li>Are you interested in developing structured and high-quality reference datasets?<\/li>\n\n\n\n<li>Do you need expert guidance in advancing R&amp;D projects in digital medicine?<br><\/li>\n<\/ul>\n\n\n\n<p>Contact us. Let\u2019s work on it together!<\/p>\n<\/div><\/div>\n<\/div><figure class=\"wp-block-media-text__media\"><img decoding=\"async\" src=\"https:\/\/opi.org.pl\/wp-content\/uploads\/2024\/06\/Mask-Group-55.jpg\" alt=\"\" class=\"wp-image-29000 size-full\"\/><\/figure><\/div>\n\n\n\n<div class=\"wp-block-group opi-box-lab opi-box-lab-cidmc\"><div class=\"wp-block-group__inner-container is-layout-constrained wp-block-group-is-layout-constrained\">\n<h2 class=\"wp-block-heading margin-top-0\">Do you want to become our partner?<\/h2>\n\n\n\n<div class=\"wp-block-group opi-box-lab-main\"><div class=\"wp-block-group__inner-container is-layout-constrained wp-block-group-is-layout-constrained\">\n<div class=\"wp-block-group opi-page-box-highlight opi-page-box-highlight-short opi-page-box-highlight-short-l  opi-page-box-highlight-short-left\"><div class=\"wp-block-group__inner-container is-layout-constrained wp-block-group-is-layout-constrained\">\n<p>Send me&nbsp;an email at: <a href=\"mailto:rafal.jozwiak@opi.org.pl\" data-type=\"mailto\" data-id=\"mailto:rafal.jozwiak@opi.org.pl\">rafal.jozwiak@opi.org.pl<\/a><\/p>\n\n\n\n<p>dr in\u017c. Rafa\u0142 J\u00f3\u017awiak<br>Head of the Innovation Centre for Digital Medicine<\/p>\n<\/div><\/div>\n\n\n\n<p class=\"opi-box-lab-person-container\">I have nearly twenty years\u2019 experience in medical informatics. I specialise in the AI-driven analysis and processing of medical imaging and creation of modern systems that support structural reporting and clinical decision making. I have substantial experience in teaching and collaborating with scientific and medical institutions on interdisciplinary research projects that combine technology and medicine.<\/p>\n\n\n\n<div class=\"wp-block-group opi-box-lab-person-container\"><div class=\"wp-block-group__inner-container is-layout-constrained wp-block-group-is-layout-constrained\">\n<p class=\"linkedin\">Follow us on <a href=\"https:\/\/www.linkedin.com\/showcase\/centrum-innowacji-dla-medycyny-cyfrowej\" data-type=\"link\" data-id=\"https:\/\/www.linkedin.com\/showcase\/centrum-innowacji-dla-medycyny-cyfrowej\" class=\"external\" rel=\"nofollow\" target=\"blank\">LinkedIn<\/a><\/p>\n\n\n\n<p class=\"opi-box-lab-person\"><strong><strong>dr&nbsp;in\u017c.&nbsp;Rafa\u0142 J\u00f3\u017awiak<\/strong><br><\/strong>Head of the Innovation Centre <br>for Digital Medicine<br><\/p>\n<\/div><\/div>\n<\/div><\/div>\n<\/div><\/div>\n","protected":false},"excerpt":{"rendered":"<p>We support the future of healthcare<br \/>\nWe develop innovative technologies for digital medicine in Poland. We create data culture for AI in medicine and foster interdisciplinary research collaboration.<\/p>\n","protected":false},"author":34,"featured_media":30870,"parent":29402,"menu_order":200,"comment_status":"closed","ping_status":"closed","template":"templates\/page-lab-innovation-centre-for-digital-medicine.php","meta":{"footnotes":"","_links_to":"","_links_to_target":""},"class_list":["post-29424","page","type-page","status-publish","has-post-thumbnail","hentry"],"_links":{"self":[{"href":"https:\/\/opi.org.pl\/en\/wp-json\/wp\/v2\/pages\/29424","targetHints":{"allow":["GET"]}}],"collection":[{"href":"https:\/\/opi.org.pl\/en\/wp-json\/wp\/v2\/pages"}],"about":[{"href":"https:\/\/opi.org.pl\/en\/wp-json\/wp\/v2\/types\/page"}],"author":[{"embeddable":true,"href":"https:\/\/opi.org.pl\/en\/wp-json\/wp\/v2\/users\/34"}],"replies":[{"embeddable":true,"href":"https:\/\/opi.org.pl\/en\/wp-json\/wp\/v2\/comments?post=29424"}],"version-history":[{"count":3,"href":"https:\/\/opi.org.pl\/en\/wp-json\/wp\/v2\/pages\/29424\/revisions"}],"predecessor-version":[{"id":32465,"href":"https:\/\/opi.org.pl\/en\/wp-json\/wp\/v2\/pages\/29424\/revisions\/32465"}],"up":[{"embeddable":true,"href":"https:\/\/opi.org.pl\/en\/wp-json\/wp\/v2\/pages\/29402"}],"wp:featuredmedia":[{"embeddable":true,"href":"https:\/\/opi.org.pl\/en\/wp-json\/wp\/v2\/media\/30870"}],"wp:attachment":[{"href":"https:\/\/opi.org.pl\/en\/wp-json\/wp\/v2\/media?parent=29424"}],"curies":[{"name":"wp","href":"https:\/\/api.w.org\/{rel}","templated":true}]}}