{"id":29423,"date":"2024-06-18T11:30:46","date_gmt":"2024-06-18T09:30:46","guid":{"rendered":"https:\/\/opi-test.opi.org.pl\/?page_id=26612"},"modified":"2025-02-18T14:02:44","modified_gmt":"2025-02-18T13:02:44","slug":"newsletter","status":"publish","type":"page","link":"https:\/\/opi.org.pl\/en\/contact\/newsletter\/","title":{"rendered":"Newsletter"},"content":{"rendered":"\n<h1 class=\"wp-block-heading\" id=\"Newsletter-B\u0105d\u017abli\u017cejnauki\u2013zapiszsi\u0119naNewsletterOPI\">Subscribe to the OPI PIB newsletter to stay updated on the latest scientific developments<\/h1>\n\n\n\n<p><strong>Stay up to date with the latest news about our institute, uncover scientific trivia, and explore free e-learning courses. Subscribe to the OPI PIB newsletter and receive email notifications<\/strong><strong>.<\/strong><\/p>\n\n\n\n<p>Structured into thematic categories, our newsletter covers:<\/p>\n\n\n\n<ul class=\"wp-block-list\">\n<li>the latest news about our institute<\/li>\n\n\n\n<li>information on our IT systems<\/li>\n\n\n\n<li>announcements pertaining to events we organise, participate in, and recommend<\/li>\n\n\n\n<li><a href=\"https:\/\/navoica.pl\/\" data-type=\"link\" data-id=\"https:\/\/navoica.pl\/\" target=\"_blank\" rel=\"noreferrer noopener\" class=\"external\">recommended free NAVOICA courses<\/a> that are designed by professionals for enthusiasts and knowledge seekers<\/li>\n\n\n\n<li>biographical sketches of our experts \u2013 extraordinary people whose expertise and experience are the cornerstone of our institute.&nbsp;<\/li>\n<\/ul>\n\n\n\n<p>The OPI PIB newsletter is sent out on the last Thursday of each month.<\/p>\n\n\n\n<p>Sign up today and stay up-to-date!<\/p>\n\n\n\n<div class=\"wp-block-group\"><div class=\"wp-block-group__inner-container is-layout-constrained wp-block-group-is-layout-constrained\"><script type=\"text\/javascript\">\n                window.addEventListener('DOMContentLoaded', (event) => {\nacymModule['excludeValuesformAcym56441'] = [];\nacymModule[\"excludeValuesformAcym56441\"][\"2\"] = \"Email\";  });\n                <\/script>\t<div class=\"acym_module \" id=\"acym_module_formAcym56441\">\n\t\t<div class=\"acym_fulldiv\" id=\"acym_fulldiv_formAcym56441\" >\n\t\t\t<form enctype=\"multipart\/form-data\"\n\t\t\t\t  id=\"formAcym56441\"\n\t\t\t\t  name=\"formAcym56441\"\n\t\t\t\t  method=\"POST\"\n\t\t\t\t  action=\"https:\/\/opi.org.pl\/en\/index.php?page=acymailing_front&amp;ctrl=frontusers&amp;noheader=1\"\n\t\t\t\t  onsubmit=\"return submitAcymForm('subscribe','formAcym56441')\">\n\t\t\t\t<div class=\"acym_module_form\">\n                    <div class=\"acym_introtext\">Enter your email address to receive our newsletter.<\/div>\n<div class=\"acym_form\">\n    <div class=\"onefield fieldacy2 acyfield_text\" id=\"field_2\"><input autocomplete=\"email\" id=\"email_field_765\"  name=\"user[email]\" placeholder=\"Email\" aria-label=\"Email\" value=\"\" data-authorized-content=\"{&quot;0&quot;:&quot;all&quot;,&quot;regex&quot;:&quot;&quot;,&quot;message&quot;:&quot;Incorrect value for the field Email&quot;}\" required type=\"email\" class=\"cell acym__user__edit__email\"><div class=\"acym__field__error__block\" data-acym-field-id=\"2\"><\/div><\/div><\/div>\n\n<p class=\"acysubbuttons\">\n\t<noscript>\n        Please enable the javascript to submit this form\t<\/noscript>\n    \t<button type=\"submit\"\n\t\t\tclass=\"btn btn-primary button subbutton\"\n\t\t\tonclick=\"try{ return submitAcymForm(&quot;subscribe&quot;,&quot;formAcym56441&quot;, &quot;acymSubmitSubForm&quot;); }catch(err){alert(&quot;The form could not be submitted &quot;+err);return false;}\">\n        Subscribe\t<\/button>\n    <\/p>\n\t\t\t\t<\/div>\n\n\t\t\t\t<input type=\"hidden\" name=\"ctrl\" value=\"frontusers\" \/>\n\t\t\t\t<input type=\"hidden\" name=\"task\" value=\"notask\" \/>\n\t\t\t\t<input type=\"hidden\" name=\"option\" value=\"acymailing\" \/>\n\n                \t\t\t\t<input type=\"hidden\" name=\"ajax\" value=\"1\" \/>\n\t\t\t\t<input type=\"hidden\" name=\"successmode\" value=\"replace\" \/>\n\t\t\t\t<input type=\"hidden\" name=\"acy_source\" value=\"gutenberg_subscription_form\" \/>\n\t\t\t\t<input type=\"hidden\" name=\"hiddenlists\" value=\"4\" \/>\n\t\t\t\t<input type=\"hidden\" name=\"acyformname\" value=\"formAcym56441\" \/>\n\t\t\t\t<input type=\"hidden\" name=\"acysubmode\" value=\"widget_acym\" \/>\n\t\t\t\t<input type=\"hidden\" name=\"confirmation_message\" value=\"Thank you for subscribing to our newsletter!\" \/>\n\n                \t\t\t<\/form>\n\t\t<\/div>\n\t<\/div>\n    <\/div><\/div>\n","protected":false},"excerpt":{"rendered":"<p>Subscribe to the OPI PIB newsletter to stay updated on the latest scientific developments Stay up to date with the latest news about our institute, uncover scientific trivia, and explore free e-learning courses. Subscribe to the OPI PIB newsletter and receive email notifications. Structured into thematic categories, our newsletter covers: The OPI PIB newsletter is&hellip;<\/p>\n","protected":false},"author":34,"featured_media":30903,"parent":20707,"menu_order":300,"comment_status":"closed","ping_status":"closed","template":"templates\/page-bg-02.php","meta":{"footnotes":"","_links_to":"","_links_to_target":""},"class_list":["post-29423","page","type-page","status-publish","has-post-thumbnail","hentry"],"_links":{"self":[{"href":"https:\/\/opi.org.pl\/en\/wp-json\/wp\/v2\/pages\/29423","targetHints":{"allow":["GET"]}}],"collection":[{"href":"https:\/\/opi.org.pl\/en\/wp-json\/wp\/v2\/pages"}],"about":[{"href":"https:\/\/opi.org.pl\/en\/wp-json\/wp\/v2\/types\/page"}],"author":[{"embeddable":true,"href":"https:\/\/opi.org.pl\/en\/wp-json\/wp\/v2\/users\/34"}],"replies":[{"embeddable":true,"href":"https:\/\/opi.org.pl\/en\/wp-json\/wp\/v2\/comments?post=29423"}],"version-history":[{"count":8,"href":"https:\/\/opi.org.pl\/en\/wp-json\/wp\/v2\/pages\/29423\/revisions"}],"predecessor-version":[{"id":32405,"href":"https:\/\/opi.org.pl\/en\/wp-json\/wp\/v2\/pages\/29423\/revisions\/32405"}],"up":[{"embeddable":true,"href":"https:\/\/opi.org.pl\/en\/wp-json\/wp\/v2\/pages\/20707"}],"wp:featuredmedia":[{"embeddable":true,"href":"https:\/\/opi.org.pl\/en\/wp-json\/wp\/v2\/media\/30903"}],"wp:attachment":[{"href":"https:\/\/opi.org.pl\/en\/wp-json\/wp\/v2\/media?parent=29423"}],"curies":[{"name":"wp","href":"https:\/\/api.w.org\/{rel}","templated":true}]}}