{"id":29398,"date":"2024-05-29T14:26:32","date_gmt":"2024-05-29T12:26:32","guid":{"rendered":"https:\/\/opi-test.opi.org.pl\/?page_id=26115"},"modified":"2025-02-11T11:45:12","modified_gmt":"2025-02-11T10:45:12","slug":"conferences","status":"publish","type":"page","link":"https:\/\/opi.org.pl\/en\/what-we-do\/science-and-research\/science-for-everyone\/conferences\/","title":{"rendered":"Conferences"},"content":{"rendered":"\n<h1 class=\"wp-block-heading\" id=\"Konferencje-Kochasznauk\u0119?Spotkajmysi\u0119nakonferencjiOPI!\">Are you passionate about science? Let\u2019s meet at\u00a0OPI PIB conferences!<\/h1>\n\n\n\n<p>Explore the universe of captivating scientific events and knowledge sharing. Our conferences provide a&nbsp;platform for you to&nbsp;explore and present innovative ideas, discuss the latest advancements, and make valuable contacts with industry professionals.<\/p>\n\n\n\n<figure class=\"wp-block-image size-full\"><img decoding=\"async\" src=\"https:\/\/opi.org.pl\/wp-content\/uploads\/2024\/06\/konferencje-2x.jpg\" alt=\"\" class=\"wp-image-26786\" style=\"aspect-ratio:16\/9;object-fit:cover\"\/><\/figure>\n\n\n\n<h2 class=\"wp-block-heading\" id=\"Konferencje-Konferencjew2024roku\">Conferences<\/h2>\n\n\n<section class=\"opi-pbi-conferences iworks-slider iworks-slider-add-nav iworks-slider-add-next iworks-slider-add-prev\"><div class=\"iworks-slider-wrapper\"><div class=\"opi-pbi-conferences-items iworks-slider-slides\">\t<article class=\"post-29053 conference type-conference status-publish has-post-thumbnail hentry\" id=\"post-29053\" style=\"background-image:url('https:\/\/opi.org.pl\/wp-content\/uploads\/2025\/01\/midi24-screen-title.png')\">\n\t<div class=\"entry-wrapper\">\n\t\t<header class=\"entry-header\">\n<h3 class=\"entry-title\" lang=\"en\">MIDI 2024<\/h3>\t\t\t<div class=\"entry-meta\">\n<p class=\"opi-conference-date\"><span class=\"sr-only\">Date:<\/span> 12 December 2024<\/p><p class=\"opi-conference-where\"><span class=\"sr-only\">Place:<\/span> hybrid<\/p>\t\t\t<\/div>\n\t\t<\/header>\n\t\t<div class=\"entry-content\" lang=\"en\">\n\t\t\t\t\t\t\t\t\t\t\t <p class=\"opi-conference-subject\"><span class=\"sr-only\">Subject:<\/span> Close human\u2013technology encounters<\/p>\n<p>The Machine Intelligence and Digital Interaction (MIDI) conference is a major event that focuses on intelligent machines and human\u2013technology interaction.<\/p>\n\t\t<\/div>\n\t\t<footer>\n<p class=\"opi-conference-url\"><span>Details on:<\/span> <a href=\"https:\/\/midi2024.opi.org.pl\/\" target=\"_blank\">MIDI conference website<\/a><\/p>\t\t<\/footer>\n\t<\/div>\n<\/article>\n\n\t<article class=\"post-29056 conference type-conference status-publish has-post-thumbnail hentry\" id=\"post-29056\" style=\"background-image:url('https:\/\/opi.org.pl\/wp-content\/uploads\/2024\/06\/midi-main-opi-tv.png')\">\n\t<div class=\"entry-wrapper\">\n\t\t<header class=\"entry-header\">\n<h3 class=\"entry-title\" lang=\"en\">MIDI 2023<\/h3>\t\t\t<div class=\"entry-meta\">\n<p class=\"opi-conference-date\"><span class=\"sr-only\">Date:<\/span> 12&mdash;14 December 2023<\/p><p class=\"opi-conference-where\"><span class=\"sr-only\">Place:<\/span> hybrid<\/p>\t\t\t<\/div>\n\t\t<\/header>\n\t\t<div class=\"entry-content\" lang=\"en\">\n\t\t\t\t\t\t\t\t\t\t\t <p class=\"opi-conference-subject\"><span class=\"sr-only\">Subject:<\/span> Close human\u2013technology encounters<\/p>\n<p>The Machine Intelligence and Digital Interaction (MIDI) conference is a major event that focuses on intelligent machines and human\u2013technology interaction.<\/p>\n\t\t<\/div>\n\t\t<footer>\n<p class=\"opi-conference-url\"><span>Details on:<\/span> <a href=\"https:\/\/midi2023.opi.org.pl\/\" target=\"_blank\">MIDI conference website<\/a><\/p>\t\t<\/footer>\n\t<\/div>\n<\/article>\n\n\t<article class=\"post-29058 conference type-conference status-publish has-post-thumbnail hentry\" id=\"post-29058\" style=\"background-image:url('https:\/\/opi.org.pl\/wp-content\/uploads\/2023\/05\/konferencja-poir-newsletter.png')\">\n\t<div class=\"entry-wrapper\">\n\t\t<header class=\"entry-header\">\n<h3 class=\"entry-title\" lang=\"en\">Science, Investment, Development\u00a0<\/h3>\t\t\t<div class=\"entry-meta\">\n<p class=\"opi-conference-date\"><span class=\"sr-only\">Date:<\/span> 22 June 2023<\/p><p class=\"opi-conference-where\"><span class=\"sr-only\">Place:<\/span> in-person <\/p>\t\t\t<\/div>\n\t\t<\/header>\n\t\t<div class=\"entry-content\" lang=\"en\">\n\t\t\t\t\t\t\t\t\t\t\t <p class=\"opi-conference-subject\"><span class=\"sr-only\">Subject:<\/span> The summary of Action 4.2 Development of modern research infrastructure in the science sector, conducted as part of the Smart Growth Operational Programme <\/p>\n<p>The event was organised by OPI, one of the institutions responsible for the implementation of Priority Axis 4:\u00a0<em>Increase of the scientific and research potential<\/em>.<\/p>\n\t\t<\/div>\n\t\t<footer>\n<p class=\"opi-conference-url\"><span>Details on:<\/span> <a href=\"https:\/\/opi.org.pl\/ponad-25-mld-zlotych-na-nowoczesna-infrastrukture-badawcza\/\" target=\"_blank\">news page<\/a><\/p>\t\t<\/footer>\n\t<\/div>\n<\/article>\n\n\t<article class=\"post-29059 conference type-conference status-publish has-post-thumbnail hentry\" id=\"post-29059\" style=\"background-image:url('https:\/\/opi.org.pl\/wp-content\/uploads\/2024\/06\/midi22-info-2440x1150-Intranet-post.png')\">\n\t<div class=\"entry-wrapper\">\n\t\t<header class=\"entry-header\">\n<h3 class=\"entry-title\" lang=\"en\">MIDI 2022<\/h3>\t\t\t<div class=\"entry-meta\">\n<p class=\"opi-conference-date\"><span class=\"sr-only\">Date:<\/span> 12&mdash;15 December 2022<\/p><p class=\"opi-conference-where\"><span class=\"sr-only\">Place:<\/span> hybrid<\/p>\t\t\t<\/div>\n\t\t<\/header>\n\t\t<div class=\"entry-content\" lang=\"en\">\n\t\t\t\t\t\t\t\t\t\t\t <p class=\"opi-conference-subject\"><span class=\"sr-only\">Subject:<\/span> Close human\u2013technology encounters<\/p>\n<p>The Machine Intelligence and Digital Interaction (MIDI) conference is a major event that focuses on intelligent machines and human\u2013technology interaction.<\/p>\n\t\t<\/div>\n\t\t<footer>\n<p class=\"opi-conference-url\"><span>Details on:<\/span> <a href=\"https:\/\/midi2022.opi.org.pl\/\" target=\"_blank\">MIDI conference website<\/a><\/p>\t\t<\/footer>\n\t<\/div>\n<\/article>\n\n<\/div><\/div><nav><\/nav><\/section>\n\n\n\n<p class=\"has-text-align-right\"><a class=\"a-button\" href=\"https:\/\/opi.org.pl\/en\/conference\/\" data-type=\"link\" data-id=\"https:\/\/opi.org.pl\/en\/conference\/\">Explore other conferencese<\/a><\/p>\n\n\n\n<h2 class=\"wp-block-heading space-margin-top-2\" id=\"Konferencje-Dlaczegowartowzi\u0105\u0107udzia\u0142?\">Top reasons to\u00a0attend OPI PIB conferences<\/h2>\n\n\n\n<ul class=\"wp-block-list\">\n<li>Our conferences bring together experts from diverse backgrounds, creating an environment for inspiring discussions and shared experiences.<\/li>\n\n\n\n<li>Our conferences offer unique opportunities to&nbsp;connect with leading industry professionals and influential researchers.<\/li>\n<\/ul>\n\n\n\n<p class=\"has-text-align-left\">Explore our conference calendar and secure your spot. See you at&nbsp;our scientific events!<\/p>\n","protected":false},"excerpt":{"rendered":"<p>Are you passionate about science? Let\u2019s meet at\u00a0OPI PIB conferences! Explore the universe of captivating scientific events and knowledge sharing. Our conferences provide a&nbsp;platform for you to&nbsp;explore and present innovative ideas, discuss the latest advancements, and make valuable contacts with industry professionals. Conferences Explore other conferencese Top reasons to\u00a0attend OPI PIB conferences Explore our conference&hellip;<\/p>\n","protected":false},"author":34,"featured_media":0,"parent":29397,"menu_order":200,"comment_status":"closed","ping_status":"closed","template":"templates\/page-without-title.php","meta":{"footnotes":"","_links_to":"","_links_to_target":""},"class_list":["post-29398","page","type-page","status-publish","hentry"],"_links":{"self":[{"href":"https:\/\/opi.org.pl\/en\/wp-json\/wp\/v2\/pages\/29398","targetHints":{"allow":["GET"]}}],"collection":[{"href":"https:\/\/opi.org.pl\/en\/wp-json\/wp\/v2\/pages"}],"about":[{"href":"https:\/\/opi.org.pl\/en\/wp-json\/wp\/v2\/types\/page"}],"author":[{"embeddable":true,"href":"https:\/\/opi.org.pl\/en\/wp-json\/wp\/v2\/users\/34"}],"replies":[{"embeddable":true,"href":"https:\/\/opi.org.pl\/en\/wp-json\/wp\/v2\/comments?post=29398"}],"version-history":[{"count":6,"href":"https:\/\/opi.org.pl\/en\/wp-json\/wp\/v2\/pages\/29398\/revisions"}],"predecessor-version":[{"id":32321,"href":"https:\/\/opi.org.pl\/en\/wp-json\/wp\/v2\/pages\/29398\/revisions\/32321"}],"up":[{"embeddable":true,"href":"https:\/\/opi.org.pl\/en\/wp-json\/wp\/v2\/pages\/29397"}],"wp:attachment":[{"href":"https:\/\/opi.org.pl\/en\/wp-json\/wp\/v2\/media?parent=29398"}],"curies":[{"name":"wp","href":"https:\/\/api.w.org\/{rel}","templated":true}]}}