{"id":29371,"date":"2022-08-16T10:47:21","date_gmt":"2022-08-16T08:47:21","guid":{"rendered":"https:\/\/opi-test.opi.org.pl\/?page_id=25561"},"modified":"2026-01-28T16:50:05","modified_gmt":"2026-01-28T15:50:05","slug":"download","status":"publish","type":"page","link":"https:\/\/opi.org.pl\/en\/download\/","title":{"rendered":"Download"},"content":{"rendered":"\n<p>W OPI PIB realizujemy dzia\u0142ania, kt\u00f3rych efekty maj\u0105 na celu wspieranie rozwoju spo\u0142ecze\u0144stwa, kt\u00f3re aktywnie korzysta z wynik\u00f3w naukowych i najnowszych osi\u0105gni\u0119ciach technologicznych. W tym celu <strong>ca\u0142kowicie za darmo<\/strong> udost\u0119pniamy efekty naszej pracy. Wierzymy, \u017ce w ten spos\u00f3b przyczynimy si\u0119 do wzrostu innowacyjno\u015bci w naszym kraju.<\/p>\n","protected":false},"excerpt":{"rendered":"<p>W OPI PIB realizujemy dzia\u0142ania, kt\u00f3rych efekty maj\u0105 na celu wspieranie rozwoju spo\u0142ecze\u0144stwa, kt\u00f3re aktywnie korzysta z wynik\u00f3w naukowych i najnowszych osi\u0105gni\u0119ciach technologicznych. W tym celu ca\u0142kowicie za darmo udost\u0119pniamy efekty naszej pracy. Wierzymy, \u017ce w ten spos\u00f3b przyczynimy si\u0119 do wzrostu innowacyjno\u015bci w naszym kraju.<\/p>\n","protected":false},"author":34,"featured_media":0,"parent":0,"menu_order":0,"comment_status":"closed","ping_status":"closed","template":"","meta":{"footnotes":"","_links_to":"","_links_to_target":""},"class_list":["post-29371","page","type-page","status-publish","hentry"],"_links":{"self":[{"href":"https:\/\/opi.org.pl\/en\/wp-json\/wp\/v2\/pages\/29371","targetHints":{"allow":["GET"]}}],"collection":[{"href":"https:\/\/opi.org.pl\/en\/wp-json\/wp\/v2\/pages"}],"about":[{"href":"https:\/\/opi.org.pl\/en\/wp-json\/wp\/v2\/types\/page"}],"author":[{"embeddable":true,"href":"https:\/\/opi.org.pl\/en\/wp-json\/wp\/v2\/users\/34"}],"replies":[{"embeddable":true,"href":"https:\/\/opi.org.pl\/en\/wp-json\/wp\/v2\/comments?post=29371"}],"version-history":[{"count":2,"href":"https:\/\/opi.org.pl\/en\/wp-json\/wp\/v2\/pages\/29371\/revisions"}],"predecessor-version":[{"id":31108,"href":"https:\/\/opi.org.pl\/en\/wp-json\/wp\/v2\/pages\/29371\/revisions\/31108"}],"wp:attachment":[{"href":"https:\/\/opi.org.pl\/en\/wp-json\/wp\/v2\/media?parent=29371"}],"curies":[{"name":"wp","href":"https:\/\/api.w.org\/{rel}","templated":true}]}}