{"id":29152,"date":"2024-07-01T15:58:57","date_gmt":"2024-07-01T13:58:57","guid":{"rendered":"https:\/\/opi-test.opi.org.pl\/?page_id=29152"},"modified":"2025-02-11T12:06:21","modified_gmt":"2025-02-11T11:06:21","slug":"accessibility","status":"publish","type":"page","link":"https:\/\/opi.org.pl\/en\/get-to-know-us\/accessibility\/","title":{"rendered":"Accessibility"},"content":{"rendered":"\n<h1 class=\"wp-block-heading\" id=\"Dost\u0119pno\u015b\u0107-Ka\u017cdyu\u017cytkownikjestdlanaswa\u017cny\">We care about all users<\/h1>\n\n\n\n<p><strong><strong>OPI PIB&#8217;s systems and applications are geared towards users of various age groups, who have diverse digital abilities and degrees of focus. These users include people who have various types of disability. They work in various conditions and utilise a wide array of devices. We ensure that our systems and applications align with their needs.<\/strong><\/strong><\/p>\n\n\n\n<p>Many users have sight, hearing, mobility and attention impairments. Some are burdened with a multitude of tasks, pressed for time, and bombarded with information. Others have neurodiversity issues and disabilities.<\/p>\n\n\n\n<p>OPI PIB&#8217;s priority is to ensure full and convenient access to its products for all users. We believe in fostering an environment where everyone has an equal chance to pursue their goals. This is our definition of\u00a0<strong>accessibility<\/strong>.<\/p>\n\n\n\n<div class=\"wp-block-cover\"><span aria-hidden=\"true\" class=\"wp-block-cover__background has-background-dim\"><\/span><div class=\"wp-block-cover__inner-container is-layout-flow wp-block-cover-is-layout-flow\">\n<div class=\"wp-block-group\"><div class=\"wp-block-group__inner-container is-layout-constrained wp-block-group-is-layout-constrained\">\n<p class=\"big\">What drives our commitment to accessibility?<\/p>\n\n\n\n<div style=\"height:16px\" aria-hidden=\"true\" class=\"wp-block-spacer\"><\/div>\n\n\n\n<p>OPI PIB is a public institution. Its activities are financed by public funds. It is legally bound to adhere to the 2.1. AA conformance level of the Web Content Accessibility Guidelines (WCAG).<\/p>\n\n\n\n<p>Accessibility means&nbsp;<strong>more than regulatory standards<\/strong>. It also entails taking responsibility for efficient and modern higher education, and ensuring conditions that facilitate the advancement and promotion of Polish science. <\/p>\n\n\n\n<p><strong>Ensuring that OPI PIB&#8217;s products are accessible to everyone is a core principle of our design approach.<\/strong><\/p>\n<\/div><\/div>\n<\/div><\/div>\n\n\n\n<h2 class=\"wp-block-heading\" id=\"Dost\u0119pno\u015b\u0107-Jakmo\u017ceszkorzysta\u0107zu\u0142atwie\u0144dost\u0119punanaszychserwisach?\">How to use our accessibility features<\/h2>\n\n\n<aside class=\"iworks-faq iworks-faq-header-hide iworks-faq-dd-folded iworks-faq-tag-aside\" id=\"iworks-faq-ef04e4a6301ad48fd531b613a9a8dc07\"><div class=\"iworks-faq-container\"><dl class=\"iworks-faq-list\"><dt class=\"iworks-faq-item-dt\"><span class=\"iworks-faq-list-toggle\">Use the latest version of your browser<\/span> <button class=\"iworks-faq-list-toggle\" aria-expanded=\"false\" aria-controls=\"iworks-faq-item-dt-1\" data-target-id=\"iworks-faq-item-dt-1\" aria-label=\"Expand Use the latest version of your browser\"><span class=\"sr-only\">Expand Use the latest version of your browser<\/span><\/button><\/dt><dd class=\"iworks-faq-item-dd\"hidden id=\"iworks-faq-item-dt-1\"><!-- wp:paragraph -->\n<p>The latest browser versions are more compatible with assistive technologies, such as screen readers.\u00a0<\/p>\n<!-- \/wp:paragraph --><\/dd><dt class=\"iworks-faq-item-dt\"><span class=\"iworks-faq-list-toggle\">Use standard keyboard shortcuts<\/span> <button class=\"iworks-faq-list-toggle\" aria-expanded=\"false\" aria-controls=\"iworks-faq-item-dt-2\" data-target-id=\"iworks-faq-item-dt-2\" aria-label=\"Expand Use standard keyboard shortcuts\"><span class=\"sr-only\">Expand Use standard keyboard shortcuts<\/span><\/button><\/dt><dd class=\"iworks-faq-item-dd\"hidden id=\"iworks-faq-item-dt-2\"><!-- wp:list -->\n<ul class=\"wp-block-list\"><!-- wp:list-item -->\n<li>press the CTRL key and the PLUS key (on your numeric keypad) at the same time to zoom in \u2013 you can usethis shortcut multiple times<\/li>\n<!-- \/wp:list-item -->\n\n<!-- wp:list-item -->\n<li>press the CTRL key and the MINUS key (on your numeric keypad) at the same time to zoom out \u2013 you can use this shortcut multiple times<\/li>\n<!-- \/wp:list-item -->\n\n<!-- wp:list-item -->\n<li>press the CTRL key and the ZERO key (on your numeric keypad) at the same time to restore the default view<\/li>\n<!-- \/wp:list-item -->\n\n<!-- wp:list-item -->\n<li>press the TAB key to go to the next link<\/li>\n<!-- \/wp:list-item -->\n\n<!-- wp:list-item -->\n<li>press the SHIFT and TAB keys at the same time to go to the previous link<\/li>\n<!-- \/wp:list-item -->\n\n<!-- wp:list-item -->\n<li>press ENTER to confirm your selection<\/li>\n<!-- \/wp:list-item -->\n\n<!-- wp:list-item -->\n<li>press SPACE to go to scroll the page down<\/li>\n<!-- \/wp:list-item -->\n\n<!-- wp:list-item -->\n<li>press HOME to scroll the page up<\/li>\n<!-- \/wp:list-item --><\/ul>\n<!-- \/wp:list --><\/dd><dt class=\"iworks-faq-item-dt\"><span class=\"iworks-faq-list-toggle\">Adjust the text size to your needs<\/span> <button class=\"iworks-faq-list-toggle\" aria-expanded=\"false\" aria-controls=\"iworks-faq-item-dt-3\" data-target-id=\"iworks-faq-item-dt-3\" aria-label=\"Expand Adjust the text size to your needs\"><span class=\"sr-only\">Expand Adjust the text size to your needs<\/span><\/button><\/dt><dd class=\"iworks-faq-item-dd\"hidden id=\"iworks-faq-item-dt-3\"><!-- wp:paragraph {\"translatedWithWPMLTM\":\"1\"} -->\n<p>Przegl\u0105darki internetowe pozwalaj\u0105 na powi\u0119kszanie tekstu w systemie Windows.\u00a0<br\/>Masz 2 mo\u017cliwo\u015bci:<\/p>\n<!-- \/wp:paragraph --><!-- wp:list {\"ordered\":true} -->\n<ol class=\"wp-block-list\"><!-- wp:list-item -->\n<li>U\u017cyj skr\u00f3tu na klawiaturze.<\/li>\n<!-- \/wp:list-item -->\n\n<!-- wp:list-item -->\n<li>U\u017cyj opcji w menu przegl\u0105darki.<\/li>\n<!-- \/wp:list-item --><\/ol>\n<!-- \/wp:list --><!-- wp:paragraph -->\n<p>Windows ma dodatkowo mo\u017cliwo\u015b\u0107 powi\u0119kszania fragment\u00f3w strony za pomoc\u0105 programu Lupa.<\/p>\n<!-- \/wp:paragraph --><\/dd><dt class=\"iworks-faq-item-dt\"><span class=\"iworks-faq-list-toggle\">Use built-in tools for Windows, Android and IOS<\/span> <button class=\"iworks-faq-list-toggle\" aria-expanded=\"false\" aria-controls=\"iworks-faq-item-dt-4\" data-target-id=\"iworks-faq-item-dt-4\" aria-label=\"Expand Use built-in tools for Windows, Android and IOS\"><span class=\"sr-only\">Expand Use built-in tools for Windows, Android and IOS<\/span><\/button><\/dt><dd class=\"iworks-faq-item-dd\"hidden id=\"iworks-faq-item-dt-4\"><!-- wp:heading {\"level\":3} -->\n<h3 class=\"wp-block-heading\">Built-in Windows 11 tools:<\/h3>\n<!-- \/wp:heading -->\n\n<!-- wp:list -->\n<ul class=\"wp-block-list\"><!-- wp:list-item -->\n<li>screen reader&nbsp;\u2013&nbsp;<a href=\"https:\/\/support.microsoft.com\/pl-pl\/windows\/rozdzia%C5%82-1-narrator-wprowadzenie-7fe8fd72-541f-4536-7658-bfc37ddaf9c6\">Narrator<\/a><\/li>\n<!-- \/wp:list-item -->\n\n<!-- wp:list-item -->\n<li>zoom in on parts of your page \u2013&nbsp;<a href=\"https:\/\/support.microsoft.com\/pl-pl\/windows\/jak-u%C5%BCywa%C4%87-funkcji-czytania-przez-narz%C4%99dzie-lupa-59d049ba-8434-9d04-34f2-2e00f11c5cb8\">Magnifier<\/a><\/li>\n<!-- \/wp:list-item -->\n\n<!-- wp:list-item -->\n<li>contrast adjustment \u2013\u00a0<a href=\"https:\/\/support.microsoft.com\/pl-pl\/windows\/zmienianie-kontrastu-kolor%C3%B3w-w-systemie-windows-fedc744c-90ac-69df-aed5-c8a90125e696\">Contrast Themes<\/a><\/li>\n<!-- \/wp:list-item --><\/ul>\n<!-- \/wp:list -->\n\n<!-- wp:paragraph -->\n<p>Type the appropriate program name in your taskbar to run the program.<\/p>\n<!-- \/wp:paragraph -->\n\n<!-- wp:paragraph -->\n<p><\/p>\n<!-- \/wp:paragraph -->\n\n<!-- wp:image -->\n<figure class=\"wp-block-image\"><img decoding=\"async\" src=\"https:\/\/confluence.opi.org.pl\/download\/attachments\/195297840\/Zrzut%20ekranu%202024-02-01%20105533.png?version=1&amp;modificationDate=1707299585000&amp;api=v2\" alt=\"The search box on your taskbar. W polu wpisane s\u0142owo: lupa.\"\/><\/figure>\n<!-- \/wp:image -->\n\n<!-- wp:paragraph -->\n<p><\/p>\n<!-- \/wp:paragraph -->\n\n<!-- wp:image -->\n<figure class=\"wp-block-image\"><img decoding=\"async\" src=\"https:\/\/confluence.opi.org.pl\/download\/attachments\/195297840\/image-2024-2-1_10-56-55.png?version=1&amp;modificationDate=1707299585000&amp;api=v2\" alt=\"Wynik wyszukiwania. Nag\u0142\u00f3wek: Najlepszy wynik. Poni\u017cej logotyp i nazwa systemu Lupa.\u00a0\"\/><\/figure>\n<!-- \/wp:image -->\n\n<!-- wp:paragraph -->\n<p><\/p>\n<!-- \/wp:paragraph -->\n\n<!-- wp:heading {\"level\":3} -->\n<h3 class=\"wp-block-heading\">Built-in Android tools:<\/h3>\n<!-- \/wp:heading -->\n\n<!-- wp:list -->\n<ul class=\"wp-block-list\"><!-- wp:list-item -->\n<li>screen reader \u2013&nbsp;<a href=\"https:\/\/support.google.com\/accessibility\/android\/answer\/6007100?hl=pl\">Talkback<\/a><\/li>\n<!-- \/wp:list-item -->\n\n<!-- wp:list-item -->\n<li><a href=\"https:\/\/support.google.com\/accessibility\/android?sjid=10806006325975297946-EU&amp;hl=pl#topic=6007234\">other functionalities that support accessibility on Android<\/a>.<\/li>\n<!-- \/wp:list-item --><\/ul>\n<!-- \/wp:list -->\n\n<!-- wp:heading {\"level\":3} -->\n<h3 class=\"wp-block-heading\">Built-in iOS tools:<\/h3>\n<!-- \/wp:heading -->\n\n<!-- wp:list -->\n<ul class=\"wp-block-list\"><!-- wp:list-item -->\n<li>screen reader \u2013&nbsp;<a href=\"https:\/\/www.apple.com\/pl\/voiceover\/info\/guide\/_1121.html\">VoiceOver<\/a><\/li>\n<!-- \/wp:list-item -->\n\n<!-- wp:list-item -->\n<li><a href=\"https:\/\/www.apple.com\/pl\/accessibility\/\">other functionalities that support accessibility on iOS<\/a>.<\/li>\n<!-- \/wp:list-item --><\/ul>\n<!-- \/wp:list --><\/dd><\/dl><\/div><\/aside>\n\n\n\n<h2 class=\"wp-block-heading\">Where to report accessibility errors<\/h2>\n\n\n\n<p>Send us an email at: <a href=\"mailto:dostepnosc@opi.org.pl\">dostepnosc@opi.org.pl<\/a>&nbsp;<\/p>\n\n\n\n<p>Call us on: +<a href=\"te:+48512014561\">48 512 014 561<\/a><\/p>\n\n\n\n<h2 class=\"wp-block-heading\">Where to report other errors<\/h2>\n\n\n\n<p>Other errors should be reported to OPI PIB&#8217;s\u00a0<a href=\"https:\/\/helpdesk.opi.org.pl\/#\/home\" class=\"external\" rel=\"nofollow\" target=\"blank\">Helpdesk<\/a>.<\/p>\n","protected":false},"excerpt":{"rendered":"<p>We care about all users OPI PIB&#8217;s systems and applications are geared towards users of various age groups, who have diverse digital abilities and degrees of focus. These users include people who have various types of disability. They work in various conditions and utilise a wide array of devices. We ensure that our systems and&hellip;<\/p>\n","protected":false},"author":34,"featured_media":30895,"parent":26926,"menu_order":400,"comment_status":"closed","ping_status":"closed","template":"templates\/page-without-title.php","meta":{"footnotes":"","_links_to":"","_links_to_target":""},"class_list":["post-29152","page","type-page","status-publish","has-post-thumbnail","hentry"],"_links":{"self":[{"href":"https:\/\/opi.org.pl\/en\/wp-json\/wp\/v2\/pages\/29152","targetHints":{"allow":["GET"]}}],"collection":[{"href":"https:\/\/opi.org.pl\/en\/wp-json\/wp\/v2\/pages"}],"about":[{"href":"https:\/\/opi.org.pl\/en\/wp-json\/wp\/v2\/types\/page"}],"author":[{"embeddable":true,"href":"https:\/\/opi.org.pl\/en\/wp-json\/wp\/v2\/users\/34"}],"replies":[{"embeddable":true,"href":"https:\/\/opi.org.pl\/en\/wp-json\/wp\/v2\/comments?post=29152"}],"version-history":[{"count":4,"href":"https:\/\/opi.org.pl\/en\/wp-json\/wp\/v2\/pages\/29152\/revisions"}],"predecessor-version":[{"id":32337,"href":"https:\/\/opi.org.pl\/en\/wp-json\/wp\/v2\/pages\/29152\/revisions\/32337"}],"up":[{"embeddable":true,"href":"https:\/\/opi.org.pl\/en\/wp-json\/wp\/v2\/pages\/26926"}],"wp:featuredmedia":[{"embeddable":true,"href":"https:\/\/opi.org.pl\/en\/wp-json\/wp\/v2\/media\/30895"}],"wp:attachment":[{"href":"https:\/\/opi.org.pl\/en\/wp-json\/wp\/v2\/media?parent=29152"}],"curies":[{"name":"wp","href":"https:\/\/api.w.org\/{rel}","templated":true}]}}