{"id":29028,"date":"2024-06-27T14:45:39","date_gmt":"2024-06-27T12:45:39","guid":{"rendered":"https:\/\/opi-test.opi.org.pl\/?page_id=29028"},"modified":"2025-02-11T11:53:17","modified_gmt":"2025-02-11T10:53:17","slug":"security-in-systems","status":"publish","type":"page","link":"https:\/\/opi.org.pl\/en\/what-we-do\/software\/security-in-systems\/","title":{"rendered":"Security in systems"},"content":{"rendered":"\n<h1 class=\"wp-block-heading\" id=\"Bezpiecze\u0144stwowsystemach-Dlaczegobezpiecze\u0144stwoinformacjijestdlanaswa\u017cne?\">Why we value information security<\/h1>\n\n\n\n<p><strong><strong><strong><strong><strong>Secure data processing is OPI PIB&#8217;s priority.\u00a0The institute is committed to protecting data and ensuring that information confidentiality, integrity and accessibility remain the key objective in the future.\u00a0<\/strong><\/strong><\/strong><\/strong><\/strong><\/p>\n\n\n\n<figure class=\"wp-block-image size-full\"><img decoding=\"async\" src=\"https:\/\/opi.org.pl\/wp-content\/uploads\/2024\/06\/bezpieczenstwo-w-systemach-2x.jpg\" alt=\"\" class=\"wp-image-26782\" style=\"aspect-ratio:16\/9;object-fit:cover\"\/><\/figure>\n\n\n\n<p>OPI PIB works continuously to maintain the highest security standards. By following this approach, we mitigate risk, build trust and comply with legal obligations.<\/p>\n\n\n\n<h2 class=\"wp-block-heading space-margin-top-2\" id=\"Bezpiecze\u0144stwowsystemach-Jakdbamyobezpiecze\u0144stwoinformacjiwOPI\">How OPI PIB protects information<\/h2>\n\n\n\n<ul class=\"wp-block-list\">\n<li>We have implemented the Information Security Management System, which aligns with the international PN-EN ISO\/IEC 27001 standard.<\/li>\n\n\n\n<li>We ensure that our solutions follow the principle of redundancy.<\/li>\n\n\n\n<li>Our information infrastructure relies on cutting-edge technologies that are capable of detecting and preventing cyber attacks.<\/li>\n\n\n\n<li>Our systems are designed and developed in line with best practices and secure programming guidelines, including those established by OWASP. Our focus on&nbsp;<em>security by design<\/em>&nbsp;ensures that information is protected from the outset of software&#8217;s development.<\/li>\n\n\n\n<li>We test our software before its release.<\/li>\n<\/ul>\n\n\n\n<h2 class=\"wp-block-heading space-margin-top-2\" id=\"Bezpiecze\u0144stwowsystemach-Skontaktujsi\u0119zZespo\u0142emBezpiecze\u0144stwaOPI\">Contact the OPI PIBsecurity team<\/h2>\n\n\n\n<p><strong>If you notice a vulnerability in OPI PIB\u2019s systems or identify other threats that could increase the risk to the data processed by OPI PIB, report them by sending us an email to:&nbsp;<\/strong><a href=\"mailto:security@opi.org.pl\" target=\"_blank\" rel=\"noreferrer noopener\">security@opi.org.pl<\/a><\/p>\n\n\n\n<p>Your message should include information that can help us identify the reason of the problem. Make sure to:<\/p>\n\n\n\n<ul class=\"wp-block-list\">\n<li>specify the system or resource to which the increased risk pertains<\/li>\n\n\n\n<li>provide a detailed description of the vulnerability or threat<\/li>\n\n\n\n<li>specify the circumstances in which the vulnerability or threat occurred<\/li>\n\n\n\n<li>attach photos, screenshots, video recordings and other evidence, if possible<\/li>\n\n\n\n<li>leave your contact details to ensure efficient communication regarding the issue<\/li>\n<\/ul>\n","protected":false},"excerpt":{"rendered":"<p>Why we value information security Secure data processing is OPI PIB&#8217;s priority.\u00a0The institute is committed to protecting data and ensuring that information confidentiality, integrity and accessibility remain the key objective in the future.\u00a0 OPI PIB works continuously to maintain the highest security standards. By following this approach, we mitigate risk, build trust and comply with&hellip;<\/p>\n","protected":false},"author":34,"featured_media":0,"parent":29401,"menu_order":500,"comment_status":"closed","ping_status":"closed","template":"templates\/page-without-title.php","meta":{"footnotes":"","_links_to":"","_links_to_target":""},"class_list":["post-29028","page","type-page","status-publish","hentry"],"_links":{"self":[{"href":"https:\/\/opi.org.pl\/en\/wp-json\/wp\/v2\/pages\/29028","targetHints":{"allow":["GET"]}}],"collection":[{"href":"https:\/\/opi.org.pl\/en\/wp-json\/wp\/v2\/pages"}],"about":[{"href":"https:\/\/opi.org.pl\/en\/wp-json\/wp\/v2\/types\/page"}],"author":[{"embeddable":true,"href":"https:\/\/opi.org.pl\/en\/wp-json\/wp\/v2\/users\/34"}],"replies":[{"embeddable":true,"href":"https:\/\/opi.org.pl\/en\/wp-json\/wp\/v2\/comments?post=29028"}],"version-history":[{"count":4,"href":"https:\/\/opi.org.pl\/en\/wp-json\/wp\/v2\/pages\/29028\/revisions"}],"predecessor-version":[{"id":32328,"href":"https:\/\/opi.org.pl\/en\/wp-json\/wp\/v2\/pages\/29028\/revisions\/32328"}],"up":[{"embeddable":true,"href":"https:\/\/opi.org.pl\/en\/wp-json\/wp\/v2\/pages\/29401"}],"wp:attachment":[{"href":"https:\/\/opi.org.pl\/en\/wp-json\/wp\/v2\/media?parent=29028"}],"curies":[{"name":"wp","href":"https:\/\/api.w.org\/{rel}","templated":true}]}}