{"id":26228,"date":"2024-05-29T15:26:36","date_gmt":"2024-05-29T13:26:36","guid":{"rendered":"https:\/\/opi-test.opi.org.pl\/?page_id=26228"},"modified":"2025-02-11T11:48:36","modified_gmt":"2025-02-11T10:48:36","slug":"doctoral-school","status":"publish","type":"page","link":"https:\/\/opi.org.pl\/en\/what-we-do\/science-and-research\/doctoral-school\/","title":{"rendered":"Doctoral school"},"content":{"rendered":"\n<h1 class=\"wp-block-heading\">Doctoral school<\/h1>\n\n\n\n<p><strong><strong>OPI PIB is a member of the Doctoral School for Information and Biomedical Technologies of the Polish Academy of Sciences (TIB PAN). Our experts share their knowledge and experience with PhD candidates in engineering and technology.<\/strong><\/strong><\/p>\n\n\n\n<figure class=\"wp-block-image size-full\"><img loading=\"lazy\" decoding=\"async\" width=\"2400\" height=\"1134\" src=\"https:\/\/opi.org.pl\/wp-content\/uploads\/2024\/09\/szkola-doktorska-2x.jpg\" alt=\"\" class=\"wp-image-31312\" style=\"aspect-ratio:16\/9;object-fit:cover\" srcset=\"https:\/\/opi.org.pl\/wp-content\/uploads\/2024\/09\/szkola-doktorska-2x.jpg 2400w, https:\/\/opi.org.pl\/wp-content\/uploads\/2024\/09\/szkola-doktorska-2x-300x142.jpg 300w, https:\/\/opi.org.pl\/wp-content\/uploads\/2024\/09\/szkola-doktorska-2x-1024x484.jpg 1024w, https:\/\/opi.org.pl\/wp-content\/uploads\/2024\/09\/szkola-doktorska-2x-768x363.jpg 768w, https:\/\/opi.org.pl\/wp-content\/uploads\/2024\/09\/szkola-doktorska-2x-1536x726.jpg 1536w, https:\/\/opi.org.pl\/wp-content\/uploads\/2024\/09\/szkola-doktorska-2x-2048x968.jpg 2048w\" sizes=\"auto, (max-width: 2400px) 100vw, 2400px\" \/><\/figure>\n\n\n\n<p>TIB PAN has already gained popularity in the scientific community. Its programmes are designed for those who aspire to conduct independent research, as well as analysing, presenting and publishing their findings.<\/p>\n\n\n\n<div class=\"wp-block-media-text has-media-on-the-right is-stacked-on-mobile opi-page-media-text\"><div class=\"wp-block-media-text__content\">\n<p>Students can study:<\/p>\n\n\n\n<ul class=\"wp-block-list\">\n<li>Technical computer science and telecommunications<\/li>\n\n\n\n<li>Biomedical engineering<\/li>\n\n\n\n<li>Medical sciences.<\/li>\n<\/ul>\n\n\n\n<p class=\"opi-add-line-before\">Doctoral research spans a variety of fields, including artificial intelligence, cybersecurity, and computational sciences in biology and medicine.<\/p>\n<\/div><figure class=\"wp-block-media-text__media\"><img loading=\"lazy\" decoding=\"async\" width=\"1024\" height=\"680\" src=\"https:\/\/opi.org.pl\/wp-content\/uploads\/2024\/09\/Mask-Group-11144-2x-1200x797-1-1024x680.jpg\" alt=\"\" class=\"wp-image-31315 size-full\" srcset=\"https:\/\/opi.org.pl\/wp-content\/uploads\/2024\/09\/Mask-Group-11144-2x-1200x797-1-1024x680.jpg 1024w, https:\/\/opi.org.pl\/wp-content\/uploads\/2024\/09\/Mask-Group-11144-2x-1200x797-1-300x199.jpg 300w, https:\/\/opi.org.pl\/wp-content\/uploads\/2024\/09\/Mask-Group-11144-2x-1200x797-1-768x510.jpg 768w, https:\/\/opi.org.pl\/wp-content\/uploads\/2024\/09\/Mask-Group-11144-2x-1200x797-1.jpg 1200w\" sizes=\"auto, (max-width: 1024px) 100vw, 1024px\" \/><\/figure><\/div>\n\n\n\n<h2 class=\"wp-block-heading space-margin-top-2\" id=\"Szko\u0142adoktorska.-Dlaczegowartozdoby\u0107doktoratwTIBPAN\"><strong><strong>Explore the advantages of TIB PAN<\/strong><\/strong><\/h2>\n\n\n\n<p>Earning a doctoral degree in IT and telecommunications paves the way for diverse career paths, including in IT, research, academia and public service.<\/p>\n\n\n\n<p>The pursuit of PhD degrees at TIB PAN is a venture that demands dedication and a profound passion for research. At TIB PAN, students develop extensive understanding of particular areas of computer science. They can major in artificial intelligence, data analytics, cybersecurity, computer networks or machine learning.<\/p>\n\n\n\n<p>A doctoral degree earned at TIB PAN empowers its holder to conduct innovative research in engineering and technology. By participating in a variety of research projects, TIB PAN&#8217;s alumni pioneer IT technologies.<\/p>\n\n\n\n<h2 class=\"wp-block-heading space-margin-top-2\" id=\"Szko\u0142adoktorska.-Jednostkiprowadz\u0105ceSzko\u0142\u0119Doktorsk\u0105TIBPAN\"><strong><strong>Other organisations that cooperate with TIB PAN&nbsp;<\/strong><\/strong><\/h2>\n\n\n\n<div class=\"wp-block-media-text is-stacked-on-mobile opi-page-media-text\"><figure class=\"wp-block-media-text__media\"><img loading=\"lazy\" decoding=\"async\" width=\"1024\" height=\"683\" src=\"https:\/\/opi.org.pl\/wp-content\/uploads\/2024\/09\/szkola-doktorska-3-1200x800-1-1024x683.jpg\" alt=\"\" class=\"wp-image-31318 size-full\" srcset=\"https:\/\/opi.org.pl\/wp-content\/uploads\/2024\/09\/szkola-doktorska-3-1200x800-1-1024x683.jpg 1024w, https:\/\/opi.org.pl\/wp-content\/uploads\/2024\/09\/szkola-doktorska-3-1200x800-1-300x200.jpg 300w, https:\/\/opi.org.pl\/wp-content\/uploads\/2024\/09\/szkola-doktorska-3-1200x800-1-768x512.jpg 768w, https:\/\/opi.org.pl\/wp-content\/uploads\/2024\/09\/szkola-doktorska-3-1200x800-1-600x400.jpg 600w, https:\/\/opi.org.pl\/wp-content\/uploads\/2024\/09\/szkola-doktorska-3-1200x800-1.jpg 1200w\" sizes=\"auto, (max-width: 1024px) 100vw, 1024px\" \/><\/figure><div class=\"wp-block-media-text__content\">\n<h2 class=\"wp-block-heading\">The TIB PAN Doctoral School operates in cooperation with:&nbsp;<\/h2>\n\n\n\n<ul class=\"wp-block-list\">\n<li>the Institute of Fundamental Technological Research of the Polish Academy of Sciences<\/li>\n\n\n\n<li>the Systems Research Institute of the Polish Academy of Sciences<\/li>\n\n\n\n<li>the Nalecz Institute of Biocybernetics and Biomedical Engineering of the Polish Academy of Sciences<\/li>\n\n\n\n<li>the Institute of Theoretical and Applied Informatics of the Polish Academy of Sciences<\/li>\n\n\n\n<li>the Mossakowski Medical Research Institute of the Polish Academy of Sciences<\/li>\n\n\n\n<li>the Institute of Computer Science of the Polish Academy of Sciences<\/li>\n\n\n\n<li>the NASK National Research Institute.<\/li>\n<\/ul>\n<\/div><\/div>\n\n\n\n<div class=\"wp-block-cover space-margin-top-2\"><span aria-hidden=\"true\" class=\"wp-block-cover__background has-background-dim\"><\/span><div class=\"wp-block-cover__inner-container is-layout-flow wp-block-cover-is-layout-flow\">\n<div class=\"wp-block-group\"><div class=\"wp-block-group__inner-container is-layout-constrained wp-block-group-is-layout-constrained\">\n<p class=\"big\">Take the first step towards excellence by enrolling in the TIB PAN Doctoral School for Information and Biomedical Technologies.<br><\/p>\n<\/div><\/div>\n<\/div><\/div>\n\n\n\n<h2 class=\"wp-block-heading space-margin-top-2\" id=\"Szko\u0142adoktorska.-Zapoznajsi\u0119zdokumentami\"><strong><strong>Documents<\/strong><\/strong><\/h2>\n\n\n\n<div class=\"wp-block-group opi-page-box-highlight opi-page-box-highlight-short\"><div class=\"wp-block-group__inner-container is-layout-constrained wp-block-group-is-layout-constrained\">\n<ul class=\"wp-block-list\">\n<li><a href=\"https:\/\/tib.ippt.pan.pl\/index.php\/szkola\/framework-programme\" class=\"external\" rel=\"nofollow\" target=\"blank\"><\/a><a href=\"https:\/\/tib.ippt.pan.pl\/index.php\/szkola\/framework-programme\" class=\"external\" rel=\"nofollow\" target=\"blank\">TIB PAN curriculum<\/a><\/li>\n\n\n\n<li><a href=\"https:\/\/tib.ippt.pan.pl\/images\/documents\/Regulamin_SD_TIB_PAN.pdf\" class=\"external\" rel=\"nofollow\" target=\"blank\"><\/a><a href=\"https:\/\/tib.ippt.pan.pl\/images\/documents\/Regulamin_SD_TIB_PAN.pdf\" class=\"external\" rel=\"nofollow\" target=\"blank\">TIB PAN Rules and Regulations<\/a><\/li>\n\n\n\n<li><a href=\"https:\/\/tib.ippt.pan.pl\/index.php\/recruitment\/recruitment-rules\" class=\"external\" rel=\"nofollow\" target=\"blank\"><\/a><a href=\"https:\/\/tib.ippt.pan.pl\/index.php\/recruitment\/recruitment-rules\" class=\"external\" rel=\"nofollow\" target=\"blank\">TIB PAN Admission Rules<\/a><\/li>\n\n\n\n<li><a href=\"https:\/\/tib.ippt.pan.pl\/index.php\/recruitment\/required-documents\" class=\"external\" rel=\"nofollow\" target=\"blank\"><\/a><a href=\"https:\/\/tib.ippt.pan.pl\/index.php\/recruitment\/required-documents\" class=\"external\" rel=\"nofollow\" target=\"blank\">Required admission documents<\/a><\/li>\n<\/ul>\n\n\n\n<p class=\"opi-add-line-before\">For more information, see the&nbsp;<a href=\"https:\/\/tib.ippt.pan.pl\/index.php\" class=\"external\" rel=\"nofollow\" target=\"blank\">TIB PAN website<\/a>.<\/p>\n<\/div><\/div>\n\n\n\n<p><\/p>\n\n\n\n<p><\/p>\n\n\n\n<div class=\"wp-block-group\"><div class=\"wp-block-group__inner-container is-layout-constrained wp-block-group-is-layout-constrained\">\n<h2 class=\"wp-block-heading margin-top-0\"><strong>Learn more<\/strong><\/h2>\n\n\n\n<p>Do you seek further information? Are you interested in joining TIB PAN in the 2024\/2025 academic year?<\/p>\n\n\n\n<div class=\"wp-block-group opi-page-box-highlight opi-page-box-highlight-short opi-page-box-highlight-short-l  opi-page-box-highlight-short-left\"><div class=\"wp-block-group__inner-container is-layout-constrained wp-block-group-is-layout-constrained\">\n<p>Send an email to:&nbsp;<a href=\"mailto:szkoladoktorska@opi.org.pl\" target=\"_blank\" rel=\"noreferrer noopener\">szkoladoktorska@opi.org.pl<\/a><\/p>\n\n\n\n<p><strong>Scientific Process Coordination Team<\/strong><\/p>\n<\/div><\/div>\n<\/div><\/div>\n","protected":false},"excerpt":{"rendered":"<p>Doctoral school OPI PIB is a member of the Doctoral School for Information and Biomedical Technologies of the Polish Academy of Sciences (TIB PAN). Our experts share their knowledge and experience with PhD candidates in engineering and technology. TIB PAN has already gained popularity in the scientific community. Its programmes are designed for those who&hellip;<\/p>\n","protected":false},"author":34,"featured_media":0,"parent":29395,"menu_order":300,"comment_status":"closed","ping_status":"closed","template":"templates\/page-without-title.php","meta":{"footnotes":"","_links_to":"","_links_to_target":""},"class_list":["post-26228","page","type-page","status-publish","hentry"],"_links":{"self":[{"href":"https:\/\/opi.org.pl\/en\/wp-json\/wp\/v2\/pages\/26228","targetHints":{"allow":["GET"]}}],"collection":[{"href":"https:\/\/opi.org.pl\/en\/wp-json\/wp\/v2\/pages"}],"about":[{"href":"https:\/\/opi.org.pl\/en\/wp-json\/wp\/v2\/types\/page"}],"author":[{"embeddable":true,"href":"https:\/\/opi.org.pl\/en\/wp-json\/wp\/v2\/users\/34"}],"replies":[{"embeddable":true,"href":"https:\/\/opi.org.pl\/en\/wp-json\/wp\/v2\/comments?post=26228"}],"version-history":[{"count":7,"href":"https:\/\/opi.org.pl\/en\/wp-json\/wp\/v2\/pages\/26228\/revisions"}],"predecessor-version":[{"id":32324,"href":"https:\/\/opi.org.pl\/en\/wp-json\/wp\/v2\/pages\/26228\/revisions\/32324"}],"up":[{"embeddable":true,"href":"https:\/\/opi.org.pl\/en\/wp-json\/wp\/v2\/pages\/29395"}],"wp:attachment":[{"href":"https:\/\/opi.org.pl\/en\/wp-json\/wp\/v2\/media?parent=26228"}],"curies":[{"name":"wp","href":"https:\/\/api.w.org\/{rel}","templated":true}]}}