{"id":21036,"date":"2020-04-01T17:38:17","date_gmt":"2020-04-01T15:38:17","guid":{"rendered":"https:\/\/opi.org.pl\/kariera\/"},"modified":"2025-12-03T15:14:37","modified_gmt":"2025-12-03T14:14:37","slug":"work-at-opi","status":"publish","type":"page","link":"https:\/\/opi.org.pl\/en\/career\/work-at-opi\/","title":{"rendered":"Work at OPI PIB"},"content":{"rendered":"\n<div class=\"wp-block-group alignwide\"><div class=\"wp-block-group__inner-container is-layout-flow wp-block-group-is-layout-flow\">\n<h1 class=\"wp-block-heading\"><span><span>Choose your future with OPI<\/span><\/span> PIB<\/h1>\n\n\n\n<p>Are you enthusiastic about new technologies and want to research how they impact people? If you recognize the growing importance of artificial intelligence in our lives and are passionate about programming, then we invite you. Join our team and together, let&#8217;s create a future based on modern technological solutions.<\/p>\n<\/div><\/div>\n\n\n\n<div class=\"wp-block-group alignfull opi-work-check opi-wide\"><div class=\"wp-block-group__inner-container is-layout-flow wp-block-group-is-layout-flow\">\n<h2 class=\"wp-block-heading opi-header\"><span>Explore the benefits of joining our team<\/span><\/h2>\n\n\n\n<div class=\"wp-block-group\"><div class=\"wp-block-group__inner-container is-layout-constrained wp-block-group-is-layout-constrained\">\n<h3 class=\"wp-block-heading\">We prioritise your career development<\/h3>\n\n\n\n<p>Develop your professional skills and passion for science. Take part in thematic conferences, training sessions and workshops, and pursue postgraduate studies.<\/p>\n<\/div><\/div>\n\n\n\n<div class=\"wp-block-group\"><div class=\"wp-block-group__inner-container is-layout-constrained wp-block-group-is-layout-constrained\">\n<h3 class=\"wp-block-heading\">We seek talent through our paid KomITywa traineeship programme<\/h3>\n\n\n\n<p>Improve your skills under the guidance of OPI PIB experts by engaging in projects that captivate your interest during a three-month traineeship.&nbsp;<a href=\"https:\/\/opi.org.pl\/en\/komitywa-2\/\">Learn more.<\/a><\/p>\n<\/div><\/div>\n\n\n\n<div class=\"wp-block-group\"><div class=\"wp-block-group__inner-container is-layout-constrained wp-block-group-is-layout-constrained\">\n<h3 class=\"wp-block-heading\">We offer bonuses and long-service awards<\/h3>\n\n\n\n<p>Your diligence and commitment can be rewarded with bonuses throughout the year. When you have worked for at least 20 years, you become entitled to your first long-service award. Consecutive awards are paid out after completing 25, 30, 35, 40 and 45 years of service.<\/p>\n<\/div><\/div>\n\n\n\n<div class=\"wp-block-group\"><div class=\"wp-block-group__inner-container is-layout-constrained wp-block-group-is-layout-constrained\">\n<h3 class=\"wp-block-heading\">We value commitment and the initiative to implement original ideas<\/h3>\n\n\n\n<p>Can you see yourself streamlining our operations? Would you like to share new initiatives or innovative research projects? Let\u2019s explore them together!&nbsp;<\/p>\n<\/div><\/div>\n\n\n\n<div class=\"wp-block-group\"><div class=\"wp-block-group__inner-container is-layout-constrained wp-block-group-is-layout-constrained\">\n<h3 class=\"wp-block-heading\">We apply cutting-edge technologies<\/h3>\n\n\n\n<p>We rely on Java, Angular, Vue.js, Spring Boot, Spring, Hibernate, Oracle, MongoDB, PostgreSQL, MySQL, H2, Elasticsearch\/Apache Lucene, Apache Kafka, Docker, Kubernetes, Hadoop\/Spark, Oracle Data Integrator, Oracle Golden Gate, Oracle Business Intelligence, Python for machine learning (scikit-learn, numpy, pandas, pytorch, tensorflow, matplotlib, CUDA), Windows, Linux\/UNIX, ORBEON, Primefaces, Tomcat and JQuery.<\/p>\n<\/div><\/div>\n\n\n\n<div class=\"wp-block-group\"><div class=\"wp-block-group__inner-container is-layout-constrained wp-block-group-is-layout-constrained\">\n<h3 class=\"wp-block-heading\">We cultivate a welcoming environment for our staff<\/h3>\n\n\n\n<p>We maintain a relaxed atmosphere, encourage a casual dress code, and avoid open-plan workspaces. We promote work-life balance. We are a pro-family organisation and respect the free time of our employees.<\/p>\n<\/div><\/div>\n\n\n\n<div class=\"wp-block-group\"><div class=\"wp-block-group__inner-container is-layout-constrained wp-block-group-is-layout-constrained\">\n<h3 class=\"wp-block-heading\">We can help you advance your scientific career<\/h3>\n\n\n\n<p>At OPI, PIB you can reconcile your work life and your academic commitments. If you wish to pursue a scientific career, OPI PIB is the place you have been looking for.<\/p>\n<\/div><\/div>\n\n\n\n<div class=\"wp-block-group\"><div class=\"wp-block-group__inner-container is-layout-constrained wp-block-group-is-layout-constrained\">\n<h3 class=\"wp-block-heading\">We boost your income by allowing you to deduct expenses of up to 50% of your income<\/h3>\n\n\n\n<p>Are you involved in research and development projects? Do you create work that is protected by copyright? With OPI PIB, you can increase your income by deducting allowable expenses.<\/p>\n<\/div><\/div>\n\n\n\n<div class=\"wp-block-group\"><div class=\"wp-block-group__inner-container is-layout-constrained wp-block-group-is-layout-constrained\">\n<h3 class=\"wp-block-heading\">We offer a social benefit fund<\/h3>\n\n\n\n<p>We contribute to the costs of your holidays, private medical care, MultiSport cards and private life insurance policies. We also reimburse your tickets for cinema, theatre and other cultural activities.<\/p>\n<\/div><\/div>\n\n\n\n<div class=\"wp-block-group\"><div class=\"wp-block-group__inner-container is-layout-constrained wp-block-group-is-layout-constrained\">\n<h3 class=\"wp-block-heading\">We are conveniently located<\/h3>\n\n\n\n<p>Our offices are near Pole Mokotowskie park and Pole Mokotowskie underground station. We also have a private car park.<\/p>\n<\/div><\/div>\n\n\n\n<div class=\"wp-block-group\"><div class=\"wp-block-group__inner-container is-layout-constrained wp-block-group-is-layout-constrained\">\n<h3 class=\"wp-block-heading\">We offer special conditions for you to perform military service<\/h3>\n\n\n\n<p>If your role is crucial to our institute\u2019s operations, you can seek deferment from active military service.<\/p>\n<\/div><\/div>\n\n\n\n<div class=\"wp-block-group\"><div class=\"wp-block-group__inner-container is-layout-constrained wp-block-group-is-layout-constrained\">\n<h3 class=\"wp-block-heading\">We co-fund international trips under the Erasmus+ programme<\/h3>\n\n\n\n<p>We support employee development through participation in foreign trainings and exchanges financed by the Erasmus+ programme. This approach enables participants to improve their skills while gaining insights into international best practices and building valuable international connections.<\/p>\n<\/div><\/div>\n<\/div><\/div>\n\n\n\n<div class=\"wp-block-group alignfull opi-work-welcome opi-wide\"><div class=\"wp-block-group__inner-container is-layout-flow wp-block-group-is-layout-flow\">\n<h2 class=\"wp-block-heading\">Join our team<\/h2>\n\n\n\n<p>Are you keen on new technologies?<br>Do you want to study their impact on people?<br>Do you recognise the growing importance of artificial intelligence in our lives?<br>Are you fascinated by software?<\/p>\n<\/div><\/div>\n\n\n\n<div class=\"wp-block-group alignfull work-with-us work-with-us-process\"><div class=\"wp-block-group__inner-container is-layout-flow wp-block-group-is-layout-flow\">\n<h2 class=\"wp-block-heading opi-header space-margin-top-2\"><span>Our recruitment procedure is faster than you might expect:<\/span><\/h2>\n\n\n\n<ul class=\"wp-block-list\">\n<li><span>We assess your application.<\/span><\/li>\n\n\n\n<li><span>We arrange an interview to evaluate your knowledge, technical skills and interpersonal skills.<\/span><\/li>\n\n\n\n<li><span>We offer you feedback within a few days of the interview.<\/span><\/li>\n<\/ul>\n<\/div><\/div>\n\n\n<div class=\"wp-block-group opi-pib-home-hiring\"><div class=\"wp-block-group__inner-container is-layout-constrained wp-block-group-is-layout-constrained\"><div class=\"wp-block-columns is-layout-flex wp-container-core-columns-is-layout-6 wp-block-columns-is-layout-flex\"><div class=\"wp-block-column is-layout-flow wp-block-column-is-layout-flow\"><p>Current<br><strong>Vacancies<\/strong><\/div><div class=\"wp-block-column is-layout-flow wp-block-column-is-layout-flow\"><a href=\"https:\/\/bip2.opi.org.pl\/opi\/oferty-pracy\/2026\/20681,Programista-mkn-starszy-specjalista.html\" aria-label=\"Offer Details: Developer\" class=\"wp-block-group__inner-container is-layout-constrained wp-block-group-is-layout-constrained opi-pib-home-hiring__container\" ><div class=\"wp-block-group opi-pib-home-hiring__first\"><h3 class=\"wp-block-heading\">Developer<\/h3><p>Warsaw, hybrid<\/p>\n<\/div><\/a><\/div><div class=\"wp-block-column is-layout-flow wp-block-column-is-layout-flow\"><a href=\"https:\/\/bip2.opi.org.pl\/opi\/oferty-pracy\/2026\/20534,Inzynier-DevOps-mkn-StarszyGlowny-Specjalista.html\" aria-label=\"Offer Details: DevOps\" class=\"wp-block-group__inner-container is-layout-constrained wp-block-group-is-layout-constrained opi-pib-home-hiring__container\" ><div class=\"wp-block-group opi-pib-home-hiring__second\"><h3 class=\"wp-block-heading\">DevOps<\/h3><p>Warsaw, hybrid<\/p>\n<\/div><\/a><\/div><\/div><div class=\"wp-block-columns is-layout-flex wp-container-core-columns-is-layout-7 wp-block-columns-is-layout-flex\"><div class=\"wp-block-column is-layout-flow wp-block-column-is-layout-flow\"><\/div><div class=\"wp-block-column is-layout-flow wp-block-column-is-layout-flow\"><p><strong>That\u2019s not all!<\/strong><\/p><p><a href=\"https:\/\/bip2.opi.org.pl\/opi\/oferty-pracy\/2026\">See all vacancies<\/a><\/p><\/div><div class=\"wp-block-column is-layout-flow wp-block-column-is-layout-flow\"><p><strong>No&nbsp;matching offers?<\/strong><\/p><p><a href=\"https:\/\/form.erecruiter.pl\/form\/75c2ce026f9a48c2b85952c2cba5bffc\">Take part in&nbsp;our ad hoc recruitment process<\/a><\/p><\/div><\/div><\/div><\/div>\n\n\n\n<h2 class=\"wp-block-heading\" id=\"PracawOPI-Dowiedzsi\u0119,com\u00f3wi\u0105nasipracownicy.\" style=\"font-size:36px\">Employee testimonials<\/h2>\n\n\n\n<h3 class=\"wp-block-heading\" style=\"font-size:32px\">Join us. We are waiting for you.<\/h3>\n\n\n<ul class=\"opi-work-heroes\"><li class=\"post-21087 opi_hero type-opi_hero status-publish has-post-thumbnail hentry\"><blockquote><!-- wp:paragraph -->\n<p>Working at OPI PIB is attractive thanks to the broad range of development opportunities it offers. It enables me to merge business and scientific activities within the same position. OPI PIB is a place where I work with kind and friendly colleagues who create a unique workplace atmosphere.<\/p>\n<!-- \/wp:paragraph --><\/blockquote><h3>Piotr Sobecki<\/h3><div class=\"opi-work-heroes-position\">Head of the<br>Business Software Development Department<\/div><span class=\"opi-work-heroes-thumbnail\"><img loading=\"lazy\" decoding=\"async\" width=\"400\" height=\"480\" src=\"https:\/\/opi.org.pl\/wp-content\/uploads\/2020\/04\/Piotr-Sobecki.png\" class=\"attachment-full size-full wp-post-image\" alt=\"Piotr Sobecki\" srcset=\"https:\/\/opi.org.pl\/wp-content\/uploads\/2020\/04\/Piotr-Sobecki.png 400w, https:\/\/opi.org.pl\/wp-content\/uploads\/2020\/04\/Piotr-Sobecki-250x300.png 250w\" sizes=\"auto, (max-width: 400px) 100vw, 400px\" \/><\/span><\/li><li class=\"post-21055 opi_hero type-opi_hero status-publish has-post-thumbnail hentry\"><blockquote><!-- wp:paragraph -->\n<p>I like OPI PIB for the fast adjustment to technological changes. I continue to learn new things, while keeping up-to-date on the current trends in the IT sector.<\/p>\n<!-- \/wp:paragraph --><\/blockquote><h3>S\u0142awomir Dadas<\/h3><div class=\"opi-work-heroes-position\">Deputy Head of the <br> AI LAB<\/div><span class=\"opi-work-heroes-thumbnail\"><img loading=\"lazy\" decoding=\"async\" width=\"400\" height=\"448\" src=\"https:\/\/opi.org.pl\/wp-content\/uploads\/2020\/04\/Slawomir-Dadas-1.png\" class=\"attachment-full size-full wp-post-image\" alt=\"\" srcset=\"https:\/\/opi.org.pl\/wp-content\/uploads\/2020\/04\/Slawomir-Dadas-1.png 400w, https:\/\/opi.org.pl\/wp-content\/uploads\/2020\/04\/Slawomir-Dadas-1-268x300.png 268w\" sizes=\"auto, (max-width: 400px) 100vw, 400px\" \/><\/span><\/li><\/ul>\n\n\n\n<h2 class=\"wp-block-heading\" id=\"PracawOPI-Szko\u0142adoktorska\" style=\"font-size:36px\">Doctoral school<\/h2>\n\n\n\n<div class=\"wp-block-group opi-page-box-highlight\"><div class=\"wp-block-group__inner-container is-layout-constrained wp-block-group-is-layout-constrained\">\n<p>We participate in the Doctoral School for Information and Biomedical Technologies (TIB PAN). We deliver academic training to aspiring researchers in technology and engineering. Fresh graduates are prepared to conduct research in interdisciplinary teams and to analyse, present and publish their findings. <a href=\"https:\/\/opi.org.pl\/en\/what-we-do\/science-and-research\/doctoral-school\/\" data-type=\"link\" data-id=\"https:\/\/opi.org.pl\/en\/what-we-do\/science-and-research\/doctoral-school\/\">Learn more<\/a>.<\/p>\n<\/div><\/div>\n","protected":false},"excerpt":{"rendered":"<p>Choose your future with OPI PIB Are you enthusiastic about new technologies and want to research how they impact people? If you recognize the growing importance of artificial intelligence in our lives and are passionate about programming, then we invite you. Join our team and together, let&#8217;s create a future based on modern technological solutions.&hellip;<\/p>\n","protected":false},"author":34,"featured_media":30885,"parent":20719,"menu_order":100,"comment_status":"closed","ping_status":"closed","template":"templates\/page-without-title.php","meta":{"footnotes":"","_links_to":"","_links_to_target":""},"class_list":["post-21036","page","type-page","status-publish","has-post-thumbnail","hentry"],"_links":{"self":[{"href":"https:\/\/opi.org.pl\/en\/wp-json\/wp\/v2\/pages\/21036","targetHints":{"allow":["GET"]}}],"collection":[{"href":"https:\/\/opi.org.pl\/en\/wp-json\/wp\/v2\/pages"}],"about":[{"href":"https:\/\/opi.org.pl\/en\/wp-json\/wp\/v2\/types\/page"}],"author":[{"embeddable":true,"href":"https:\/\/opi.org.pl\/en\/wp-json\/wp\/v2\/users\/34"}],"replies":[{"embeddable":true,"href":"https:\/\/opi.org.pl\/en\/wp-json\/wp\/v2\/comments?post=21036"}],"version-history":[{"count":24,"href":"https:\/\/opi.org.pl\/en\/wp-json\/wp\/v2\/pages\/21036\/revisions"}],"predecessor-version":[{"id":33823,"href":"https:\/\/opi.org.pl\/en\/wp-json\/wp\/v2\/pages\/21036\/revisions\/33823"}],"up":[{"embeddable":true,"href":"https:\/\/opi.org.pl\/en\/wp-json\/wp\/v2\/pages\/20719"}],"wp:featuredmedia":[{"embeddable":true,"href":"https:\/\/opi.org.pl\/en\/wp-json\/wp\/v2\/media\/30885"}],"wp:attachment":[{"href":"https:\/\/opi.org.pl\/en\/wp-json\/wp\/v2\/media?parent=21036"}],"curies":[{"name":"wp","href":"https:\/\/api.w.org\/{rel}","templated":true}]}}