{"id":20731,"date":"2020-02-12T15:11:07","date_gmt":"2020-02-12T14:11:07","guid":{"rendered":"http:\/\/2020.opi.org.pl\/?page_id=20731"},"modified":"2024-08-16T09:51:19","modified_gmt":"2024-08-16T07:51:19","slug":"integrated-system-of-services-for-science-zsun-funding-stream-servicing-osf-zsun-osf","status":"publish","type":"page","link":"https:\/\/opi.org.pl\/en\/systems\/integrated-system-of-services-for-science-zsun-funding-stream-servicing-osf-zsun-osf\/","title":{"rendered":"ZSUN\/OSF"},"content":{"rendered":"\n<p>Kompleksowa\u00a0rejestracja i obs\u0142uga wniosk\u00f3w o finansowanie projekt\u00f3w i bada\u0144 z obszaru B+R.<\/p>\n","protected":false},"excerpt":{"rendered":"<p>The Integrated System of Services for Science\/Funding stream servicing is a system for registering and servicing of science grant applications submitted to the Ministry of Science and Higher Education (MNiSW), National Science Centre (NCN) and NCBR (The National Centre for Research and Development).<\/p>\n","protected":false},"author":34,"featured_media":0,"parent":20688,"menu_order":300,"comment_status":"closed","ping_status":"closed","template":"","meta":{"footnotes":"","_links_to":"","_links_to_target":""},"class_list":["post-20731","page","type-page","status-publish","hentry"],"_links":{"self":[{"href":"https:\/\/opi.org.pl\/en\/wp-json\/wp\/v2\/pages\/20731","targetHints":{"allow":["GET"]}}],"collection":[{"href":"https:\/\/opi.org.pl\/en\/wp-json\/wp\/v2\/pages"}],"about":[{"href":"https:\/\/opi.org.pl\/en\/wp-json\/wp\/v2\/types\/page"}],"author":[{"embeddable":true,"href":"https:\/\/opi.org.pl\/en\/wp-json\/wp\/v2\/users\/34"}],"replies":[{"embeddable":true,"href":"https:\/\/opi.org.pl\/en\/wp-json\/wp\/v2\/comments?post=20731"}],"version-history":[{"count":3,"href":"https:\/\/opi.org.pl\/en\/wp-json\/wp\/v2\/pages\/20731\/revisions"}],"predecessor-version":[{"id":31128,"href":"https:\/\/opi.org.pl\/en\/wp-json\/wp\/v2\/pages\/20731\/revisions\/31128"}],"up":[{"embeddable":true,"href":"https:\/\/opi.org.pl\/en\/wp-json\/wp\/v2\/pages\/20688"}],"wp:attachment":[{"href":"https:\/\/opi.org.pl\/en\/wp-json\/wp\/v2\/media?parent=20731"}],"curies":[{"name":"wp","href":"https:\/\/api.w.org\/{rel}","templated":true}]}}