{"id":20688,"date":"2020-02-12T13:51:46","date_gmt":"2020-02-12T12:51:46","guid":{"rendered":"http:\/\/2020.opi.org.pl\/?page_id=20688"},"modified":"2024-08-16T09:48:52","modified_gmt":"2024-08-16T07:48:52","slug":"systems","status":"publish","type":"page","link":"https:\/\/opi.org.pl\/en\/systems\/","title":{"rendered":"Systems"},"content":{"rendered":"\n<h1 class=\"wp-block-heading\">Systems for science and higher education &#8211; we are creating the future of the sector<\/h1>\n\n\n\n<p><\/p>\n\n\n<section class=\"opi-systems\" id=\"system_cat-798\"><div class=\"opi-systems-header\">Systems for science and higher education<\/div><div class=\"opi-systems-items\"><div class=\"opi-systems-item post-32893 system type-system status-publish has-post-thumbnail hentry\" id=\"post-32893\">\r\n<a href=\"https:\/\/uslugi.nauka.gov.pl\/\" target=\"_blank\" rel=\"external\" title=\"Services for science\"><div class=\"opi-systems-item-wrapper\">\r\n\t<div class=\"item-header\">\r\n\t<span class=\"sr-only\">Services for science<\/span><img decoding=\"async\" src=\"https:\/\/opi.org.pl\/wp-content\/uploads\/2025\/05\/UdN-LOGO2-biel-1.svg\" class=\"attachment-full size-full wp-post-image\" alt=\"\" \/>\t<\/div>\r\n\t<div class=\"item-content\">\n<p>Discover digital services for Polish science.<\/p>\n<\/div><!-- .item-content -->\r\n<\/div>\r\n<\/a><\/div>\r\n\r\n<div class=\"opi-systems-item post-28915 system type-system status-publish has-post-thumbnail hentry\" id=\"post-28915\">\r\n<a href=\"https:\/\/polon.nauka.gov.pl\/\" target=\"_blank\" rel=\"external\" title=\"POL-on\"><div class=\"opi-systems-item-wrapper\">\r\n\t<div class=\"item-header\">\r\n\t<span class=\"sr-only\">POL-on<\/span><img decoding=\"async\" src=\"https:\/\/opi.org.pl\/wp-content\/uploads\/2024\/06\/polon-1.svg\" class=\"attachment-full size-full wp-post-image\" alt=\"polon logo\" \/>\t<\/div>\r\n\t<div class=\"item-content\">\n<p>The most comprehensive repository of information on Polish science and higher education<\/p>\n<\/div><!-- .item-content -->\r\n<\/div>\r\n<\/a><\/div>\r\n\r\n<div class=\"opi-systems-item post-28916 system type-system status-publish has-post-thumbnail hentry\" id=\"post-28916\">\r\n<a href=\"https:\/\/radon.nauka.gov.pl\/\" target=\"_blank\" rel=\"external\" title=\"RAD-on\"><div class=\"opi-systems-item-wrapper\">\r\n\t<div class=\"item-header\">\r\n\t<span class=\"sr-only\">RAD-on<\/span><img decoding=\"async\" src=\"https:\/\/opi.org.pl\/wp-content\/uploads\/2024\/06\/radon-1.svg\" class=\"attachment-full size-full wp-post-image\" alt=\"radon logo\" \/>\t<\/div>\r\n\t<div class=\"item-content\">\n<p>A reliable source of reports, analyses and data on higher education and science<\/p>\n<\/div><!-- .item-content -->\r\n<\/div>\r\n<\/a><\/div>\r\n\r\n<div class=\"opi-systems-item post-28917 system type-system status-publish has-post-thumbnail hentry\" id=\"post-28917\">\r\n<a href=\"https:\/\/jsa.opi.org.pl\" target=\"_blank\" rel=\"external\" title=\"JSA\"><div class=\"opi-systems-item-wrapper\">\r\n\t<div class=\"item-header\">\r\n\t<span class=\"sr-only\">JSA<\/span><img decoding=\"async\" src=\"https:\/\/opi.org.pl\/wp-content\/uploads\/2024\/06\/jsa-1.svg\" class=\"attachment-full size-full wp-post-image\" alt=\"jsa logo\" \/>\t<\/div>\r\n\t<div class=\"item-content\">\n<p>Efficiency in combating plagiarism at higher education institutions<\/p>\n<\/div><!-- .item-content -->\r\n<\/div>\r\n<\/a><\/div>\r\n\r\n<div class=\"opi-systems-item post-28918 system type-system status-publish has-post-thumbnail hentry\" id=\"post-28918\">\r\n<a href=\"https:\/\/navoica.pl\/\" target=\"_blank\" rel=\"external\" title=\"NAVOICA\"><div class=\"opi-systems-item-wrapper\">\r\n\t<div class=\"item-header\">\r\n\t<span class=\"sr-only\">NAVOICA<\/span><img decoding=\"async\" src=\"https:\/\/opi.org.pl\/wp-content\/uploads\/2025\/11\/Navoica-logo-2022-final-white.svg\" class=\"attachment-full size-full wp-post-image\" alt=\"\" \/>\t<\/div>\r\n\t<div class=\"item-content\">\n<p>Free online courses delivered by Polish universities and other institutions<\/p>\n<\/div><!-- .item-content -->\r\n<\/div>\r\n<\/a><\/div>\r\n\r\n<div class=\"opi-systems-item post-28919 system type-system status-publish has-post-thumbnail hentry\" id=\"post-28919\">\r\n<a href=\"https:\/\/ela.nauka.gov.pl\/en\" target=\"_blank\" rel=\"external\" title=\"ELA\"><div class=\"opi-systems-item-wrapper\">\r\n\t<div class=\"item-header\">\r\n\t<span class=\"sr-only\">ELA<\/span><img decoding=\"async\" src=\"https:\/\/opi.org.pl\/wp-content\/uploads\/2024\/06\/ela-1-01-01.svg\" class=\"attachment-full size-full wp-post-image\" alt=\"\" \/>\t<\/div>\r\n\t<div class=\"item-content\">\n<p>Reliable information on the circumstances of graduates of Polish higher education institutions on the job market<\/p>\n<\/div><!-- .item-content -->\r\n<\/div>\r\n<\/a><\/div>\r\n\r\n<div class=\"opi-systems-item post-32967 system type-system status-publish has-post-thumbnail hentry\" id=\"post-32967\">\r\n<a href=\"https:\/\/ela-uczen.nauka.gov.pl\/\" target=\"_blank\" rel=\"external\" title=\"Ela Informator dla uczni\u00f3w\"><div class=\"opi-systems-item-wrapper\">\r\n\t<div class=\"item-header\">\r\n\t<span class=\"sr-only\">Ela Informator dla uczni\u00f3w<\/span><img decoding=\"async\" src=\"https:\/\/opi.org.pl\/wp-content\/uploads\/2025\/06\/ela-informator-01-01-01.svg\" class=\"attachment-full size-full wp-post-image\" alt=\"\" \/>\t<\/div>\r\n\t<div class=\"item-content\">\n<p>Discover the most rewarding study programmes.<\/p>\n<\/div><!-- .item-content -->\r\n<\/div>\r\n<\/a><\/div>\r\n\r\n<div class=\"opi-systems-item post-28921 system type-system status-publish has-post-thumbnail hentry\" id=\"post-28921\">\r\n<a href=\"https:\/\/ludzie.nauka.gov.pl\/\" target=\"_blank\" rel=\"external\" title=\"PEOPLE OF SCIENCE\"><div class=\"opi-systems-item-wrapper\">\r\n\t<div class=\"item-header\">\r\n\t<span class=\"sr-only\">PEOPLE OF SCIENCE<\/span><img decoding=\"async\" src=\"https:\/\/opi.org.pl\/wp-content\/uploads\/2024\/06\/logo-ludzie-nauki-biel-1.svg\" class=\"attachment-full size-full wp-post-image\" alt=\"ludzie nauki\" \/>\t<\/div>\r\n\t<div class=\"item-content\">\n<p>A consolidated database on all Polish scientists and scholars<\/p>\n<\/div><!-- .item-content -->\r\n<\/div>\r\n<\/a><\/div>\r\n\r\n<div class=\"opi-systems-item post-28924 system type-system status-publish has-post-thumbnail hentry\" id=\"post-28924\">\r\n<a href=\"https:\/\/pbn.nauka.gov.pl\/\" target=\"_blank\" rel=\"external\" title=\"PBN\"><div class=\"opi-systems-item-wrapper\">\r\n\t<div class=\"item-header\">\r\n\t<span class=\"sr-only\">PBN<\/span><img decoding=\"async\" src=\"https:\/\/opi.org.pl\/wp-content\/uploads\/2024\/06\/pbn-1.svg\" class=\"attachment-full size-full wp-post-image\" alt=\"pbn logo\" \/>\t<\/div>\r\n\t<div class=\"item-content\">\n<p>Information on the publications of Polish scientists and scientific units, and on Polish and foreign journals<\/p>\n<\/div><!-- .item-content -->\r\n<\/div>\r\n<\/a><\/div>\r\n\r\n<div class=\"opi-systems-item post-28925 system type-system status-publish has-post-thumbnail hentry\" id=\"post-28925\">\r\n<a href=\"https:\/\/bazaogloszen.nauka.gov.pl\/\" target=\"_blank\" rel=\"external\" title=\"ACADEMIC JOB VACANCY DATABASE\"><div class=\"opi-systems-item-wrapper\">\r\n\t<div class=\"item-header\">\r\n\t<span class=\"sr-only\">ACADEMIC JOB VACANCY DATABASE<\/span><img decoding=\"async\" src=\"https:\/\/opi.org.pl\/wp-content\/uploads\/2024\/06\/baza-1-white-1.svg\" class=\"attachment-full size-full wp-post-image\" alt=\"akademicka baza og\u0142osze\u0144 logo\" \/>\t<\/div>\r\n\t<div class=\"item-content\">\n<p>Job offers for scientific and academic employees in Poland<\/p>\n<\/div><!-- .item-content -->\r\n<\/div>\r\n<\/a><\/div>\r\n\r\n<div class=\"opi-systems-item post-28927 system type-system status-publish has-post-thumbnail hentry\" id=\"post-28927\">\r\n<a href=\"https:\/\/aparatura-badawcza.nauka.gov.pl\/\" target=\"_blank\" rel=\"external\" title=\"RESEARCH APPARATUS DATABASE\"><div class=\"opi-systems-item-wrapper\">\r\n\t<div class=\"item-header\">\r\n\t<span class=\"sr-only\">RESEARCH APPARATUS DATABASE<\/span><img decoding=\"async\" src=\"https:\/\/opi.org.pl\/wp-content\/uploads\/2024\/06\/logo-1-krotkie-white.svg\" class=\"attachment-full size-full wp-post-image\" alt=\"\" \/>\t<\/div>\r\n\t<div class=\"item-content\">\n<p>Information on available research apparatus in Poland<\/p>\n\n\n\n<p><\/p>\n<\/div><!-- .item-content -->\r\n<\/div>\r\n<\/a><\/div>\r\n\r\n<div class=\"opi-systems-item post-28926 system type-system status-publish has-post-thumbnail hentry\" id=\"post-28926\">\r\n<a href=\"https:\/\/studia.gov.pl\/\" target=\"_blank\" rel=\"external\" title=\"STUDIA.GOV.PL\"><div class=\"opi-systems-item-wrapper\">\r\n\t<div class=\"item-header\">\r\n\t<span class=\"sr-only\">STUDIA.GOV.PL<\/span><img decoding=\"async\" src=\"https:\/\/opi.org.pl\/wp-content\/uploads\/2024\/06\/studia-1.svg\" class=\"attachment-full size-full wp-post-image\" alt=\"studia logo\" \/>\t<\/div>\r\n\t<div class=\"item-content\">\n<p>Optimise your studies<\/p>\n<\/div><!-- .item-content -->\r\n<\/div>\r\n<\/a><\/div>\r\n\r\n<div class=\"opi-systems-item post-28928 system type-system status-publish has-post-thumbnail hentry\" id=\"post-28928\">\r\n<a href=\"https:\/\/sedn.opi.org.pl\/\" target=\"_blank\" rel=\"external\" title=\"SEDN\"><div class=\"opi-systems-item-wrapper\">\r\n\t<div class=\"item-header\">\r\n\t<span class=\"sr-only\">SEDN<\/span><img decoding=\"async\" src=\"https:\/\/opi.org.pl\/wp-content\/uploads\/2024\/06\/sedn-1.svg\" class=\"attachment-full size-full wp-post-image\" alt=\"sedn logo\" \/>\t<\/div>\r\n\t<div class=\"item-content\">\n<p>Comprehensive support in the evaluation of scientific achievements in Poland<\/p>\n<\/div><!-- .item-content -->\r\n<\/div>\r\n<\/a><\/div>\r\n\r\n<div class=\"opi-systems-item post-28937 system type-system status-publish has-post-thumbnail hentry\" id=\"post-28937\">\r\n<a href=\"https:\/\/studnia.opi.org.pl\/login\" target=\"_blank\" rel=\"external\" title=\"STUDNIA\"><div class=\"opi-systems-item-wrapper\">\r\n\t<div class=\"item-header\">\r\n\t<span class=\"sr-only\">STUDNIA<\/span><img decoding=\"async\" src=\"https:\/\/opi.org.pl\/wp-content\/uploads\/2024\/06\/Studnia-logo-white-1.svg\" class=\"attachment-full size-full wp-post-image\" alt=\"studnia logo\" \/>\t<\/div>\r\n\t<div class=\"item-content\">\n<p>A system that facilitates the accessibility of documentation on scientific and artistic activities<\/p>\n<\/div><!-- .item-content -->\r\n<\/div>\r\n<\/a><\/div>\r\n\r\n<div class=\"opi-systems-item post-28938 system type-system status-publish has-post-thumbnail hentry\" id=\"post-28938\">\r\n<a href=\"https:\/\/polon.nauka.gov.pl\/orpd\/login\" target=\"_blank\" rel=\"external\" title=\"ORPPD\"><div class=\"opi-systems-item-wrapper\">\r\n\t<div class=\"item-header\">\r\n\t<span class=\"sr-only\">ORPPD<\/span><img decoding=\"async\" src=\"https:\/\/opi.org.pl\/wp-content\/uploads\/2024\/06\/orppd-1.svg\" class=\"attachment-full size-full wp-post-image\" alt=\"orppd logo\" \/>\t<\/div>\r\n\t<div class=\"item-content\">\n<p>A database of theses defended at Polish higher education institutions<\/p>\n<\/div><!-- .item-content -->\r\n<\/div>\r\n<\/a><\/div>\r\n\r\n<div class=\"opi-systems-item post-28939 system type-system status-publish has-post-thumbnail hentry\" id=\"post-28939\">\r\n<div class=\"opi-systems-item-wrapper\">\r\n\t<div class=\"item-header\">\r\n\t<span class=\"sr-only\">eNFIN<\/span><img decoding=\"async\" src=\"https:\/\/opi.org.pl\/wp-content\/uploads\/2024\/06\/eNFIN-white-01-01.svg\" class=\"attachment-full size-full wp-post-image\" alt=\"enfin logo\" \/>\t<\/div>\r\n\t<div class=\"item-content\">\n<p>Comprehensive management of financial operations at the Polish Ministry of Science and Higher Education<\/p>\n<\/div><!-- .item-content -->\r\n<\/div>\r\n<\/div>\r\n\r\n<div class=\"opi-systems-item post-28940 system type-system status-publish has-post-thumbnail hentry\" id=\"post-28940\">\r\n<div class=\"opi-systems-item-wrapper\">\r\n\t<div class=\"item-header\">\r\n\t<span class=\"sr-only\">APPLICATION PROCESSING SYSTEM<\/span><img decoding=\"async\" src=\"https:\/\/opi.org.pl\/wp-content\/uploads\/2024\/06\/SOZ-logo-biel-1.svg\" class=\"attachment-full size-full wp-post-image\" alt=\"system obs\u0142ugi zg\u0142osze\u0144 logo\" \/>\t<\/div>\r\n\t<div class=\"item-content\">\n<p>Comprehensive organisation of training courses and meetings in the initiatives of the Polish Ministry of Science and Higher Education<\/p>\n<\/div><!-- .item-content -->\r\n<\/div>\r\n<\/div>\r\n\r\n<div class=\"opi-systems-item post-34238 system type-system status-publish has-post-thumbnail hentry\" id=\"post-34238\">\r\n<div class=\"opi-systems-item-wrapper\">\r\n\t<div class=\"item-header\">\r\n\t<span class=\"sr-only\">Eksperci<\/span><img decoding=\"async\" src=\"https:\/\/opi.org.pl\/wp-content\/uploads\/2026\/04\/EKSPERCI-logo-czb-ciemne-tlo.svg\" class=\"attachment-full size-full wp-post-image\" alt=\"\" \/>\t<\/div>\r\n\t<div class=\"item-content\">\n<p>An AI\u2011driven system that facilitates access to scientific reviews.<\/p>\n<\/div><!-- .item-content -->\r\n<\/div>\r\n<\/div>\r\n\r\n<\/div><\/section>\n\n\n<section class=\"opi-systems\" id=\"system_cat-799\"><div class=\"opi-systems-header\">Grant systems<\/div><div class=\"opi-systems-items\"><div class=\"opi-systems-item post-28929 system type-system status-publish has-post-thumbnail hentry\" id=\"post-28929\">\r\n<a href=\"https:\/\/osf.opi.org.pl\/\" target=\"_blank\" rel=\"external\" title=\"OSF\"><div class=\"opi-systems-item-wrapper\">\r\n\t<div class=\"item-header\">\r\n\t<span class=\"sr-only\">OSF<\/span><img decoding=\"async\" src=\"https:\/\/opi.org.pl\/wp-content\/uploads\/2024\/06\/nowy-osf-akronim-white-01-01.svg\" class=\"attachment-full size-full wp-post-image\" alt=\"osf logo\" \/>\t<\/div>\r\n\t<div class=\"item-content\">\n<p>Registration and handling of applications for project and R&amp;D funding<\/p>\n<\/div><!-- .item-content -->\r\n<\/div>\r\n<\/a><\/div>\r\n\r\n<div class=\"opi-systems-item post-28930 system type-system status-publish has-post-thumbnail hentry\" id=\"post-28930\">\r\n<a href=\"https:\/\/konkurs.abm.gov.pl\/#\/\" target=\"_blank\" rel=\"external\" title=\"ABM\"><div class=\"opi-systems-item-wrapper\">\r\n\t<div class=\"item-header\">\r\n\t<span class=\"sr-only\">ABM<\/span><img decoding=\"async\" src=\"https:\/\/opi.org.pl\/wp-content\/uploads\/2024\/06\/abm-logo-pl-1.svg\" class=\"attachment-full size-full wp-post-image\" alt=\"agencja bada\u0144 medycznych logo\" \/>\t<\/div>\r\n\t<div class=\"item-content\">\n<p>Registration and handling of applications for participation in scientific and research programmes of the Medical Research Agency<\/p>\n<\/div><!-- .item-content -->\r\n<\/div>\r\n<\/a><\/div>\r\n\r\n<div class=\"opi-systems-item post-28931 system type-system status-publish has-post-thumbnail hentry\" id=\"post-28931\">\r\n<a href=\"https:\/\/programs.nawa.gov.pl\/login\" target=\"_blank\" rel=\"external\" title=\"NAWA\"><div class=\"opi-systems-item-wrapper\">\r\n\t<div class=\"item-header\">\r\n\t<span class=\"sr-only\">NAWA<\/span><img decoding=\"async\" src=\"https:\/\/opi.org.pl\/wp-content\/uploads\/2024\/06\/nawa-1.svg\" class=\"attachment-full size-full wp-post-image\" alt=\"nawa logo\" \/>\t<\/div>\r\n\t<div class=\"item-content\">\n<p>Registration and handling of scholarship applications of the Polish National Agency for Academic Exchange<\/p>\n<\/div><!-- .item-content -->\r\n<\/div>\r\n<\/a><\/div>\r\n\r\n<\/div><\/section>\n\n\n<section class=\"opi-systems\" id=\"system_cat-800\"><div class=\"opi-systems-header\">Other systems<\/div><div class=\"opi-systems-items\"><div class=\"opi-systems-item post-28932 system type-system status-publish has-post-thumbnail hentry\" id=\"post-28932\">\r\n<a href=\"https:\/\/innowacje.opi.org.pl\/\" target=\"_blank\" rel=\"external\" title=\"INNOVATIONS\"><div class=\"opi-systems-item-wrapper\">\r\n\t<div class=\"item-header\">\r\n\t<span class=\"sr-only\">INNOVATIONS<\/span><img decoding=\"async\" src=\"https:\/\/opi.org.pl\/wp-content\/uploads\/2024\/06\/LOGO-INNOWACJE-BIEL2.svg\" class=\"attachment-full size-full wp-post-image\" alt=\"innowacje logo\" \/>\t<\/div>\r\n\t<div class=\"item-content\">\n<p>Discover the power of innovation. Leverage Polish science to expand your business<\/p>\n<\/div><!-- .item-content -->\r\n<\/div>\r\n<\/a><\/div>\r\n\r\n<div class=\"opi-systems-item post-28936 system type-system status-publish has-post-thumbnail hentry\" id=\"post-28936\">\r\n<div class=\"opi-systems-item-wrapper\">\r\n\t<div class=\"item-header\">\r\n\t<span class=\"sr-only\">eRADs<\/span><img decoding=\"async\" src=\"https:\/\/opi.org.pl\/wp-content\/uploads\/2024\/06\/erads-1-white2-01.svg\" class=\"attachment-full size-full wp-post-image\" alt=\"erads logo\" \/>\t<\/div>\r\n\t<div class=\"item-content\">\n<p>A research platform that standardises medical examination result descriptions<\/p>\n<\/div><!-- .item-content -->\r\n<\/div>\r\n<\/div>\r\n\r\n<\/div><\/section>\n","protected":false},"excerpt":{"rendered":"<p>Systems for science and higher education &#8211; we are creating the future of the sector<\/p>\n","protected":false},"author":34,"featured_media":0,"parent":0,"menu_order":0,"comment_status":"closed","ping_status":"closed","template":"templates\/page-without-title.php","meta":{"footnotes":"","_links_to":"","_links_to_target":""},"class_list":["post-20688","page","type-page","status-publish","hentry"],"_links":{"self":[{"href":"https:\/\/opi.org.pl\/en\/wp-json\/wp\/v2\/pages\/20688","targetHints":{"allow":["GET"]}}],"collection":[{"href":"https:\/\/opi.org.pl\/en\/wp-json\/wp\/v2\/pages"}],"about":[{"href":"https:\/\/opi.org.pl\/en\/wp-json\/wp\/v2\/types\/page"}],"author":[{"embeddable":true,"href":"https:\/\/opi.org.pl\/en\/wp-json\/wp\/v2\/users\/34"}],"replies":[{"embeddable":true,"href":"https:\/\/opi.org.pl\/en\/wp-json\/wp\/v2\/comments?post=20688"}],"version-history":[{"count":3,"href":"https:\/\/opi.org.pl\/en\/wp-json\/wp\/v2\/pages\/20688\/revisions"}],"predecessor-version":[{"id":30917,"href":"https:\/\/opi.org.pl\/en\/wp-json\/wp\/v2\/pages\/20688\/revisions\/30917"}],"wp:attachment":[{"href":"https:\/\/opi.org.pl\/en\/wp-json\/wp\/v2\/media?parent=20688"}],"curies":[{"name":"wp","href":"https:\/\/api.w.org\/{rel}","templated":true}]}}