{"id":20455,"date":"2020-01-20T11:18:37","date_gmt":"2020-01-20T10:18:37","guid":{"rendered":"http:\/\/2020.opi.org.pl\/?page_id=20455"},"modified":"2026-02-18T09:58:17","modified_gmt":"2026-02-18T08:58:17","slug":"about-us","status":"publish","type":"page","link":"https:\/\/opi.org.pl\/en\/get-to-know-us\/about-us\/","title":{"rendered":"About us"},"content":{"rendered":"\n<h1 class=\"wp-block-heading\">About us<\/h1>\n\n\n\n<p><strong><strong>OPI PIB<\/strong><\/strong> <strong><strong>is a modern centre of information technologies and artificial intelligence. It supports the implementation of government policy for science and higher education. It assists in shaping an innovative, knowledge-driven economy.&nbsp;<\/strong><\/strong><\/p>\n\n\n\n<p>Beyond providing information on Polish scientists, their projects and their achievements, OPI PIB is a place where experts conduct pioneering research and develop systems for business.<\/p>\n\n\n\n<p><strong><strong>OPI PIB&#8217;s motto is&nbsp;<em>From information to innovation<\/em>.<\/strong><\/strong><\/p>\n\n\n\n<div class=\"wp-block-group alignwide opi-tlo4 opi-wide\"><div class=\"wp-block-group__inner-container is-layout-constrained wp-block-group-is-layout-constrained\">\n<div class=\"wp-block-columns alignwide is-layout-flex wp-container-core-columns-is-layout-9d6595d7 wp-block-columns-is-layout-flex\">\n<div class=\"wp-block-column is-layout-flow wp-block-column-is-layout-flow\">\n<h2 class=\"wp-block-heading\" id=\"Onas-Warto\u015bci\" style=\"font-size:28px\">Values<\/h2>\n\n\n\n<p>Honesty and reliability are OPI PIB&#8217;s priorities. The institute strives to achieve the highest standards in research and implementation. OPI PIB ensures that all data, information, and knowledge that it provides and process is reliable and secure. It adheres to the highest data security standards. OPI PIB endeavours to deliver the highest-quality products and services.<\/p>\n\n\n\n<p>By leveraging professional management, resource optimisation, and the continuous development of digital tools, OPI PIB continues to strengthen its position as a leader in digital innovation, supporting the science and business sectors in Poland and internationally. Reliability and timeliness are key to ensuring the satisfaction of the institute&#8217;s&nbsp;partners.<\/p>\n<\/div>\n\n\n\n<div class=\"wp-block-column is-layout-flow wp-block-column-is-layout-flow\">\n<h2 class=\"wp-block-heading\" id=\"Onas-Innowacyjneprojektydla\u015brodowiskanaukiibiznesu\" style=\"font-size:28px\">Innovative projects for the environment and business<\/h2>\n\n\n\n<p>OPI PIB is a leader in digital innovation. Its projects contribute significantly to the strengthening of Polish science and of our business partners. OPI PIB prioritises the continuous development of digital tools for industry, science, public administration, medicine and healthcare. The institute persistently seeks to widen its product and service selection by collaborating with international partners.<\/p>\n<\/div>\n\n\n\n<div class=\"wp-block-column is-layout-flow wp-block-column-is-layout-flow\">\n<h3 class=\"wp-block-heading\" id=\"Onas-Strategiaiwsp\u00f3\u0142praca\" style=\"font-size:28px\">Strategy and collaboration<\/h3>\n\n\n\n<p>Innovation is at the heart of OPI PIB&#8217;s 2021\u20132025 strategy, which focuses on the optimisation and development of processes and competences in IT, telecommunications, and social and sociological sciences. Committed to international collaboration, OPI PIB exchanges experiences and best practices with IT centres worldwide, enhancing the quality of the institute&#8217;s research and implementation.<\/p>\n<\/div>\n\n\n\n<div class=\"wp-block-column is-layout-flow wp-block-column-is-layout-flow\">\n<h3 class=\"wp-block-heading\" id=\"Onas-Stawiamynaludzi\" style=\"font-size:28px\">People first<\/h3>\n\n\n\n<p>OPI PIB fosters a work environment where duties are secondary to the passion and dedication of nearly 500 individuals who are dedicated to achieving new and ambitious goals every day. The fusion of talent, experience and skill in OPI PIB&#8217;s workforce is the driving force behind the institute&#8217;s pursuit of excellence in every aspect of its work.<\/p>\n<\/div>\n\n\n\n<div class=\"wp-block-column is-layout-flow wp-block-column-is-layout-flow\">\n<h3 class=\"wp-block-heading\" id=\"Onas-StawiamynaAI\" style=\"font-size:28px\">AI for success<\/h3>\n\n\n\n<p>OPI PIB creates and enhances neural language models and conducts research on AI. It also explores AI solutions that can be customised for particular industries or developed specifically for the Polish language. OPI PIB develops innovative technologies for digital medicine. The institute converges research teams from the science and healthcare sectors to implement innovation that improves healthcare standards in Poland. OPI PIB utilises the potential of generative AI for elderly people. It also work on innovative tools for interaction between humans and artificial cognitive systems.<\/p>\n<\/div>\n\n\n\n<div class=\"wp-block-column is-layout-flow wp-block-column-is-layout-flow\">\n<h3 class=\"wp-block-heading\" id=\"Onas-Wp\u0142ywamynakszta\u0142tpolskiejpolitykinaukowej\" style=\"font-size:28px\">Shaping Polish scientific policy&nbsp;<\/h3>\n\n\n\n<p>The Polish Ministry of Science and Higher Education is OPI PIB&#8217;s key client, for which the institute develops IT systems that integrate data on science and higher education in Poland. OPI PIB&#8217;s studies and analyses assist scientific institutions and research funding agencies in decision-making processes.<\/p>\n<\/div>\n\n\n\n<div class=\"wp-block-column is-layout-flow wp-block-column-is-layout-flow\">\n<h3 class=\"wp-block-heading\" id=\"Onas-Po\u015bredniczymywwydatkowaniuFunduszyEuropejskich\" style=\"font-size:28px\">Facilitating the disbursement of EU funds<\/h3>\n\n\n\n<p>OPI PIB organises calls for proposals under Action 2.4 of the European Funds for Smart Economy (EFSE) programme, and supervises their implementation. The full title of the action is&nbsp;<em>Smart Economy Research Infrastructure (SERI)<\/em>&nbsp;and is part of \u00adPriority 2 \u2013 Innovation-friendly environment. The action is designed to support the development of research organisations comprehensively, with support tailored to current trends and social needs.&nbsp;<br>As a Supporting Unit, OPI PIB has announced two calls for proposals under the National Recovery Plan \u2013 Subcomponent A2.4.1&nbsp;<em>Investment in the Development of Research Capacities<\/em>.<\/p>\n<\/div>\n<\/div>\n<\/div><\/div>\n\n\n\n<section class=\"wp-block-group opi-persons\"><div class=\"wp-block-group__inner-container is-layout-constrained wp-block-group-is-layout-constrained\">\n<h2 class=\"wp-block-heading\">Management<\/h2>\n\n\n\n<div class=\"wp-block-group\"><div class=\"wp-block-group__inner-container is-layout-constrained wp-block-group-is-layout-constrained\">\n<div class=\"wp-block-columns opi-person is-layout-flex wp-container-core-columns-is-layout-9d6595d7 wp-block-columns-is-layout-flex\">\n<div class=\"wp-block-column is-layout-flow wp-block-column-is-layout-flow\">\n<figure class=\"wp-block-image size-full\"><img decoding=\"async\" src=\"https:\/\/opi.org.pl\/wp-content\/uploads\/2024\/07\/Jaroslaw-950x950-1.png\" alt=\"\" class=\"wp-image-29287\" style=\"aspect-ratio:1;object-fit:cover\"\/><\/figure>\n\n\n\n<div class=\"wp-block-group\"><div class=\"wp-block-group__inner-container is-layout-constrained wp-block-group-is-layout-constrained\">\n<p>Head<\/p>\n\n\n\n<h3 class=\"wp-block-heading\">Jaros\u0142aw Protasiewicz, PhD, DSc<\/h3>\n<\/div><\/div>\n<\/div>\n\n\n\n<div class=\"wp-block-column is-layout-flow wp-block-column-is-layout-flow\">\n<p>An experienced researcher, lecturer and IT professional with many years of experience in computer science and artificial intelligence.<\/p>\n\n\n\n<p>Jaros\u0142aw obtained a master\u2019s degree at the Bia\u0142ystok University of Technology and a doctoral degree at the Systems Research Institute of the Polish Academy of Sciences. Both of his theses concerned artificial neural networks. In 2024, he was awarded the title of doctor habilitus in information technology and telecommunications at IBS PAN. His habilitation thesis explored knowledge recommendation systems with computational intelligence algorithms that support the selection of reviewers and experts, and innovation.<\/p>\n\n\n\n<p>Jaros\u0142aw&#8217;s research interests include software design and development, artificial intelligence and machine learning. He has extensive IT experience as a software developer, designer and project manager.&nbsp;<\/p>\n\n\n\n<p>Since 2005, Jaros\u0142aw has been employed by OPI PIB, where he initially served as a software developer and designer. Later, as an assistant professor, he established and managed the Laboratory of Intelligent Information Systems\u2014the largest laboratory of the institute. He currently serves as the head of OPI PIB.<\/p>\n\n\n\n<p>Jaros\u0142aw is also an experienced academic teacher who is responsible for lectures in software development and machine learning at the WIT Academy.<\/p>\n<\/div>\n<\/div>\n\n\n\n<div class=\"wp-block-columns opi-person opi-person-right is-layout-flex wp-container-core-columns-is-layout-9d6595d7 wp-block-columns-is-layout-flex\">\n<div class=\"wp-block-column is-layout-flow wp-block-column-is-layout-flow\">\n<p>Joanna joined OPI PIB in 2010. She initially worked as part of the Polish-Swiss Research Program team. In 2012, she assumed the position of system project coordinator, and in 2015 became the manager of the Project Coordination and Social Communication Unit.<\/p>\n\n\n\n<p>Between 1998 and 2008, Joanna worked at the Cooperation Fund Foundation, where she was the head of the unit responsible for subsidies for Polish NGOs, as well as participating in the handling of Phare and pre-accession funds.<\/p>\n\n\n\n<p>Joanna is a graduate of Warsaw University with a degree in sociology.<\/p>\n<\/div>\n\n\n\n<div class=\"wp-block-column is-layout-flow wp-block-column-is-layout-flow\">\n<figure class=\"wp-block-image size-full\"><img decoding=\"async\" src=\"https:\/\/opi.org.pl\/wp-content\/uploads\/2024\/07\/Joanna-950x950-1.png\" alt=\"\" class=\"wp-image-29254\" style=\"aspect-ratio:1;object-fit:cover\"\/><\/figure>\n\n\n\n<div class=\"wp-block-group\"><div class=\"wp-block-group__inner-container is-layout-constrained wp-block-group-is-layout-constrained\">\n<p>Deputy Head<br>Administration<\/p>\n\n\n\n<h3 class=\"wp-block-heading\">Joanna Kuszlik-Cichosz<\/h3>\n<\/div><\/div>\n<\/div>\n<\/div>\n\n\n\n<div class=\"wp-block-columns opi-person is-layout-flex wp-container-core-columns-is-layout-9d6595d7 wp-block-columns-is-layout-flex\">\n<div class=\"wp-block-column is-layout-flow wp-block-column-is-layout-flow\">\n<figure class=\"wp-block-image size-full\"><img decoding=\"async\" src=\"https:\/\/opi.org.pl\/wp-content\/uploads\/2024\/07\/Marek-950x950-1.png\" alt=\"\" class=\"wp-image-29263\" style=\"aspect-ratio:1;object-fit:cover\"\/><\/figure>\n\n\n\n<div class=\"wp-block-group\"><div class=\"wp-block-group__inner-container is-layout-constrained wp-block-group-is-layout-constrained\">\n<p>Deputy Head<br>Software Development<\/p>\n\n\n\n<h3 class=\"wp-block-heading\">Marek Michaj\u0142owicz<\/h3>\n<\/div><\/div>\n<\/div>\n\n\n\n<div class=\"wp-block-column is-layout-flow wp-block-column-is-layout-flow\">\n<p>Deputy Director of OPI PIB responsible for software development. Marek is also the project manager for the Integrated System of Information on Science and Higher Education (POL-on). He is a member of the advisory team for open scientific resources at the Polish Ministry of Education and Science.<\/p>\n\n\n\n<p>Marek obtained a master\u2019s degree in sociology at Cardinal Stefan Wyszy\u0144ski University in Warsaw and a Bachelor of Engineering degree in computer science at Warsaw School of Information Technology under the auspices of the Polish Academy of Sciences. He completed postgraduate studies in Business Informatics at Warsaw School of Economics (SGH) and MBA Kaizen Industry 4.0 postgraduate studies at the Warsaw University of Technology Business School.<\/p>\n\n\n\n<p>Marek has many years&#8217; professional experience and holds certificates in information system analysis. He is a member of two teams established by the Polish Minister of Science and Higher Education: one advising on scientific resources and the other focused on the preparation of a higher education development strategy project. His professional interests include agile project management, software design and development, and organisational culture management.<\/p>\n<\/div>\n<\/div>\n\n\n\n<div class=\"wp-block-columns opi-person-opi-person-right is-layout-flex wp-container-core-columns-is-layout-9d6595d7 wp-block-columns-is-layout-flex\">\n<div class=\"wp-block-column is-layout-flow wp-block-column-is-layout-flow\">\n<p>Emil graduated from the Lodz University of Technology, where he was awarded a master\u2019s degree in telecommunication systems. He has also completed an MBA programme for IT professionals at the Polish\u2013Japanese Academy of Information Technology.<\/p>\n\n\n\n<p>Having joined OPI PIB in 2017, Emil served as the head of the Laboratory of Databases and Business Analytics for nearly five years, before assuming the position of head of the Data Warehouse Department.<\/p>\n\n\n\n<p>With over ten years of professional experience, Emil is a certified expert in corporate architecture, business intelligence systems, and low-code software development. His professional interests include data management, cybersecurity, DevOps, and the practical use of low-code technologies in streamlining business processes.<\/p>\n\n\n\n<p>Emil is also an open data representative of the Polish Minister of Science and Higher Education.<\/p>\n<\/div>\n\n\n\n<div class=\"wp-block-column is-layout-flow wp-block-column-is-layout-flow\">\n<figure class=\"wp-block-image size-full\"><img loading=\"lazy\" decoding=\"async\" width=\"1334\" height=\"1334\" src=\"https:\/\/opi.org.pl\/wp-content\/uploads\/2025\/07\/Emil-Podwysocki-2-Obszar-roboczy-1-Obszar-roboczy-1.png\" alt=\"\" class=\"wp-image-33215\" style=\"aspect-ratio:1;object-fit:cover\" srcset=\"https:\/\/opi.org.pl\/wp-content\/uploads\/2025\/07\/Emil-Podwysocki-2-Obszar-roboczy-1-Obszar-roboczy-1.png 1334w, https:\/\/opi.org.pl\/wp-content\/uploads\/2025\/07\/Emil-Podwysocki-2-Obszar-roboczy-1-Obszar-roboczy-1-300x300.png 300w, https:\/\/opi.org.pl\/wp-content\/uploads\/2025\/07\/Emil-Podwysocki-2-Obszar-roboczy-1-Obszar-roboczy-1-1024x1024.png 1024w, https:\/\/opi.org.pl\/wp-content\/uploads\/2025\/07\/Emil-Podwysocki-2-Obszar-roboczy-1-Obszar-roboczy-1-150x150.png 150w, https:\/\/opi.org.pl\/wp-content\/uploads\/2025\/07\/Emil-Podwysocki-2-Obszar-roboczy-1-Obszar-roboczy-1-768x768.png 768w, https:\/\/opi.org.pl\/wp-content\/uploads\/2025\/07\/Emil-Podwysocki-2-Obszar-roboczy-1-Obszar-roboczy-1-60x60.png 60w\" sizes=\"auto, (max-width: 1334px) 100vw, 1334px\" \/><\/figure>\n\n\n\n<div class=\"wp-block-group\"><div class=\"wp-block-group__inner-container is-layout-constrained wp-block-group-is-layout-constrained\">\n<p>Deputy Head<br>IT Operations<\/p>\n\n\n\n<h3 class=\"wp-block-heading\">Emil Podwysocki<\/h3>\n<\/div><\/div>\n<\/div>\n<\/div>\n\n\n\n<div class=\"wp-block-columns opi-person-opi-person-right is-layout-flex wp-container-core-columns-is-layout-9d6595d7 wp-block-columns-is-layout-flex\">\n<div class=\"wp-block-column is-layout-flow wp-block-column-is-layout-flow\">\n<figure class=\"wp-block-image size-full\"><img decoding=\"async\" src=\"https:\/\/opi.org.pl\/wp-content\/uploads\/2024\/07\/Konrad-950x950-1.png\" alt=\"\" class=\"wp-image-29266\" style=\"aspect-ratio:1;object-fit:cover\"\/><\/figure>\n\n\n\n<div class=\"wp-block-group\"><div class=\"wp-block-group__inner-container is-layout-constrained wp-block-group-is-layout-constrained\">\n<p>Deputy Head<br>Finance<\/p>\n\n\n\n<h3 class=\"wp-block-heading\">Konrad Stachurski<\/h3>\n<\/div><\/div>\n<\/div>\n\n\n\n<div class=\"wp-block-column is-layout-flow wp-block-column-is-layout-flow\">\n<p>Konrad joined OPI PIB in 2008. Initially employed as an accounting specialist, he later became an independent accountant, eventually ascending to the post of deputy chief accountant. Since being appointed chief accountant in 2018, he has been responsible for the finances, taxes and accountancy management of OPI PIB.<\/p>\n\n\n\n<p>Konrad has many years\u2019 professional experience in finance and accounting, and holds an accounting certificate awarded by the Polish Minister of Finance, as well as a chief accountant certificate.<\/p>\n\n\n\n<p>Konrad is a graduate of the Faculty of Finance at Krak\u00f3w University of Economics; he also completed postgraduate studies in corporate accounting and finance at Pozna\u0144 University of Economics and Business. He began his professional career in 2001 as an accounting specialist in the private sector.<\/p>\n<\/div>\n<\/div>\n<\/div><\/div>\n<\/div><\/section>\n\n\n\n<div class=\"wp-block-group opi-scientific-council opi-wide\"><div class=\"wp-block-group__inner-container is-layout-constrained wp-block-group-is-layout-constrained\">\n<h2 class=\"wp-block-heading\" style=\"font-size:36px\"><strong>Scientific Council<\/strong><\/h2>\n\n\n\n<div class=\"wp-block-group\"><div class=\"wp-block-group__inner-container is-layout-constrained wp-block-group-is-layout-constrained\">\n<p><strong>The Scientific Council of OPI PIB, as an advisory and opinion-forming body, comments on matters that concern the scientific activity of the institute, including the professional development of scientific, technical and research staff.<\/strong><\/p>\n\n\n\n<p>The scope of the Scientific Council\u2019s activities is detailed in the Act on Research Institutes. Council meetings are held at least twice a year. The council is also able to work outside of the meetings, which makes it possible for it to make decisions and hold consultations beyond officially convened sessions.<\/p>\n<\/div><\/div>\n\n\n\n<div class=\"wp-block-group container-council-composition-title\"><div class=\"wp-block-group__inner-container is-layout-constrained wp-block-group-is-layout-constrained\">\n<h3 class=\"wp-block-heading\">Council composition&nbsp;(2024-2028 term):<\/h3>\n<\/div><\/div>\n\n\n\n<div class=\"wp-block-columns is-layout-flex wp-container-core-columns-is-layout-9d6595d7 wp-block-columns-is-layout-flex\">\n<div class=\"wp-block-column is-layout-flow wp-block-column-is-layout-flow\">\n<div class=\"wp-block-group\"><div class=\"wp-block-group__inner-container is-layout-constrained wp-block-group-is-layout-constrained\">\n<p>Professor<\/p>\n\n\n\n<p><strong>Jaros\u0142aw Janusz Arabas<\/strong><\/p>\n<\/div><\/div>\n\n\n\n<div class=\"wp-block-group\"><div class=\"wp-block-group__inner-container is-layout-constrained wp-block-group-is-layout-constrained\">\n<p>Doctor<\/p>\n\n\n\n<p><strong>Cezary Biele<\/strong> <\/p>\n\n\n\n<p>Deputy Chairman of the Scientific Council<\/p>\n<\/div><\/div>\n\n\n\n<div class=\"wp-block-group\"><div class=\"wp-block-group__inner-container is-layout-constrained wp-block-group-is-layout-constrained\">\n<p>Doctor<\/p>\n\n\n\n<p><strong>Tomasz Bzuka\u0142a<\/strong><\/p>\n<\/div><\/div>\n\n\n\n<div class=\"wp-block-group\"><div class=\"wp-block-group__inner-container is-layout-constrained wp-block-group-is-layout-constrained\">\n<p>Doctor<\/p>\n\n\n\n<p><strong>Ma\u0142gorzata Charytanowicz<\/strong><\/p>\n<\/div><\/div>\n\n\n\n<div class=\"wp-block-group\"><div class=\"wp-block-group__inner-container is-layout-constrained wp-block-group-is-layout-constrained\">\n<p>Doctor<\/p>\n\n\n\n<p><strong>Adam Janusz Doma\u0144ski<\/strong><\/p>\n<\/div><\/div>\n\n\n\n<div class=\"wp-block-group\"><div class=\"wp-block-group__inner-container is-layout-constrained wp-block-group-is-layout-constrained\">\n<p><\/p>\n\n\n\n<p><strong>Gabriela G\u00f3rska<\/strong><\/p>\n<\/div><\/div>\n<\/div>\n\n\n\n<div class=\"wp-block-column is-layout-flow wp-block-column-is-layout-flow\">\n<div class=\"wp-block-group\"><div class=\"wp-block-group__inner-container is-layout-constrained wp-block-group-is-layout-constrained\">\n<p><\/p>\n\n\n\n<p><strong>Ma\u0142gorzata Gr\u0119bowiec<\/strong><\/p>\n<\/div><\/div>\n\n\n\n<div class=\"wp-block-group\"><div class=\"wp-block-group__inner-container is-layout-constrained wp-block-group-is-layout-constrained\">\n<p>Doctor<\/p>\n\n\n\n<p><strong>Rafa\u0142 J\u00f3\u017awiak<\/strong><\/p>\n<\/div><\/div>\n\n\n\n<div class=\"wp-block-group\"><div class=\"wp-block-group__inner-container is-layout-constrained wp-block-group-is-layout-constrained\">\n<p>Doctor<\/p>\n\n\n\n<p><strong>Agata Kopacz<\/strong><\/p>\n<\/div><\/div>\n\n\n\n<div class=\"wp-block-group\"><div class=\"wp-block-group__inner-container is-layout-constrained wp-block-group-is-layout-constrained\">\n<p>Professor<\/p>\n\n\n\n<p><strong>Marek Kr\u0119towski<\/strong><\/p>\n<\/div><\/div>\n\n\n\n<div class=\"wp-block-group\"><div class=\"wp-block-group__inner-container is-layout-constrained wp-block-group-is-layout-constrained\">\n<p><\/p>\n\n\n\n<p><strong>Luigi Lai<\/strong><\/p>\n<\/div><\/div>\n\n\n\n<div class=\"wp-block-group\"><div class=\"wp-block-group__inner-container is-layout-constrained wp-block-group-is-layout-constrained\">\n<p>Professor<\/p>\n\n\n\n<p><strong>Krzysztof Piotr Okarma<\/strong><\/p>\n<\/div><\/div>\n<\/div>\n\n\n\n<div class=\"wp-block-column is-layout-flow wp-block-column-is-layout-flow\">\n<div class=\"wp-block-group\"><div class=\"wp-block-group__inner-container is-layout-constrained wp-block-group-is-layout-constrained\">\n<p>Doctor<\/p>\n\n\n\n<p><strong>Piotr Sobecki<\/strong><\/p>\n<\/div><\/div>\n\n\n\n<div class=\"wp-block-group\"><div class=\"wp-block-group__inner-container is-layout-constrained wp-block-group-is-layout-constrained\">\n<p>Professor<\/p>\n\n\n\n<p><strong>Tomasz Jerzy Szapiro<\/strong> <\/p>\n\n\n\n<p>Chairman of the Scientific Council<\/p>\n<\/div><\/div>\n\n\n\n<div class=\"wp-block-group\"><div class=\"wp-block-group__inner-container is-layout-constrained wp-block-group-is-layout-constrained\">\n<p>Doctor<\/p>\n\n\n\n<p><strong>Julian Szyma\u0144ski<\/strong><\/p>\n<\/div><\/div>\n\n\n\n<div class=\"wp-block-group\"><div class=\"wp-block-group__inner-container is-layout-constrained wp-block-group-is-layout-constrained\">\n<p>Doctor<\/p>\n\n\n\n<p><strong>Aldona Tomczy\u0144ska<\/strong><\/p>\n<\/div><\/div>\n<\/div>\n<\/div>\n<\/div><\/div>\n","protected":false},"excerpt":{"rendered":"<p>About us OPI PIB is a modern centre of information technologies and artificial intelligence. It supports the implementation of government policy for science and higher education. It assists in shaping an innovative, knowledge-driven economy.&nbsp; Beyond providing information on Polish scientists, their projects and their achievements, OPI PIB is a place where experts conduct pioneering research&hellip;<\/p>\n","protected":false},"author":34,"featured_media":30891,"parent":26926,"menu_order":0,"comment_status":"closed","ping_status":"closed","template":"templates\/page-without-title.php","meta":{"footnotes":"","_links_to":"","_links_to_target":""},"class_list":["post-20455","page","type-page","status-publish","has-post-thumbnail","hentry"],"_links":{"self":[{"href":"https:\/\/opi.org.pl\/en\/wp-json\/wp\/v2\/pages\/20455","targetHints":{"allow":["GET"]}}],"collection":[{"href":"https:\/\/opi.org.pl\/en\/wp-json\/wp\/v2\/pages"}],"about":[{"href":"https:\/\/opi.org.pl\/en\/wp-json\/wp\/v2\/types\/page"}],"author":[{"embeddable":true,"href":"https:\/\/opi.org.pl\/en\/wp-json\/wp\/v2\/users\/34"}],"replies":[{"embeddable":true,"href":"https:\/\/opi.org.pl\/en\/wp-json\/wp\/v2\/comments?post=20455"}],"version-history":[{"count":20,"href":"https:\/\/opi.org.pl\/en\/wp-json\/wp\/v2\/pages\/20455\/revisions"}],"predecessor-version":[{"id":34072,"href":"https:\/\/opi.org.pl\/en\/wp-json\/wp\/v2\/pages\/20455\/revisions\/34072"}],"up":[{"embeddable":true,"href":"https:\/\/opi.org.pl\/en\/wp-json\/wp\/v2\/pages\/26926"}],"wp:featuredmedia":[{"embeddable":true,"href":"https:\/\/opi.org.pl\/en\/wp-json\/wp\/v2\/media\/30891"}],"wp:attachment":[{"href":"https:\/\/opi.org.pl\/en\/wp-json\/wp\/v2\/media?parent=20455"}],"curies":[{"name":"wp","href":"https:\/\/api.w.org\/{rel}","templated":true}]}}