{"id":32,"date":"2023-09-19T08:05:58","date_gmt":"2023-09-19T06:05:58","guid":{"rendered":"https:\/\/test-idmc.opi.org.pl\/?page_id=32"},"modified":"2023-09-19T08:05:58","modified_gmt":"2023-09-19T06:05:58","slug":"deklaracja-dostepnosci","status":"publish","type":"page","link":"https:\/\/opi.org.pl\/cimc\/deklaracja-dostepnosci\/","title":{"rendered":"Deklaracja dost\u0119pno\u015bci"},"content":{"rendered":"\n<p id=\"a11y-wstep\"><span id=\"a11y-podmiot\">O\u015brodek Przetwarzania Informacji \u2013 Pa\u0144stwowy Instytut Badawczy <\/span> zobowi\u0105zuje si\u0119 zapewni\u0107 dost\u0119pno\u015b\u0107 swojej strony internetowej zgodnie z przepisami ustawy z dnia 4 kwietnia 2019 r. o dost\u0119pno\u015bci cyfrowej stron internetowych i aplikacji mobilnych podmiot\u00f3w publicznych. O\u015bwiadczenie w sprawie dost\u0119pno\u015bci ma zastosowanie do strony internetowej <a id=\"a11y-url\" rel=\"noreferrer noopener\" href=\"https:\/\/opi.org.pl\/\" target=\"_blank\">https:\/\/opi.org.pl<\/a><\/p>\n\n\n\n<ul class=\"wp-block-list\">\n<li>Data publikacji strony internetowej: <span id=\"a11y-data-publikacja\">2020-01-20<\/span>.<\/li>\n\n\n\n<li>Data ostatniej du\u017cej aktualizacji: <span id=\"a11y-data-aktualizacja\">2022-01-06<\/span>.<\/li>\n\n\n\n<li>Deklaracja zosta\u0142a ostatnio poddana przegl\u0105dowi i aktualizacji dnia: 2023-03-31.<\/li>\n<\/ul>\n\n\n\n<p>O\u015bwiadczenie sporz\u0105dzono dnia <span id=\"a11y-data-sporzadzenie\">2020-03-01<\/span>. Deklaracj\u0119 sporz\u0105dzono na podstawie samooceny przeprowadzonej przez podmiot publiczny.<\/p>\n\n\n\n<p id=\"a11y-status\">Strona internetowa jest cz\u0119\u015bciowo zgodna z ustaw\u0105 z dnia 4 kwietnia 2019 r. o dost\u0119pno\u015bci cyfrowej stron internetowych i aplikacji mobilnych podmiot\u00f3w publicznych z powodu niezgodno\u015bci lub wy\u0142\u0105cze\u0144 wymienionych poni\u017cej.<\/p>\n\n\n\n<h2 class=\"wp-block-heading\">Tre\u015bci niedost\u0119pne<\/h2>\n\n\n\n<ul class=\"wp-block-list\">\n<li>niekt\u00f3re elementy maj\u0105 nieodpowiedni kontrast,<\/li>\n\n\n\n<li>focus jest niewidoczny,<\/li>\n\n\n\n<li>mo\u017ce brakowa\u0107 tekst\u00f3w alternatywnych do obraz\u00f3w,<\/li>\n\n\n\n<li>Struktura nag\u0142\u00f3wk\u00f3w wymaga ujednolicenia<\/li>\n<\/ul>\n\n\n\n<p>Strona jest w trakcie modyfikacji, kt\u00f3re maj\u0105 uczyni\u0107 j\u0105 bardziej dost\u0119pn\u0105. Prace s\u0105 prowadzone i sukcesywnie dost\u0119pno\u015b\u0107 b\u0119dzie ulega\u0142a poprawie.<\/p>\n\n\n\n<h3 class=\"wp-block-heading\">Tre\u015bci poprawione<\/h3>\n\n\n\n<ul class=\"wp-block-list\">\n<li>Usuni\u0119to odno\u015bnik na stronie g\u0142\u00f3wnej, do strony g\u0142\u00f3wnej.<\/li>\n\n\n\n<li>Poprawiono struktur\u0119 nag\u0142\u00f3wk\u00f3w.<\/li>\n\n\n\n<li>Usuni\u0119to podw\u00f3jne odno\u015bniki do tych samych stron.<\/li>\n<\/ul>\n\n\n\n<h2 class=\"wp-block-heading\" id=\"a11y-kontakt\">Informacje zwrotne i dane kontaktowe<\/h2>\n\n\n\n<p>W przypadku problem\u00f3w z dost\u0119pno\u015bci\u0105 strony internetowej prosimy o kontakt. Osob\u0105 odpowiedzialn\u0105 jest <span id=\"a11y-osoba\">Rafa\u0142 Jendrzejewski<\/span> adres: <a id=\"a11y-email\" href=\"mailto:dostepnosc@opi.org.pl\">dostepnosc@opi.org.pl<\/a>, telefon <a href=\"tel:+48512014561\" id=\"a11y-telefon\">512 014 561<\/a>. T\u0105 drog\u0105 mo\u017cna sk\u0142ada\u0107 wnioski o udost\u0119pnienie informacji niedost\u0119pnej oraz sk\u0142ada\u0107 skargi na brak zapewnienia dost\u0119pno\u015bci.<\/p>\n\n\n\n<div id=\"a11y-procedura\" class=\"wp-block-group\"><div class=\"wp-block-group__inner-container is-layout-constrained wp-block-group-is-layout-constrained\">\n<p class=\"is-style-wide\">Ka\u017cdy ma prawo do wyst\u0105pienia z \u017c\u0105daniem zapewnienia dost\u0119pno\u015bci cyfrowej strony internetowej, aplikacji mobilnej lub jakiego\u015b ich elementu. Mo\u017cna tak\u017ce za\u017c\u0105da\u0107 udost\u0119pnienia informacji za pomoc\u0105 alternatywnego sposobu dost\u0119pu, na przyk\u0142ad przez odczytanie niedost\u0119pnego cyfrowo dokumentu, opisanie zawarto\u015bci filmu bez audiodeskrypcji itp. \u017b\u0105danie powinno zawiera\u0107 dane osoby zg\u0142aszaj\u0105cej \u017c\u0105danie, wskazanie, o kt\u00f3r\u0105 stron\u0119 internetow\u0105 lub aplikacj\u0119 mobiln\u0105 chodzi oraz spos\u00f3b kontaktu. Je\u017celi osoba \u017c\u0105daj\u0105ca zg\u0142asza potrzeb\u0119 otrzymania informacji za pomoc\u0105 alternatywnego sposobu dost\u0119pu, powinna tak\u017ce okre\u015bli\u0107 dogodny dla niej spos\u00f3b przedstawienia tej informacji.<\/p>\n\n\n\n<p class=\"is-style-wide\">Podmiot publiczny powinien zrealizowa\u0107 \u017c\u0105danie niezw\u0142ocznie, nie p\u00f3\u017aniej ni\u017c w ci\u0105gu 7 dni od dnia wyst\u0105pienia z \u017c\u0105daniem. Je\u017celi dotrzymanie tego terminu nie jest mo\u017cliwe, podmiot publiczny niezw\u0142ocznie informuje o tym wnosz\u0105cego \u017c\u0105danie, kiedy realizacja \u017c\u0105dania b\u0119dzie mo\u017cliwa, przy czym termin ten nie mo\u017ce by\u0107 d\u0142u\u017cszy ni\u017c 2 miesi\u0105ce od dnia wyst\u0105pienia z \u017c\u0105daniem. Je\u017celi zapewnienie dost\u0119pno\u015bci cyfrowej nie jest mo\u017cliwe, podmiot publiczny mo\u017ce zaproponowa\u0107 alternatywny spos\u00f3b dost\u0119pu do informacji.<\/p>\n\n\n\n<p class=\"is-style-wide\">W przypadku, gdy podmiot odm\u00f3wi realizacji \u017c\u0105dania zapewnienia dost\u0119pno\u015bci lub alternatywnego dost\u0119pu do informacji, mo\u017cna z\u0142o\u017cy\u0107 skarg\u0119 na takie dzia\u0142anie.<\/p>\n\n\n\n<p class=\"is-style-wide\">Po wyczerpaniu wskazanej wy\u017cej procedury mo\u017cna tak\u017ce z\u0142o\u017cy\u0107 wniosek do <a role=\"link\" rel=\"noreferrer noopener\" href=\"https:\/\/www.rpo.gov.pl\/\" target=\"_blank\" class=\"external\">Rzecznika Praw Obywatelskich<\/a>.<\/p>\n<\/div><\/div>\n\n\n\n<h2 class=\"wp-block-heading\" id=\"a11y-architektura\">Dost\u0119pno\u015b\u0107 architektoniczna<\/h2>\n\n\n\n<p>O\u015brodek Przetwarzania Informacji \u2013 Pa\u0144stwowy Instytut Badawczy, al. Niepodleg\u0142o\u015bci 188B, 00-608 Warszawa.<\/p>\n\n\n\n<p>Do ka\u017cdego z budynk\u00f3w prowadz\u0105 dwa wej\u015bcia. Dla go\u015bci przeznaczone jest wej\u015bcie g\u0142\u00f3wne, do kt\u00f3rego prowadz\u0105 schody. Przy schodach znajduje si\u0119 podjazd dla w\u00f3zk\u00f3w. Przed budynkiem wyznaczono dwa miejsca parkingowe przeznaczone dla os\u00f3b niepe\u0142nosprawnych. Recepcja znajduje si\u0119 naprzeciwko wej\u015bcia. Dalsze przej\u015bcie wymaga u\u017cycia karty umo\u017cliwiaj\u0105cej otwarcie drzwi. Dla os\u00f3b na w\u00f3zkach dost\u0119pny jest korytarz i pomieszczenia na parterze. W budynku nie ma windy. Toaleta dla os\u00f3b niepe\u0142nosprawnych znajduje si\u0119 na parterze. Do budynku i wszystkich jego pomieszcze\u0144 mo\u017cna wej\u015b\u0107 z psem asystuj\u0105cym i psem przewodnikiem. Nie ma mo\u017cliwo\u015bci skorzystania z t\u0142umacza j\u0119zyka migowego na miejscu oraz online.<\/p>\n","protected":false},"excerpt":{"rendered":"<p>O\u015brodek Przetwarzania Informacji \u2013 Pa\u0144stwowy Instytut Badawczy zobowi\u0105zuje si\u0119 zapewni\u0107 dost\u0119pno\u015b\u0107 swojej strony internetowej zgodnie z przepisami ustawy z dnia 4 kwietnia 2019 r. o dost\u0119pno\u015bci cyfrowej stron internetowych i aplikacji mobilnych podmiot\u00f3w publicznych. O\u015bwiadczenie w sprawie dost\u0119pno\u015bci ma zastosowanie do strony internetowej https:\/\/opi.org.pl O\u015bwiadczenie sporz\u0105dzono dnia 2020-03-01. Deklaracj\u0119 sporz\u0105dzono na podstawie samooceny przeprowadzonej przez&hellip;<\/p>\n","protected":false},"author":2,"featured_media":0,"parent":0,"menu_order":0,"comment_status":"closed","ping_status":"closed","template":"","meta":{"inline_featured_image":false,"footnotes":"","_links_to":"","_links_to_target":""},"class_list":["post-32","page","type-page","status-publish","hentry"],"_links":{"self":[{"href":"https:\/\/opi.org.pl\/cimc\/wp-json\/wp\/v2\/pages\/32","targetHints":{"allow":["GET"]}}],"collection":[{"href":"https:\/\/opi.org.pl\/cimc\/wp-json\/wp\/v2\/pages"}],"about":[{"href":"https:\/\/opi.org.pl\/cimc\/wp-json\/wp\/v2\/types\/page"}],"author":[{"embeddable":true,"href":"https:\/\/opi.org.pl\/cimc\/wp-json\/wp\/v2\/users\/2"}],"replies":[{"embeddable":true,"href":"https:\/\/opi.org.pl\/cimc\/wp-json\/wp\/v2\/comments?post=32"}],"version-history":[{"count":0,"href":"https:\/\/opi.org.pl\/cimc\/wp-json\/wp\/v2\/pages\/32\/revisions"}],"wp:attachment":[{"href":"https:\/\/opi.org.pl\/cimc\/wp-json\/wp\/v2\/media?parent=32"}],"curies":[{"name":"wp","href":"https:\/\/api.w.org\/{rel}","templated":true}]}}