{"id":161,"date":"2023-11-23T12:54:50","date_gmt":"2023-11-23T11:54:50","guid":{"rendered":"https:\/\/opi.org.pl\/cimc\/?page_id=161"},"modified":"2025-02-21T11:01:18","modified_gmt":"2025-02-21T10:01:18","slug":"formularz","status":"publish","type":"page","link":"https:\/\/opi.org.pl\/cimc\/formularz\/","title":{"rendered":"Formularz kontaktowy \u2013 b\u0105d\u017a na bie\u017c\u0105co!\u00a0"},"content":{"rendered":"\n<p>Platforma <a href=\"https:\/\/ai4ar.opi.org.pl\/\" data-type=\"link\" data-id=\"https:\/\/ai4ar.opi.org.pl\/\" class=\"external\">AI4AR<\/a> wspiera edukacj\u0119 radiolog\u00f3w w diagnostyce raka prostaty oraz automatyzuje proces opisywania bada\u0144 poprzez wykorzystanie nowoczesnych form raportowania strukturalnego oraz wsparcie metod sztucznej inteligencji. <br>Je\u015bli chcesz by\u0107 informowany o post\u0119pach w rozwoju platformy AI4AR, wype\u0142nij formularz kontaktowy.<\/p>\n\n\n\n<div style=\"height:13px\" aria-hidden=\"true\" class=\"wp-block-spacer\"><\/div>\n\n\n\n<div class=\"wpcf7 no-js\" id=\"wpcf7-f313-o1\" lang=\"pl-PL\" dir=\"ltr\" data-wpcf7-id=\"313\">\n<div class=\"screen-reader-response\"><p role=\"status\" aria-live=\"polite\" aria-atomic=\"true\"><\/p> <ul><\/ul><\/div>\n<form action=\"\/cimc\/wp-json\/wp\/v2\/pages\/161#wpcf7-f313-o1\" method=\"post\" class=\"wpcf7-form init\" aria-label=\"Formularz kontaktowy\" novalidate=\"novalidate\" data-status=\"init\">\n<fieldset class=\"hidden-fields-container\"><input type=\"hidden\" name=\"_wpcf7\" value=\"313\" \/><input type=\"hidden\" name=\"_wpcf7_version\" value=\"6.1.5\" \/><input type=\"hidden\" name=\"_wpcf7_locale\" value=\"pl_PL\" \/><input type=\"hidden\" name=\"_wpcf7_unit_tag\" value=\"wpcf7-f313-o1\" \/><input type=\"hidden\" name=\"_wpcf7_container_post\" value=\"0\" \/><input type=\"hidden\" name=\"_wpcf7_posted_data_hash\" value=\"\" \/>\n<\/fieldset>\n<!-- wp:heading -->\n<h3 class=\"wp-block-heading\">Dane kontaktowe\n<\/h3>\n<!-- \/wp:heading -->\n\n<!-- wp:paragraph -->\n<p><label>Imi\u0119 i nazwisko<span class=\"req\">*<\/span> <span class=\"wpcf7-form-control-wrap\" data-name=\"cidmc-name\"><input size=\"40\" maxlength=\"400\" class=\"wpcf7-form-control wpcf7-text wpcf7-validates-as-required\" aria-required=\"true\" aria-invalid=\"false\" value=\"\" type=\"text\" name=\"cidmc-name\" \/><\/span><\/label>\n<\/p>\n<!-- \/wp:paragraph -->\n\n<!-- wp:paragraph -->\n<p><label>Adres e-mail<span class=\"req\">*<\/span> <span class=\"wpcf7-form-control-wrap\" data-name=\"cdimc-email\"><input size=\"40\" maxlength=\"400\" class=\"wpcf7-form-control wpcf7-email wpcf7-validates-as-required wpcf7-text wpcf7-validates-as-email\" autocomplete=\"email\" aria-required=\"true\" aria-invalid=\"false\" value=\"\" type=\"email\" name=\"cdimc-email\" \/><\/span><\/label>\n<\/p>\n<!-- \/wp:paragraph -->\n\n<!-- wp:paragraph -->\n<p><label>Numer telefonu <span class=\"wpcf7-form-control-wrap\" data-name=\"cdimc-phone\"><input size=\"40\" maxlength=\"400\" class=\"wpcf7-form-control wpcf7-tel wpcf7-text wpcf7-validates-as-tel\" aria-invalid=\"false\" value=\"\" type=\"tel\" name=\"cdimc-phone\" \/><\/span><\/label>\n<\/p>\n<!-- \/wp:paragraph -->\n\n<!-- wp:heading {\"level\":3} -->\n<h3 class=\"wp-block-heading\">Afiliacja (opcjonalnie)\n<\/h3>\n<!-- \/wp:heading -->\n\n<!-- wp:paragraph -->\n<p><label>Nazwa reprezentowanej jednostki <span class=\"wpcf7-form-control-wrap\" data-name=\"cidmc-work\"><input size=\"40\" maxlength=\"400\" class=\"wpcf7-form-control wpcf7-text\" aria-invalid=\"false\" value=\"\" type=\"text\" name=\"cidmc-work\" \/><\/span> <\/label>\n<\/p>\n<!-- \/wp:paragraph -->\n\n<!-- wp:paragraph -->\n<p><label>Stanowisko \/ tytu\u0142 <span class=\"wpcf7-form-control-wrap\" data-name=\"cidmc-position\"><input size=\"40\" maxlength=\"400\" class=\"wpcf7-form-control wpcf7-text\" aria-invalid=\"false\" value=\"\" type=\"text\" name=\"cidmc-position\" \/><\/span><\/label>\n<\/p>\n<!-- \/wp:paragraph -->\n\n\n<!-- wp:heading -->\n<h2 class=\"wp-block-heading\">Zgoda na przetwarzanie danych\n<\/h2>\n<!-- \/wp:heading -->\n\n<!-- wp:paragraph -->\n<p><span class=\"wpcf7-form-control-wrap\" data-name=\"acceptance-processing\"><span class=\"wpcf7-form-control wpcf7-acceptance\"><span class=\"wpcf7-list-item\"><label><input type=\"checkbox\" name=\"acceptance-processing\" value=\"1\" aria-invalid=\"false\" \/><span class=\"wpcf7-list-item-label\">Wyra\u017cam zgod\u0119 na przetwarzanie moich danych osobowych w celu informowania o post\u0119pach rozwoju platformy AI4AR.<span class=\"req\">*<\/span><\/span><\/label><\/span><\/span><\/span>\n<\/p>\n<!-- \/wp:paragraph -->\n\n<!-- wp:paragraph -->\n<p><span class=\"wpcf7-form-control-wrap\" data-name=\"acceptance-it-is-true\"><span class=\"wpcf7-form-control wpcf7-acceptance\"><span class=\"wpcf7-list-item\"><label><input type=\"checkbox\" name=\"acceptance-it-is-true\" value=\"1\" aria-invalid=\"false\" \/><span class=\"wpcf7-list-item-label\">Potwierdzam, \u017ce podane przeze mnie informacje s\u0105 prawdziwe i aktualne.<span class=\"req\">*<\/span><\/span><\/label><\/span><\/span><\/span>\n<\/p>\n<!-- \/wp:paragraph -->\n\n<!-- wp:paragraph -->\n<p><strong>Wysy\u0142aj\u0105c formularz, zgadzasz si\u0119 na kontakt z nami na podany przez siebie adres e-mail.<\/strong>\n<\/p>\n<!-- \/wp:paragraph -->\n\n<!-- wp:paragraph -->\n<p class=\"has-text-align-right\"><input class=\"wpcf7-form-control wpcf7-submit has-spinner button\" type=\"submit\" value=\"Zarejestruj\" \/>\n<\/p>\n<!-- \/wp:paragraph --><div class=\"wpcf7-response-output\" aria-hidden=\"true\"><\/div>\n<\/form>\n<\/div>\n\n\n\n\n<ol start=\"1\" class=\"wp-block-list clause\">\n<li>Administratorem w rozumieniu art. 4 pkt 7) Rozporz\u0105dzenia UE 2016\/679 z dnia 27 kwietnia 2016 r. (RODO) w odniesieniu do danych osobowych os\u00f3b fizycznych podanych w ramach formularza rejestracyjnego do Bazy Zespo\u0142\u00f3w Badawczych w Medycynie Cyfrowej jest O\u015brodek Przetwarzania Informacji &#8211; Pa\u0144stwowy Instytut Badawczy z\u202fsiedzib\u0105 w\u202fWarszawie przy al.\u202fNiepodleg\u0142o\u015bci 188B. Kontakt do administratora mo\u017cliwy jest za po\u015brednictwem poczty elektronicznej pod adresem e-mail: <a href=\"mailto:med@opi.org.pl\" target=\"_blank\" rel=\"noreferrer noopener\">med@opi.org.pl<\/a>&nbsp;<\/li>\n\n\n\n<li>Administrator wyznaczy\u0142 Inspektora Ochrony Danych, z\u202fkt\u00f3rym\u202fw\u202fsprawach dotycz\u0105cych danych osobowych lub realizacji praw os\u00f3b kt\u00f3rych dane dotycz\u0105 istnieje mo\u017cliwo\u015b\u0107 kontaktu za\u202fpo\u015brednictwem poczty elektronicznej pod adresem e-mail: <a href=\"mailto:iod@opi.org.pl\" target=\"_blank\" rel=\"noreferrer noopener\">iod@opi.org.pl<\/a>&nbsp;&nbsp;<\/li>\n\n\n\n<li>Celem przetwarzania danych osobowych jest stworzenie, prowadzenie i rozwijanie bazy danych gromadz\u0105cej informacje o osobach lub zespo\u0142ach os\u00f3b (zespo\u0142ach badawczych) prowadz\u0105cych prace badawcze lub projekty w obszarze opieki zdrowotnej wspieranej przez technologie cyfrowe lub sztuczn\u0105 inteligencj\u0119. Dane osobowe zgromadzone w bazie danych b\u0119d\u0105 przetwarzane dla potrzeb nawi\u0105zywania wsp\u00f3\u0142pracy z tymi osobami lub zespo\u0142ami badawczymi, kontaktu z nimi, wymiany informacji, do\u015bwiadcze\u0144, wiedzy i umiej\u0119tno\u015bci mi\u0119dzy osobami lub zespo\u0142ami badawczymi, upowszechniania osi\u0105ganych przez nich wynik\u00f3w bada\u0144 naukowych lub prac rozwojowych oraz udost\u0119pniania podmiotom zainteresowanym uzyskaniem wsparcia lub wiedzy eksperckiej w tym obszarze. Dane osobowe b\u0119d\u0105 r\u00f3wnie\u017c przetwarzane w celu opracowywania analiz lub raport\u00f3w w zakresie prowadzonych bada\u0144 naukowych lub prac rozwojowych w obszarze opieki zdrowotnej wspieranej przez technologie cyfrowe lub sztuczn\u0105 inteligencj\u0119 dla potrzeb administratora lub podmiot\u00f3w prowadz\u0105cych dzia\u0142alno\u015b\u0107 w tym obszarze.&nbsp;&nbsp;<\/li>\n\n\n\n<li>Dane osobowe b\u0119d\u0105 przetwarzane w oparciu o przes\u0142ank\u0119 wskazan\u0105 w art. 6 ust. 1 lit. e) RODO), tj. przetwarzanie jest niezb\u0119dne do wykonania zadania w interesie publicznym wynikaj\u0105cego z przepis\u00f3w ustawy o instytutach badawczych oraz statutu jakim jest \u015bwiadczenie us\u0142ug m.in. w zakresie pozyskiwania i opracowywania informacji zbiorczej, przekrojowej i syntetycznej dotycz\u0105cej bada\u0144 naukowych i prac rozwojowych, transferu technologii, innowacyjno\u015bci oraz edukacji. Dane osobowe w celach kontaktowych lub podane &nbsp;w formularzu jako dobrowolne przetwarzane b\u0119d\u0105 na podstawie art. 6 ust. 1 lit. a) RODO tj. na podstawie udzielonej zgody wyra\u017conej w formie o\u015bwiadczenia lub wyra\u017anego dzia\u0142ania potwierdzaj\u0105cego polegaj\u0105cego na wype\u0142nieniu p\u00f3l w formularzu oznaczonych jako dobrowolne.&nbsp;<\/li>\n\n\n\n<li>Odbiorcami danych osobowych s\u0105 podmioty zainteresowane uzyskaniem wsparcia lub wiedzy eksperckiej &nbsp;w obszarze opieki zdrowotnej wspieranej przez technologie cyfrowe lub sztuczn\u0105 inteligencj\u0119, w zwi\u0105zku z prowadzon\u0105 przez nie dzia\u0142alno\u015bci\u0105 lub prowadzonymi badaniami naukowymi lub pracami rozwojowymi, a tak\u017ce&nbsp; us\u0142ugodawcy, z kt\u00f3rych us\u0142ug korzysta administrator w zwi\u0105zku z realizacj\u0105 cel\u00f3w wskazanych w ust. 3 powy\u017cej, w szczeg\u00f3lno\u015bci dostawcy us\u0142ug informatycznych, doradczych lub prawnych.&nbsp;<\/li>\n\n\n\n<li>Dane osobowe b\u0119d\u0105 przetwarzane w ka\u017cdym przypadku do momentu ustania celu przetwarzania. Dane osobowe przetwarzane w oparciu o przes\u0142ank\u0119 wykonania zadania w interesie publicznym b\u0119d\u0105 przetwarzane do momentu wniesienia przez osob\u0119 sprzeciwu z przyczyn zwi\u0105zanych z jej szczeg\u00f3ln\u0105 sytuacj\u0105, chyba, \u017ce Administrator wyka\u017ce istnienie wa\u017cnych prawnie uzasadnionych podstaw przetwarzania, nadrz\u0119dnych wobec interes\u00f3w, praw i wolno\u015bci tej osoby, lub podstaw do ustalenia, dochodzenia lub obrony roszcze\u0144. W przypadku wniesienia roszcze\u0144 dane osobowe b\u0119d\u0105 przetwarzane do momentu wyczerpania przys\u0142uguj\u0105cych stronom z tego tytu\u0142u \u015brodk\u00f3w ochrony prawnej. Dane osobowe przetwarzane na podstawie przes\u0142anki zgody b\u0119d\u0105 przetwarzane do momentu jej wycofania.&nbsp;&nbsp;&nbsp;<\/li>\n\n\n\n<li>Osobom kt\u00f3rych dane dotycz\u0105 przys\u0142uguje prawo \u017c\u0105dania:&nbsp;\n<ol class=\"wp-block-list\">\n<li>dost\u0119pu do swoich danych osobowych (art. 15 RODO),&nbsp;<\/li>\n\n\n\n<li>sprostowania swoich danych osobowych (art. 16 RODO),&nbsp;<\/li>\n\n\n\n<li>ograniczenia przetwarzania jej danych osobowych w sytuacjach i na zasadach wskazanych w art. 18 RODO lub do ich usuni\u0119cia zgodnie z art. 17 RODO,&nbsp;<\/li>\n\n\n\n<li>wniesienia w dowolnym momencie sprzeciwu wobec przetwarzania jej danych osobowych z przyczyn zwi\u0105zanych z jej szczeg\u00f3ln\u0105 sytuacj\u0105, o kt\u00f3rym mowa w art. 21 ust. 1 RODO.&nbsp;<\/li>\n<\/ol>\n<\/li>\n\n\n\n<li>W przypadku przetwarzania danych osobowych na podstawie zgody osobom przys\u0142uguje prawo cofni\u0119cia zgody w dowolnym momencie bez podania przyczyn i wp\u0142ywu na zgodno\u015b\u0107 z prawem przetwarzania, kt\u00f3rego dokonano na podstawie zgody przed jej cofni\u0119ciem. Wyra\u017cone zgody mo\u017cna wycofa\u0107 kontaktuj\u0105c si\u0119 z Administratorem za po\u015brednictwem adresu e-mail: <a href=\"mailto:med@opi.org.pl\" target=\"_blank\" rel=\"noreferrer noopener\">med@opi.org.pl<\/a> lub przesy\u0142aj\u0105c \u017c\u0105danie na adres jego siedziby.&nbsp;<\/li>\n\n\n\n<li>Osoba kt\u00f3rej dane dotycz\u0105 mo\u017ce wnie\u015b\u0107 skarg\u0119 na przetwarzanie jej danych osobowych przez Administratora do Prezesa Urz\u0119du Ochrony Danych Osobowych (ul. Stawki 2, 00-193 Warszawa).&nbsp;<\/li>\n\n\n\n<li>Podanie danych osobowych w celach wskazanych powy\u017cej jest dobrowolne, jednak\u017ce niezb\u0119dne dla realizacji powy\u017cszych cel\u00f3w.&nbsp;&nbsp;<\/li>\n\n\n\n<li>Dane osobowe nie b\u0119d\u0105 przetwarzane w celach zwi\u0105zanych z automatycznym podejmowaniem decyzji, w tym w oparciu o profilowanie.&nbsp;<\/li>\n\n\n\n<li>Dane nie b\u0119d\u0105 przekazywane do pa\u0144stw trzecich, ani organizacji mi\u0119dzynarodowych.&nbsp;&nbsp;&nbsp;&nbsp;&nbsp;&nbsp;&nbsp;&nbsp;<\/li>\n<\/ol>\n","protected":false},"excerpt":{"rendered":"<p>Platforma AI4AR wspiera edukacj\u0119 radiolog\u00f3w w diagnostyce raka prostaty oraz automatyzuje proces opisywania bada\u0144 poprzez wykorzystanie nowoczesnych form raportowania strukturalnego oraz wsparcie metod sztucznej inteligencji. Je\u015bli chcesz by\u0107 informowany o post\u0119pach w rozwoju platformy AI4AR, wype\u0142nij formularz kontaktowy.<\/p>\n","protected":false},"author":2,"featured_media":0,"parent":0,"menu_order":0,"comment_status":"closed","ping_status":"closed","template":"","meta":{"inline_featured_image":false,"footnotes":"","_links_to":"","_links_to_target":""},"class_list":["post-161","page","type-page","status-publish","hentry"],"_links":{"self":[{"href":"https:\/\/opi.org.pl\/cimc\/wp-json\/wp\/v2\/pages\/161","targetHints":{"allow":["GET"]}}],"collection":[{"href":"https:\/\/opi.org.pl\/cimc\/wp-json\/wp\/v2\/pages"}],"about":[{"href":"https:\/\/opi.org.pl\/cimc\/wp-json\/wp\/v2\/types\/page"}],"author":[{"embeddable":true,"href":"https:\/\/opi.org.pl\/cimc\/wp-json\/wp\/v2\/users\/2"}],"replies":[{"embeddable":true,"href":"https:\/\/opi.org.pl\/cimc\/wp-json\/wp\/v2\/comments?post=161"}],"version-history":[{"count":8,"href":"https:\/\/opi.org.pl\/cimc\/wp-json\/wp\/v2\/pages\/161\/revisions"}],"predecessor-version":[{"id":329,"href":"https:\/\/opi.org.pl\/cimc\/wp-json\/wp\/v2\/pages\/161\/revisions\/329"}],"wp:attachment":[{"href":"https:\/\/opi.org.pl\/cimc\/wp-json\/wp\/v2\/media?parent=161"}],"curies":[{"name":"wp","href":"https:\/\/api.w.org\/{rel}","templated":true}]}}